{"id":18573,"date":"2024-01-30T17:15:17","date_gmt":"2024-01-30T16:15:17","guid":{"rendered":"https:\/\/agora.xtec.cat\/ins-noualcarras\/?page_id=18573"},"modified":"2025-10-13T10:20:47","modified_gmt":"2025-10-13T08:20:47","slug":"henka-escoles-resilients","status":"publish","type":"page","link":"https:\/\/agora.xtec.cat\/ins-noualcarras\/henka-escoles-resilients\/","title":{"rendered":"Henka &#8211; Escoles Resilients"},"content":{"rendered":"<p>El curs 2023-2024 participem al <a href=\"https:\/\/www.behenka.org\/ca\" target=\"_blank\" rel=\"noopener\">programa Henka<\/a> que promou el benestar emocional per prevenir l&#8217;aparici\u00f3 de problemes de salut mental, amb accions que reforcen la resili\u00e8ncia en persones adolescents i el seu entorn: els centres educatius, les seves fam\u00edlies i la societat.<\/p>\n<p><a href=\"https:\/\/agora.xtec.cat\/ins-noualcarras\/wp-content\/uploads\/usu2381\/2024\/01\/image.png\"><img loading=\"lazy\" decoding=\"async\" class=\"size-full wp-image-18574 aligncenter\" src=\"https:\/\/agora.xtec.cat\/ins-noualcarras\/wp-content\/uploads\/usu2381\/2024\/01\/image.png\" alt=\"\" width=\"375\" height=\"939\" srcset=\"https:\/\/agora.xtec.cat\/ins-noualcarras\/wp-content\/uploads\/usu2381\/2024\/01\/image.png 375w, https:\/\/agora.xtec.cat\/ins-noualcarras\/wp-content\/uploads\/usu2381\/2024\/01\/image-120x300.png 120w\" sizes=\"auto, (max-width: 375px) 100vw, 375px\" \/><\/a><\/p>\n","protected":false},"excerpt":{"rendered":"<p>El curs 2023-2024 participem al <a href=\"https:\/\/www.behenka.org\/ca\" target=\"_blank\" rel=\"noopener\">programa Henka<\/a> que promou el benestar emocional per prevenir l&#8217;aparici\u00f3 de problemes de salut mental, amb accions que reforcen la resili\u00e8ncia en persones adolescents i el seu entorn: els centres educatius, les seves fam\u00edlies i la societat.<br \/>\n<a&hellip;  <a href=\"https:\/\/agora.xtec.cat\/ins-noualcarras\/henka-escoles-resilients\/\" title=\"Read Henka &#8211; Escoles Resilients\">Llegeix m\u00e9s\u00bb<\/a><\/p>\n","protected":false},"author":1,"featured_media":0,"parent":0,"menu_order":0,"comment_status":"closed","ping_status":"closed","template":"","meta":{"_bbp_topic_count":0,"_bbp_reply_count":0,"_bbp_total_topic_count":0,"_bbp_total_reply_count":0,"_bbp_voice_count":0,"_bbp_anonymous_reply_count":0,"_bbp_topic_count_hidden":0,"_bbp_reply_count_hidden":0,"_bbp_forum_subforum_count":0,"footnotes":""},"class_list":["post-18573","page","type-page","status-publish","hentry"],"post_mailing_queue_ids":[],"_links":{"self":[{"href":"https:\/\/agora.xtec.cat\/ins-noualcarras\/wp-json\/wp\/v2\/pages\/18573","targetHints":{"allow":["GET"]}}],"collection":[{"href":"https:\/\/agora.xtec.cat\/ins-noualcarras\/wp-json\/wp\/v2\/pages"}],"about":[{"href":"https:\/\/agora.xtec.cat\/ins-noualcarras\/wp-json\/wp\/v2\/types\/page"}],"author":[{"embeddable":true,"href":"https:\/\/agora.xtec.cat\/ins-noualcarras\/wp-json\/wp\/v2\/users\/1"}],"replies":[{"embeddable":true,"href":"https:\/\/agora.xtec.cat\/ins-noualcarras\/wp-json\/wp\/v2\/comments?post=18573"}],"version-history":[{"count":4,"href":"https:\/\/agora.xtec.cat\/ins-noualcarras\/wp-json\/wp\/v2\/pages\/18573\/revisions"}],"predecessor-version":[{"id":19690,"href":"https:\/\/agora.xtec.cat\/ins-noualcarras\/wp-json\/wp\/v2\/pages\/18573\/revisions\/19690"}],"wp:attachment":[{"href":"https:\/\/agora.xtec.cat\/ins-noualcarras\/wp-json\/wp\/v2\/media?parent=18573"}],"curies":[{"name":"wp","href":"https:\/\/api.w.org\/{rel}","templated":true}]}}