{"id":8114,"date":"2024-03-21T08:43:50","date_gmt":"2024-03-21T07:43:50","guid":{"rendered":"https:\/\/agora.xtec.cat\/ins-nauticabcn\/?page_id=8114"},"modified":"2026-04-29T13:29:06","modified_gmt":"2026-04-29T11:29:06","slug":"preinscripcio-i-matricula-cfgs-ensenyament-i-animacio-socioesportiva-orientat-a-platja","status":"publish","type":"page","link":"https:\/\/agora.xtec.cat\/ins-nauticabcn\/preinscripcio-i-matricula-cfgs-ensenyament-i-animacio-socioesportiva-orientat-a-platja\/","title":{"rendered":"Preinscripci\u00f3 i matricula CFGS Ensenyament i Animaci\u00f3 Socioesportiva orientat a platja"},"content":{"rendered":"<p><strong style=\"font-size: 1.4375em;\">INFORMACI\u00d3 I CALENDARI DELS PROCEDIMENTS DE PREINSCRIPCI\u00d3 I MATR\u00cdCULA<\/strong><\/p>\n<div class=\"entry-content\">\n<p><em>(Aquesta p\u00e0gina s\u2019anir\u00e0 actualitzat a mesura que avanci el proc\u00e9s)<\/em><\/p>\n<p><a href=\"https:\/\/agora.xtec.cat\/ins-itaeb\/wp-content\/uploads\/usu2388\/2026\/03\/dates_cfgs_preins_26_27.png\"><img loading=\"lazy\" decoding=\"async\" class=\"wp-image-3657 aligncenter\" src=\"https:\/\/agora.xtec.cat\/ins-itaeb\/wp-content\/uploads\/usu2388\/2026\/03\/dates_cfgs_preins_26_27.png\" sizes=\"auto, (max-width: 734px) 100vw, 734px\" srcset=\"https:\/\/agora.xtec.cat\/ins-itaeb\/wp-content\/uploads\/usu2388\/2026\/03\/dates_cfgs_preins_26_27.png 832w, https:\/\/agora.xtec.cat\/ins-itaeb\/wp-content\/uploads\/usu2388\/2026\/03\/dates_cfgs_preins_26_27-300x169.png 300w, https:\/\/agora.xtec.cat\/ins-itaeb\/wp-content\/uploads\/usu2388\/2026\/03\/dates_cfgs_preins_26_27-768x432.png 768w\" alt=\"\" width=\"734\" height=\"413\" \/><\/a><\/p>\n<p>&nbsp;<\/p>\n<h4><strong>1. Informaci\u00f3 sobre els estudis<\/strong><\/h4>\n<ul>\n<li>CFGS Realitzaci\u00f3 de projectes audiovisuals i espectacles\u00a0<a href=\"https:\/\/agora.xtec.cat\/ins-nauticabcn\/estudis\/formacio-professional\/gs-sistemes-electrotecnics-i-de-comunicacio-dels-vaixells\/\" target=\"_blank\" rel=\"noopener\"><strong>AQU\u00cd<\/strong><\/a><\/li>\n<li>Web\u00a0<a href=\"https:\/\/triaeducativa.gencat.cat\/ca\/estudis\/?ensenyament-animacio-socioesportiva&amp;p_id=4191\" target=\"_blank\" rel=\"noopener\"><strong>TRIA EDUCATIVA<\/strong><\/a><\/li>\n<\/ul>\n<h4><strong>2. Informaci\u00f3 sobre la preinscripci\u00f3<\/strong><\/h4>\n<p>La preinscripci\u00f3 \u00e9s online i es fa a trav\u00e9s de la web del departament, tamb\u00e9 podreu trobar tota la informaci\u00f3 oficial sobre el proc\u00e9s:\u00a0<a href=\"https:\/\/preinscripcio.gencat.cat\/ca\/estudis\/fp-grau-superior\/inici\/\" target=\"_blank\" rel=\"noopener\"><strong>Preinscripci\u00f3 CFGS 2026-2027<\/strong><\/a><\/p>\n<ul>\n<li><strong>NOTES DE TALL Preinscripci\u00f3 2026-2027:\u00a0<\/strong>Consulteu les notes de tall del curs passat dels Cicles Formatius de Graus Superiors.<\/li>\n<\/ul>\n<p><a href=\"https:\/\/preinscripcio.gencat.cat\/ca\/estudis\/fp-grau-superior\/informat\/consulta-notes-tall\/\" target=\"_blank\" rel=\"noopener\"><strong>Notes de tall Cicle Formatiu Grau Superior<\/strong><\/a><\/p>\n<p>Les places de cadascun dels centres s\u2019assignen per nota fins que s\u2019acaben.<\/p>\n<p>Per tant, la nota de tall correspon a la de l\u2019\u00faltim o \u00faltima estudiant que ha obtingut pla\u00e7a en un centre, cicle i torn, tenint en compte els estudis des dels quals hi va optar (via d\u2019acc\u00e9s). \u00c9s una informaci\u00f3 orientativa.\u00a0<span data-teams=\"true\">No es tracta d\u2019una nota prefixada, sin\u00f3 que pot variar cada any, ja que resulta de la relaci\u00f3 entre les places disponibles i el nombre d\u2019estudiants que les sol\u00b7liciten en la preinscripci\u00f3.<\/span><\/p>\n<ul>\n<li><strong>SIMULADOR DE PREINSCRIPCI\u00d3 2026-2027:\u00a0<\/strong>Consulteu el simulador de preinscripci\u00f3.<\/li>\n<\/ul>\n<p><a href=\"https:\/\/preinscripcio.gencat.cat\/ca\/estudis\/fp-grau-superior\/informat\/fes-simulacre\/\" target=\"_blank\" rel=\"noopener\"><strong>Simulador de preinscripci\u00f3 de Cicles Formatius Grau Superior<\/strong><\/a><\/p>\n<p>Podeu con\u00e8ixer el proc\u00e9s, funcionament, les dades i documentaci\u00f3 que necessitareu i un cop finalitzada, us mostrar\u00e0 la probabilitat d\u2019obtenci\u00f3 de pla\u00e7a als estudis sol\u00b7licitats, la nota de tall i algunes recomanacions.<\/p>\n<h4><strong>3. Calendari de preinscripci\u00f3 i matr\u00edcula CFGS<\/strong><\/h4>\n<table class=\" alignleft\">\n<tbody>\n<tr>\n<td><strong>\u00a0 \u00a0 \u00a0 \u00a0 \u00a0 \u00a0 \u00a0 \u00a0 \u00a0 \u00a0 \u00a0 \u00a0 \u00a0 \u00a0 \u00a0 \u00a0 \u00a0 \u00a0 \u00a0 \u00a0CALENDARI<\/strong><\/td>\n<td><strong>\u00a0 \u00a0 \u00a0 \u00a0 \u00a0 \u00a0 \u00a0 \u00a0 \u00a0 \u00a0 \u00a0 \u00a0 \u00a0 \u00a0 DATES<\/strong><\/td>\n<\/tr>\n<tr>\n<td><strong>Oferta Inicial de places<\/strong><\/td>\n<td>22 de maig del 2026<\/td>\n<\/tr>\n<tr>\n<td><strong>Per\u00edode de preinscripci\u00f3<\/strong><\/td>\n<td>Del 26 de maig a l\u20191 de juny de 2026<\/td>\n<\/tr>\n<tr>\n<td><strong>Presentaci\u00f3 de documentaci\u00f3<\/strong><\/td>\n<td>Del 26 de maig al 2 de juny de 2026<\/td>\n<\/tr>\n<tr>\n<td><strong>Publicaci\u00f3 llistat de sol\u00b7licituds amb la puntuaci\u00f3 provisional<\/strong><\/td>\n<td>29 de juny de 2026<\/td>\n<\/tr>\n<tr>\n<td><strong>Per\u00edode de reclamacions<\/strong><\/td>\n<td>Del 29 de juny al 2 de juliol de 2026<\/td>\n<\/tr>\n<tr>\n<td><strong>Sorteig per resoldre les sol\u00b7licituds de preinscripci\u00f3 empatades en punts<\/strong><\/td>\n<td>6 de juliol de 2026<\/td>\n<\/tr>\n<tr>\n<td><strong>Publicaci\u00f3 llistat de sol\u00b7licituds amb la puntuaci\u00f3 un cop resoltes les reclamacions<\/strong><\/td>\n<td>7 de juliol de 2026<\/td>\n<\/tr>\n<tr>\n<td><strong>Oferta final de places<\/strong><\/td>\n<td>10 de juliol de 2026<\/td>\n<\/tr>\n<tr>\n<td><strong>Llista de places assignades en la 1\u00aa tanda<\/strong><\/td>\n<td>10 de juliol de 2026<\/td>\n<\/tr>\n<tr>\n<td><strong>Confirma la matr\u00edcula, millora l\u2019assignaci\u00f3 o renuncia a la pla\u00e7a assignada de la 1\u00aa tanda<\/strong><\/td>\n<td>Del 10 al 14 de juliol de 2026<\/td>\n<\/tr>\n<tr>\n<td><strong>Per\u00edode de matriculaci\u00f3 al centre 1\u00aa tanda<\/strong><\/td>\n<td>Del 10 al 16 de juliol de 2026, fins a les 14h<\/td>\n<\/tr>\n<tr>\n<td><strong>Llista de places assignades en la 2\u00aa tanda<\/strong><\/td>\n<td>24 de juliol de 2026<\/td>\n<\/tr>\n<tr>\n<td><strong>Confirma la matr\u00edcula, millora l\u2019assignaci\u00f3 o renuncia a la pla\u00e7a assignada de la 2\u00aa tanda<\/strong><\/td>\n<td>Del 24 al 28 de juliol de 2026<\/td>\n<\/tr>\n<tr>\n<td><strong>Per\u00edode de matriculaci\u00f3 al centre 2\u00aa tanda<\/strong><\/td>\n<td>De l\u20191 al 3 de setembre de 2026<\/td>\n<\/tr>\n<\/tbody>\n<\/table>\n<p>&nbsp;<\/p>\n<p>&nbsp;<\/p>\n<p>&nbsp;<\/p>\n<p>&nbsp;<\/p>\n<p>&nbsp;<\/p>\n<p>&nbsp;<\/p>\n<p>&nbsp;<\/p>\n<p>&nbsp;<\/p>\n<p>&nbsp;<\/p>\n<p>&nbsp;<\/p>\n<p>&nbsp;<\/p>\n<p>&nbsp;<\/p>\n<p>&nbsp;<\/p>\n<p>Tota la informaci\u00f3 sobre el calendari i els terminis la podeu trobar en el seg\u00fcent enlla\u00e7:\u00a0<a href=\"https:\/\/preinscripcio.gencat.cat\/ca\/estudis\/fp-grau-superior\/informat\/calendari\/\" target=\"_blank\" rel=\"noopener\"><strong>Preinscripci\u00f3 CFGS 2026-2027 \u2013 Calendari i terminis.<\/strong><\/a><\/p>\n<\/div>\n<h4><strong>3. Quadre de preus<\/strong><\/h4>\n<table style=\"width: 52.6456%; height: 64px;\">\n<tbody>\n<tr>\n<td><strong>Ensenyaments esportius de r\u00e8gim especial<\/strong><\/td>\n<td><strong>Quota material\u00a0<\/strong><\/td>\n<td><strong>Quota curricular<\/strong><\/td>\n<td><strong>Total quotes curs<\/strong><\/td>\n<\/tr>\n<tr>\n<td>CFGS Ensenyament i animaci\u00f3 socioesportiva orientat a platja<\/td>\n<td>600\u20ac*<\/td>\n<td>360\u20ac<\/td>\n<td>960\u20ac<\/td>\n<\/tr>\n<\/tbody>\n<\/table>\n<p><em>* La quota de material inclou: asseguran\u00e7a escolar, material escolar, intranet, control d&#8217;assist\u00e8ncia, c\u00f2pies, manteniment inform\u00e0tic, borsa de treball, 2 samarretes i 1 dessuadora de l&#8217;INB, lloguer d&#8217;instal\u00b7lacions, activitats (tallers amb especialistes i sortides), sortida amb pernoctaci\u00f3, sortides i Setmana Blava.<br \/>\n<\/em><\/p>\n<p><em>Pot haver variacions als preus de les quotes curriculars.<\/em><\/p>\n<p>&nbsp;<\/p>\n<p>Si necessites ajuda\u00a0 per realitzar aquesta preinscripci\u00f3 pots venir a la secretaria del centre en horari d\u2019atenci\u00f3 al p\u00fablic (de dilluns a divendres de 9h a 13h i les tardes de dilluns i dimecres de 15h a 18h) i t\u2019ajudarem.<\/p>\n<p>Podeu demanar\u00a0<strong>informaci\u00f3 addicional<\/strong>\u00a0a la secretaria de l\u2019institut pels canals seg\u00fcents:<\/p>\n<ul>\n<li>Escriure un e-mail al nostre correu:\u00a0<strong>a8074847<span class=\"\">@xtec.cat<\/span><\/strong><\/li>\n<li>Trucar al tel\u00e8fon de l\u2019institut:\u00a0<strong>93 884 60 74<\/strong><\/li>\n<\/ul>\n<p>&nbsp;<\/p>\n<p>&nbsp;<\/p>\n<p>&nbsp;<\/p>\n<p>&nbsp;<\/p>\n","protected":false},"excerpt":{"rendered":"<p>INFORMACI\u00d3 I CALENDARI DELS PROCEDIMENTS DE PREINSCRIPCI\u00d3 I MATR\u00cdCULA<\/p>\n<p>(Aquesta p\u00e0gina s\u2019anir\u00e0 actualitzat a mesura que avanci el proc\u00e9s)<br \/>\n<a href=\"https:\/\/agora.xtec.cat\/ins-itaeb\/wp-content\/uploads\/usu2388\/2026\/03\/dates_cfgs_preins_26_27.png\"><\/a><br \/>\n&nbsp;<br \/>\n1. Informaci\u00f3 sobre els estudis<\/p>\n<ul>\n<li>CFGS Realitzaci\u00f3 de projectes audiovisuals i espectacles\u00a0<a href=\"https:\/\/agora.xtec.cat\/ins-nauticabcn\/estudis\/formacio-professional\/gs-sistemes-electrotecnics-i-de-comunicacio-dels-vaixells\/\" target=\"_blank\" rel=\"noopener\">AQU\u00cd<\/a><\/li>\n<li>Web\u00a0<a href=\"https:\/\/triaeducativa.gencat.cat\/ca\/estudis\/?ensenyament-animacio-socioesportiva&amp;p_id=4191\" target=\"_blank\" rel=\"noopener\">TRIA EDUCATIVA<\/a><\/li>\n<\/ul>\n<p>2. Informaci\u00f3 sobre la preinscripci\u00f3<br \/>\nLa preinscripci\u00f3 \u00e9s online i es&hellip;  <a href=\"https:\/\/agora.xtec.cat\/ins-nauticabcn\/preinscripcio-i-matricula-cfgs-ensenyament-i-animacio-socioesportiva-orientat-a-platja\/\" title=\"Read Preinscripci\u00f3 i matricula CFGS Ensenyament i Animaci\u00f3 Socioesportiva orientat a platja\">Llegeix m\u00e9s\u00bb<\/a><\/p>\n","protected":false},"author":1,"featured_media":0,"parent":0,"menu_order":0,"comment_status":"closed","ping_status":"closed","template":"","meta":{"_bbp_topic_count":0,"_bbp_reply_count":0,"_bbp_total_topic_count":0,"_bbp_total_reply_count":0,"_bbp_voice_count":0,"_bbp_anonymous_reply_count":0,"_bbp_topic_count_hidden":0,"_bbp_reply_count_hidden":0,"_bbp_forum_subforum_count":0,"footnotes":""},"class_list":["post-8114","page","type-page","status-publish","hentry"],"post_mailing_queue_ids":[],"_links":{"self":[{"href":"https:\/\/agora.xtec.cat\/ins-nauticabcn\/wp-json\/wp\/v2\/pages\/8114","targetHints":{"allow":["GET"]}}],"collection":[{"href":"https:\/\/agora.xtec.cat\/ins-nauticabcn\/wp-json\/wp\/v2\/pages"}],"about":[{"href":"https:\/\/agora.xtec.cat\/ins-nauticabcn\/wp-json\/wp\/v2\/types\/page"}],"author":[{"embeddable":true,"href":"https:\/\/agora.xtec.cat\/ins-nauticabcn\/wp-json\/wp\/v2\/users\/1"}],"replies":[{"embeddable":true,"href":"https:\/\/agora.xtec.cat\/ins-nauticabcn\/wp-json\/wp\/v2\/comments?post=8114"}],"version-history":[{"count":6,"href":"https:\/\/agora.xtec.cat\/ins-nauticabcn\/wp-json\/wp\/v2\/pages\/8114\/revisions"}],"predecessor-version":[{"id":10739,"href":"https:\/\/agora.xtec.cat\/ins-nauticabcn\/wp-json\/wp\/v2\/pages\/8114\/revisions\/10739"}],"wp:attachment":[{"href":"https:\/\/agora.xtec.cat\/ins-nauticabcn\/wp-json\/wp\/v2\/media?parent=8114"}],"curies":[{"name":"wp","href":"https:\/\/api.w.org\/{rel}","templated":true}]}}