{"id":8102,"date":"2024-03-20T18:16:20","date_gmt":"2024-03-20T17:16:20","guid":{"rendered":"https:\/\/agora.xtec.cat\/ins-nauticabcn\/?page_id=8102"},"modified":"2025-07-15T10:45:14","modified_gmt":"2025-07-15T08:45:14","slug":"preinscripcio-i-matricula-cfgs-sistemes-electrics-i-de-navegacio","status":"publish","type":"page","link":"https:\/\/agora.xtec.cat\/ins-nauticabcn\/preinscripcio-i-matricula-cfgs-sistemes-electrics-i-de-navegacio\/","title":{"rendered":"Preinscripci\u00f3 i matricula CFGS Sistemes el\u00e8ctrics i de Navegaci\u00f3"},"content":{"rendered":"<p><strong><span style=\"color: #ff9900;\">PREINSCRIPCI\u00d3 I MATR\u00cdCULA CFGS SISTEMES EL\u00c8CTRICS I DE NAVEGACI\u00d3<\/span><br \/>\n<\/strong><\/p>\n<table>\n<tbody>\n<tr>\n<td><a href=\"#a\"><strong>a) Dates clau i horari de preinscripci\u00f3 i matr\u00edcula<\/strong><\/a><\/td>\n<\/tr>\n<tr>\n<td><a href=\"#b\"><strong>b) Informaci\u00f3 general i requisits d&#8217;acc\u00e9s<\/strong><\/a><\/td>\n<\/tr>\n<tr>\n<td><a href=\"#c\"><strong>c) Proc\u00e9s preinscripci\u00f3<\/strong><\/a><\/td>\n<\/tr>\n<tr>\n<td><a href=\"#d\"><strong>d) Quadre de preus<\/strong><\/a><\/td>\n<\/tr>\n<tr>\n<td><a href=\"#e\"><strong>e) Documents de matr\u00edcula<\/strong><\/a><\/td>\n<\/tr>\n<\/tbody>\n<\/table>\n<p><strong>\u00a0<\/strong><\/p>\n<p><span style=\"color: #ff9900;\"><strong>CURS 2025-2026<\/strong><\/span><\/p>\n<p><strong>CFGS Sistemes El\u00e8ctrics i de Navegaci\u00f3 curs 2025-2026:<\/strong><\/p>\n<p>Oferta inicial places: <a href=\"https:\/\/agora.xtec.cat\/ins-nauticabcn\/wp-content\/uploads\/usu313\/2025\/05\/CFGS-INFORME_OFERTA_OME_INFORME_OFERTA-1.pdf\" target=\"_blank\" rel=\"noopener\">aqu\u00ed.<\/a><\/p>\n<p>&nbsp;<\/p>\n<p><span style=\"color: #0000ff;\"><strong><span id=\"a\">a) Dates clau i horari de preinscripci\u00f3 i matr\u00edcula<\/span><\/strong><\/span><\/p>\n<table style=\"width: 55.0819%; height: 55px;\" width=\"1050\">\n<tbody>\n<tr>\n<td><strong>Cicle Formatiu<\/strong><\/td>\n<td><strong>Preinscripci\u00f3<\/strong><\/td>\n<td><strong>Matr\u00edcula<\/strong><\/td>\n<td><strong>Detall Preinscripci\u00f3<\/strong><\/td>\n<\/tr>\n<tr>\n<td>CFGS Sistemes El\u00e8ctrics i de Navegaci\u00f3<\/td>\n<td>Del 23 al 29 de maig<\/td>\n<td>Del 11 al 31 de juliol<\/td>\n<td><a href=\"https:\/\/preinscripcio.gencat.cat\/ca\/estudis\/fp-grau-superior\/informat\/calendari\/#faq-on-es-regulen-el-criteris-i-la-puntuacio-del-barem-de-la-preinscripcio\" target=\"_blank\" rel=\"noopener\">Calendari preinscripci\u00f3<\/a><\/td>\n<\/tr>\n<\/tbody>\n<\/table>\n<p><span id=\"b\"><strong>Dates i horaris del curs:<\/strong><\/span><\/p>\n<p>de setembre del 2025 a juny del 2026<\/p>\n<p>torn de tarda de 15 a 21:30 hores<\/p>\n<p>&nbsp;<\/p>\n<p><strong><span id=\"b\"><span style=\"color: #0000ff;\">b) Informaci\u00f3 General (requisits d\u2019acc\u00e9s i documentaci\u00f3)<\/span><br \/>\n<\/span><\/strong><\/p>\n<p><span style=\"color: #ff9900;\"><strong>2025-2026<\/strong><\/span><\/p>\n<p><a href=\"https:\/\/triaeducativa.gencat.cat\/ca\/estudis\/?sistemes-electrotecnics-automatitzats-perfil-professional-installacions-electriques-comunicacions-vaixell&amp;p_id=3050\" target=\"_blank\" rel=\"noopener\">CFGS Sistemes de el\u00e8ctrics de navegaci\u00f3<\/a><\/p>\n<p><span id=\"c\" style=\"color: #ffffff;\">c<\/span><br \/>\n<span style=\"color: #0000ff;\"><strong>c) Proc\u00e9s de preinscripci\u00f3<\/strong><\/span><\/p>\n<p><span style=\"color: #ff9900;\"><strong>CURS 2025-2026<\/strong><\/span><\/p>\n<div class=\"col-xs-12 columna_esquerra\">\n<div class=\"cos_bloc basic_text_peq pd-15 link-dotted\">\n<p>La preinscripci\u00f3 de formaci\u00f3 professional de grau superior es pot fer en <strong>format electr\u00f2nic amb identificaci\u00f3 digital<\/strong>\u00a0si la persona que fa el tr\u00e0mit t\u00e9 una eina d&#8217;identificaci\u00f3 digital, o en\u00a0<strong>format electr\u00f2nic sense identificaci\u00f3<\/strong>\u00a0si no en disposa. <a href=\"https:\/\/preinscripcio.gencat.cat\/ca\/estudis\/fp-grau-superior\/preinscriute\/sollicitud\/\" target=\"_blank\" rel=\"noopener\">Les dues opcions es poden fer des del mateix web de preinscripci\u00f3.<\/a><\/p>\n<p><strong>Preinscripci\u00f3 en format electr\u00f2nic\u00a0amb identificaci\u00f3 digital<\/strong><\/p>\n<ol>\n<li>Ves a l&#8217;apartat Preinscripci\u00f3 del <a href=\"https:\/\/preinscripcio.gencat.cat\/ca\/estudis\/fp-grau-superior\/preinscriute\/sollicitud\/\" target=\"_blank\" rel=\"noopener\">web del Departament d&#8217;Educaci\u00f3 i Formaci\u00f3 Professional de la Generalitat de Catalunya<\/a> i escull el formulari sol\u00b7licitud electr\u00f2nica amb certificat digital. Per fer-ho necessitar\u00e0s una eina d&#8217;identificaci\u00f3 digital com el DNI electr\u00f2nic, la T-CAT, el sistema Cl@ve o <a href=\"https:\/\/web.gencat.cat\/ca\/tramits\/suport-tramitacio\/durant-la-tramitacio\/signatura-identificacio-digital\/idcat-mobil\/\" target=\"_blank\" rel=\"noopener\">l&#8217;idCAT M\u00f2bil.<\/a><\/li>\n<li>Introdueix el n\u00famero identificador de l&#8217;alumne, el RALC.<\/li>\n<li>Obre el formulari de preinscripci\u00f3 i omple totes les dades personals que se&#8217;t demanin.<\/li>\n<li>Indica el codi dels cicles als quals voleu accedir. Trobareu els codis a la pestanya Descripci\u00f3 de cada estudi.<\/li>\n<li>Indica el llistat ordenat de centres, cicles o torns als quals t&#8217;agradaria accedir ordenats per ordre de prefer\u00e8ncia.<\/li>\n<li>Especifica totes les circumst\u00e0ncies especials que acreditin la teva sol\u00b7licitud (resid\u00e8ncia habitual, si t\u00e9 alguna necessitat educativa espec\u00edfica&#8230;).<\/li>\n<li>Adjunta tota la informaci\u00f3 escanejada o fotografiada que es requereixi.<\/li>\n<li>Envia la sol\u00b7licitud de preinscripci\u00f3.<\/li>\n<\/ol>\n<p><strong>Preinscripci\u00f3 en format electr\u00f2nic\u00a0sense identificaci\u00f3 digital<\/strong><\/p>\n<ol>\n<li>Ves a l&#8217;apartat Preinscripci\u00f3 del <a href=\"https:\/\/preinscripcio.gencat.cat\/ca\/estudis\/fp-grau-superior\/preinscriute\/sollicitud\/\" target=\"_blank\" rel=\"noopener\">web del Departament d&#8217;Educaci\u00f3 i Formaci\u00f3 Professional de la Generalitat de Catalunya<\/a> i escull el formulari sol\u00b7licitud electr\u00f2nica sense certificat digital.<\/li>\n<li>Obre el formulari de preinscripci\u00f3 i omple totes les dades personals que se&#8217;t demanin.<\/li>\n<li>Indica el codi dels cicles als quals vols accedir. Trobar\u00e0s els codis a la pestanya Descripci\u00f3 de cada estudi.<\/li>\n<li>Indica el llistat ordenat de centres, cicles o torns als quals t&#8217;agradaria accedir ordenats per ordre de prefer\u00e8ncia.<\/li>\n<li>Adjunta tota la informaci\u00f3 escanejada o fotografiada que es requereixi.<\/li>\n<li>Envia la sol\u00b7licitud de preinscripci\u00f3.<\/li>\n<\/ol>\n<p>Un cop enviada la sol\u00b7licitud de preinscripci\u00f3 rebr\u00e0s un <strong>resguard per correu electr\u00f2nic<\/strong>. No cal que presentis f\u00edsicament la preinscripci\u00f3 al centre.<\/p>\n<p><strong>Recorda: Nom\u00e9s es pot presentar una sol\u00b7licitud de preinscripci\u00f3 per alumne o alumna.<\/strong><\/p>\n<p>&nbsp;<\/p>\n<\/div>\n<\/div>\n<h6><span style=\"color: #ff0000;\"><strong>MOLT IMPORTANT!\u00a0<\/strong><\/span><\/h6>\n<p><strong>NOVETAT A L&#8217;HORA D&#8217;ASSIGNAR PLACES PREINSCRIPCI\u00d3\/MATR\u00cdCULA 25-26:<\/strong><\/p>\n<p><strong>Hi ha tres tandes d&#8217;assignaci\u00f3,<\/strong> d&#8217;acord amb les normes d&#8217;ordenaci\u00f3 de les sol\u00b7licituds.<\/p>\n<p><strong>Primera tanda d&#8217;assignaci\u00f3:<\/strong> les persones que heu obtingut una pla\u00e7a coincident amb la vostra primera petici\u00f3 podeu:<\/p>\n<ul>\n<li>renunciar a la pla\u00e7a assignada; o<\/li>\n<li>confirmar la matr\u00edcula en l\u00ednia i completar la matr\u00edcula adre\u00e7ant-vos al centre educatiu en el per\u00edode establert. En cas que no feu aquestes dues accions de confirmar i completar la matr\u00edcula, perdreu la pla\u00e7a assignada i quedareu exclosos del proc\u00e9s.<\/li>\n<\/ul>\n<p><strong>Segona tanda d&#8217;assignaci\u00f3<\/strong>: es fa seguint els mateixos criteris d&#8217;ordenaci\u00f3 per\u00f2 inclou tamb\u00e9 les places assignades en primera petici\u00f3 de la primera assignaci\u00f3 no matriculades.<\/p>\n<p>Despr\u00e9s de la segona tanda d&#8217;assignacions, les persones que heu obtingut una pla\u00e7a, podeu:<\/p>\n<ul>\n<li>renunciar a la pla\u00e7a assignada; o<\/li>\n<li>confirmar la matr\u00edcula en l\u00ednia i completar la matr\u00edcula adre\u00e7ant-vos al centre educatiu en el per\u00edode establert. En cas que no feu aquestes dues accions de confirmar i completar la matr\u00edcula, perdreu la pla\u00e7a assignada i quedareu exclosos del proc\u00e9s; o<\/li>\n<li>indicar que voleu participar a la tercera tanda per tal de millorar l\u2019assignaci\u00f3 obtinguda a la segona tanda. Si no obteniu una millor assignaci\u00f3 a la tercera tanda, tindreu garantida la pla\u00e7a assignada en aquesta segona tanda.<\/li>\n<\/ul>\n<p><strong>Tercera tanda d&#8217;assignaci\u00f3:<\/strong> es fa seguint els mateixos criteris d&#8217;ordenaci\u00f3 per\u00f2 inclou tamb\u00e9 les places assignades a la segona tanda d\u2019assignaci\u00f3 no matriculades.<\/p>\n<p>Despr\u00e9s de la tercera tanda d&#8217;assignacions, les persones que heu obtingut una pla\u00e7a, podeu:<\/p>\n<ul>\n<li>renunciar a la pla\u00e7a assignada; o<\/li>\n<li>confirmar la matr\u00edcula online i completar la matr\u00edcula adre\u00e7ant-vos al centre educatiu en el per\u00edode establert. En cas que no feu aquestes dues accions de confirmar i completar la matr\u00edcula, perdreu la pla\u00e7a assignada i quedareu exclosos del proc\u00e9s<\/li>\n<\/ul>\n<p>&nbsp;<\/p>\n<p>&nbsp;<\/p>\n<p>Si necessites ajuda\u00a0 per realitzar aquesta preinscripci\u00f3 pots venir a la secretaria del centre en horari d&#8217;atenci\u00f3 al p\u00fablic (de dilluns a divendres de 9h a 13h i les tardes de dilluns i dimecres de 15h a 18h) i t&#8217;ajudarem.<\/p>\n<p>Podeu demanar <strong>informaci\u00f3 addicional<\/strong> a la secretaria de l&#8217;institut pels canals seg\u00fcents:<\/p>\n<ul>\n<li>Escriure un e-mail al nostre correu: <strong>a8074847<span class=\"\">@xtec.cat<\/span><\/strong><\/li>\n<li>Trucar al tel\u00e8fon de l&#8217;institut: <strong>93 884 60 74<\/strong><\/li>\n<\/ul>\n<p><span style=\"color: #ffffff;\"><strong>\u00a0<\/strong><span id=\"d\">d<\/span><\/span><br \/>\n<strong><span style=\"color: #0000ff;\">d) Quadre de preus 2025\/2026<\/span> <\/strong><\/p>\n<table>\n<tbody>\n<tr>\n<td><strong>Ensenyaments esportius de r\u00e8gim especial<\/strong><\/td>\n<td><strong>Quota material\u00a0<\/strong><\/td>\n<td><strong>Quota curricular<\/strong><\/td>\n<td><strong>Total quotes curs<\/strong><\/td>\n<\/tr>\n<tr>\n<td>CFGS Sistemes El\u00e8ctrics i de Navegaci\u00f3<\/td>\n<td>80\u20ac*<\/td>\n<td>360\u20ac<\/td>\n<td>440\u20ac<\/td>\n<\/tr>\n<\/tbody>\n<\/table>\n<p><em>* La quota de material inclou: asseguran\u00e7a escolar, material escolar, intranet, control d&#8217;assist\u00e8ncia, c\u00f2pies, manteniment inform\u00e0tic,\u00a0 borsa de treball, sortides i Setmana Blava.<br \/>\n<\/em><\/p>\n<p><strong><em>Altres despeses per l&#8217;alumne:<\/em><\/strong><\/p>\n<p>Material que es pot comprar a trav\u00e9s del centre:<\/p>\n<p><strong>1r curs:<\/strong><\/p>\n<p>Roba de treball 75\u20ac aproximadament (si teniu les sabates de seguretat homologades, podeu utilitzar-les.)<\/p>\n<p><strong>2n curs:<\/strong><\/p>\n<p>EPIs per fibra i pintura 60\u20ac aproximadament (sols si cal per projectes)<\/p>\n<p>&nbsp;<\/p>\n<p><em>Material per compte propi:<\/em><\/p>\n<p><strong>1r curs:<\/strong><\/p>\n<p>Estimaci\u00f3 de material per electricitat i reglament 80\u20ac aproximadament.<\/p>\n<p><span style=\"color: #ffffff;\"><strong><span id=\"e\">e<\/span><\/strong><\/span><\/p>\n<p><span style=\"color: #0000ff;\"><strong>e) Documents de matr\u00edcula<\/strong><\/span><\/p>\n<p><span style=\"color: #ff9900;\"><strong>CURS 2025-2026<\/strong><\/span><\/p>\n<p><strong>Documents matr\u00edcula CFGS Sistemes de el\u00e8ctrics i de navegaci\u00f3 <\/strong><a href=\"https:\/\/drive.google.com\/drive\/folders\/1vimrNOvM_i2uBH2qnACnp6EETMxAsptM\" target=\"_blank\" rel=\"noopener\">aqu\u00ed<\/a><\/p>\n","protected":false},"excerpt":{"rendered":"<p>PREINSCRIPCI\u00d3 I MATR\u00cdCULA CFGS SISTEMES EL\u00c8CTRICS I DE NAVEGACI\u00d3<\/p>\n<p><a href=\"#a\">a) Dates clau i horari de preinscripci\u00f3 i matr\u00edcula<\/a><\/p>\n<p><a href=\"#b\">b) Informaci\u00f3 general i requisits d&#8217;acc\u00e9s<\/a><\/p>\n<p><a href=\"#c\">c) Proc\u00e9s preinscripci\u00f3<\/a><\/p>\n<p><a href=\"#d\">d) Quadre de preus<\/a><\/p>\n<p><a href=\"#e\">e) Documents de matr\u00edcula<\/a><\/p>\n<p>\u00a0<br \/>\nCURS 2025-2026<br \/>\nCFGS Sistemes El\u00e8ctrics i de Navegaci\u00f3 curs 2025-2026:<br \/>\nOferta inicial places:&hellip;  <a href=\"https:\/\/agora.xtec.cat\/ins-nauticabcn\/preinscripcio-i-matricula-cfgs-sistemes-electrics-i-de-navegacio\/\" title=\"Read Preinscripci\u00f3 i matricula CFGS Sistemes el\u00e8ctrics i de Navegaci\u00f3\">Llegeix m\u00e9s\u00bb<\/a><\/p>\n","protected":false},"author":1,"featured_media":0,"parent":0,"menu_order":0,"comment_status":"closed","ping_status":"closed","template":"","meta":{"_bbp_topic_count":0,"_bbp_reply_count":0,"_bbp_total_topic_count":0,"_bbp_total_reply_count":0,"_bbp_voice_count":0,"_bbp_anonymous_reply_count":0,"_bbp_topic_count_hidden":0,"_bbp_reply_count_hidden":0,"_bbp_forum_subforum_count":0,"footnotes":""},"class_list":["post-8102","page","type-page","status-publish","hentry"],"post_mailing_queue_ids":[],"_links":{"self":[{"href":"https:\/\/agora.xtec.cat\/ins-nauticabcn\/wp-json\/wp\/v2\/pages\/8102","targetHints":{"allow":["GET"]}}],"collection":[{"href":"https:\/\/agora.xtec.cat\/ins-nauticabcn\/wp-json\/wp\/v2\/pages"}],"about":[{"href":"https:\/\/agora.xtec.cat\/ins-nauticabcn\/wp-json\/wp\/v2\/types\/page"}],"author":[{"embeddable":true,"href":"https:\/\/agora.xtec.cat\/ins-nauticabcn\/wp-json\/wp\/v2\/users\/1"}],"replies":[{"embeddable":true,"href":"https:\/\/agora.xtec.cat\/ins-nauticabcn\/wp-json\/wp\/v2\/comments?post=8102"}],"version-history":[{"count":7,"href":"https:\/\/agora.xtec.cat\/ins-nauticabcn\/wp-json\/wp\/v2\/pages\/8102\/revisions"}],"predecessor-version":[{"id":9754,"href":"https:\/\/agora.xtec.cat\/ins-nauticabcn\/wp-json\/wp\/v2\/pages\/8102\/revisions\/9754"}],"wp:attachment":[{"href":"https:\/\/agora.xtec.cat\/ins-nauticabcn\/wp-json\/wp\/v2\/media?parent=8102"}],"curies":[{"name":"wp","href":"https:\/\/api.w.org\/{rel}","templated":true}]}}