{"id":81,"date":"2014-09-18T10:38:05","date_gmt":"2014-09-18T10:38:05","guid":{"rendered":"http:\/\/agora.xtec.cat\/ins-nauticabcn\/\/?page_id=81"},"modified":"2026-04-28T13:22:37","modified_gmt":"2026-04-28T11:22:37","slug":"secretaria","status":"publish","type":"page","link":"https:\/\/agora.xtec.cat\/ins-nauticabcn\/secretaria\/","title":{"rendered":"Secretaria"},"content":{"rendered":"<p>En els centres d&#8217;ensenyament secundari, la secretaria \u00e9s el principal agent de gesti\u00f3 administrativa, tant de cara a l&#8217;alumnat, als i les docents com a empreses i institucions. Aqu\u00ed trobareu com contactar-hi i els documents i la informaci\u00f3 \u00a0que pugeu necessitar: tr\u00e0mits (sol\u00b7licitud de certificats&#8230;), preinscripci\u00f3 i matr\u00edcula, documents (autoritzaci\u00f3 de sortides, \u00fas de serveis digitals, etc.), beques i ajuts, proves d&#8217;acc\u00e9s als cicles formatius, etc.<\/p>\n<ul>\n<li style=\"text-align: left;\"><a href=\"https:\/\/agora.xtec.cat\/ins-nauticabcn\/estudis\/\" target=\"_blank\" rel=\"noopener\"><strong>Preinscripci\u00f3 i Matr\u00edcula<\/strong><\/a><\/li>\n<\/ul>\n<ul>\n<li><strong>Contacte:<\/strong><\/li>\n<\/ul>\n<p>La secretaria del centre es troba a la nostra Seu (C\/ de l&#8217;Escar 6-8)<\/p>\n<p style=\"padding-left: 30px;\">Tel. 93 884 60 74 \u00a0 \/ \u00a0 \u00a0e-mail:\u00a0a8074847@xtec.cat<\/p>\n<p>Els tr\u00e0mits i les consultes tamb\u00e9 es poden fer per correu electr\u00f2nic, i consultant la nostra web<\/p>\n<p>&nbsp;<\/p>\n<p style=\"text-align: left;\"><em>Horari d&#8217;atenci\u00f3 al p\u00fablic de Secretaria:<\/em><\/p>\n<p style=\"text-align: center;\"><strong>Matins: DILLUNS A DIVENDRES DE 9h a 13h<\/strong><\/p>\n<p style=\"text-align: center;\"><strong>Tardes: DILLUNS I DIMECRES DE 15h a 18h<\/strong><\/p>\n<p style=\"text-align: center;\"><strong>\u00a0<\/strong><\/p>\n<p>&nbsp;<\/p>\n<h5 style=\"text-align: center;\"><\/h5>\n","protected":false},"excerpt":{"rendered":"<p>En els centres d&#8217;ensenyament secundari, la secretaria \u00e9s el principal agent de gesti\u00f3 administrativa, tant de cara a l&#8217;alumnat, als i les docents com a empreses i institucions. Aqu\u00ed trobareu com contactar-hi i els documents i la informaci\u00f3 \u00a0que pugeu necessitar: tr\u00e0mits (sol\u00b7licitud de certificats&#8230;),&hellip;  <a href=\"https:\/\/agora.xtec.cat\/ins-nauticabcn\/secretaria\/\" title=\"Read Secretaria\">Llegeix m\u00e9s\u00bb<\/a><\/p>\n","protected":false},"author":1,"featured_media":0,"parent":0,"menu_order":0,"comment_status":"closed","ping_status":"closed","template":"page-templates\/side-menu.php","meta":{"_bbp_topic_count":0,"_bbp_reply_count":0,"_bbp_total_topic_count":0,"_bbp_total_reply_count":0,"_bbp_voice_count":0,"_bbp_anonymous_reply_count":0,"_bbp_topic_count_hidden":0,"_bbp_reply_count_hidden":0,"_bbp_forum_subforum_count":0,"footnotes":""},"class_list":["post-81","page","type-page","status-publish","hentry"],"post_mailing_queue_ids":[],"_links":{"self":[{"href":"https:\/\/agora.xtec.cat\/ins-nauticabcn\/wp-json\/wp\/v2\/pages\/81","targetHints":{"allow":["GET"]}}],"collection":[{"href":"https:\/\/agora.xtec.cat\/ins-nauticabcn\/wp-json\/wp\/v2\/pages"}],"about":[{"href":"https:\/\/agora.xtec.cat\/ins-nauticabcn\/wp-json\/wp\/v2\/types\/page"}],"author":[{"embeddable":true,"href":"https:\/\/agora.xtec.cat\/ins-nauticabcn\/wp-json\/wp\/v2\/users\/1"}],"replies":[{"embeddable":true,"href":"https:\/\/agora.xtec.cat\/ins-nauticabcn\/wp-json\/wp\/v2\/comments?post=81"}],"version-history":[{"count":6,"href":"https:\/\/agora.xtec.cat\/ins-nauticabcn\/wp-json\/wp\/v2\/pages\/81\/revisions"}],"predecessor-version":[{"id":9691,"href":"https:\/\/agora.xtec.cat\/ins-nauticabcn\/wp-json\/wp\/v2\/pages\/81\/revisions\/9691"}],"wp:attachment":[{"href":"https:\/\/agora.xtec.cat\/ins-nauticabcn\/wp-json\/wp\/v2\/media?parent=81"}],"curies":[{"name":"wp","href":"https:\/\/api.w.org\/{rel}","templated":true}]}}