{"id":7842,"date":"2024-02-21T17:46:16","date_gmt":"2024-02-21T16:46:16","guid":{"rendered":"https:\/\/agora.xtec.cat\/ins-nauticabcn\/?page_id=7842"},"modified":"2025-03-24T17:42:47","modified_gmt":"2025-03-24T16:42:47","slug":"preus-publics-batxillerat-esportiu","status":"publish","type":"page","link":"https:\/\/agora.xtec.cat\/ins-nauticabcn\/estudis\/batxillerat-esportiu-de-salvament-i-socorrisme\/preus-publics-batxillerat-esportiu\/","title":{"rendered":"Preus P\u00fablics Batxillerat Esportiu"},"content":{"rendered":"<p>A continuaci\u00f3 podreu veure els preus p\u00fablics, facilitats pel Departament d&#8217;Ensenyament, dels Batxillerats Estudis Esportius que impartim.<\/p>\n<p><strong>A aquests preus els hi heu d&#8217;afegir 50\u20ac per Cicle concepte de material.<\/strong><\/p>\n<p><span style=\"color: #3366ff;\"><strong>IMPORTANT!! Aquesta informaci\u00f3 \u00e9s provisional a falta de preus oficials per al curs 25-26.<\/strong><\/span><\/p>\n<p><strong>Salvament i Socorrisme<\/strong><\/p>\n<p><a href=\"https:\/\/agora.xtec.cat\/ins-nauticabcn\/wp-content\/uploads\/usu313\/2024\/02\/cicle-inicial-salvament.pdf\" target=\"_blank\" rel=\"noopener\">Cicle Inicial<\/a><\/p>\n<p><a href=\"https:\/\/agora.xtec.cat\/ins-nauticabcn\/wp-content\/uploads\/usu313\/2023\/11\/PP_salvament_cfinal.pdf\" target=\"_blank\" rel=\"noopener\">Cicle Final<\/a><\/p>\n<p><strong>Grau Mitj\u00e0 de Vela amb aparell fix i lliure<\/strong><\/p>\n<p><a href=\"https:\/\/triaeducativa.gencat.cat\/web\/.content\/artistics-esportius\/esportius\/preus-publics\/cicle-inicial-vela.pdf\" target=\"_blank\" rel=\"noopener\">Cicle Inicial<\/a><\/p>\n<p><a href=\"https:\/\/agora.xtec.cat\/ins-nauticabcn\/wp-content\/uploads\/usu313\/2023\/11\/PP_vela_afix_cfinal.pdf\" target=\"_blank\" rel=\"noopener\">Cicle Final<\/a><\/p>\n<p>&nbsp;<\/p>\n","protected":false},"excerpt":{"rendered":"<p>A continuaci\u00f3 podreu veure els preus p\u00fablics, facilitats pel Departament d&#8217;Ensenyament, dels Batxillerats Estudis Esportius que impartim.<br \/>\nA aquests preus els hi heu d&#8217;afegir 50\u20ac per Cicle concepte de material.<br \/>\nIMPORTANT!! Aquesta informaci\u00f3 \u00e9s provisional a falta de preus oficials per al curs 25-26.<br \/>\nSalvament i Socorrisme<br \/>\n<a href=\"https:\/\/agora.xtec.cat\/ins-nauticabcn\/wp-content\/uploads\/usu313\/2024\/02\/cicle-inicial-salvament.pdf\"&hellip;  <a href=\"https:\/\/agora.xtec.cat\/ins-nauticabcn\/estudis\/batxillerat-esportiu-de-salvament-i-socorrisme\/preus-publics-batxillerat-esportiu\/\" title=\"Read Preus P\u00fablics Batxillerat Esportiu\">Llegeix m\u00e9s\u00bb<\/a><\/p>\n","protected":false},"author":1,"featured_media":0,"parent":4909,"menu_order":3,"comment_status":"closed","ping_status":"closed","template":"","meta":{"_bbp_topic_count":0,"_bbp_reply_count":0,"_bbp_total_topic_count":0,"_bbp_total_reply_count":0,"_bbp_voice_count":0,"_bbp_anonymous_reply_count":0,"_bbp_topic_count_hidden":0,"_bbp_reply_count_hidden":0,"_bbp_forum_subforum_count":0,"footnotes":""},"class_list":["post-7842","page","type-page","status-publish","hentry"],"post_mailing_queue_ids":[],"_links":{"self":[{"href":"https:\/\/agora.xtec.cat\/ins-nauticabcn\/wp-json\/wp\/v2\/pages\/7842","targetHints":{"allow":["GET"]}}],"collection":[{"href":"https:\/\/agora.xtec.cat\/ins-nauticabcn\/wp-json\/wp\/v2\/pages"}],"about":[{"href":"https:\/\/agora.xtec.cat\/ins-nauticabcn\/wp-json\/wp\/v2\/types\/page"}],"author":[{"embeddable":true,"href":"https:\/\/agora.xtec.cat\/ins-nauticabcn\/wp-json\/wp\/v2\/users\/1"}],"replies":[{"embeddable":true,"href":"https:\/\/agora.xtec.cat\/ins-nauticabcn\/wp-json\/wp\/v2\/comments?post=7842"}],"version-history":[{"count":5,"href":"https:\/\/agora.xtec.cat\/ins-nauticabcn\/wp-json\/wp\/v2\/pages\/7842\/revisions"}],"predecessor-version":[{"id":9142,"href":"https:\/\/agora.xtec.cat\/ins-nauticabcn\/wp-json\/wp\/v2\/pages\/7842\/revisions\/9142"}],"up":[{"embeddable":true,"href":"https:\/\/agora.xtec.cat\/ins-nauticabcn\/wp-json\/wp\/v2\/pages\/4909"}],"wp:attachment":[{"href":"https:\/\/agora.xtec.cat\/ins-nauticabcn\/wp-json\/wp\/v2\/media?parent=7842"}],"curies":[{"name":"wp","href":"https:\/\/api.w.org\/{rel}","templated":true}]}}