{"id":7596,"date":"2023-11-13T16:24:58","date_gmt":"2023-11-13T15:24:58","guid":{"rendered":"https:\/\/agora.xtec.cat\/ins-nauticabcn\/?page_id=7596"},"modified":"2026-04-27T11:04:20","modified_gmt":"2026-04-27T09:04:20","slug":"batxillerat-esportiu-salvament-i-socorrisme","status":"publish","type":"page","link":"https:\/\/agora.xtec.cat\/ins-nauticabcn\/estudis\/batxillerat-esportiu-de-salvament-i-socorrisme\/batxillerat-esportiu-salvament-i-socorrisme\/","title":{"rendered":"Batxillerat Esportiu Salvament i Socorrisme"},"content":{"rendered":"<p><span style=\"color: #ff6600;\"><strong>Oferta formativa 2026-2027:<\/strong><\/span><\/p>\n<p>Cicle Inicial: setembre 2026<\/p>\n<ul>\n<li><a href=\"https:\/\/agora.xtec.cat\/ins-nauticabcn\/batxillerat-esportiu-cicle-incial-de-salvament-i-socorrisme\/\" target=\"_blank\" rel=\"noopener\">Preinscripci\u00f3 i matr\u00edcula curs 2026-2027<\/a><\/li>\n<\/ul>\n<p>Cicle Final: gener 2027<\/p>\n<p><span style=\"color: #ff6600;\"><strong>Per saber-ne m\u00e9s:<\/strong><\/span><\/p>\n<p>Aquest Batxillerat permet obtenir una doble titulaci\u00f3. D\u2019una banda, el <strong>batxillerat<\/strong> i d\u2019una altra el grau mitj\u00e0 de t\u00e8cnic\/a en <strong>futbol<\/strong> o <strong>salvament i socorrisme o vela<\/strong>. Es desenvolupa en tres cursos i un dels seus avantatges \u00e9s que el batxillerat es desplega en m\u00e9s temps. A m\u00e9s, durant els dos primers cursos es combina amb el grau mitj\u00e0 escollit (nivell 1 i 2 de t\u00e8cnic\/a de salvament i socorrisme o vela).<\/p>\n<ul>\n<li><a href=\"https:\/\/agora.xtec.cat\/ies-salvat-barceloneta\/batxillerat-esportiu\/\" target=\"_blank\" rel=\"noopener\">Informaci\u00f3 Batxillerat Esportiu en Salvament i Socorrisme<\/a><\/li>\n<li><a href=\"https:\/\/agora.xtec.cat\/ins-nauticabcn\/wp-content\/uploads\/usu313\/2025\/02\/TEGM____SS10_CA.pdf\" target=\"_blank\" rel=\"noopener\">Fitxa dels Estudis<\/a><\/li>\n<li><a href=\"https:\/\/triaeducativa.gencat.cat\/ca\/artistics-esportius\/esportius\/index.html\" target=\"_blank\" rel=\"noopener\">Informaci\u00f3 Estudis Esportius <\/a>(informaci\u00f3 sobre requisits d&#8217;acc\u00e9s, etc)<\/li>\n<li><a href=\"https:\/\/triaeducativa.gencat.cat\/ca\/proves\/proves-acces\/esportius\/esportius-prova-especifica\/salvament-socorrisme\/\" target=\"_blank\" rel=\"noopener\">Proves espec\u00edfiques d&#8217;acc\u00e9s<\/a><\/li>\n<li><a href=\"https:\/\/agora.xtec.cat\/ins-nauticabcn\/wp-content\/uploads\/usu313\/2024\/02\/cicle-inicial-salvament.pdf\" target=\"_blank\" rel=\"noopener\">Preus p\u00fablics Cicle Inicial <\/a>(informaci\u00f3 provisional a falta de preus oficials per al curs 25-26)<\/li>\n<li><a href=\"https:\/\/agora.xtec.cat\/ins-nauticabcn\/wp-content\/uploads\/usu313\/2023\/11\/PP_salvament_cfinal.pdf\" target=\"_blank\" rel=\"noopener\">Preus p\u00fablics Cicle Final <\/a>(informaci\u00f3 provisional a falta de preus oficials per al curs 25-26)<\/li>\n<\/ul>\n<p>&nbsp;<\/p>\n\n\t\t<style type=\"text\/css\">\n\t\t\t#gallery-1 {\n\t\t\t\tmargin: auto;\n\t\t\t}\n\t\t\t#gallery-1 .gallery-item {\n\t\t\t\tfloat: left;\n\t\t\t\tmargin-top: 10px;\n\t\t\t\ttext-align: center;\n\t\t\t\twidth: 100%;\n\t\t\t}\n\t\t\t#gallery-1 img {\n\t\t\t\tborder: 2px solid #cfcfcf;\n\t\t\t}\n\t\t\t#gallery-1 .gallery-caption {\n\t\t\t\tmargin-left: 0;\n\t\t\t}\n\t\t\t\/* see gallery_shortcode() in wp-includes\/media.php *\/\n\t\t<\/style>\n\t\t<div id='gallery-1' class='gallery galleryid-7596 gallery-columns-1 gallery-size-large'><dl class='gallery-item'>\n\t\t\t<dt class='gallery-icon portrait'>\n\t\t\t\t<a href='https:\/\/agora.xtec.cat\/ins-nauticabcn\/estudis\/ensenyaments-esportius\/gm-de-busseig-esportiu-amb-escafandre-autonom\/attachment\/institut-de-nautica-de-barcelona-12\/'><img loading=\"lazy\" decoding=\"async\" width=\"685\" height=\"1024\" src=\"https:\/\/agora.xtec.cat\/ins-nauticabcn\/wp-content\/uploads\/usu313\/2015\/03\/150306_Ins_nautica_barcelona_\u00a9ivan_gimenez_015-685x1024.jpg\" class=\"attachment-large size-large\" alt=\"\" srcset=\"https:\/\/agora.xtec.cat\/ins-nauticabcn\/wp-content\/uploads\/usu313\/2015\/03\/150306_Ins_nautica_barcelona_\u00a9ivan_gimenez_015-685x1024.jpg 685w, https:\/\/agora.xtec.cat\/ins-nauticabcn\/wp-content\/uploads\/usu313\/2015\/03\/150306_Ins_nautica_barcelona_\u00a9ivan_gimenez_015-200x300.jpg 200w\" sizes=\"auto, (max-width: 685px) 100vw, 685px\" \/><\/a>\n\t\t\t<\/dt><\/dl><br style=\"clear: both\" \/>\n\t\t<\/div>\n\n<p>&nbsp;<\/p>\n","protected":false},"excerpt":{"rendered":"<p>Oferta formativa 2026-2027:<br \/>\nCicle Inicial: setembre 2026<\/p>\n<ul>\n<li><a href=\"https:\/\/agora.xtec.cat\/ins-nauticabcn\/batxillerat-esportiu-cicle-incial-de-salvament-i-socorrisme\/\" target=\"_blank\" rel=\"noopener\">Preinscripci\u00f3 i matr\u00edcula curs 2026-2027<\/a><\/li>\n<\/ul>\n<p>Cicle Final: gener 2027<br \/>\nPer saber-ne m\u00e9s:<br \/>\nAquest Batxillerat permet obtenir una doble titulaci\u00f3. D\u2019una banda, el batxillerat i d\u2019una altra el grau mitj\u00e0 de t\u00e8cnic\/a en futbol o salvament i socorrisme o vela. Es&hellip;  <a href=\"https:\/\/agora.xtec.cat\/ins-nauticabcn\/estudis\/batxillerat-esportiu-de-salvament-i-socorrisme\/batxillerat-esportiu-salvament-i-socorrisme\/\" title=\"Read Batxillerat Esportiu Salvament i Socorrisme\">Llegeix m\u00e9s\u00bb<\/a><\/p>\n","protected":false},"author":1,"featured_media":0,"parent":4909,"menu_order":0,"comment_status":"closed","ping_status":"closed","template":"page-templates\/side-menu.php","meta":{"_bbp_topic_count":0,"_bbp_reply_count":0,"_bbp_total_topic_count":0,"_bbp_total_reply_count":0,"_bbp_voice_count":0,"_bbp_anonymous_reply_count":0,"_bbp_topic_count_hidden":0,"_bbp_reply_count_hidden":0,"_bbp_forum_subforum_count":0,"footnotes":""},"class_list":["post-7596","page","type-page","status-publish","hentry"],"post_mailing_queue_ids":[],"_links":{"self":[{"href":"https:\/\/agora.xtec.cat\/ins-nauticabcn\/wp-json\/wp\/v2\/pages\/7596","targetHints":{"allow":["GET"]}}],"collection":[{"href":"https:\/\/agora.xtec.cat\/ins-nauticabcn\/wp-json\/wp\/v2\/pages"}],"about":[{"href":"https:\/\/agora.xtec.cat\/ins-nauticabcn\/wp-json\/wp\/v2\/types\/page"}],"author":[{"embeddable":true,"href":"https:\/\/agora.xtec.cat\/ins-nauticabcn\/wp-json\/wp\/v2\/users\/1"}],"replies":[{"embeddable":true,"href":"https:\/\/agora.xtec.cat\/ins-nauticabcn\/wp-json\/wp\/v2\/comments?post=7596"}],"version-history":[{"count":6,"href":"https:\/\/agora.xtec.cat\/ins-nauticabcn\/wp-json\/wp\/v2\/pages\/7596\/revisions"}],"predecessor-version":[{"id":10652,"href":"https:\/\/agora.xtec.cat\/ins-nauticabcn\/wp-json\/wp\/v2\/pages\/7596\/revisions\/10652"}],"up":[{"embeddable":true,"href":"https:\/\/agora.xtec.cat\/ins-nauticabcn\/wp-json\/wp\/v2\/pages\/4909"}],"wp:attachment":[{"href":"https:\/\/agora.xtec.cat\/ins-nauticabcn\/wp-json\/wp\/v2\/media?parent=7596"}],"curies":[{"name":"wp","href":"https:\/\/api.w.org\/{rel}","templated":true}]}}