{"id":7383,"date":"2024-02-21T17:29:09","date_gmt":"2024-02-21T16:29:09","guid":{"rendered":"https:\/\/agora.xtec.cat\/ins-nauticabcn\/?page_id=7383"},"modified":"2025-06-03T12:19:40","modified_gmt":"2025-06-03T10:19:40","slug":"preus-publics","status":"publish","type":"page","link":"https:\/\/agora.xtec.cat\/ins-nauticabcn\/estudis\/ensenyaments-esportius\/preus-publics\/","title":{"rendered":"Preus P\u00fablics Estudis Esportius"},"content":{"rendered":"<p>A continuaci\u00f3 podreu veure els preus p\u00fablics, facilitats pel Departament d&#8217;Ensenyament, dels Estudis Esportius que impartim.<\/p>\n<p><strong>A aquests preus els hi heu d&#8217;afegir 30\u20ac per Cicle als estudis de Grau Mitj\u00e0 i 60\u20ac als estudis de Grau Superior en concepte de material.<\/strong><\/p>\n<p><strong><span style=\"color: #3366ff;\">IMPORTANT!! Aquesta informaci\u00f3 \u00e9s provisional a falta de preus oficials per al curs 25-26.<\/span><\/strong><\/p>\n<p><strong>Salvament i Socorrisme<\/strong><\/p>\n<p><a href=\"https:\/\/agora.xtec.cat\/ins-nauticabcn\/wp-content\/uploads\/usu313\/2024\/02\/cicle-inicial-salvament.pdf\" target=\"_blank\" rel=\"noopener\">Cicle Inicial<\/a><\/p>\n<p><a href=\"https:\/\/agora.xtec.cat\/ins-nauticabcn\/wp-content\/uploads\/usu313\/2023\/11\/PP_salvament_cfinal.pdf\" target=\"_blank\" rel=\"noopener\">Cicle Final<\/a><\/p>\n<p><a href=\"https:\/\/agora.xtec.cat\/ins-nauticabcn\/wp-content\/uploads\/usu313\/2024\/02\/PP-salvament-gsuperior.pdf\" target=\"_blank\" rel=\"noopener\">Grau Superior de Salvament i Socorrisme<\/a><\/p>\n<p><strong>Grau Mitj\u00e0 de Vela amb aparell fix<br \/>\n<\/strong><\/p>\n<p><a href=\"https:\/\/triaeducativa.gencat.cat\/web\/.content\/artistics-esportius\/esportius\/preus-publics\/cicle-inicial-vela.pdf\" target=\"_blank\" rel=\"noopener\">Cicle Inicial<\/a><\/p>\n<p><a href=\"https:\/\/agora.xtec.cat\/ins-nauticabcn\/wp-content\/uploads\/usu313\/2023\/11\/PP_vela_afix_cfinal.pdf\" target=\"_blank\" rel=\"noopener\">Cicle Final<\/a><\/p>\n<p><a href=\"https:\/\/agora.xtec.cat\/ins-nauticabcn\/wp-content\/uploads\/usu313\/2025\/06\/PP-gs-vela-amb-aparell-fix.pdf\" target=\"_blank\" rel=\"noopener\">Grau Superior de Vela amb aparell fix<\/a><\/p>\n<p><strong>Grau Mitj\u00e0 de Vela amb aparell lliure<\/strong><\/p>\n<p><a href=\"https:\/\/agora.xtec.cat\/ins-nauticabcn\/wp-content\/uploads\/usu313\/2024\/11\/PP_vela_alliure_cfinal.pdf\" target=\"_blank\" rel=\"noopener\">Cicle Final<\/a><\/p>\n<p><a href=\"https:\/\/agora.xtec.cat\/ins-nauticabcn\/wp-content\/uploads\/usu313\/2025\/06\/PP-gs-vela-amb-aparell-lliure.pdf\" target=\"_blank\" rel=\"noopener\">Grau Superior de Vela amb aparell lliure<\/a><\/p>\n<p><strong>Grau Mitj\u00e0 de Busseig<\/strong><\/p>\n<p><a href=\"https:\/\/agora.xtec.cat\/ins-nauticabcn\/wp-content\/uploads\/usu313\/2024\/02\/PP-busseig-cinicial.pdf\" target=\"_blank\" rel=\"noopener\">Cicle Inicial<\/a><\/p>\n<p><a href=\"https:\/\/agora.xtec.cat\/ins-nauticabcn\/wp-content\/uploads\/usu313\/2023\/11\/PP-busseig-cfinal.pdf\" target=\"_blank\" rel=\"noopener\">Cicle Final<\/a><\/p>\n<p><strong>Grau Mitj\u00e0 de Pirag\u00fcisme en aig\u00fces tranquil\u00b7les<\/strong><\/p>\n<p><a href=\"https:\/\/agora.xtec.cat\/ins-nauticabcn\/wp-content\/uploads\/usu313\/2021\/04\/PREUS-GM-Piraguisme.pdf\" target=\"_blank\" rel=\"noopener\">Cicle Inicial<\/a><\/p>\n<p><a href=\"https:\/\/agora.xtec.cat\/ins-nauticabcn\/wp-content\/uploads\/usu313\/2023\/11\/PP-cicle-final-Piraguisme-aigues-tranquiles.pdf\" target=\"_blank\" rel=\"noopener\">Cicle Final<\/a><\/p>\n<p>&nbsp;<\/p>\n<p>&nbsp;<\/p>\n<p>&nbsp;<\/p>\n<p>&nbsp;<\/p>\n","protected":false},"excerpt":{"rendered":"<p>A continuaci\u00f3 podreu veure els preus p\u00fablics, facilitats pel Departament d&#8217;Ensenyament, dels Estudis Esportius que impartim.<br \/>\nA aquests preus els hi heu d&#8217;afegir 30\u20ac per Cicle als estudis de Grau Mitj\u00e0 i 60\u20ac als estudis de Grau Superior en concepte de material.<br \/>\nIMPORTANT!! Aquesta informaci\u00f3 \u00e9s provisional&hellip;  <a href=\"https:\/\/agora.xtec.cat\/ins-nauticabcn\/estudis\/ensenyaments-esportius\/preus-publics\/\" title=\"Read Preus P\u00fablics Estudis Esportius\">Llegeix m\u00e9s\u00bb<\/a><\/p>\n","protected":false},"author":1,"featured_media":0,"parent":276,"menu_order":5,"comment_status":"closed","ping_status":"closed","template":"","meta":{"_bbp_topic_count":0,"_bbp_reply_count":0,"_bbp_total_topic_count":0,"_bbp_total_reply_count":0,"_bbp_voice_count":0,"_bbp_anonymous_reply_count":0,"_bbp_topic_count_hidden":0,"_bbp_reply_count_hidden":0,"_bbp_forum_subforum_count":0,"footnotes":""},"class_list":["post-7383","page","type-page","status-publish","hentry"],"post_mailing_queue_ids":[],"_links":{"self":[{"href":"https:\/\/agora.xtec.cat\/ins-nauticabcn\/wp-json\/wp\/v2\/pages\/7383","targetHints":{"allow":["GET"]}}],"collection":[{"href":"https:\/\/agora.xtec.cat\/ins-nauticabcn\/wp-json\/wp\/v2\/pages"}],"about":[{"href":"https:\/\/agora.xtec.cat\/ins-nauticabcn\/wp-json\/wp\/v2\/types\/page"}],"author":[{"embeddable":true,"href":"https:\/\/agora.xtec.cat\/ins-nauticabcn\/wp-json\/wp\/v2\/users\/1"}],"replies":[{"embeddable":true,"href":"https:\/\/agora.xtec.cat\/ins-nauticabcn\/wp-json\/wp\/v2\/comments?post=7383"}],"version-history":[{"count":6,"href":"https:\/\/agora.xtec.cat\/ins-nauticabcn\/wp-json\/wp\/v2\/pages\/7383\/revisions"}],"predecessor-version":[{"id":9135,"href":"https:\/\/agora.xtec.cat\/ins-nauticabcn\/wp-json\/wp\/v2\/pages\/7383\/revisions\/9135"}],"up":[{"embeddable":true,"href":"https:\/\/agora.xtec.cat\/ins-nauticabcn\/wp-json\/wp\/v2\/pages\/276"}],"wp:attachment":[{"href":"https:\/\/agora.xtec.cat\/ins-nauticabcn\/wp-json\/wp\/v2\/media?parent=7383"}],"curies":[{"name":"wp","href":"https:\/\/api.w.org\/{rel}","templated":true}]}}