{"id":5746,"date":"2022-01-26T17:50:00","date_gmt":"2022-01-26T16:50:00","guid":{"rendered":"https:\/\/agora.xtec.cat\/ins-nauticabcn\/?page_id=5746"},"modified":"2024-02-29T11:52:08","modified_gmt":"2024-02-29T10:52:08","slug":"certificats-de-professionalitat","status":"publish","type":"page","link":"https:\/\/agora.xtec.cat\/ins-nauticabcn\/estudis\/certificats-de-professionalitat\/","title":{"rendered":"Certificats de professionalitat"},"content":{"rendered":"<p>Els certificats de professionalitat s\u00f3n documents oficials que acrediten les compet\u00e8ncies professionals i garanteixen que la persona que els obt\u00e9 t\u00e9 els coneixements, les habilitats i les aptituds per desenvolupar una activitat laboral d&#8217;acord amb les exig\u00e8ncies del mercat de treball.<\/p>\n<p>Cada certificat de professionalitat acredita una qualificaci\u00f3 professional del\u00a0<a title=\"Cat\u00e0leg Nacional de Qualificacions Professionals\" href=\"https:\/\/incual.educacion.gob.es\/bdc\" target=\"_blank\" rel=\"noopener\" data-saferedirecturl=\"https:\/\/www.google.com\/url?q=https:\/\/incual.educacion.gob.es\/bdc&amp;source=gmail&amp;ust=1709288480608000&amp;usg=AOvVaw15GnBnz29lWJa9XMW41Dqo\">Cat\u00e0leg Nacional de Qualificacions Professionals<\/a>\u00a0encara que, de manera excepcional, poden haver-hi certificats que acreditin nom\u00e9s una part de la qualificaci\u00f3.<\/p>\n<p>Tots els certificats de professionalitat inclouen un m\u00f2dul de formaci\u00f3 pr\u00e0ctica en centres de treball. La superaci\u00f3 d&#8217;aquest m\u00f2dul de pr\u00e0ctiques \u00e9s imprescindible per obtenir el certificat de professionalitat, si b\u00e9 hi ha l&#8217;opci\u00f3 d&#8217;obtenir l&#8217;exempci\u00f3 d&#8217;aquest m\u00f2dul.<\/p>\n<p>Des de l&#8217;INB\u00a0\u00c9s per aix\u00f2, que ens hem proposat a partir de les necessitats formatives i de perfils professionals que estem detectant al sector, impartir Certificats de Professionalitat de les diferents fam\u00edlies.<\/p>\n<p>En aquest apartat, anirem informant de tota l\u2019oferta que hem realitzat o que tenim planificada:<\/p>\n<table style=\"width: 78.9046%;\">\n<tbody>\n<tr>\n<td style=\"width: 12.3967%;\">\n<h5><strong>Cursos Actuals<\/strong><\/h5>\n<\/td>\n<td style=\"width: 9.64187%;\">\n<h5><strong>Codi<\/strong><\/h5>\n<\/td>\n<td style=\"width: 64.9219%;\">\n<h5><strong>T\u00edtol<\/strong><\/h5>\n<\/td>\n<td style=\"width: 7.89715%;\">\n<h5><strong>Nivell<\/strong><\/h5>\n<\/td>\n<td style=\"width: 3.94858%;\">\n<h5><strong>Hores<\/strong><\/h5>\n<\/td>\n<\/tr>\n<tr>\n<td style=\"width: 12.3967%;\">2022-2023<\/td>\n<td style=\"width: 9.64187%;\">AFDP0229_2<\/td>\n<td style=\"width: 64.9219%;\">Socorrisme en espais aqu\u00e0tics naturals<\/td>\n<td style=\"width: 7.89715%;\">Nivell 2<\/td>\n<td style=\"width: 3.94858%;\">460h<\/td>\n<\/tr>\n<tr>\n<td style=\"width: 12.3967%;\">2021-2022<\/td>\n<td style=\"width: 9.64187%;\">AFDP0229_2<\/td>\n<td style=\"width: 64.9219%;\">Socorrisme en espais aqu\u00e0tics naturals<\/td>\n<td style=\"width: 7.89715%;\">Nivell 2<\/td>\n<td style=\"width: 3.94858%;\">460h<\/td>\n<\/tr>\n<tr>\n<td style=\"width: 12.3967%;\">2020-2021<\/td>\n<td style=\"width: 9.64187%;\">TMVU0111<\/td>\n<td style=\"width: 64.9219%;\">Pintura, reparaci\u00f3 i construcci\u00f3 d&#8217;elements de pl\u00e0stic refor\u00e7at amb fibra d&#8217;embarcacions esportives i d&#8217;esbarjo<\/td>\n<td style=\"width: 7.89715%;\">Nivell 2<\/td>\n<td style=\"width: 3.94858%;\">480h<\/td>\n<\/tr>\n<\/tbody>\n<\/table>\n<p><img loading=\"lazy\" decoding=\"async\" class=\"alignnone  wp-image-7900\" src=\"https:\/\/agora.xtec.cat\/ins-nauticabcn\/wp-content\/uploads\/usu313\/2024\/02\/Logo-Ajuntament.png\" alt=\"\" width=\"201\" height=\"75\" srcset=\"https:\/\/agora.xtec.cat\/ins-nauticabcn\/wp-content\/uploads\/usu313\/2024\/02\/Logo-Ajuntament.png 367w, https:\/\/agora.xtec.cat\/ins-nauticabcn\/wp-content\/uploads\/usu313\/2024\/02\/Logo-Ajuntament-300x112.png 300w\" sizes=\"auto, (max-width: 201px) 100vw, 201px\" \/> <img loading=\"lazy\" decoding=\"async\" class=\"alignnone  wp-image-7899\" src=\"https:\/\/agora.xtec.cat\/ins-nauticabcn\/wp-content\/uploads\/usu313\/2024\/02\/Logo-Ministerio-de-Educacion-1024x256.png\" alt=\"\" width=\"176\" height=\"44\" srcset=\"https:\/\/agora.xtec.cat\/ins-nauticabcn\/wp-content\/uploads\/usu313\/2024\/02\/Logo-Ministerio-de-Educacion-1024x256.png 1024w, https:\/\/agora.xtec.cat\/ins-nauticabcn\/wp-content\/uploads\/usu313\/2024\/02\/Logo-Ministerio-de-Educacion-300x75.png 300w, https:\/\/agora.xtec.cat\/ins-nauticabcn\/wp-content\/uploads\/usu313\/2024\/02\/Logo-Ministerio-de-Educacion-768x192.png 768w, https:\/\/agora.xtec.cat\/ins-nauticabcn\/wp-content\/uploads\/usu313\/2024\/02\/Logo-Ministerio-de-Educacion.png 1280w\" sizes=\"auto, (max-width: 176px) 100vw, 176px\" \/> <img loading=\"lazy\" decoding=\"async\" class=\"alignnone  wp-image-7898\" src=\"https:\/\/agora.xtec.cat\/ins-nauticabcn\/wp-content\/uploads\/usu313\/2024\/02\/Logo-Consorci-dEducacio.png\" alt=\"\" width=\"172\" height=\"50\" srcset=\"https:\/\/agora.xtec.cat\/ins-nauticabcn\/wp-content\/uploads\/usu313\/2024\/02\/Logo-Consorci-dEducacio.png 416w, https:\/\/agora.xtec.cat\/ins-nauticabcn\/wp-content\/uploads\/usu313\/2024\/02\/Logo-Consorci-dEducacio-300x87.png 300w\" sizes=\"auto, (max-width: 172px) 100vw, 172px\" \/> <img loading=\"lazy\" decoding=\"async\" class=\"alignnone  wp-image-7897\" src=\"https:\/\/agora.xtec.cat\/ins-nauticabcn\/wp-content\/uploads\/usu313\/2024\/02\/logo-SOC.jpg\" alt=\"\" width=\"173\" height=\"88\" srcset=\"https:\/\/agora.xtec.cat\/ins-nauticabcn\/wp-content\/uploads\/usu313\/2024\/02\/logo-SOC.jpg 630w, https:\/\/agora.xtec.cat\/ins-nauticabcn\/wp-content\/uploads\/usu313\/2024\/02\/logo-SOC-300x152.jpg 300w\" sizes=\"auto, (max-width: 173px) 100vw, 173px\" \/> <img loading=\"lazy\" decoding=\"async\" class=\"alignnone  wp-image-7896\" src=\"https:\/\/agora.xtec.cat\/ins-nauticabcn\/wp-content\/uploads\/usu313\/2024\/02\/Logo-Generalitat.png\" alt=\"\" width=\"172\" height=\"50\" srcset=\"https:\/\/agora.xtec.cat\/ins-nauticabcn\/wp-content\/uploads\/usu313\/2024\/02\/Logo-Generalitat.png 417w, https:\/\/agora.xtec.cat\/ins-nauticabcn\/wp-content\/uploads\/usu313\/2024\/02\/Logo-Generalitat-300x87.png 300w\" sizes=\"auto, (max-width: 172px) 100vw, 172px\" \/><\/p>\n<p>&nbsp;<\/p>\n<p>&nbsp;<\/p>\n","protected":false},"excerpt":{"rendered":"<p>Els certificats de professionalitat s\u00f3n documents oficials que acrediten les compet\u00e8ncies professionals i garanteixen que la persona que els obt\u00e9 t\u00e9 els coneixements, les habilitats i les aptituds per desenvolupar una activitat laboral d&#8217;acord amb les exig\u00e8ncies del mercat de treball.<br \/>\nCada certificat de professionalitat acredita&hellip;  <a href=\"https:\/\/agora.xtec.cat\/ins-nauticabcn\/estudis\/certificats-de-professionalitat\/\" title=\"Read Certificats de professionalitat\">Llegeix m\u00e9s\u00bb<\/a><\/p>\n","protected":false},"author":1,"featured_media":0,"parent":195,"menu_order":6,"comment_status":"closed","ping_status":"closed","template":"page-templates\/side-menu.php","meta":{"_bbp_topic_count":0,"_bbp_reply_count":0,"_bbp_total_topic_count":0,"_bbp_total_reply_count":0,"_bbp_voice_count":0,"_bbp_anonymous_reply_count":0,"_bbp_topic_count_hidden":0,"_bbp_reply_count_hidden":0,"_bbp_forum_subforum_count":0,"footnotes":""},"class_list":["post-5746","page","type-page","status-publish","hentry"],"post_mailing_queue_ids":[],"_links":{"self":[{"href":"https:\/\/agora.xtec.cat\/ins-nauticabcn\/wp-json\/wp\/v2\/pages\/5746","targetHints":{"allow":["GET"]}}],"collection":[{"href":"https:\/\/agora.xtec.cat\/ins-nauticabcn\/wp-json\/wp\/v2\/pages"}],"about":[{"href":"https:\/\/agora.xtec.cat\/ins-nauticabcn\/wp-json\/wp\/v2\/types\/page"}],"author":[{"embeddable":true,"href":"https:\/\/agora.xtec.cat\/ins-nauticabcn\/wp-json\/wp\/v2\/users\/1"}],"replies":[{"embeddable":true,"href":"https:\/\/agora.xtec.cat\/ins-nauticabcn\/wp-json\/wp\/v2\/comments?post=5746"}],"version-history":[{"count":6,"href":"https:\/\/agora.xtec.cat\/ins-nauticabcn\/wp-json\/wp\/v2\/pages\/5746\/revisions"}],"predecessor-version":[{"id":7894,"href":"https:\/\/agora.xtec.cat\/ins-nauticabcn\/wp-json\/wp\/v2\/pages\/5746\/revisions\/7894"}],"up":[{"embeddable":true,"href":"https:\/\/agora.xtec.cat\/ins-nauticabcn\/wp-json\/wp\/v2\/pages\/195"}],"wp:attachment":[{"href":"https:\/\/agora.xtec.cat\/ins-nauticabcn\/wp-json\/wp\/v2\/media?parent=5746"}],"curies":[{"name":"wp","href":"https:\/\/api.w.org\/{rel}","templated":true}]}}