{"id":57,"date":"2014-09-17T17:01:07","date_gmt":"2014-09-17T17:01:07","guid":{"rendered":"http:\/\/agora.xtec.cat\/ins-nauticabcn\/\/?page_id=57"},"modified":"2026-01-14T09:15:31","modified_gmt":"2026-01-14T08:15:31","slug":"projecte-educatiu","status":"publish","type":"page","link":"https:\/\/agora.xtec.cat\/ins-nauticabcn\/projecte-educatiu\/","title":{"rendered":"Documents estrat\u00e8gics de centre"},"content":{"rendered":"<table style=\"width: 100%; height: 310px;\">\n<tbody>\n<tr style=\"height: 60px;\">\n<td style=\"height: 60px;\">\n<h4><strong>Document<\/strong><\/h4>\n<\/td>\n<td style=\"height: 60px;\">\n<h4><strong>Descripci\u00f3<\/strong><\/h4>\n<\/td>\n<\/tr>\n<tr style=\"height: 119px;\">\n<td style=\"height: 119px;\"><a href=\"https:\/\/agora.xtec.cat\/ins-nauticabcn\/wp-content\/uploads\/usu313\/2025\/04\/PEC_v6_aprovat.docx.pdf\">PEC<\/a>\u00a0(Projecte Educatiu de Centre)<\/td>\n<td style=\"height: 119px;\">El PEC, \u00e9s la m\u00e0xima expressi\u00f3 de l\u2019autonomia dels centres, recull la identitat del centre, n\u2019explicita els objectius i n\u2019orienta l\u2019activitat.<\/p>\n<p>\u00c9s el document estrat\u00e8gic marc de la instituci\u00f3 escolar que concreta, interpreta i aplica les previsions de la normativa vigent als trets caracter\u00edstics del centre, d\u2019acord amb les necessitats educatives de l\u2019alumnat i els objectius del centre.<\/td>\n<\/tr>\n<tr style=\"height: 49px;\">\n<td style=\"height: 49px;\"><a href=\"https:\/\/agora.xtec.cat\/ins-nauticabcn\/wp-content\/uploads\/usu313\/2025\/12\/Aprovada_17-de-desembre_NOFC-V13.docx.pdf\" target=\"_blank\" rel=\"noopener\">NOFC<\/a>\u00a0(Normes d\u2019Organitzaci\u00f3 i Funcionament de Centre)<\/td>\n<td style=\"height: 49px;\">Les NOFC son les normes que\u00a0estableixen els criteris organitzatius i pedag\u00f2gics del centre, aix\u00ed com tamb\u00e9 concreten les normes de conviv\u00e8ncia i l\u2019establiment de les mesures correctores o sancionadores.<\/td>\n<\/tr>\n<tr style=\"height: 49px;\">\n<td style=\"height: 49px;\"><a href=\"https:\/\/agora.xtec.cat\/ins-nauticabcn\/wp-content\/uploads\/usu313\/2025\/12\/PGA-25-26_V11.pdf\" target=\"_blank\" rel=\"noopener\">PGA 25_26<\/a>\u00a0(Programaci\u00f3 General Anual)<\/td>\n<td style=\"height: 49px;\">Document que s\u2019elabora a inici de curs on es concreta els objectius que volem aconseguir, les estrat\u00e8gies i actuacions que es duran a terme, com gestionem els recursos\u2026 dintre del marc del nostre PEC (Projecte Educatiu de Centre)<\/td>\n<\/tr>\n<tr style=\"height: 33px;\">\n<td style=\"height: 33px;\"><a href=\"https:\/\/agora.xtec.cat\/ins-nauticabcn\/wp-content\/uploads\/usu313\/2025\/12\/Memoria-anual-V9.pdf\" target=\"_blank\" rel=\"noopener\">Mem\u00f2ria anual 24-25<\/a><\/td>\n<td style=\"height: 33px;\">Document que s\u2019elabora a final de curs on es recullen totes les actuacions i la corresponent valoraci\u00f3 tenint en compte els indicadors establerts a inici de curs.<\/td>\n<\/tr>\n<\/tbody>\n<\/table>\n","protected":false},"excerpt":{"rendered":"<p>Document<\/p>\n<p>Descripci\u00f3<\/p>\n<p><a href=\"https:\/\/agora.xtec.cat\/ins-nauticabcn\/wp-content\/uploads\/usu313\/2025\/04\/PEC_v6_aprovat.docx.pdf\">PEC<\/a>\u00a0(Projecte Educatiu de Centre)<br \/>\nEl PEC, \u00e9s la m\u00e0xima expressi\u00f3 de l\u2019autonomia dels centres, recull la identitat del centre, n\u2019explicita els objectius i n\u2019orienta l\u2019activitat.<br \/>\n\u00c9s el document estrat\u00e8gic marc de la instituci\u00f3 escolar que concreta, interpreta i aplica les previsions de la normativa vigent als&hellip;  <a href=\"https:\/\/agora.xtec.cat\/ins-nauticabcn\/projecte-educatiu\/\" title=\"Read Documents estrat\u00e8gics de centre\">Llegeix m\u00e9s\u00bb<\/a><\/p>\n","protected":false},"author":1,"featured_media":0,"parent":0,"menu_order":0,"comment_status":"closed","ping_status":"closed","template":"page-templates\/side-menu.php","meta":{"_bbp_topic_count":0,"_bbp_reply_count":0,"_bbp_total_topic_count":0,"_bbp_total_reply_count":0,"_bbp_voice_count":0,"_bbp_anonymous_reply_count":0,"_bbp_topic_count_hidden":0,"_bbp_reply_count_hidden":0,"_bbp_forum_subforum_count":0,"footnotes":""},"class_list":["post-57","page","type-page","status-publish","hentry"],"post_mailing_queue_ids":[],"_links":{"self":[{"href":"https:\/\/agora.xtec.cat\/ins-nauticabcn\/wp-json\/wp\/v2\/pages\/57","targetHints":{"allow":["GET"]}}],"collection":[{"href":"https:\/\/agora.xtec.cat\/ins-nauticabcn\/wp-json\/wp\/v2\/pages"}],"about":[{"href":"https:\/\/agora.xtec.cat\/ins-nauticabcn\/wp-json\/wp\/v2\/types\/page"}],"author":[{"embeddable":true,"href":"https:\/\/agora.xtec.cat\/ins-nauticabcn\/wp-json\/wp\/v2\/users\/1"}],"replies":[{"embeddable":true,"href":"https:\/\/agora.xtec.cat\/ins-nauticabcn\/wp-json\/wp\/v2\/comments?post=57"}],"version-history":[{"count":7,"href":"https:\/\/agora.xtec.cat\/ins-nauticabcn\/wp-json\/wp\/v2\/pages\/57\/revisions"}],"predecessor-version":[{"id":10272,"href":"https:\/\/agora.xtec.cat\/ins-nauticabcn\/wp-json\/wp\/v2\/pages\/57\/revisions\/10272"}],"wp:attachment":[{"href":"https:\/\/agora.xtec.cat\/ins-nauticabcn\/wp-json\/wp\/v2\/media?parent=57"}],"curies":[{"name":"wp","href":"https:\/\/api.w.org\/{rel}","templated":true}]}}