{"id":55,"date":"2014-09-17T16:59:49","date_gmt":"2014-09-17T14:59:49","guid":{"rendered":"http:\/\/agora.xtec.cat\/ins-nauticabcn\/\/?page_id=55"},"modified":"2023-02-09T11:14:04","modified_gmt":"2023-02-09T10:14:04","slug":"horaris","status":"publish","type":"page","link":"https:\/\/agora.xtec.cat\/ins-nauticabcn\/linstitut\/horaris\/","title":{"rendered":"Horaris"},"content":{"rendered":"<p>Els horaris dels nostres ensenyaments son el seg\u00fcents:<\/p>\n<p><strong>Manteniment de Vaixells<\/strong><\/p>\n<ul>\n<li>GM Manteniment d&#8217;embarcacions d&#8217;esbarjo (2 anys)\n<ul>\n<li>1r curs: Un grup <span style=\"color: #3366ff;\">mat\u00ed (de 8h a 14,30h)<\/span> i un grup <span style=\"color: #3366ff;\">tarda (de 15h a 21.30h)<\/span><\/li>\n<li>2n curs: Un grup\u00a0 <span style=\"color: #3366ff;\">mat\u00ed (de 8h a 14,30h)<\/span>\u00a0i un grup\u00a0<span style=\"color: #3366ff;\">tarda (de 15h a 21.30h)<\/span><\/li>\n<\/ul>\n<\/li>\n<li>GS Sistemes el\u00e8ctrics i de Navegaci\u00f3 (2 anys), <span style=\"color: #3366ff;\">tarda (de 15h a 21.30h)\u00a0<\/span><\/li>\n<\/ul>\n<p>&nbsp;<\/p>\n<p><strong>PFI<\/strong><\/p>\n<ul>\n<li>Auxiliar de Manteniment d\u2019Embarcacions Esportives i d\u2019Esbarjo (1 any), <span style=\"color: #3366ff;\">mat\u00ed, dilluns, dimarts i dijous de 8h a 14,30h i dimecres i divendres de 8h a 13:30h<\/span><\/li>\n<\/ul>\n<p>&nbsp;<\/p>\n<p><strong>Ensenyaments esportius<\/strong><\/p>\n<ul>\n<li>GM Salvament i Socorrisme (1 any), <span style=\"color: #3366ff;\">mat\u00ed, de 8h a 14,30h\u00a0<\/span><\/li>\n<li>GS Salvament i Socorrisme (1 any) <span style=\"color: #3366ff;\">mat\u00ed, de 8h a 14,30h<\/span><\/li>\n<li>Vela (GM 1 any, GS 1 any) <span style=\"color: #3366ff;\">tarda, de 15h a 21:30h (bloc com\u00fa online, amb algunes classes presencials) (bloc espec\u00edfic tarda presencial)<\/span><\/li>\n<li>Submarinisme (1 any), <span style=\"color: #3366ff;\">Bloc com\u00fa online (amb tres classes presencials) tarda, de 15h a 21:30h. Bloc espec\u00edfic mat\u00ed de 8h a 14:30h\u00a0<\/span><\/li>\n<li>GS d&#8217;Activitats de Platja (2 anys), <span style=\"color: #3366ff;\">mat\u00ed, de 8h a 14,30h<\/span><\/li>\n<\/ul>\n","protected":false},"excerpt":{"rendered":"<p>Els horaris dels nostres ensenyaments son el seg\u00fcents:<br \/>\nManteniment de Vaixells<\/p>\n<ul>\n<li>GM Manteniment d&#8217;embarcacions d&#8217;esbarjo (2 anys)\n<ul>\n<li>1r curs: Un grup mat\u00ed (de 8h a 14,30h) i un grup tarda (de 15h a 21.30h)<\/li>\n<li>2n curs: Un grup\u00a0 mat\u00ed (de 8h a 14,30h)\u00a0i un grup\u00a0tarda (de 15h a 21.30h)<\/li>\n<\/ul>\n<\/li>\n<li>GS&hellip;  <a href=\"https:\/\/agora.xtec.cat\/ins-nauticabcn\/linstitut\/horaris\/\" title=\"Read Horaris\">Llegeix m\u00e9s\u00bb<\/a><br \/>\n","protected":false},"author":1,"featured_media":0,"parent":19,"menu_order":70,"comment_status":"closed","ping_status":"closed","template":"page-templates\/side-menu.php","meta":{"_bbp_topic_count":0,"_bbp_reply_count":0,"_bbp_total_topic_count":0,"_bbp_total_reply_count":0,"_bbp_voice_count":0,"_bbp_anonymous_reply_count":0,"_bbp_topic_count_hidden":0,"_bbp_reply_count_hidden":0,"_bbp_forum_subforum_count":0,"footnotes":""},"class_list":["post-55","page","type-page","status-publish","hentry"],"post_mailing_queue_ids":[],"_links":{"self":[{"href":"https:\/\/agora.xtec.cat\/ins-nauticabcn\/wp-json\/wp\/v2\/pages\/55","targetHints":{"allow":["GET"]}}],"collection":[{"href":"https:\/\/agora.xtec.cat\/ins-nauticabcn\/wp-json\/wp\/v2\/pages"}],"about":[{"href":"https:\/\/agora.xtec.cat\/ins-nauticabcn\/wp-json\/wp\/v2\/types\/page"}],"author":[{"embeddable":true,"href":"https:\/\/agora.xtec.cat\/ins-nauticabcn\/wp-json\/wp\/v2\/users\/1"}],"replies":[{"embeddable":true,"href":"https:\/\/agora.xtec.cat\/ins-nauticabcn\/wp-json\/wp\/v2\/comments?post=55"}],"version-history":[{"count":3,"href":"https:\/\/agora.xtec.cat\/ins-nauticabcn\/wp-json\/wp\/v2\/pages\/55\/revisions"}],"predecessor-version":[{"id":6625,"href":"https:\/\/agora.xtec.cat\/ins-nauticabcn\/wp-json\/wp\/v2\/pages\/55\/revisions\/6625"}],"up":[{"embeddable":true,"href":"https:\/\/agora.xtec.cat\/ins-nauticabcn\/wp-json\/wp\/v2\/pages\/19"}],"wp:attachment":[{"href":"https:\/\/agora.xtec.cat\/ins-nauticabcn\/wp-json\/wp\/v2\/media?parent=55"}],"curies":[{"name":"wp","href":"https:\/\/api.w.org\/{rel}","templated":true}]}}