{"id":49,"date":"2014-09-17T16:55:55","date_gmt":"2014-09-17T14:55:55","guid":{"rendered":"http:\/\/agora.xtec.cat\/ins-nauticabcn\/\/?page_id=49"},"modified":"2026-01-15T11:56:57","modified_gmt":"2026-01-15T10:56:57","slug":"normes-dorganitzacio-i-funcionament","status":"publish","type":"page","link":"https:\/\/agora.xtec.cat\/ins-nauticabcn\/linstitut\/normes-dorganitzacio-i-funcionament\/","title":{"rendered":"Documents del Centre"},"content":{"rendered":"<p>En aquest apartat informarem de tots aquells documents (estrat\u00e8gics o de funcionament) del centre:<\/p>\n<table style=\"height: 298px; width: 100%;\">\n<tbody>\n<tr style=\"height: 58px;\">\n<td style=\"height: 58px; width: 279px;\">\n<h4><strong>Document<\/strong><\/h4>\n<\/td>\n<td style=\"height: 58px; width: 1092px;\">\n<h4><strong>Descripci\u00f3<\/strong><\/h4>\n<\/td>\n<\/tr>\n<tr style=\"height: 117px;\">\n<td style=\"height: 117px; width: 279px;\"><a href=\"https:\/\/agora.xtec.cat\/ins-nauticabcn\/wp-content\/uploads\/usu313\/2026\/01\/PEC_v6_aprovat.docx.pdf\" target=\"_blank\" rel=\"noopener\">PEC<\/a>\u00a0(Projecte Educatiu de Centre)<\/td>\n<td style=\"height: 117px; width: 1092px;\">El PEC, \u00e9s la m\u00e0xima expressi\u00f3 de l&#8217;autonomia dels centres, recull la identitat del centre, n&#8217;explicita els objectius i n&#8217;orienta l&#8217;activitat.<\/p>\n<p>\u00c9s el document estrat\u00e8gic marc de la instituci\u00f3 escolar que concreta, interpreta i aplica les previsions de la normativa vigent als trets caracter\u00edstics del centre, d&#8217;acord amb les necessitats educatives de l&#8217;alumnat i els objectius del centre.<\/td>\n<\/tr>\n<tr style=\"height: 46px;\">\n<td style=\"height: 46px; width: 279px;\"><a href=\"https:\/\/agora.xtec.cat\/ins-nauticabcn\/wp-content\/uploads\/usu313\/2026\/01\/Aprovada_17-de-desembre_NOFC-V13.docx.pdf\" target=\"_blank\" rel=\"noopener\">NOFC<\/a> (Normes d&#8217;Organitzaci\u00f3 i Funcionament de Centre)<\/td>\n<td style=\"height: 46px; width: 1092px;\">Les NOFC son les normes que\u00a0estableixen els criteris organitzatius i pedag\u00f2gics del centre, aix\u00ed com tamb\u00e9 concreten les normes de conviv\u00e8ncia i l&#8217;establiment de les mesures correctores o sancionadores.<\/td>\n<\/tr>\n<tr style=\"height: 46px;\">\n<td style=\"height: 46px; width: 279px;\"><a href=\"https:\/\/agora.xtec.cat\/ins-nauticabcn\/wp-content\/uploads\/usu313\/2026\/01\/PGA-25-26_V11.pdf\" target=\"_blank\" rel=\"noopener\">PGA 25_26<\/a>\u00a0(Programaci\u00f3 General Anual)<\/td>\n<td style=\"height: 46px; width: 1092px;\">Document que s&#8217;elabora a inici de curs on es concreta els objectius que volem aconseguir, les estrat\u00e8gies i actuacions que es duran a terme, com gestionem els recursos&#8230; dintre del marc del nostre PEC (Projecte Educatiu de Centre)<\/td>\n<\/tr>\n<tr style=\"height: 31px;\">\n<td style=\"height: 31px; width: 279px;\"><a href=\"https:\/\/agora.xtec.cat\/ins-nauticabcn\/wp-content\/uploads\/usu313\/2026\/01\/Memoria-anual-V9.pdf\" target=\"_blank\" rel=\"noopener\">Mem\u00f2ria anual 24-25<\/a><\/td>\n<td style=\"height: 31px; width: 1092px;\">Document que s&#8217;elabora a final de curs on es recullen totes les actuacions i la corresponent valoraci\u00f3 tenint en compte els indicadors establerts a inici de curs.<\/td>\n<\/tr>\n<\/tbody>\n<\/table>\n","protected":false},"excerpt":{"rendered":"<p>En aquest apartat informarem de tots aquells documents (estrat\u00e8gics o de funcionament) del centre:<\/p>\n<p>Document<\/p>\n<p>Descripci\u00f3<\/p>\n<p><a href=\"https:\/\/agora.xtec.cat\/ins-nauticabcn\/wp-content\/uploads\/usu313\/2026\/01\/PEC_v6_aprovat.docx.pdf\" target=\"_blank\" rel=\"noopener\">PEC<\/a>\u00a0(Projecte Educatiu de Centre)<br \/>\nEl PEC, \u00e9s la m\u00e0xima expressi\u00f3 de l&#8217;autonomia dels centres, recull la identitat del centre, n&#8217;explicita els objectius i n&#8217;orienta l&#8217;activitat.<br \/>\n\u00c9s el document estrat\u00e8gic marc de&hellip;  <a href=\"https:\/\/agora.xtec.cat\/ins-nauticabcn\/linstitut\/normes-dorganitzacio-i-funcionament\/\" title=\"Read Documents del Centre\">Llegeix m\u00e9s\u00bb<\/a><\/p>\n","protected":false},"author":1,"featured_media":0,"parent":19,"menu_order":50,"comment_status":"closed","ping_status":"closed","template":"page-templates\/side-menu.php","meta":{"_bbp_topic_count":0,"_bbp_reply_count":0,"_bbp_total_topic_count":0,"_bbp_total_reply_count":0,"_bbp_voice_count":0,"_bbp_anonymous_reply_count":0,"_bbp_topic_count_hidden":0,"_bbp_reply_count_hidden":0,"_bbp_forum_subforum_count":0,"footnotes":""},"class_list":["post-49","page","type-page","status-publish","hentry"],"post_mailing_queue_ids":[],"_links":{"self":[{"href":"https:\/\/agora.xtec.cat\/ins-nauticabcn\/wp-json\/wp\/v2\/pages\/49","targetHints":{"allow":["GET"]}}],"collection":[{"href":"https:\/\/agora.xtec.cat\/ins-nauticabcn\/wp-json\/wp\/v2\/pages"}],"about":[{"href":"https:\/\/agora.xtec.cat\/ins-nauticabcn\/wp-json\/wp\/v2\/types\/page"}],"author":[{"embeddable":true,"href":"https:\/\/agora.xtec.cat\/ins-nauticabcn\/wp-json\/wp\/v2\/users\/1"}],"replies":[{"embeddable":true,"href":"https:\/\/agora.xtec.cat\/ins-nauticabcn\/wp-json\/wp\/v2\/comments?post=49"}],"version-history":[{"count":6,"href":"https:\/\/agora.xtec.cat\/ins-nauticabcn\/wp-json\/wp\/v2\/pages\/49\/revisions"}],"predecessor-version":[{"id":10279,"href":"https:\/\/agora.xtec.cat\/ins-nauticabcn\/wp-json\/wp\/v2\/pages\/49\/revisions\/10279"}],"up":[{"embeddable":true,"href":"https:\/\/agora.xtec.cat\/ins-nauticabcn\/wp-json\/wp\/v2\/pages\/19"}],"wp:attachment":[{"href":"https:\/\/agora.xtec.cat\/ins-nauticabcn\/wp-json\/wp\/v2\/media?parent=49"}],"curies":[{"name":"wp","href":"https:\/\/api.w.org\/{rel}","templated":true}]}}