{"id":3865,"date":"2020-04-14T12:22:24","date_gmt":"2020-04-14T10:22:24","guid":{"rendered":"http:\/\/agora.xtec.cat\/ins-nauticabcn\/?page_id=3865"},"modified":"2023-02-24T13:46:49","modified_gmt":"2023-02-24T12:46:49","slug":"servei-dorientacio","status":"publish","type":"page","link":"https:\/\/agora.xtec.cat\/ins-nauticabcn\/serveis\/servei-dorientacio\/","title":{"rendered":"Servei d&#8217;orientaci\u00f3"},"content":{"rendered":"<p>&nbsp;<\/p>\n<p><img loading=\"lazy\" decoding=\"async\" class=\"aligncenter wp-image-3872 size-full\" src=\"https:\/\/agora.xtec.cat\/ins-nauticabcn\/wp-content\/uploads\/usu313\/2020\/04\/Captura-de-pantalla-2020-04-14-a-las-17.16.04-1.png\" alt=\"\" width=\"439\" height=\"621\" srcset=\"https:\/\/agora.xtec.cat\/ins-nauticabcn\/wp-content\/uploads\/usu313\/2020\/04\/Captura-de-pantalla-2020-04-14-a-las-17.16.04-1.png 439w, https:\/\/agora.xtec.cat\/ins-nauticabcn\/wp-content\/uploads\/usu313\/2020\/04\/Captura-de-pantalla-2020-04-14-a-las-17.16.04-1-212x300.png 212w\" sizes=\"auto, (max-width: 439px) 100vw, 439px\" \/><\/p>\n<p><span style=\"color: #000000;\"><strong>Justificaci\u00f3 del projecte<\/strong><\/span><\/p>\n<p>A l\u2019inici i durant l\u2019escolaritat postobligat\u00f2ria, l\u2019alumnat s\u2019enfronta en una etapa decisiva dif\u00edcil. Han de decidir com encaminar les seves vides: continuar estudiant, comen\u00e7ar a treballar o ambdues coses. Durant aquest proc\u00e9s necessiten l\u2019assessorament dels tutors\/es i experts\/es en la mat\u00e8ria orientativa per tal de disminuir el frac\u00e0s escolar, aix\u00ed com potenciar una bona integraci\u00f3 laboral.<\/p>\n<p>El Projecte Educatiu de l\u2019Institut de N\u00e0utica de Barcelona t\u00e9 com a missi\u00f3 articular els itineraris formatius i professionals per a orientar i acompanyar a l\u2019alumnat en el seu propi cam\u00ed de promoci\u00f3 professional.<\/p>\n<p>Per tant, considerem que \u00e9s molt important comptar amb els recursos per tal de motivar l\u2019alumnat a continuar formant-se, a ser competent en la recerca de feina i en la seva inserci\u00f3 laboral.<\/p>\n<p><span style=\"color: #000000;\"><strong>Objectius<\/strong><\/span><\/p>\n<ol>\n<li>Donar a con\u00e8ixer a l\u2019alumnat les diferents sortides professionals i acad\u00e8miques existents actualment<\/li>\n<li>Promoure la presa de decisions<\/li>\n<li>Prevenir l\u2019absentisme i abandonament escolar<\/li>\n<li>Oferir acompanyament en la traject\u00f2ria personal i acad\u00e8mica de l\u2019alumnat<\/li>\n<li>Facilitar eines per a la recerca de feina i la inserci\u00f3 laboral<\/li>\n<li>Assessorar sobre dubtes relacionats amb les relacions laborals i\/o empresa<\/li>\n<li>Facilitar l\u2019autoconeixement propi<\/li>\n<li>Acompanyament al professorat en la seva tasca per oferir una educaci\u00f3 de qualitat i que respongui a la diversitat present de l\u2019alumnat.<\/li>\n<\/ol>\n<p><strong>SERVEI DE SUPORT A L\u2019ESTUDI\u00a0 <\/strong><span style=\"color: #3366ff;\"><em>(<i>Actualment aquest servei no est\u00e0 actiu. Quan les condicions ho permetin es valorar\u00e0 la represa d&#8217;aquest servei.)<\/i><\/em><\/span><\/p>\n<p>Relacionat amb l\u2019objectiu 4, el servei <em>Suport a l\u2019estudi<\/em> \u00e9s una iniciativa de l\u2019Institut de N\u00e0utica de Barcelona per potenciar i millorar el rendiment acad\u00e8mic del seu alumnat.<\/p>\n<p><em>Suport a l\u2019estudi<\/em> posa a disposici\u00f3 del nostre alumnat un espai d\u2019estudi i de treball tranquil fora de l\u2019horari lectiu i alhora, posa al seu abast unes eines i estrat\u00e8gies per ajudar-lo en l\u2019assoliment de les compet\u00e8ncies del cicle, per refor\u00e7ar la realitzaci\u00f3 de les activitats i per refor\u00e7ar l\u2019ordre, l\u2019organitzaci\u00f3 i l\u2019h\u00e0bit d\u2019estudi.<\/p>\n<p>L\u2019alumnat realitzar\u00e0 les seves tasques individualment o en petit grup i el professor\/a donar\u00e0 el suport que necessitin.<\/p>\n<p><strong>Objectius<\/strong><\/p>\n<ol>\n<li>Oferir un espai de treball, d\u2019estudi tranquil, confortable i amb atenci\u00f3 per part de professorat del centre.<\/li>\n<li>Donar un suport a l&#8217;alumnat atenent a la diversitat<\/li>\n<li>Fer un refor\u00e7 pedag\u00f2gic tant en compet\u00e8ncies b\u00e0siques com en els continguts que es treballen en els diferents m\u00f2duls.<\/li>\n<li>Guiar l\u2019alumne\/a en la organitzaci\u00f3 i gesti\u00f3 de les seves activitats acad\u00e8miques, potenciant la seva autonomia.<\/li>\n<li>En el cas dels Ensenyaments Esportius, refor\u00e7ar la semipresencialitat amb un temps presencial amb professorat per resoldre dubtes i aclarir conceptes.<\/li>\n<\/ol>\n<p>&nbsp;<\/p>\n<p><strong>Contacta\u2019ns<\/strong><\/p>\n<p>L\u2019alumnat interessat en el servei haur\u00e0 de fer la <strong>sol\u00b7licitud <\/strong>via correu electr\u00f2nic a orientacio@institutdenautica.barcelona, indicant: el seu nom i cognom, e-mail, el curs i tutor\/a i el tema de la consulta.<\/p>\n<p>&nbsp;<\/p>\n","protected":false},"excerpt":{"rendered":"<p>&nbsp;<\/p>\n<p>Justificaci\u00f3 del projecte<br \/>\nA l\u2019inici i durant l\u2019escolaritat postobligat\u00f2ria, l\u2019alumnat s\u2019enfronta en una etapa decisiva dif\u00edcil. Han de decidir com encaminar les seves vides: continuar estudiant, comen\u00e7ar a treballar o ambdues coses. Durant aquest proc\u00e9s necessiten l\u2019assessorament dels tutors\/es i experts\/es en la mat\u00e8ria orientativa per&hellip;  <a href=\"https:\/\/agora.xtec.cat\/ins-nauticabcn\/serveis\/servei-dorientacio\/\" title=\"Read Servei d&#8217;orientaci\u00f3\">Llegeix m\u00e9s\u00bb<\/a><\/p>\n","protected":false},"author":1,"featured_media":0,"parent":63,"menu_order":0,"comment_status":"closed","ping_status":"closed","template":"page-templates\/side-menu.php","meta":{"_bbp_topic_count":0,"_bbp_reply_count":0,"_bbp_total_topic_count":0,"_bbp_total_reply_count":0,"_bbp_voice_count":0,"_bbp_anonymous_reply_count":0,"_bbp_topic_count_hidden":0,"_bbp_reply_count_hidden":0,"_bbp_forum_subforum_count":0,"footnotes":""},"class_list":["post-3865","page","type-page","status-publish","hentry"],"post_mailing_queue_ids":[],"_links":{"self":[{"href":"https:\/\/agora.xtec.cat\/ins-nauticabcn\/wp-json\/wp\/v2\/pages\/3865","targetHints":{"allow":["GET"]}}],"collection":[{"href":"https:\/\/agora.xtec.cat\/ins-nauticabcn\/wp-json\/wp\/v2\/pages"}],"about":[{"href":"https:\/\/agora.xtec.cat\/ins-nauticabcn\/wp-json\/wp\/v2\/types\/page"}],"author":[{"embeddable":true,"href":"https:\/\/agora.xtec.cat\/ins-nauticabcn\/wp-json\/wp\/v2\/users\/1"}],"replies":[{"embeddable":true,"href":"https:\/\/agora.xtec.cat\/ins-nauticabcn\/wp-json\/wp\/v2\/comments?post=3865"}],"version-history":[{"count":3,"href":"https:\/\/agora.xtec.cat\/ins-nauticabcn\/wp-json\/wp\/v2\/pages\/3865\/revisions"}],"predecessor-version":[{"id":6674,"href":"https:\/\/agora.xtec.cat\/ins-nauticabcn\/wp-json\/wp\/v2\/pages\/3865\/revisions\/6674"}],"up":[{"embeddable":true,"href":"https:\/\/agora.xtec.cat\/ins-nauticabcn\/wp-json\/wp\/v2\/pages\/63"}],"wp:attachment":[{"href":"https:\/\/agora.xtec.cat\/ins-nauticabcn\/wp-json\/wp\/v2\/media?parent=3865"}],"curies":[{"name":"wp","href":"https:\/\/api.w.org\/{rel}","templated":true}]}}