{"id":381,"date":"2015-04-01T05:28:25","date_gmt":"2015-04-01T04:28:25","guid":{"rendered":"http:\/\/agora.xtec.cat\/ins-nauticabcn\/?page_id=381"},"modified":"2016-04-10T22:55:01","modified_gmt":"2016-04-10T21:55:01","slug":"entorn","status":"publish","type":"page","link":"https:\/\/agora.xtec.cat\/ins-nauticabcn\/entorn\/","title":{"rendered":"Entorn"},"content":{"rendered":"<p>Per a garantir la qualitat i professionalitat dels ensenyaments que impartim, el nostre comprom\u00eds est\u00e0 en promoure a tots els nivells les continues aliances amb empreses i institucions, sortides amb els alumnes i professors, participaci\u00f3 en fires, elaboraci\u00f3 de projectes reals amb empreses i entitats esportives, i facilitar aix\u00ed al alumne un aprenentatge integral de la seva futura professi\u00f3.<\/p>\n","protected":false},"excerpt":{"rendered":"<p>Per a garantir la qualitat i professionalitat dels ensenyaments que impartim, el nostre comprom\u00eds est\u00e0 en promoure a tots els nivells les continues aliances amb empreses i institucions, sortides amb els alumnes i professors, participaci\u00f3 en fires, elaboraci\u00f3 de projectes reals amb empreses i entitats&hellip;  <a href=\"https:\/\/agora.xtec.cat\/ins-nauticabcn\/entorn\/\" title=\"Read Entorn\">Llegeix m\u00e9s\u00bb<\/a><\/p>\n","protected":false},"author":1,"featured_media":0,"parent":0,"menu_order":0,"comment_status":"closed","ping_status":"closed","template":"page-templates\/side-menu.php","meta":{"_bbp_topic_count":0,"_bbp_reply_count":0,"_bbp_total_topic_count":0,"_bbp_total_reply_count":0,"_bbp_voice_count":0,"_bbp_anonymous_reply_count":0,"_bbp_topic_count_hidden":0,"_bbp_reply_count_hidden":0,"_bbp_forum_subforum_count":0,"footnotes":""},"class_list":["post-381","page","type-page","status-publish","hentry"],"post_mailing_queue_ids":[],"_links":{"self":[{"href":"https:\/\/agora.xtec.cat\/ins-nauticabcn\/wp-json\/wp\/v2\/pages\/381","targetHints":{"allow":["GET"]}}],"collection":[{"href":"https:\/\/agora.xtec.cat\/ins-nauticabcn\/wp-json\/wp\/v2\/pages"}],"about":[{"href":"https:\/\/agora.xtec.cat\/ins-nauticabcn\/wp-json\/wp\/v2\/types\/page"}],"author":[{"embeddable":true,"href":"https:\/\/agora.xtec.cat\/ins-nauticabcn\/wp-json\/wp\/v2\/users\/1"}],"replies":[{"embeddable":true,"href":"https:\/\/agora.xtec.cat\/ins-nauticabcn\/wp-json\/wp\/v2\/comments?post=381"}],"version-history":[{"count":2,"href":"https:\/\/agora.xtec.cat\/ins-nauticabcn\/wp-json\/wp\/v2\/pages\/381\/revisions"}],"predecessor-version":[{"id":692,"href":"https:\/\/agora.xtec.cat\/ins-nauticabcn\/wp-json\/wp\/v2\/pages\/381\/revisions\/692"}],"wp:attachment":[{"href":"https:\/\/agora.xtec.cat\/ins-nauticabcn\/wp-json\/wp\/v2\/media?parent=381"}],"curies":[{"name":"wp","href":"https:\/\/api.w.org\/{rel}","templated":true}]}}