{"id":313,"date":"2015-03-25T05:25:05","date_gmt":"2015-03-25T04:25:05","guid":{"rendered":"http:\/\/agora.xtec.cat\/ins-nauticabcn\/?page_id=313"},"modified":"2023-03-09T11:06:50","modified_gmt":"2023-03-09T10:06:50","slug":"visio-i-misio","status":"publish","type":"page","link":"https:\/\/agora.xtec.cat\/ins-nauticabcn\/projecte-educatiu\/visio-i-misio\/","title":{"rendered":"Missi\u00f3 i Visi\u00f3"},"content":{"rendered":"<h3>Missi\u00f3<\/h3>\n<p>Ser un centre d&#8217;excel\u00b7l\u00e8ncia de Formaci\u00f3 Professional Integral, que esdevingui un referent en els ensenyaments professionals de la n\u00e0utica esportiva i d&#8217;esbarjo, i tingui un paper clau en la dinamitzaci\u00f3 i competitivitat del Port de Barcelona i del seu entorn territorial i sectorial.<\/p>\n<p>&nbsp;<\/p>\n<h3>Visi\u00f3<\/h3>\n<ul>\n<li>Formar i qualificar professionals amb les compet\u00e8ncies t\u00e8cniques i actitudinals que requereix el sector de la n\u00e0utica esportiva i d&#8217;esbarjo (Formar als professionals del mar).<\/li>\n<\/ul>\n<ul>\n<li>Articular els itineraris formatius i professionals per orientar i acompanyar a l&#8217;alumnat i als treballadors\/es en el seu propi cam\u00ed de promoci\u00f3 professional.<\/li>\n<\/ul>\n<ul>\n<li>Establir aliances amb empreses, administraci\u00f3, organismes i institucions que ens permetin consolidar una oferta formativa i uns serveis de qualitat, adaptats a l\u2019exigent i canviant m\u00f3n de la n\u00e0utica esportiva i d&#8217;esbarjo.<\/li>\n<\/ul>\n<ul>\n<li>Desenvolupar un equip hum\u00e0 comprom\u00e8s, motivat i altament qualificat.<\/li>\n<\/ul>\n<ul>\n<li>Disposar de recursos i instal\u00b7lacions que faciliten el perfil exigible als i les professionals \u00a0i la transfer\u00e8ncia de coneixements amb el sector, aprofitant la seva estrat\u00e8gica ubicaci\u00f3.<\/li>\n<\/ul>\n<ul>\n<li>Comprometre&#8217;s permanentment amb l&#8217;excel\u00b7l\u00e8ncia i la millora cont\u00ednua dels seus serveis educatius<\/li>\n<\/ul>\n<ul>\n<li>Millorar la qualitat de les relacions interpersonals i la cohesi\u00f3 social entre l&#8217;alumnat, les fam\u00edlies i l&#8217;entorn del centre<\/li>\n<\/ul>\n","protected":false},"excerpt":{"rendered":"<p>Missi\u00f3<br \/>\nSer un centre d&#8217;excel\u00b7l\u00e8ncia de Formaci\u00f3 Professional Integral, que esdevingui un referent en els ensenyaments professionals de la n\u00e0utica esportiva i d&#8217;esbarjo, i tingui un paper clau en la dinamitzaci\u00f3 i competitivitat del Port de Barcelona i del seu entorn territorial i sectorial.<br \/>\n&nbsp;<br \/>\nVisi\u00f3<\/p>\n<ul>\n<li>Formar i qualificar&hellip;  <a href=\"https:\/\/agora.xtec.cat\/ins-nauticabcn\/projecte-educatiu\/visio-i-misio\/\" title=\"Read Missi\u00f3 i Visi\u00f3\">Llegeix m\u00e9s\u00bb<\/a><br \/>\n","protected":false},"author":1,"featured_media":0,"parent":57,"menu_order":0,"comment_status":"closed","ping_status":"closed","template":"page-templates\/side-menu.php","meta":{"_bbp_topic_count":0,"_bbp_reply_count":0,"_bbp_total_topic_count":0,"_bbp_total_reply_count":0,"_bbp_voice_count":0,"_bbp_anonymous_reply_count":0,"_bbp_topic_count_hidden":0,"_bbp_reply_count_hidden":0,"_bbp_forum_subforum_count":0,"footnotes":""},"class_list":["post-313","page","type-page","status-publish","hentry"],"post_mailing_queue_ids":[],"_links":{"self":[{"href":"https:\/\/agora.xtec.cat\/ins-nauticabcn\/wp-json\/wp\/v2\/pages\/313","targetHints":{"allow":["GET"]}}],"collection":[{"href":"https:\/\/agora.xtec.cat\/ins-nauticabcn\/wp-json\/wp\/v2\/pages"}],"about":[{"href":"https:\/\/agora.xtec.cat\/ins-nauticabcn\/wp-json\/wp\/v2\/types\/page"}],"author":[{"embeddable":true,"href":"https:\/\/agora.xtec.cat\/ins-nauticabcn\/wp-json\/wp\/v2\/users\/1"}],"replies":[{"embeddable":true,"href":"https:\/\/agora.xtec.cat\/ins-nauticabcn\/wp-json\/wp\/v2\/comments?post=313"}],"version-history":[{"count":3,"href":"https:\/\/agora.xtec.cat\/ins-nauticabcn\/wp-json\/wp\/v2\/pages\/313\/revisions"}],"predecessor-version":[{"id":6735,"href":"https:\/\/agora.xtec.cat\/ins-nauticabcn\/wp-json\/wp\/v2\/pages\/313\/revisions\/6735"}],"up":[{"embeddable":true,"href":"https:\/\/agora.xtec.cat\/ins-nauticabcn\/wp-json\/wp\/v2\/pages\/57"}],"wp:attachment":[{"href":"https:\/\/agora.xtec.cat\/ins-nauticabcn\/wp-json\/wp\/v2\/media?parent=313"}],"curies":[{"name":"wp","href":"https:\/\/api.w.org\/{rel}","templated":true}]}}