{"id":2884,"date":"2019-02-15T12:54:37","date_gmt":"2019-02-15T11:54:37","guid":{"rendered":"http:\/\/agora.xtec.cat\/ins-nauticabcn\/?page_id=2884"},"modified":"2025-11-12T10:52:06","modified_gmt":"2025-11-12T09:52:06","slug":"politica-de-qualitat","status":"publish","type":"page","link":"https:\/\/agora.xtec.cat\/ins-nauticabcn\/projecte-educatiu\/politica-de-qualitat\/","title":{"rendered":"Pol\u00edtica de Qualitat, Seguretat i Salut en el Treball, i Mediambiental"},"content":{"rendered":"<p style=\"text-align: justify;\">L\u2019Institut de N\u00e0utica de Barcelona \u00e9s un centre p\u00fablic de Formaci\u00f3 Professional que vol donar resposta amb efic\u00e0cia i efici\u00e8ncia a les necessitats i expectatives de la comunitat educativa, de la societat que l\u2019envolta i de l\u2019administraci\u00f3 educativa.\u00a0\u00a0 En aquesta l\u00ednia de treball, el centre assumeix el repte de dotar-se de les estrat\u00e8gies d\u2019organitzaci\u00f3 i gesti\u00f3 que comporten el desplegament d\u2019un sistema de gesti\u00f3 integrat de qualitat, de la seguretat i salut en el treball, i de la gesti\u00f3 mediambiental, d\u2019acord amb les normes ISO 9001, 45001 i 14001, i basat en la organitzaci\u00f3 i gesti\u00f3 per processos. En el desplegament d\u2019aquest sistema de gesti\u00f3 integrat assumim els seg\u00fcents compromisos:<\/p>\n<ul style=\"text-align: justify;\">\n<li>El sistema de gesti\u00f3 de la qualitat ser\u00e0 adequat al prop\u00f2sit i al context de l\u2019organitzaci\u00f3 del centre, tenint en compte els requisits normatius aplicables, i per satisfer les necessitats i els interessos dels nostres grups d\u2019inter\u00e8s (persones usu\u00e0ries, fam\u00edlies, empreses, personal del centre i societat).<\/li>\n<li>El sistema de la Seguretat i la Salut del centre proporcionar\u00e0 unes condicions de treball segures i saludables a tota la comunitat educativa, treballar\u00e0 per a la prevenci\u00f3 de lesions, i per evitar el deteriorament de la salut. Per tant, tindr\u00e0 en compte tots els requisits legals (i espec\u00edfics del centre, si escau) establerts sobre seguretat i salut, i garantir\u00e0 la consulta i participaci\u00f3 de tota la comunitat educativa en el desenvolupament d&#8217;aquest sistema de gesti\u00f3.<\/li>\n<li>El sistema de gesti\u00f3 mediambiental ser\u00e0 adequat al prop\u00f2sit i a l\u2019organitzaci\u00f3 del centre; per tant, tindr\u00e0 en compte els impactes ambientals de la seva activitat, establint uns objectius de gesti\u00f3 mediambiental. A m\u00e9s a m\u00e9s, aquest sistema satisfar\u00e0 el compliment de la normativa i els requisits mediambientals reglamentaris (i espec\u00edfics del centre, si escau), amb el foment d\u2019accions de sensibilitzaci\u00f3 entre la comunitat educativa per la protecci\u00f3 del medi ambient.<\/li>\n<\/ul>\n<p style=\"text-align: justify;\">Val a dir, que aquesta Pol\u00edtica de Qualitat, Seguretat i Salut en el Treball, i Mediambiental, que s\u2019orienta cap a la satisfacci\u00f3 de les necessitats i els interessos dels nostres grups d\u2019inter\u00e8s, est\u00e0 recollida en el punt 6 del Projecte educatiu de centre.\u00a0 A m\u00e9s, la direcci\u00f3 del centre, creu que \u00e9s imprescindible disposar d\u2019una Pol\u00edtica de Qualitat, Seguretat i Salut en el Treball, i Mediambiental en revisi\u00f3 permanent per assegurar-ne l\u2019adequaci\u00f3, i el compliment dels diferents requisits legals que assegurin el bon funcionament d\u2019aquesta.<\/p>\n<p style=\"text-align: justify;\">Cal destacar, que l\u2019Institut de N\u00e0utica de Barcelona, est\u00e0 certificat amb l\u2019est\u00e0ndard de qualitat ISO 9001:2015 des de l\u2019any 2018, i que est\u00e0 treballant per certificar properament la norma ISO 45001 i 14001.<\/p>\n<p style=\"text-align: justify;\">A continuaci\u00f3, podem veure el certificat actual<\/p>\n<p><a href=\"https:\/\/agora.xtec.cat\/ins-nauticabcn\/wp-content\/uploads\/usu313\/2025\/11\/Certificat-ISO-9001_Cat.pdf\" target=\"_blank\" rel=\"noopener\">Certificat 9001-cat.<\/a><\/p>\n<p><img loading=\"lazy\" decoding=\"async\" class=\"size-full wp-image-7755 aligncenter\" src=\"https:\/\/agora.xtec.cat\/ins-nauticabcn\/wp-content\/uploads\/usu313\/2024\/02\/logotip-TUV.png\" alt=\"\" width=\"259\" height=\"194\" srcset=\"https:\/\/agora.xtec.cat\/ins-nauticabcn\/wp-content\/uploads\/usu313\/2024\/02\/logotip-TUV.png 259w, https:\/\/agora.xtec.cat\/ins-nauticabcn\/wp-content\/uploads\/usu313\/2024\/02\/logotip-TUV-200x150.png 200w\" sizes=\"auto, (max-width: 259px) 100vw, 259px\" \/><\/p>\n<p>&nbsp;<\/p>\n<p><img loading=\"lazy\" decoding=\"async\" class=\"aligncenter wp-image-3628\" src=\"https:\/\/agora.xtec.cat\/ins-nauticabcn\/wp-content\/uploads\/usu313\/2019\/12\/LOGO-FSE-300x40.jpg\" alt=\"\" width=\"368\" height=\"49\" srcset=\"https:\/\/agora.xtec.cat\/ins-nauticabcn\/wp-content\/uploads\/usu313\/2019\/12\/LOGO-FSE-300x40.jpg 300w, https:\/\/agora.xtec.cat\/ins-nauticabcn\/wp-content\/uploads\/usu313\/2019\/12\/LOGO-FSE-768x104.jpg 768w, https:\/\/agora.xtec.cat\/ins-nauticabcn\/wp-content\/uploads\/usu313\/2019\/12\/LOGO-FSE-1024x138.jpg 1024w, https:\/\/agora.xtec.cat\/ins-nauticabcn\/wp-content\/uploads\/usu313\/2019\/12\/LOGO-FSE.jpg 1742w\" sizes=\"auto, (max-width: 368px) 100vw, 368px\" \/><\/p>\n<p>&nbsp;<\/p>\n","protected":false},"excerpt":{"rendered":"<p>L\u2019Institut de N\u00e0utica de Barcelona \u00e9s un centre p\u00fablic de Formaci\u00f3 Professional que vol donar resposta amb efic\u00e0cia i efici\u00e8ncia a les necessitats i expectatives de la comunitat educativa, de la societat que l\u2019envolta i de l\u2019administraci\u00f3 educativa.\u00a0\u00a0 En aquesta l\u00ednia de treball, el centre&hellip;  <a href=\"https:\/\/agora.xtec.cat\/ins-nauticabcn\/projecte-educatiu\/politica-de-qualitat\/\" title=\"Read Pol\u00edtica de Qualitat, Seguretat i Salut en el Treball, i Mediambiental\">Llegeix m\u00e9s\u00bb<\/a><\/p>\n","protected":false},"author":1,"featured_media":0,"parent":57,"menu_order":0,"comment_status":"closed","ping_status":"closed","template":"page-templates\/side-menu.php","meta":{"_bbp_topic_count":0,"_bbp_reply_count":0,"_bbp_total_topic_count":0,"_bbp_total_reply_count":0,"_bbp_voice_count":0,"_bbp_anonymous_reply_count":0,"_bbp_topic_count_hidden":0,"_bbp_reply_count_hidden":0,"_bbp_forum_subforum_count":0,"footnotes":""},"class_list":["post-2884","page","type-page","status-publish","hentry"],"post_mailing_queue_ids":[],"_links":{"self":[{"href":"https:\/\/agora.xtec.cat\/ins-nauticabcn\/wp-json\/wp\/v2\/pages\/2884","targetHints":{"allow":["GET"]}}],"collection":[{"href":"https:\/\/agora.xtec.cat\/ins-nauticabcn\/wp-json\/wp\/v2\/pages"}],"about":[{"href":"https:\/\/agora.xtec.cat\/ins-nauticabcn\/wp-json\/wp\/v2\/types\/page"}],"author":[{"embeddable":true,"href":"https:\/\/agora.xtec.cat\/ins-nauticabcn\/wp-json\/wp\/v2\/users\/1"}],"replies":[{"embeddable":true,"href":"https:\/\/agora.xtec.cat\/ins-nauticabcn\/wp-json\/wp\/v2\/comments?post=2884"}],"version-history":[{"count":7,"href":"https:\/\/agora.xtec.cat\/ins-nauticabcn\/wp-json\/wp\/v2\/pages\/2884\/revisions"}],"predecessor-version":[{"id":9955,"href":"https:\/\/agora.xtec.cat\/ins-nauticabcn\/wp-json\/wp\/v2\/pages\/2884\/revisions\/9955"}],"up":[{"embeddable":true,"href":"https:\/\/agora.xtec.cat\/ins-nauticabcn\/wp-json\/wp\/v2\/pages\/57"}],"wp:attachment":[{"href":"https:\/\/agora.xtec.cat\/ins-nauticabcn\/wp-json\/wp\/v2\/media?parent=2884"}],"curies":[{"name":"wp","href":"https:\/\/api.w.org\/{rel}","templated":true}]}}