{"id":27,"date":"2014-09-17T16:24:03","date_gmt":"2014-09-17T14:24:03","guid":{"rendered":"http:\/\/agora.xtec.cat\/ins-nauticabcn\/\/?page_id=27"},"modified":"2023-02-24T12:20:02","modified_gmt":"2023-02-24T11:20:02","slug":"historia","status":"publish","type":"page","link":"https:\/\/agora.xtec.cat\/ins-nauticabcn\/linstitut\/historia\/","title":{"rendered":"Hist\u00f2ria"},"content":{"rendered":"<p>El curs 2015-2016 es posa en funcionament l\u2019Institut de N\u00e0utica de\u00a0Barcelona<\/p>\n<ul>\n<li>\u00c9s un institut de formaci\u00f3 professional integrada, especialitzat exclusivament\u00a0en el sector de la n\u00e0utica esportiva i d\u2019esbarjo, que est\u00e0 ubicat a les\u00a0instal\u00b7lacions del Port de Barcelona.<\/li>\n<\/ul>\n<ul>\n<li>Ofereix formaci\u00f3 professional inicial en manteniment de vaixells esportius i\u00a0d\u2019esbarjo (modalitat dual) i ensenyaments esportius (de salvament i socorrisme, activitats de platja, vela i busseig).<\/li>\n<\/ul>\n<ul>\n<li>Ha estat creat gr\u00e0cies a un conveni de col\u00b7laboraci\u00f3 entre el Consorci\u00a0d\u2019Educaci\u00f3 de Barcelona, el Departament d\u2019Ensenyament i el Consorci El Far.<\/li>\n<\/ul>\n<p>En el nostre\u00a0naixement, no vam partir de zero ja que vam heretar i ampliar l\u2019oferta dels ensenyaments n\u00e0utics i esportius de l\u2019Institut Rambla Prim, i varem tenir com a company de viatge al Consorci El Far que li va aportar la seva llarga experi\u00e8ncia en la formaci\u00f3 i promoci\u00f3\u00a0del sector n\u00e0utic, a m\u00e9s de facilitar-nos l\u2019\u00fas de les seves instal\u00b7lacions<\/p>\n<p>L\u2019objectiu de l\u2019Institut de N\u00e0utica de Barcelona \u00e9s formar i qualificar els professionals del mar, amb les compet\u00e8ncies t\u00e8cniques i actitudinals que requereix el sector de la n\u00e0utica esportiva i d\u2019esbarjo. S\u2019articularen itineraris formatius i professionals per orientar i acompanyar l&#8217;alumnat i treballadors\/es en el seu propi cam\u00ed de promoci\u00f3 professional, a trav\u00e9s de formaci\u00f3 reglada, cont\u00ednua i ocupacional.<\/p>\n<p>El centre disposa d\u2019una excel\u00b7lent ubicaci\u00f3 a les instal\u00b7lacions del Port de\u00a0Barcelona.\u00a0Vol aprofitar aquest avantatge per\u00a0establir lligams amb les empreses i els organismes del sector n\u00e0utic, promoure una\u00a0intensa relaci\u00f3 amb el m\u00f3n esportiu i professional, i poder tenir un paper clau en la\u00a0dinamitzaci\u00f3 i la competitivitat del Port de Barcelona.<\/p>\n","protected":false},"excerpt":{"rendered":"<p>El curs 2015-2016 es posa en funcionament l\u2019Institut de N\u00e0utica de\u00a0Barcelona<\/p>\n<ul>\n<li>\u00c9s un institut de formaci\u00f3 professional integrada, especialitzat exclusivament\u00a0en el sector de la n\u00e0utica esportiva i d\u2019esbarjo, que est\u00e0 ubicat a les\u00a0instal\u00b7lacions del Port de Barcelona.<\/li>\n<\/ul>\n<ul>\n<li>Ofereix formaci\u00f3 professional inicial en manteniment de vaixells esportius i\u00a0d\u2019esbarjo&hellip;  <a href=\"https:\/\/agora.xtec.cat\/ins-nauticabcn\/linstitut\/historia\/\" title=\"Read Hist\u00f2ria\">Llegeix m\u00e9s\u00bb<\/a><br \/>\n","protected":false},"author":1,"featured_media":0,"parent":19,"menu_order":20,"comment_status":"closed","ping_status":"closed","template":"page-templates\/side-menu.php","meta":{"_bbp_topic_count":0,"_bbp_reply_count":0,"_bbp_total_topic_count":0,"_bbp_total_reply_count":0,"_bbp_voice_count":0,"_bbp_anonymous_reply_count":0,"_bbp_topic_count_hidden":0,"_bbp_reply_count_hidden":0,"_bbp_forum_subforum_count":0,"footnotes":""},"class_list":["post-27","page","type-page","status-publish","hentry"],"post_mailing_queue_ids":[],"_links":{"self":[{"href":"https:\/\/agora.xtec.cat\/ins-nauticabcn\/wp-json\/wp\/v2\/pages\/27","targetHints":{"allow":["GET"]}}],"collection":[{"href":"https:\/\/agora.xtec.cat\/ins-nauticabcn\/wp-json\/wp\/v2\/pages"}],"about":[{"href":"https:\/\/agora.xtec.cat\/ins-nauticabcn\/wp-json\/wp\/v2\/types\/page"}],"author":[{"embeddable":true,"href":"https:\/\/agora.xtec.cat\/ins-nauticabcn\/wp-json\/wp\/v2\/users\/1"}],"replies":[{"embeddable":true,"href":"https:\/\/agora.xtec.cat\/ins-nauticabcn\/wp-json\/wp\/v2\/comments?post=27"}],"version-history":[{"count":4,"href":"https:\/\/agora.xtec.cat\/ins-nauticabcn\/wp-json\/wp\/v2\/pages\/27\/revisions"}],"predecessor-version":[{"id":6655,"href":"https:\/\/agora.xtec.cat\/ins-nauticabcn\/wp-json\/wp\/v2\/pages\/27\/revisions\/6655"}],"up":[{"embeddable":true,"href":"https:\/\/agora.xtec.cat\/ins-nauticabcn\/wp-json\/wp\/v2\/pages\/19"}],"wp:attachment":[{"href":"https:\/\/agora.xtec.cat\/ins-nauticabcn\/wp-json\/wp\/v2\/media?parent=27"}],"curies":[{"name":"wp","href":"https:\/\/api.w.org\/{rel}","templated":true}]}}