{"id":2659,"date":"2018-10-18T13:52:25","date_gmt":"2018-10-18T11:52:25","guid":{"rendered":"http:\/\/agora.xtec.cat\/ins-nauticabcn\/?page_id=2659"},"modified":"2025-12-09T14:54:25","modified_gmt":"2025-12-09T13:54:25","slug":"estancias-en-el-extranjero","status":"publish","type":"page","link":"https:\/\/agora.xtec.cat\/ins-nauticabcn\/serveis\/programes-europeus\/estancias-en-el-extranjero\/","title":{"rendered":"Estancias en el extranjero"},"content":{"rendered":"<h4>Estancias en el extranjero<\/h4>\n<p>Los alumnos del Institut de N\u00e0utica de Barcelona pueden optar a hacer una estancia en el extranjero para hacer las pr\u00e1cticas en empresas.\u00a0 Tendr\u00e1n el\u00a0 reconocimiento autom\u00e1tico de cr\u00e9ditos asociados al m\u00f3dulo FCT del curr\u00edculo de su especialidad.<\/p>\n<p>Para aprovechar al m\u00e1ximo la estancia en el extranjero, todo el alumnado deber\u00e1 tener un nivel m\u00ednimo de ingl\u00e9s, y superar una prueba espec\u00edfica.<\/p>\n<p>En el departamento de programas europeos se encuentra toda la informaci\u00f3n y orientaci\u00f3n que se necesita para poder pedir esta estancia y requisitos.\u00a0 Este departamento trabaja conjuntamente con todo el profesorado para ayudar a mejorar el nivel de ingl\u00e9s de los alumnos. (tanto a nivel general como de las distintas especialidades)<\/p>\n<p>El departamento de programas europeos tambi\u00e9n se encarga de promover la movilidad el profesorado para participar en cursos o talleres y despu\u00e9s poder \u00a0compartir estas experiencias con el resto de la comunidad educativa.<\/p>\n<p><strong>Informaci\u00f3n importante relacionada con el proyecto Erasmus+<\/strong><\/p>\n<p><a href=\"https:\/\/agora.xtec.cat\/ins-nauticabcn\/wp-content\/uploads\/usu313\/2025\/12\/01-Que-es-ERASMUS_ESP.pdf\" target=\"_blank\" rel=\"noopener\">Qu\u00e9 es Erasmus+<\/a><\/p>\n<p><a href=\"https:\/\/agora.xtec.cat\/ins-nauticabcn\/wp-content\/uploads\/usu313\/2025\/12\/02-FAQ_ESP.pdf\" target=\"_blank\" rel=\"noopener\">FAQs<\/a><\/p>\n<p><a href=\"https:\/\/agora.xtec.cat\/ins-nauticabcn\/wp-content\/uploads\/usu313\/2025\/01\/ESP.pdf\" target=\"_blank\" rel=\"noopener\">Informaci\u00f3n candidatos<\/a><\/p>\n<p><strong>Para cualquier consulta al respecto de los programas europeos, becas o ayudas, podeis contactar con el<\/strong> <strong>Departamento de Programas europeos<\/strong><\/p>\n<p><strong><em>\u00a0 \u00a0 \u00a0 Institut de N\u00e0utica de Barcelona. C\/ de l\u2019escar 6-8, planta baixa<\/em><\/strong><\/p>\n<p><strong><em>\u00a0 \u00a0 \u00a0 David Armadas Grao<br \/>\n<\/em><\/strong><\/p>\n<p><strong><em>\u00a0 \u00a0 \u00a0 Email: mobilityprograms@<wbr \/>institutdenautica.barcelona<\/em><\/strong><\/p>\n<p><img loading=\"lazy\" decoding=\"async\" class=\"aligncenter size-full wp-image-5906\" src=\"https:\/\/agora.xtec.cat\/ins-nauticabcn\/wp-content\/uploads\/usu313\/2022\/03\/logo-ERASMUS-NOU3.png\" alt=\"\" width=\"421\" height=\"120\" srcset=\"https:\/\/agora.xtec.cat\/ins-nauticabcn\/wp-content\/uploads\/usu313\/2022\/03\/logo-ERASMUS-NOU3.png 421w, https:\/\/agora.xtec.cat\/ins-nauticabcn\/wp-content\/uploads\/usu313\/2022\/03\/logo-ERASMUS-NOU3-300x86.png 300w\" sizes=\"auto, (max-width: 421px) 100vw, 421px\" \/><\/p>\n","protected":false},"excerpt":{"rendered":"<p>Estancias en el extranjero<br \/>\nLos alumnos del Institut de N\u00e0utica de Barcelona pueden optar a hacer una estancia en el extranjero para hacer las pr\u00e1cticas en empresas.\u00a0 Tendr\u00e1n el\u00a0 reconocimiento autom\u00e1tico de cr\u00e9ditos asociados al m\u00f3dulo FCT del curr\u00edculo de su especialidad.<br \/>\nPara aprovechar al m\u00e1ximo la&hellip;  <a href=\"https:\/\/agora.xtec.cat\/ins-nauticabcn\/serveis\/programes-europeus\/estancias-en-el-extranjero\/\" title=\"Read Estancias en el extranjero\">Llegeix m\u00e9s\u00bb<\/a><\/p>\n","protected":false},"author":1,"featured_media":0,"parent":814,"menu_order":0,"comment_status":"closed","ping_status":"closed","template":"","meta":{"_bbp_topic_count":0,"_bbp_reply_count":0,"_bbp_total_topic_count":0,"_bbp_total_reply_count":0,"_bbp_voice_count":0,"_bbp_anonymous_reply_count":0,"_bbp_topic_count_hidden":0,"_bbp_reply_count_hidden":0,"_bbp_forum_subforum_count":0,"footnotes":""},"class_list":["post-2659","page","type-page","status-publish","hentry"],"post_mailing_queue_ids":[],"_links":{"self":[{"href":"https:\/\/agora.xtec.cat\/ins-nauticabcn\/wp-json\/wp\/v2\/pages\/2659","targetHints":{"allow":["GET"]}}],"collection":[{"href":"https:\/\/agora.xtec.cat\/ins-nauticabcn\/wp-json\/wp\/v2\/pages"}],"about":[{"href":"https:\/\/agora.xtec.cat\/ins-nauticabcn\/wp-json\/wp\/v2\/types\/page"}],"author":[{"embeddable":true,"href":"https:\/\/agora.xtec.cat\/ins-nauticabcn\/wp-json\/wp\/v2\/users\/1"}],"replies":[{"embeddable":true,"href":"https:\/\/agora.xtec.cat\/ins-nauticabcn\/wp-json\/wp\/v2\/comments?post=2659"}],"version-history":[{"count":7,"href":"https:\/\/agora.xtec.cat\/ins-nauticabcn\/wp-json\/wp\/v2\/pages\/2659\/revisions"}],"predecessor-version":[{"id":10247,"href":"https:\/\/agora.xtec.cat\/ins-nauticabcn\/wp-json\/wp\/v2\/pages\/2659\/revisions\/10247"}],"up":[{"embeddable":true,"href":"https:\/\/agora.xtec.cat\/ins-nauticabcn\/wp-json\/wp\/v2\/pages\/814"}],"wp:attachment":[{"href":"https:\/\/agora.xtec.cat\/ins-nauticabcn\/wp-json\/wp\/v2\/media?parent=2659"}],"curies":[{"name":"wp","href":"https:\/\/api.w.org\/{rel}","templated":true}]}}