{"id":21,"date":"2014-09-17T16:14:14","date_gmt":"2014-09-17T14:14:14","guid":{"rendered":"http:\/\/agora.xtec.cat\/ins-nauticabcn\/\/?page_id=21"},"modified":"2026-01-14T10:21:31","modified_gmt":"2026-01-14T09:21:31","slug":"on-som","status":"publish","type":"page","link":"https:\/\/agora.xtec.cat\/ins-nauticabcn\/linstitut\/on-som\/","title":{"rendered":"On som"},"content":{"rendered":"<ul>\n<li style=\"color: #666666;\"><span style=\"color: #333333;\"><strong>Institut de N\u00e0utica de Barcelona<\/strong><\/span><\/li>\n<\/ul>\n<p style=\"padding-left: 30px;\">&#8211; <strong>Seu<\/strong> Oficial: \u00a0 \u00a0Carrer Escar 6-8, \u00a008039 Barcelona. (<span style=\"font-weight: 400;\">93 8846074)<\/span><\/p>\n<p style=\"padding-left: 30px;\">&#8211; Escola <strong>Drassana<\/strong> (Tallers): \u00a0 \u00a0Pg. Joan de Borb\u00f3 100, \u00a0\u00a008039 Barcelona (93 8846083)<\/p>\n<p>\u00a0 \u00a0 \u00a0 \u00a0&#8211; Nau <strong>Nova Drassana<\/strong>(Tallers):\u00a0 \u00a0 Carrer de l&#8217;Escar 3-5\u00a0 08039 Barcelona<\/p>\n<ul>\n<li><strong>Com arribar-hi:<br \/>\n<\/strong><\/li>\n<\/ul>\n<p style=\"padding-left: 30px;\">Amb metro: Estaci\u00f3 Barceloneta (L4 Groga)<\/p>\n<p style=\"padding-left: 30px;\">Amb bus: L\u00ednies 47, 59, D20, V15 i V19<\/p>\n<ul>\n<li><strong>Email de contacte:<\/strong><\/li>\n<\/ul>\n<p style=\"padding-left: 30px;\"><span style=\"font-size: medium;\">B\u00fastia General: <a href=\"mailto:a8074847@xtec.cat\">a8074847@xtec.cat<\/a><\/span><\/p>\n<p>Els tr\u00e0mits i les consultes es poden fer tamb\u00e9 per correu electr\u00f2nic i consultant la nostra web<\/p>\n<hr \/>\n<p><strong>Cap d&#8217;Estudis<\/strong><\/p>\n<p>Per a atendre l&#8217;alumnat i a les fam\u00edlies que ho desitgin, el nostre Cap d&#8217;Estudis (Xavier Cuerpo) estar\u00e0 a la nostra seu els dilluns de 10h a 11h, i els dimecres de 17h a 18h<\/p>\n<p>&nbsp;<\/p>\n<p><b>Mapes<\/b><\/p>\n<p><iframe loading=\"lazy\" style=\"border: 0;\" src=\"https:\/\/www.google.com\/maps\/embed?pb=!1m14!1m12!1m3!1d1496.965007123685!2d2.189566773713304!3d41.375605231214976!2m3!1f0!2f0!3f0!3m2!1i1024!2i768!4f13.1!5e0!3m2!1sca!2ses!4v1427255050818\" width=\"600\" height=\"450\" frameborder=\"0\"><\/iframe><\/p>\n<p><img loading=\"lazy\" decoding=\"async\" class=\"alignnone wp-image-8509\" src=\"https:\/\/agora.xtec.cat\/ins-nauticabcn\/wp-content\/uploads\/usu313\/2024\/07\/Captura-de-pantalla-2024-07-09-080339.png\" alt=\"\" width=\"920\" height=\"556\" srcset=\"https:\/\/agora.xtec.cat\/ins-nauticabcn\/wp-content\/uploads\/usu313\/2024\/07\/Captura-de-pantalla-2024-07-09-080339.png 687w, https:\/\/agora.xtec.cat\/ins-nauticabcn\/wp-content\/uploads\/usu313\/2024\/07\/Captura-de-pantalla-2024-07-09-080339-300x181.png 300w\" sizes=\"auto, (max-width: 920px) 100vw, 920px\" \/><\/p>\n<p>&nbsp;<\/p>\n<p>&nbsp;<\/p>\n<p>&nbsp;<\/p>\n","protected":false},"excerpt":{"rendered":"<ul>\n<li style=\"color: #666666;\">Institut de N\u00e0utica de Barcelona<\/li>\n<\/ul>\n<p>&#8211; Seu Oficial: \u00a0 \u00a0Carrer Escar 6-8, \u00a008039 Barcelona. (93 8846074)<br \/>\n&#8211; Escola Drassana (Tallers): \u00a0 \u00a0Pg. Joan de Borb\u00f3 100, \u00a0\u00a008039 Barcelona (93 8846083)<br \/>\n\u00a0 \u00a0 \u00a0 \u00a0&#8211; Nau Nova Drassana(Tallers):\u00a0 \u00a0 Carrer de l&#8217;Escar 3-5\u00a0 08039 Barcelona<\/p>\n<ul>\n<li>Com arribar-hi:\n<\/li>\n<\/ul>\n<p>Amb metro:&hellip;  <a href=\"https:\/\/agora.xtec.cat\/ins-nauticabcn\/linstitut\/on-som\/\" title=\"Read On som\">Llegeix m\u00e9s\u00bb<\/a><\/p>\n","protected":false},"author":1,"featured_media":0,"parent":19,"menu_order":10,"comment_status":"closed","ping_status":"closed","template":"page-templates\/side-menu.php","meta":{"_bbp_topic_count":0,"_bbp_reply_count":0,"_bbp_total_topic_count":0,"_bbp_total_reply_count":0,"_bbp_voice_count":0,"_bbp_anonymous_reply_count":0,"_bbp_topic_count_hidden":0,"_bbp_reply_count_hidden":0,"_bbp_forum_subforum_count":0,"footnotes":""},"class_list":["post-21","page","type-page","status-publish","hentry"],"post_mailing_queue_ids":[],"_links":{"self":[{"href":"https:\/\/agora.xtec.cat\/ins-nauticabcn\/wp-json\/wp\/v2\/pages\/21","targetHints":{"allow":["GET"]}}],"collection":[{"href":"https:\/\/agora.xtec.cat\/ins-nauticabcn\/wp-json\/wp\/v2\/pages"}],"about":[{"href":"https:\/\/agora.xtec.cat\/ins-nauticabcn\/wp-json\/wp\/v2\/types\/page"}],"author":[{"embeddable":true,"href":"https:\/\/agora.xtec.cat\/ins-nauticabcn\/wp-json\/wp\/v2\/users\/1"}],"replies":[{"embeddable":true,"href":"https:\/\/agora.xtec.cat\/ins-nauticabcn\/wp-json\/wp\/v2\/comments?post=21"}],"version-history":[{"count":6,"href":"https:\/\/agora.xtec.cat\/ins-nauticabcn\/wp-json\/wp\/v2\/pages\/21\/revisions"}],"predecessor-version":[{"id":10274,"href":"https:\/\/agora.xtec.cat\/ins-nauticabcn\/wp-json\/wp\/v2\/pages\/21\/revisions\/10274"}],"up":[{"embeddable":true,"href":"https:\/\/agora.xtec.cat\/ins-nauticabcn\/wp-json\/wp\/v2\/pages\/19"}],"wp:attachment":[{"href":"https:\/\/agora.xtec.cat\/ins-nauticabcn\/wp-json\/wp\/v2\/media?parent=21"}],"curies":[{"name":"wp","href":"https:\/\/api.w.org\/{rel}","templated":true}]}}