{"id":195,"date":"2014-09-22T10:39:39","date_gmt":"2014-09-22T09:39:39","guid":{"rendered":"http:\/\/agora.xtec.cat\/ins-nauticabcn\/\/?page_id=195"},"modified":"2026-04-28T14:01:26","modified_gmt":"2026-04-28T12:01:26","slug":"estudis","status":"publish","type":"page","link":"https:\/\/agora.xtec.cat\/ins-nauticabcn\/estudis\/","title":{"rendered":"Estudis"},"content":{"rendered":"<p>El nostre centre, ofereix Ensenyaments Professionals reglats de:<\/p>\n<p><span style=\"color: #3366ff;\"><a style=\"color: #3366ff;\" href=\"https:\/\/agora.xtec.cat\/ins-nauticabcn\/estudis\/ensenyaments-esportius\/\"><strong>T\u00e8cnics Esportius<\/strong><\/a><\/span><\/p>\n<ul>\n<li><a href=\"https:\/\/agora.xtec.cat\/ins-nauticabcn\/estudis\/ensenyaments-esportius\/gm-de-salvament-i-socorrisme\/\" target=\"_blank\" rel=\"noopener\">Salvament i socorrisme<\/a><\/li>\n<li><a href=\"https:\/\/agora.xtec.cat\/ins-nauticabcn\/estudis\/ensenyaments-esportius\/gm-de-vela-amb-aparell-fix\/\" target=\"_blank\" rel=\"noopener\">Vela amb aparell fix<\/a><\/li>\n<li><a href=\"https:\/\/agora.xtec.cat\/ins-nauticabcn\/estudis\/ensenyaments-esportius\/vela-amb-aparell-lliure\/\" target=\"_blank\" rel=\"noopener\">Vela amb aparell lliure<\/a><\/li>\n<li><a href=\"https:\/\/agora.xtec.cat\/ins-nauticabcn\/estudis\/ensenyaments-esportius\/gm-de-busseig-esportiu-amb-escafandre-autonom\/\">Busseig Esportiu<\/a><\/li>\n<li><a href=\"https:\/\/agora.xtec.cat\/ins-nauticabcn\/estudis\/ensenyaments-esportius\/gm-de-piraguisme-en-aigues-tranquilles\/\">Pirag\u00fcisme<\/a><\/li>\n<\/ul>\n<p><span style=\"color: #3366ff;\"><a style=\"color: #3366ff;\" href=\"https:\/\/agora.xtec.cat\/ins-nauticabcn\/estudis\/batxillerat-esportiu-de-salvament-i-socorrisme\/\"><strong>Batxillerat Esportiu INS Joan Salvat Papasseit<\/strong><\/a><\/span><\/p>\n<ul>\n<li><a href=\"https:\/\/agora.xtec.cat\/ins-nauticabcn\/estudis\/batxillerat-esportiu-de-salvament-i-socorrisme\/batxillerat-esportiu-salvament-i-socorrisme\/\" target=\"_blank\" rel=\"noopener\">Grau mitj\u00e0 de Salvament i socorrisme<\/a><\/li>\n<li><a href=\"https:\/\/agora.xtec.cat\/ins-nauticabcn\/estudis\/batxillerat-esportiu-de-salvament-i-socorrisme\/batxillerat-esportiu-vela\/\" target=\"_blank\" rel=\"noopener\">Grau mitj\u00e0 de Vela<\/a><\/li>\n<\/ul>\n<p><span style=\"color: #2981c4;\"><strong>2X2 Simultane\u00eftat d&#8217;estudis<\/strong><\/span><\/p>\n<ul>\n<li><a href=\"https:\/\/agora.xtec.cat\/ins-nauticabcn\/cicle-inicial-de-salvament-i-socorrisme\/\" target=\"_blank\" rel=\"noopener\">Cicle inicial Grau mitj\u00e0 Salvament i socorrisme INS Maria Espinalt<\/a><\/li>\n<\/ul>\n<p><span style=\"color: #3366ff;\"><a style=\"color: #3366ff;\" href=\"https:\/\/agora.xtec.cat\/ins-nauticabcn\/estudis\/formacio-professional\/\"><strong>Formaci\u00f3 Professional<\/strong><\/a><\/span><\/p>\n<ul>\n<li><a href=\"https:\/\/agora.xtec.cat\/ins-nauticabcn\/estudis\/formacio-professional\/gm-manteniment-de-vaixells-esportius-i-desbarjo\/\">Grau mitj\u00e0 de Manteniment d&#8217;embarcacions d\u2019esbarjo<\/a><\/li>\n<li><a href=\"https:\/\/agora.xtec.cat\/ins-nauticabcn\/estudis\/formacio-professional\/gs-sistemes-electrotecnics-i-de-comunicacio-dels-vaixells\/\">Grau superior de Sistemes de navegaci\u00f3<\/a> <sup>(*1)<\/sup><\/li>\n<li><a href=\"https:\/\/agora.xtec.cat\/ins-nauticabcn\/estudis\/ensenyaments-esportius\/cfgs-sistemes-electrotecnics-i-automatitzats-especialitzacio-en-nautica\/\">Grau superior en Ensenyament i Animaci\u00f3 Socioesportiva, orientat a platja<\/a><\/li>\n<\/ul>\n<p><span style=\"color: #3366ff;\"><a style=\"color: #3366ff;\" href=\"https:\/\/agora.xtec.cat\/ins-nauticabcn\/estudis\/programes-de-formacio-i-insercio-pfi\/\"><strong>Programes de Formaci\u00f3 i Inserci\u00f3<\/strong><\/a><\/span><\/p>\n<ul>\n<li><a href=\"https:\/\/agora.xtec.cat\/ins-nauticabcn\/estudis\/programes-de-formacio-i-insercio-pfi\/\">PFI Auxiliar de Manteniment d\u2019Embarcacions Esportives i d\u2019Esbarjo<\/a><\/li>\n<\/ul>\n<p>&nbsp;<\/p>\n<p>&nbsp;<\/p>\n<p>I a m\u00e9s, tamb\u00e9 oferim formaci\u00f3 cont\u00ednua i ocupacional relacionada amb el sector n\u00e0utic<\/p>\n<p>&#8212;&#8212;&#8212;&#8212;&#8212;&#8212;&#8212;&#8212;&#8212;&#8212;&#8212;&#8212;&#8212;&#8212;&#8212;&#8212;&#8212;&#8212;&#8212;&#8212;&#8212;&#8212;&#8212;&#8212;&#8212;&#8212;&#8212;&#8212;&#8212;&#8212;&#8212;&#8212;&#8212;&#8212;&#8212;&#8212;&#8212;&#8212;&#8212;<\/p>\n<p><sup>(*1)<\/sup> Correspon a GS de Sistemes electrot\u00e8cnics i automatitzats, adaptat a les instal\u00b7lacions el\u00e8ctriques i de comunicaci\u00f3 dels vaixells esportius i d\u2019esbarjo.<\/p>\n<p>&nbsp;<\/p>\n","protected":false},"excerpt":{"rendered":"<p>El nostre centre, ofereix Ensenyaments Professionals reglats de:<br \/>\n<a style=\"color: #3366ff;\" href=\"https:\/\/agora.xtec.cat\/ins-nauticabcn\/estudis\/ensenyaments-esportius\/\">T\u00e8cnics Esportius<\/a><\/p>\n<ul>\n<li><a href=\"https:\/\/agora.xtec.cat\/ins-nauticabcn\/estudis\/ensenyaments-esportius\/gm-de-salvament-i-socorrisme\/\" target=\"_blank\" rel=\"noopener\">Salvament i socorrisme<\/a><\/li>\n<li><a href=\"https:\/\/agora.xtec.cat\/ins-nauticabcn\/estudis\/ensenyaments-esportius\/gm-de-vela-amb-aparell-fix\/\" target=\"_blank\" rel=\"noopener\">Vela amb aparell fix<\/a><\/li>\n<li><a href=\"https:\/\/agora.xtec.cat\/ins-nauticabcn\/estudis\/ensenyaments-esportius\/vela-amb-aparell-lliure\/\" target=\"_blank\" rel=\"noopener\">Vela amb aparell lliure<\/a><\/li>\n<li><a href=\"https:\/\/agora.xtec.cat\/ins-nauticabcn\/estudis\/ensenyaments-esportius\/gm-de-busseig-esportiu-amb-escafandre-autonom\/\">Busseig Esportiu<\/a><\/li>\n<li><a href=\"https:\/\/agora.xtec.cat\/ins-nauticabcn\/estudis\/ensenyaments-esportius\/gm-de-piraguisme-en-aigues-tranquilles\/\">Pirag\u00fcisme<\/a><\/li>\n<\/ul>\n<p><a style=\"color: #3366ff;\" href=\"https:\/\/agora.xtec.cat\/ins-nauticabcn\/estudis\/batxillerat-esportiu-de-salvament-i-socorrisme\/\">Batxillerat Esportiu INS Joan Salvat Papasseit<\/a><\/p>\n<ul>\n<li><a href=\"https:\/\/agora.xtec.cat\/ins-nauticabcn\/estudis\/batxillerat-esportiu-de-salvament-i-socorrisme\/batxillerat-esportiu-salvament-i-socorrisme\/\" target=\"_blank\" rel=\"noopener\">Grau mitj\u00e0 de&hellip;  <a href=\"https:\/\/agora.xtec.cat\/ins-nauticabcn\/estudis\/\" title=\"Read Estudis\">Llegeix m\u00e9s\u00bb<\/a><br \/>\n","protected":false},"author":1,"featured_media":0,"parent":0,"menu_order":0,"comment_status":"closed","ping_status":"closed","template":"page-templates\/side-menu.php","meta":{"_bbp_topic_count":0,"_bbp_reply_count":0,"_bbp_total_topic_count":0,"_bbp_total_reply_count":0,"_bbp_voice_count":0,"_bbp_anonymous_reply_count":0,"_bbp_topic_count_hidden":0,"_bbp_reply_count_hidden":0,"_bbp_forum_subforum_count":0,"footnotes":""},"class_list":["post-195","page","type-page","status-publish","hentry"],"post_mailing_queue_ids":[],"_links":{"self":[{"href":"https:\/\/agora.xtec.cat\/ins-nauticabcn\/wp-json\/wp\/v2\/pages\/195","targetHints":{"allow":["GET"]}}],"collection":[{"href":"https:\/\/agora.xtec.cat\/ins-nauticabcn\/wp-json\/wp\/v2\/pages"}],"about":[{"href":"https:\/\/agora.xtec.cat\/ins-nauticabcn\/wp-json\/wp\/v2\/types\/page"}],"author":[{"embeddable":true,"href":"https:\/\/agora.xtec.cat\/ins-nauticabcn\/wp-json\/wp\/v2\/users\/1"}],"replies":[{"embeddable":true,"href":"https:\/\/agora.xtec.cat\/ins-nauticabcn\/wp-json\/wp\/v2\/comments?post=195"}],"version-history":[{"count":6,"href":"https:\/\/agora.xtec.cat\/ins-nauticabcn\/wp-json\/wp\/v2\/pages\/195\/revisions"}],"predecessor-version":[{"id":10716,"href":"https:\/\/agora.xtec.cat\/ins-nauticabcn\/wp-json\/wp\/v2\/pages\/195\/revisions\/10716"}],"wp:attachment":[{"href":"https:\/\/agora.xtec.cat\/ins-nauticabcn\/wp-json\/wp\/v2\/media?parent=195"}],"curies":[{"name":"wp","href":"https:\/\/api.w.org\/{rel}","templated":true}]}}