{"id":10698,"date":"2026-04-28T12:40:37","date_gmt":"2026-04-28T10:40:37","guid":{"rendered":"https:\/\/agora.xtec.cat\/ins-nauticabcn\/?page_id=10698"},"modified":"2026-04-30T09:56:49","modified_gmt":"2026-04-30T07:56:49","slug":"matricula-cicle-inicial-cfgm-salvament-i-socorrisme-alumnat-ins-maria-espinalt","status":"publish","type":"page","link":"https:\/\/agora.xtec.cat\/ins-nauticabcn\/matricula-cicle-inicial-cfgm-salvament-i-socorrisme-alumnat-ins-maria-espinalt\/","title":{"rendered":"Matricula Cicle inicial CFGM Salvament i socorrisme &#8211; Alumnat INS Maria Espinalt"},"content":{"rendered":"<p><strong><span style=\"color: #ff9900;\">PREINSCRIPCI\u00d3 I MATR\u00cdCULA CICLES D&#8217;ESTUDIS ESPORTIUS<\/span><br \/>\n<\/strong><\/p>\n<table style=\"width: 26.4878%; height: 125px;\">\n<tbody>\n<tr style=\"height: 33px;\">\n<td style=\"width: 100%; height: 33px;\"><a href=\"#a\"><strong>a) Dates clau i horari de matr\u00edcula<\/strong><\/a><\/td>\n<\/tr>\n<tr style=\"height: 33px;\">\n<td style=\"width: 100%; height: 33px;\"><a href=\"#b\"><strong>b) Informaci\u00f3 general i requisits d&#8217;acc\u00e9s<\/strong><\/a><\/td>\n<\/tr>\n<tr style=\"height: 10px;\">\n<td style=\"width: 100%; height: 10px;\"><a href=\"#d\"><strong>c) Quadre de preus<\/strong><\/a><\/td>\n<\/tr>\n<tr style=\"height: 49px;\">\n<td style=\"width: 100%; height: 49px;\"><a href=\"#e\"><strong>d) Documents de matr\u00edcula<\/strong><\/a><\/td>\n<\/tr>\n<\/tbody>\n<\/table>\n<p><strong><span style=\"color: #ff6600;\">IMPORTANT:<\/span> La preinscripci\u00f3 l&#8217;heu de fer al Batxillerat a l&#8217;INS Maria Espinalt. <\/strong><\/p>\n<p><strong>Quan sapigueu que teniu pla\u00e7a, haureu de fer la matr\u00edcula del 18 al 30 de Juny, tant al Maria Espinalt pel Batxillerat com a l&#8217;Institut de N\u00e0utica pel t\u00e8cnic esportiu.<\/strong><\/p>\n<p><span style=\"color: #ff9900;\"><strong>CURS 2026-2027<\/strong><\/span><\/p>\n<ul>\n<li><strong>Cicle Inicial d&#8217;Ensenyaments esportius de Salvament i Socorrisme curs 2026-2027:<\/strong><\/li>\n<\/ul>\n<p>Oferta Inicial <strong>30<\/strong><strong> places\u00a0<\/strong><\/p>\n<p>&nbsp;<\/p>\n<p><span style=\"color: #3366ff;\"><strong><span id=\"a\">a) Dates clau i horari de preinscripci\u00f3 i matr\u00edcula<\/span><\/strong><\/span><\/p>\n<table style=\"width: 45.6724%; height: 138px;\" width=\"1050\">\n<tbody>\n<tr>\n<td style=\"width: 52.4564%;\"><strong>Cicle Formatiu<\/strong><\/td>\n<td style=\"width: 23.6133%;\"><strong>Matr\u00edcula<\/strong><\/td>\n<\/tr>\n<tr>\n<td style=\"width: 52.4564%;\">Cicle Inicial de CFGM Salvament i Socorrisme Alumnat &#8211; INS Maria Espinalt<\/td>\n<td style=\"width: 23.6133%;\">Del 18 de juny al 30 de juny<\/td>\n<\/tr>\n<\/tbody>\n<\/table>\n<p><span id=\"b\"><strong>Dates i horaris del curs:<\/strong><\/span><\/p>\n<p>GRUP: Tot el curs escolar (Horari a determinar)<\/p>\n<p><strong><span id=\"b\"><span style=\"color: #3366ff;\">b) Informaci\u00f3 General (requisits d\u2019acc\u00e9s i documentaci\u00f3)<\/span><br \/>\n<\/span><\/strong><\/p>\n<p><strong>2026-2027<\/strong><\/p>\n<p><a href=\"https:\/\/triaeducativa.gencat.cat\/ca\/estudis\/?salvament-socorrisme&amp;p_id=1951\" target=\"_blank\" rel=\"noopener\">Cicle Inicial CFGM Salvament i Socorrisme<\/a><\/p>\n<h6><strong><span style=\"color: #ff0000;\">MOLT IMPORTANT!<\/span> \u00e9s requisit imprescindible superar la prova espec\u00edfica per accedir als Cicles d&#8217;Ensenyaments Esportius Cicle Inicial<br \/>\n<\/strong><\/h6>\n<p><strong>Informaci\u00f3 PROVES ESPEC\u00cdFIQUES D&#8217;ACC\u00c9S ENSENYAMENTS ESPORTIUS, fes clic <a href=\"https:\/\/triaeducativa.gencat.cat\/ca\/proves\/proves-acces\/esportius\/esportius-prova-especifica\/salvament-socorrisme\/\" target=\"_blank\" rel=\"noopener\">aqu\u00ed<\/a><\/strong><\/p>\n<p>Si necessites ajuda\u00a0 per realitzar aquesta preinscripci\u00f3 pots venir a la secretaria del centre en horari d&#8217;atenci\u00f3 al p\u00fablic (de dilluns a divendres de 9h a 13h i les tardes de dilluns i dimecres de 15h a 18h) i t&#8217;ajudarem.<\/p>\n<p>Podeu demanar <strong>informaci\u00f3 addicional<\/strong> a la secretaria de l&#8217;institut pels canals seg\u00fcents:<\/p>\n<ul>\n<li>Escriure un e-mail al nostre correu: <strong>a8074847<span class=\"\">@xtec.cat<\/span><\/strong><\/li>\n<li>Trucar al tel\u00e8fon de l&#8217;institut: <strong>93 884 60 74<\/strong><\/li>\n<\/ul>\n<p><span id=\"d\" style=\"color: #ffffff;\">d<\/span><br \/>\n<strong><span style=\"color: #3366ff;\">d) Quadre de preus 2026\/2027<\/span> <\/strong><\/p>\n<table style=\"width: 40.9993%; height: 111px;\">\n<tbody>\n<tr>\n<td style=\"width: 321px;\"><strong>Ensenyaments esportius de r\u00e8gim especial<\/strong><\/td>\n<td style=\"width: 126px;\"><strong>Quota material\u00a0<\/strong><\/td>\n<td style=\"width: 146px;\"><strong>Quota curricular<\/strong><\/td>\n<td style=\"width: 141px;\"><strong>Total quotes curs<\/strong><\/td>\n<\/tr>\n<tr>\n<td style=\"width: 321px;\">Cicle Inicial (SS11) Salvament i Socorrisme<\/td>\n<td style=\"width: 126px;\">30\u20ac*<\/td>\n<td style=\"width: 146px;\"><a href=\"https:\/\/agora.xtec.cat\/ins-nauticabcn\/wp-content\/uploads\/usu313\/2024\/02\/cicle-inicial-salvament.pdf\" target=\"_blank\" rel=\"noopener\">649,50\u20ac preu p\u00fablic<\/a><\/td>\n<td style=\"width: 141px;\">679,50\u20ac<\/td>\n<\/tr>\n<\/tbody>\n<\/table>\n<p><em>* La quota de material inclou: asseguran\u00e7a escolar, material escolar, intranet, control d\u2019assist\u00e8ncia, c\u00f2pies, manteniment inform\u00e0tic i borsa de treball.<\/em><\/p>\n<p><em>Pot haver variacions als preus de les quotes curriculars.<\/em><\/p>\n<p><span style=\"color: #ffffff;\"><strong><span id=\"e\">e<\/span><\/strong><\/span><\/p>\n<p><span style=\"color: #3366ff;\"><strong>e) Documents de matr\u00edcula<\/strong><\/span><\/p>\n<p><span style=\"color: #ff9900;\"><strong>CURS 2026-2027<\/strong><\/span><\/p>\n<p><strong>Documents matr\u00edcula GM Salvament i Socorrisme aqu\u00ed.<\/strong><\/p>\n<p>&nbsp;<\/p>\n<p>&nbsp;<\/p>\n","protected":false},"excerpt":{"rendered":"<p>PREINSCRIPCI\u00d3 I MATR\u00cdCULA CICLES D&#8217;ESTUDIS ESPORTIUS<\/p>\n<p><a href=\"#a\">a) Dates clau i horari de matr\u00edcula<\/a><\/p>\n<p><a href=\"#b\">b) Informaci\u00f3 general i requisits d&#8217;acc\u00e9s<\/a><\/p>\n<p><a href=\"#d\">c) Quadre de preus<\/a><\/p>\n<p><a href=\"#e\">d) Documents de matr\u00edcula<\/a><\/p>\n<p>IMPORTANT: La preinscripci\u00f3 l&#8217;heu de fer al Batxillerat a l&#8217;INS Maria Espinalt.<br \/>\nQuan sapigueu que teniu pla\u00e7a, haureu de&hellip;  <a href=\"https:\/\/agora.xtec.cat\/ins-nauticabcn\/matricula-cicle-inicial-cfgm-salvament-i-socorrisme-alumnat-ins-maria-espinalt\/\" title=\"Read Matricula Cicle inicial CFGM Salvament i socorrisme &#8211; Alumnat INS Maria Espinalt\">Llegeix m\u00e9s\u00bb<\/a><\/p>\n","protected":false},"author":1,"featured_media":0,"parent":0,"menu_order":0,"comment_status":"closed","ping_status":"closed","template":"","meta":{"_bbp_topic_count":0,"_bbp_reply_count":0,"_bbp_total_topic_count":0,"_bbp_total_reply_count":0,"_bbp_voice_count":0,"_bbp_anonymous_reply_count":0,"_bbp_topic_count_hidden":0,"_bbp_reply_count_hidden":0,"_bbp_forum_subforum_count":0,"footnotes":""},"class_list":["post-10698","page","type-page","status-publish","hentry"],"post_mailing_queue_ids":[],"_links":{"self":[{"href":"https:\/\/agora.xtec.cat\/ins-nauticabcn\/wp-json\/wp\/v2\/pages\/10698","targetHints":{"allow":["GET"]}}],"collection":[{"href":"https:\/\/agora.xtec.cat\/ins-nauticabcn\/wp-json\/wp\/v2\/pages"}],"about":[{"href":"https:\/\/agora.xtec.cat\/ins-nauticabcn\/wp-json\/wp\/v2\/types\/page"}],"author":[{"embeddable":true,"href":"https:\/\/agora.xtec.cat\/ins-nauticabcn\/wp-json\/wp\/v2\/users\/1"}],"replies":[{"embeddable":true,"href":"https:\/\/agora.xtec.cat\/ins-nauticabcn\/wp-json\/wp\/v2\/comments?post=10698"}],"version-history":[{"count":3,"href":"https:\/\/agora.xtec.cat\/ins-nauticabcn\/wp-json\/wp\/v2\/pages\/10698\/revisions"}],"predecessor-version":[{"id":10743,"href":"https:\/\/agora.xtec.cat\/ins-nauticabcn\/wp-json\/wp\/v2\/pages\/10698\/revisions\/10743"}],"wp:attachment":[{"href":"https:\/\/agora.xtec.cat\/ins-nauticabcn\/wp-json\/wp\/v2\/media?parent=10698"}],"curies":[{"name":"wp","href":"https:\/\/api.w.org\/{rel}","templated":true}]}}