{"id":10642,"date":"2026-04-27T10:50:04","date_gmt":"2026-04-27T08:50:04","guid":{"rendered":"https:\/\/agora.xtec.cat\/ins-nauticabcn\/?page_id=10642"},"modified":"2026-04-27T13:42:42","modified_gmt":"2026-04-27T11:42:42","slug":"grau-superior-piraguisme-en-aigues-tranquilles","status":"publish","type":"page","link":"https:\/\/agora.xtec.cat\/ins-nauticabcn\/grau-superior-piraguisme-en-aigues-tranquilles\/","title":{"rendered":"Grau Superior Pirag\u00fcisme en aig\u00fces tranquil\u00b7les"},"content":{"rendered":"<header class=\"entry-header\">\n<h5 class=\"entry-title\"><strong style=\"color: #ff6600; font-family: inherit; font-size: 1em;\">Oferta formativa 2026-2027:<\/strong><\/h5>\n<\/header>\n<div class=\"entry-content\">\n<p><a href=\"https:\/\/agora.xtec.cat\/ins-nauticabcn\/preinscripcio-i-matricula-grau-superior-piraguisme-en-aigues-tranquilles\/\" target=\"_blank\" rel=\"noopener\"><strong>GRUP Bloc Com\u00fa: Inici octubre 2026, final al desembre (Semi presencial a la tarda de 15h a 21:30h)<\/strong><\/a><\/p>\n<p><a href=\"https:\/\/agora.xtec.cat\/ins-nauticabcn\/preinscripcio-i-matricula-grau-superior-piraguisme-en-aigues-tranquilles\/\" target=\"_blank\" rel=\"noopener\"><strong>GRUP Bloc Espec\u00edfic: Inici de gener\/febrer 2027 (Quatre setmanes presencials a Banyoles (mat\u00ed i tarda) i resta d&#8217;horari virtual).<\/strong><\/a><\/p>\n<p><strong>Per saber-ne m\u00e9s:<\/strong><\/p>\n<p>El\u00a0<strong>Grau superior<\/strong> capacita per programar i dirigir l&#8217;entrenament esportiu orientat cap a l&#8217;obtenci\u00f3 i manteniment del rendiment esportiu en aig\u00fces tranquil\u00b7les; organitzar, tutelar i dirigir la participaci\u00f3 d&#8217;esportistes i d\u2019equips en competicions d&#8217;alt nivell; coordinar la intervenci\u00f3 de t\u00e8cnics i t\u00e8cniques especialistes; programar les tasques i coordinar els t\u00e8cnics i t\u00e8cniques a c\u00e0rrec seu; planificar i gestionar la distribuci\u00f3 de recursos humans i materials dins una programaci\u00f3 a curt i llarg termini; dinamitzar les relacions entre esportistes, t\u00e8cnics i t\u00e8cniques i entre esportistes i t\u00e8cnics, i organitzar competicions i esdeveniments propis de la iniciaci\u00f3 i tecnificaci\u00f3 esportiva.<\/p>\n<ul>\n<li><a href=\"https:\/\/www.gencat.cat\/ensenyament\/eac\/pdf\/TEGS____PIB0_CA.pdf\" target=\"_blank\" rel=\"noopener\">Fitxa dels Estudis<\/a><\/li>\n<li><a href=\"https:\/\/triaeducativa.gencat.cat\/ca\/estudis\/?tecnic-esportiu-superior-piraguisme-aigues-tranquilles&amp;p_id=4930\" target=\"_blank\" rel=\"noopener\">Informaci\u00f3 Estudis Esportius<\/a> (informaci\u00f3 sobre requisits d\u2019acc\u00e9s, etc)<\/li>\n<li>Preus p\u00fablics Grau Superior (pendent de la publicaci\u00f3 del Departament d&#8217;Educaci\u00f3 i Formaci\u00f3 Professional)<\/li>\n<\/ul>\n<table style=\"height: 867px; width: 88.7039%; border-collapse: collapse; border-style: hidden;\">\n<tbody>\n<tr>\n<td style=\"width: 50%;\"><a href=\"https:\/\/agora.xtec.cat\/ins-nauticabcn\/sea-1571828_1280\/\"><img loading=\"lazy\" decoding=\"async\" class=\"attachment-large alignleft\" src=\"https:\/\/agora.xtec.cat\/ins-nauticabcn\/wp-content\/uploads\/usu313\/2021\/04\/sea-1571828_1280-1024x768.jpg\" sizes=\"auto, (max-width: 1024px) 100vw, 1024px\" srcset=\"https:\/\/agora.xtec.cat\/ins-nauticabcn\/wp-content\/uploads\/usu313\/2021\/04\/sea-1571828_1280-1024x768.jpg 1024w, https:\/\/agora.xtec.cat\/ins-nauticabcn\/wp-content\/uploads\/usu313\/2021\/04\/sea-1571828_1280-300x225.jpg 300w, https:\/\/agora.xtec.cat\/ins-nauticabcn\/wp-content\/uploads\/usu313\/2021\/04\/sea-1571828_1280-768x576.jpg 768w, https:\/\/agora.xtec.cat\/ins-nauticabcn\/wp-content\/uploads\/usu313\/2021\/04\/sea-1571828_1280-200x150.jpg 200w, https:\/\/agora.xtec.cat\/ins-nauticabcn\/wp-content\/uploads\/usu313\/2021\/04\/sea-1571828_1280.jpg 1280w\" alt=\"\" width=\"553\" height=\"415\" \/><\/a><\/td>\n<td style=\"width: 55.7858%;\"><a href=\"https:\/\/agora.xtec.cat\/ins-nauticabcn\/img_0067\/\"><img loading=\"lazy\" decoding=\"async\" class=\"attachment-large alignleft\" src=\"https:\/\/agora.xtec.cat\/ins-nauticabcn\/wp-content\/uploads\/usu313\/2021\/04\/IMG_0067-1024x683.jpg\" sizes=\"auto, (max-width: 1024px) 100vw, 1024px\" srcset=\"https:\/\/agora.xtec.cat\/ins-nauticabcn\/wp-content\/uploads\/usu313\/2021\/04\/IMG_0067-1024x683.jpg 1024w, https:\/\/agora.xtec.cat\/ins-nauticabcn\/wp-content\/uploads\/usu313\/2021\/04\/IMG_0067-300x200.jpg 300w, https:\/\/agora.xtec.cat\/ins-nauticabcn\/wp-content\/uploads\/usu313\/2021\/04\/IMG_0067-768x512.jpg 768w\" alt=\"\" width=\"608\" height=\"405\" \/><\/a><\/td>\n<\/tr>\n<tr>\n<td style=\"width: 50%;\"><a href=\"https:\/\/agora.xtec.cat\/ins-nauticabcn\/img_0019\/\"><img loading=\"lazy\" decoding=\"async\" class=\"attachment-large alignleft\" src=\"https:\/\/agora.xtec.cat\/ins-nauticabcn\/wp-content\/uploads\/usu313\/2021\/04\/IMG_0019-1024x683.jpg\" sizes=\"auto, (max-width: 1024px) 100vw, 1024px\" srcset=\"https:\/\/agora.xtec.cat\/ins-nauticabcn\/wp-content\/uploads\/usu313\/2021\/04\/IMG_0019-1024x683.jpg 1024w, https:\/\/agora.xtec.cat\/ins-nauticabcn\/wp-content\/uploads\/usu313\/2021\/04\/IMG_0019-300x200.jpg 300w, https:\/\/agora.xtec.cat\/ins-nauticabcn\/wp-content\/uploads\/usu313\/2021\/04\/IMG_0019-768x512.jpg 768w\" alt=\"\" width=\"556\" height=\"370\" \/><\/a><\/td>\n<td style=\"width: 55.7858%;\"><a href=\"https:\/\/agora.xtec.cat\/ins-nauticabcn\/img_0035\/\"><img loading=\"lazy\" decoding=\"async\" class=\"attachment-large alignleft\" src=\"https:\/\/agora.xtec.cat\/ins-nauticabcn\/wp-content\/uploads\/usu313\/2021\/04\/IMG_0035-1024x683.jpg\" sizes=\"auto, (max-width: 1024px) 100vw, 1024px\" srcset=\"https:\/\/agora.xtec.cat\/ins-nauticabcn\/wp-content\/uploads\/usu313\/2021\/04\/IMG_0035-1024x683.jpg 1024w, https:\/\/agora.xtec.cat\/ins-nauticabcn\/wp-content\/uploads\/usu313\/2021\/04\/IMG_0035-300x200.jpg 300w, https:\/\/agora.xtec.cat\/ins-nauticabcn\/wp-content\/uploads\/usu313\/2021\/04\/IMG_0035-768x512.jpg 768w\" alt=\"\" width=\"575\" height=\"383\" \/><\/a><\/td>\n<\/tr>\n<\/tbody>\n<\/table>\n<div id=\"gallery-1\" class=\"gallery galleryid-10094 gallery-columns-2 gallery-size-large\"><\/div>\n<div class=\"addtoany_share_save_container addtoany_content addtoany_content_bottom\"><\/div>\n<\/div>\n","protected":false},"excerpt":{"rendered":"<p>Oferta formativa 2026-2027:<\/p>\n<p><a href=\"https:\/\/agora.xtec.cat\/ins-nauticabcn\/preinscripcio-i-matricula-grau-superior-piraguisme-en-aigues-tranquilles\/\" target=\"_blank\" rel=\"noopener\">GRUP Bloc Com\u00fa: Inici octubre 2026, final al desembre (Semi presencial a la tarda de 15h a 21:30h)<\/a><br \/>\n<a href=\"https:\/\/agora.xtec.cat\/ins-nauticabcn\/preinscripcio-i-matricula-grau-superior-piraguisme-en-aigues-tranquilles\/\" target=\"_blank\" rel=\"noopener\">GRUP Bloc Espec\u00edfic: Inici de gener\/febrer 2027 (Quatre setmanes presencials a Banyoles (mat\u00ed i tarda) i resta d&#8217;horari virtual).<\/a><br \/>\nPer saber-ne&hellip;  <a href=\"https:\/\/agora.xtec.cat\/ins-nauticabcn\/grau-superior-piraguisme-en-aigues-tranquilles\/\" title=\"Read Grau Superior Pirag\u00fcisme en aig\u00fces tranquil\u00b7les\">Llegeix m\u00e9s\u00bb<\/a><\/p>\n","protected":false},"author":1,"featured_media":0,"parent":0,"menu_order":0,"comment_status":"closed","ping_status":"closed","template":"","meta":{"_bbp_topic_count":0,"_bbp_reply_count":0,"_bbp_total_topic_count":0,"_bbp_total_reply_count":0,"_bbp_voice_count":0,"_bbp_anonymous_reply_count":0,"_bbp_topic_count_hidden":0,"_bbp_reply_count_hidden":0,"_bbp_forum_subforum_count":0,"footnotes":""},"class_list":["post-10642","page","type-page","status-publish","hentry"],"post_mailing_queue_ids":[],"_links":{"self":[{"href":"https:\/\/agora.xtec.cat\/ins-nauticabcn\/wp-json\/wp\/v2\/pages\/10642","targetHints":{"allow":["GET"]}}],"collection":[{"href":"https:\/\/agora.xtec.cat\/ins-nauticabcn\/wp-json\/wp\/v2\/pages"}],"about":[{"href":"https:\/\/agora.xtec.cat\/ins-nauticabcn\/wp-json\/wp\/v2\/types\/page"}],"author":[{"embeddable":true,"href":"https:\/\/agora.xtec.cat\/ins-nauticabcn\/wp-json\/wp\/v2\/users\/1"}],"replies":[{"embeddable":true,"href":"https:\/\/agora.xtec.cat\/ins-nauticabcn\/wp-json\/wp\/v2\/comments?post=10642"}],"version-history":[{"count":6,"href":"https:\/\/agora.xtec.cat\/ins-nauticabcn\/wp-json\/wp\/v2\/pages\/10642\/revisions"}],"predecessor-version":[{"id":10685,"href":"https:\/\/agora.xtec.cat\/ins-nauticabcn\/wp-json\/wp\/v2\/pages\/10642\/revisions\/10685"}],"wp:attachment":[{"href":"https:\/\/agora.xtec.cat\/ins-nauticabcn\/wp-json\/wp\/v2\/media?parent=10642"}],"curies":[{"name":"wp","href":"https:\/\/api.w.org\/{rel}","templated":true}]}}