{"id":10420,"date":"2026-02-19T13:14:03","date_gmt":"2026-02-19T12:14:03","guid":{"rendered":"https:\/\/agora.xtec.cat\/ins-nauticabcn\/?page_id=10420"},"modified":"2026-03-24T11:56:38","modified_gmt":"2026-03-24T10:56:38","slug":"preinscripcio-i-matricula-bloc-comu-cicle-inicial-de-natacio-curs-2025-2026","status":"publish","type":"page","link":"https:\/\/agora.xtec.cat\/ins-nauticabcn\/preinscripcio-i-matricula-bloc-comu-cicle-inicial-de-natacio-curs-2025-2026\/","title":{"rendered":"Preinscripci\u00f3 i matr\u00edcula Bloc Com\u00fa Cicle Inicial de Nataci\u00f3 curs 2025-2026"},"content":{"rendered":"<p><strong><span style=\"color: #ff9900;\">PREINSCRIPCI\u00d3 I MATR\u00cdCULA CICLES D&#8217;ESTUDIS ESPORTIUS<\/span><br \/>\n<\/strong><\/p>\n<table>\n<tbody>\n<tr>\n<td><a href=\"#a\"><strong>a) Dates clau i horari de preinscripci\u00f3 i matr\u00edcula<\/strong><\/a><\/td>\n<\/tr>\n<tr>\n<td><a href=\"#c\"><strong>b) Proc\u00e9s preinscripci\u00f3<\/strong><\/a><\/td>\n<\/tr>\n<tr>\n<td><a href=\"#d\"><strong>c) Quadre de preus<\/strong><\/a><\/td>\n<\/tr>\n<tr>\n<td><a href=\"#e\"><strong>d) Documents de matr\u00edcula<\/strong><\/a><\/td>\n<\/tr>\n<\/tbody>\n<\/table>\n<p><strong>\u00a0<\/strong><\/p>\n<p><span style=\"color: #ff9900;\"><strong>CURS 2025-2026<\/strong><\/span><\/p>\n<ul>\n<li><strong>Bloc Com\u00fa Cicle Inicial d&#8217;Ensenyaments esportius de Nataci\u00f3 curs 2025-2026:<\/strong><\/li>\n<\/ul>\n<p>Oferta Inicial 15 places.<strong><br \/>\n<\/strong><\/p>\n<p>&nbsp;<\/p>\n<p><span style=\"color: #3366ff;\"><strong><span id=\"a\">a) Dates clau i horari de preinscripci\u00f3 i matr\u00edcula<\/span><\/strong><\/span><\/p>\n<table width=\"1050\">\n<tbody>\n<tr>\n<td><strong>Cicle Formatiu<\/strong><\/td>\n<td><strong>Preinscripci\u00f3<\/strong><\/td>\n<td><strong>Matr\u00edcula<\/strong><\/td>\n<td><strong>Detall Preinscripci\u00f3<\/strong><\/td>\n<\/tr>\n<tr>\n<td>Bloc Com\u00fa Cicle Inicial Nataci\u00f3 curs 2025-2026<\/td>\n<td>del 23 de febrer al 6 de mar\u00e7<\/td>\n<td>del 12 al 27 de mar\u00e7<\/td>\n<td><a href=\"https:\/\/agora.xtec.cat\/ins-nauticabcn\/wp-content\/uploads\/usu313\/2026\/02\/CALENDARI-BLOC-COMU-GM-NATACIO-G24-2025-2026.pdf\" target=\"_blank\" rel=\"noopener\">Calendari preinscripci\u00f3<\/a><\/td>\n<\/tr>\n<\/tbody>\n<\/table>\n<p>&nbsp;<\/p>\n<p><span id=\"c\" style=\"color: #ffffff;\">b<\/span><br \/>\n<span style=\"color: #3366ff;\"><strong>b) Proc\u00e9s de preinscripci\u00f3<\/strong><\/span><\/p>\n<p><span style=\"color: #ff9900;\"><strong>CURS 2025-2026<\/strong><\/span><\/p>\n<ul>\n<li>\n<h4><strong><span style=\"color: #3366ff;\">Cicle Inicial d&#8217;Ensenyament esportiu CFGM\u00a0 Nataci\u00f3:<\/span><br \/>\n<\/strong><\/h4>\n<\/li>\n<\/ul>\n<p>Per fer la preinscripci\u00f3 als estudis esportius per al curs 25-26 cal:<\/p>\n<p><strong><span style=\"color: #ff00ff;\">PAS 1:<\/span> Descarregar i emplenar sol\u00b7licitud de preinscripci\u00f3<\/strong> <strong>i escanejar-la amb la vostra documentaci\u00f3 personal<\/strong> <em>DNI de l&#8217;alumne, Targeta sanit\u00e0ria de l&#8217;alumne, Requisit d&#8217;acc\u00e9s (certificat superaci\u00f3 Cicle Inicial de Pirag\u00fcisme) <\/em>i en cas de menors d&#8217;edat adjuntar tamb\u00e9: <em>DNI del tutor\/a mare\/pare, Llibre de fam\u00edlia. El nostre codi de centre \u00e9s: 08074847<\/em><em><br \/>\n<\/em><\/p>\n<p><strong>Sol\u00b7licitud preinscripci\u00f3 d&#8217;estudis esportius clicant<\/strong> <a href=\"https:\/\/agora.xtec.cat\/ins-nauticabcn\/wp-content\/uploads\/usu313\/2025\/04\/Full-Preinscripcio-Esports-25-26.pdf\" target=\"_blank\" rel=\"noopener\">aqu\u00ed<\/a><\/p>\n<p><strong><span style=\"color: #ff00ff;\">PAS 2:<\/span> Omplir el formulari d&#8217;inscripci\u00f3, i adjuntar la sol\u00b7licitud de preinscripci\u00f3 juntament amb la vostra documentaci\u00f3 personal<\/strong> (podreu carregar tota la documentaci\u00f3 al mateix formulari d&#8217;inscripci\u00f3). Per omplir el formulari d&#8217;inscripci\u00f3 cal tenir un compte de Gmail (<a href=\"https:\/\/www.youtube.com\/watch?v=k77d2wRASDQ&amp;t=23s\" target=\"_blank\" rel=\"noopener\">Tutorial per fer un compte de gmail<\/a>)<\/p>\n<p><strong>Formulari d&#8217;inscripci\u00f3<\/strong> aqu\u00ed<\/p>\n<p>&nbsp;<\/p>\n<p>Si necessites ajuda\u00a0 per realitzar aquesta preinscripci\u00f3 pots venir a la secretaria del centre en horari d&#8217;atenci\u00f3 al p\u00fablic (de dilluns a divendres de 9h a 13h i les tardes de dilluns i dimecres de 15h a 18h) i t&#8217;ajudarem.<\/p>\n<p>Podeu demanar <strong>informaci\u00f3 addicional<\/strong> a la secretaria de l&#8217;institut pels canals seg\u00fcents:<\/p>\n<ul>\n<li>Escriure un e-mail al nostre correu: <strong>a8074847<span class=\"\">@xtec.cat<\/span><\/strong><\/li>\n<li>Trucar al tel\u00e8fon de l&#8217;institut: <strong>93 884 60 74<\/strong><\/li>\n<\/ul>\n<p><strong>\u00a0<\/strong><\/p>\n<p><span id=\"d\" style=\"color: #ffffff;\">c<\/span><br \/>\n<span style=\"color: #3366ff;\"><strong>c) Quadre de preus 2025\/2026<\/strong><\/span><\/p>\n<table>\n<tbody>\n<tr>\n<td><strong>Ensenyaments esportius de r\u00e8gim especial<\/strong><\/td>\n<td><strong>Quota material\u00a0<\/strong><\/td>\n<td><strong>Quota curricular<\/strong><\/td>\n<td><strong>Total quotes curs<\/strong><\/td>\n<\/tr>\n<tr>\n<td>Bloc Com\u00fa Cicle Inicial Nataci\u00f3<\/td>\n<td>30\u20ac<\/td>\n<td>136\u20ac preu p\u00fablic<\/td>\n<td>166\u20ac<\/td>\n<\/tr>\n<\/tbody>\n<\/table>\n<p><em>Pot haver variacions als preus de les quotes curriculars.<\/em><\/p>\n<p><span style=\"color: #ffffff;\"><strong><span id=\"e\">d<\/span><\/strong><\/span><\/p>\n<p><span style=\"color: #3366ff;\"><strong>d) Documents de matr\u00edcula<\/strong><\/span><\/p>\n<p><span style=\"color: #ff9900;\"><strong>CURS 2025-2026<\/strong><\/span><\/p>\n<p>Documents matr\u00edcula Bloc Com\u00fa Cicle Inicial de Nataci\u00f3: Envia un correu a: a08074847@xtec.cat<\/p>\n<p>&nbsp;<\/p>\n","protected":false},"excerpt":{"rendered":"<p>PREINSCRIPCI\u00d3 I MATR\u00cdCULA CICLES D&#8217;ESTUDIS ESPORTIUS<\/p>\n<p><a href=\"#a\">a) Dates clau i horari de preinscripci\u00f3 i matr\u00edcula<\/a><\/p>\n<p><a href=\"#c\">b) Proc\u00e9s preinscripci\u00f3<\/a><\/p>\n<p><a href=\"#d\">c) Quadre de preus<\/a><\/p>\n<p><a href=\"#e\">d) Documents de matr\u00edcula<\/a><\/p>\n<p>\u00a0<br \/>\nCURS 2025-2026<\/p>\n<ul>\n<li>Bloc Com\u00fa Cicle Inicial d&#8217;Ensenyaments esportius de Nataci\u00f3 curs 2025-2026:<\/li>\n<\/ul>\n<p>Oferta Inicial 15 places.<\/p>\n<p>&nbsp;<br \/>\na) Dates clau i horari de preinscripci\u00f3&hellip;  <a href=\"https:\/\/agora.xtec.cat\/ins-nauticabcn\/preinscripcio-i-matricula-bloc-comu-cicle-inicial-de-natacio-curs-2025-2026\/\" title=\"Read Preinscripci\u00f3 i matr\u00edcula Bloc Com\u00fa Cicle Inicial de Nataci\u00f3 curs 2025-2026\">Llegeix m\u00e9s\u00bb<\/a><\/p>\n","protected":false},"author":1,"featured_media":0,"parent":0,"menu_order":0,"comment_status":"closed","ping_status":"closed","template":"","meta":{"_bbp_topic_count":0,"_bbp_reply_count":0,"_bbp_total_topic_count":0,"_bbp_total_reply_count":0,"_bbp_voice_count":0,"_bbp_anonymous_reply_count":0,"_bbp_topic_count_hidden":0,"_bbp_reply_count_hidden":0,"_bbp_forum_subforum_count":0,"footnotes":""},"class_list":["post-10420","page","type-page","status-publish","hentry"],"post_mailing_queue_ids":[],"_links":{"self":[{"href":"https:\/\/agora.xtec.cat\/ins-nauticabcn\/wp-json\/wp\/v2\/pages\/10420","targetHints":{"allow":["GET"]}}],"collection":[{"href":"https:\/\/agora.xtec.cat\/ins-nauticabcn\/wp-json\/wp\/v2\/pages"}],"about":[{"href":"https:\/\/agora.xtec.cat\/ins-nauticabcn\/wp-json\/wp\/v2\/types\/page"}],"author":[{"embeddable":true,"href":"https:\/\/agora.xtec.cat\/ins-nauticabcn\/wp-json\/wp\/v2\/users\/1"}],"replies":[{"embeddable":true,"href":"https:\/\/agora.xtec.cat\/ins-nauticabcn\/wp-json\/wp\/v2\/comments?post=10420"}],"version-history":[{"count":6,"href":"https:\/\/agora.xtec.cat\/ins-nauticabcn\/wp-json\/wp\/v2\/pages\/10420\/revisions"}],"predecessor-version":[{"id":10489,"href":"https:\/\/agora.xtec.cat\/ins-nauticabcn\/wp-json\/wp\/v2\/pages\/10420\/revisions\/10489"}],"wp:attachment":[{"href":"https:\/\/agora.xtec.cat\/ins-nauticabcn\/wp-json\/wp\/v2\/media?parent=10420"}],"curies":[{"name":"wp","href":"https:\/\/api.w.org\/{rel}","templated":true}]}}