{"id":10094,"date":"2025-11-17T18:06:59","date_gmt":"2025-11-17T17:06:59","guid":{"rendered":"https:\/\/agora.xtec.cat\/ins-nauticabcn\/?page_id=10094"},"modified":"2026-04-27T12:59:06","modified_gmt":"2026-04-27T10:59:06","slug":"cicle-inicial-de-piraguisme-en-aigues-tranquilles","status":"publish","type":"page","link":"https:\/\/agora.xtec.cat\/ins-nauticabcn\/cicle-inicial-de-piraguisme-en-aigues-tranquilles\/","title":{"rendered":"Cicle Inicial de Pirag\u00fcisme en aig\u00fces tranquil\u00b7les"},"content":{"rendered":"<p><span style=\"color: #ff6600;\"><strong>Oferta formativa 2026-2027:<\/strong><\/span><\/p>\n<p>Cicle inicial:<\/p>\n<ul>\n<li><strong><a href=\"https:\/\/agora.xtec.cat\/ins-nauticabcn\/preinscripcio-i-matricula-cicle-inicial-de-piraguisme-curs-2026-2027\/\" target=\"_blank\" rel=\"noopener\">GRUP: Inici del curs al setembre (Cinc caps de setmana presencials. Resta d&#8217;horari virtual)<\/a><\/strong><\/li>\n<\/ul>\n<p><span style=\"color: #ff6600;\"><strong>Oferta formativa 2025-2026:<\/strong><\/span><\/p>\n<p>Cicle Inicial<\/p>\n<ul style=\"list-style-type: circle;\">\n<li><a href=\"https:\/\/docs.google.com\/forms\/d\/13rWgywDYvhWGdOP1kVk11jzCPDr2vMYAH1ZQqB0VLoY\/preview\" target=\"_blank\" rel=\"noopener\">Grup 8 <strong>Bloc Com\u00fa<\/strong> 06\/10\/25 al 24\/10\/25.<\/a><\/li>\n<li><a href=\"https:\/\/agora.xtec.cat\/ins-nauticabcn\/preinscripcio-i-matricula-bloc-comu-cicle-inicial-de-natacio-curs-2025-2026\/\" target=\"_blank\" rel=\"noopener\"><strong>Grup 24 Bloc Com\u00fa del 27\/04\/26 al 20\/05\/26 (horari de tarda en format virtual)<\/strong><\/a><\/li>\n<\/ul>\n<p><span style=\"color: #ff6600;\"><strong>Per saber-ne m\u00e9s:<\/strong><\/span><\/p>\n<p>El <strong>cicle inicial<\/strong> d&#8217;aquests estudis capacita per dinamitzar, instruir i concretar la iniciaci\u00f3 esportiva en pirag\u00fcisme a les especialitats d&#8217;aig\u00fces tranquil\u00b7les, aig\u00fces braves i caiacpolo; organitzar, acompanyar i tutelar els esportistes durant la seva participaci\u00f3 en activitats, competicions i esdeveniments propis d&#8217;aquest nivell i conduir grups per espais navegables propis d&#8217;aquest nivell.<\/p>\n<ul style=\"list-style-type: circle;\">\n<li><a href=\"https:\/\/agora.xtec.cat\/ins-nauticabcn\/wp-content\/uploads\/usu313\/2026\/01\/TEGM____PI20_CA.pdf\" target=\"_blank\" rel=\"noopener\">Fitxa dels Estudis<\/a><\/li>\n<li><a href=\"https:\/\/triaeducativa.gencat.cat\/ca\/estudis\/?piraguisme-aigues-tranquilles&amp;p_id=3550\" target=\"_blank\" rel=\"noopener\">Informaci\u00f3 Estudis Esportius<\/a> (informaci\u00f3 sobre requisits d&#8217;acc\u00e9s, etc)<\/li>\n<li><a href=\"https:\/\/triaeducativa.gencat.cat\/ca\/proves\/proves-acces\/esportius\/esportius-prova-especifica\/piraguisme-inicial\/\" target=\"_blank\" rel=\"noopener\">Proves espec\u00edfiques d&#8217;acc\u00e9s<\/a><\/li>\n<li><a href=\"https:\/\/agora.xtec.cat\/ins-nauticabcn\/wp-content\/uploads\/usu313\/2021\/04\/PREUS-GM-Piraguisme.pdf\" target=\"_blank\" rel=\"noopener\">Preus p\u00fablics Cicle Inicial <\/a>(informaci\u00f3 provisional a falta de preus oficials per al curs 25-26)<\/li>\n<li><a href=\"https:\/\/sites.google.com\/institutdenautica.barcelona\/ensenyamentsesportius\/pirag%C3%BC%C3%ADsme\" target=\"_blank\" rel=\"noopener\">Blog del GM de Pirag\u00fcisme<\/a><\/li>\n<\/ul>\n<p>&nbsp;<\/p>\n\n\t\t<style type=\"text\/css\">\n\t\t\t#gallery-1 {\n\t\t\t\tmargin: auto;\n\t\t\t}\n\t\t\t#gallery-1 .gallery-item {\n\t\t\t\tfloat: left;\n\t\t\t\tmargin-top: 10px;\n\t\t\t\ttext-align: center;\n\t\t\t\twidth: 50%;\n\t\t\t}\n\t\t\t#gallery-1 img {\n\t\t\t\tborder: 2px solid #cfcfcf;\n\t\t\t}\n\t\t\t#gallery-1 .gallery-caption {\n\t\t\t\tmargin-left: 0;\n\t\t\t}\n\t\t\t\/* see gallery_shortcode() in wp-includes\/media.php *\/\n\t\t<\/style>\n\t\t<div id='gallery-1' class='gallery galleryid-10094 gallery-columns-2 gallery-size-large'><dl class='gallery-item'>\n\t\t\t<dt class='gallery-icon landscape'>\n\t\t\t\t<a href='https:\/\/agora.xtec.cat\/ins-nauticabcn\/sea-1571828_1280\/'><img loading=\"lazy\" decoding=\"async\" width=\"1024\" height=\"768\" src=\"https:\/\/agora.xtec.cat\/ins-nauticabcn\/wp-content\/uploads\/usu313\/2021\/04\/sea-1571828_1280-1024x768.jpg\" class=\"attachment-large size-large\" alt=\"\" srcset=\"https:\/\/agora.xtec.cat\/ins-nauticabcn\/wp-content\/uploads\/usu313\/2021\/04\/sea-1571828_1280-1024x768.jpg 1024w, https:\/\/agora.xtec.cat\/ins-nauticabcn\/wp-content\/uploads\/usu313\/2021\/04\/sea-1571828_1280-300x225.jpg 300w, https:\/\/agora.xtec.cat\/ins-nauticabcn\/wp-content\/uploads\/usu313\/2021\/04\/sea-1571828_1280-768x576.jpg 768w, https:\/\/agora.xtec.cat\/ins-nauticabcn\/wp-content\/uploads\/usu313\/2021\/04\/sea-1571828_1280-200x150.jpg 200w, https:\/\/agora.xtec.cat\/ins-nauticabcn\/wp-content\/uploads\/usu313\/2021\/04\/sea-1571828_1280.jpg 1280w\" sizes=\"auto, (max-width: 1024px) 100vw, 1024px\" \/><\/a>\n\t\t\t<\/dt><\/dl><dl class='gallery-item'>\n\t\t\t<dt class='gallery-icon landscape'>\n\t\t\t\t<a href='https:\/\/agora.xtec.cat\/ins-nauticabcn\/img_0067\/'><img loading=\"lazy\" decoding=\"async\" width=\"1024\" height=\"683\" src=\"https:\/\/agora.xtec.cat\/ins-nauticabcn\/wp-content\/uploads\/usu313\/2021\/04\/IMG_0067-1024x683.jpg\" class=\"attachment-large size-large\" alt=\"\" srcset=\"https:\/\/agora.xtec.cat\/ins-nauticabcn\/wp-content\/uploads\/usu313\/2021\/04\/IMG_0067-1024x683.jpg 1024w, https:\/\/agora.xtec.cat\/ins-nauticabcn\/wp-content\/uploads\/usu313\/2021\/04\/IMG_0067-300x200.jpg 300w, https:\/\/agora.xtec.cat\/ins-nauticabcn\/wp-content\/uploads\/usu313\/2021\/04\/IMG_0067-768x512.jpg 768w\" sizes=\"auto, (max-width: 1024px) 100vw, 1024px\" \/><\/a>\n\t\t\t<\/dt><\/dl><br style=\"clear: both\" \/><dl class='gallery-item'>\n\t\t\t<dt class='gallery-icon landscape'>\n\t\t\t\t<a href='https:\/\/agora.xtec.cat\/ins-nauticabcn\/img_0035\/'><img loading=\"lazy\" decoding=\"async\" width=\"1024\" height=\"683\" src=\"https:\/\/agora.xtec.cat\/ins-nauticabcn\/wp-content\/uploads\/usu313\/2021\/04\/IMG_0035-1024x683.jpg\" class=\"attachment-large size-large\" alt=\"\" srcset=\"https:\/\/agora.xtec.cat\/ins-nauticabcn\/wp-content\/uploads\/usu313\/2021\/04\/IMG_0035-1024x683.jpg 1024w, https:\/\/agora.xtec.cat\/ins-nauticabcn\/wp-content\/uploads\/usu313\/2021\/04\/IMG_0035-300x200.jpg 300w, https:\/\/agora.xtec.cat\/ins-nauticabcn\/wp-content\/uploads\/usu313\/2021\/04\/IMG_0035-768x512.jpg 768w\" sizes=\"auto, (max-width: 1024px) 100vw, 1024px\" \/><\/a>\n\t\t\t<\/dt><\/dl><dl class='gallery-item'>\n\t\t\t<dt class='gallery-icon landscape'>\n\t\t\t\t<a href='https:\/\/agora.xtec.cat\/ins-nauticabcn\/img_0019\/'><img loading=\"lazy\" decoding=\"async\" width=\"1024\" height=\"683\" src=\"https:\/\/agora.xtec.cat\/ins-nauticabcn\/wp-content\/uploads\/usu313\/2021\/04\/IMG_0019-1024x683.jpg\" class=\"attachment-large size-large\" alt=\"\" srcset=\"https:\/\/agora.xtec.cat\/ins-nauticabcn\/wp-content\/uploads\/usu313\/2021\/04\/IMG_0019-1024x683.jpg 1024w, https:\/\/agora.xtec.cat\/ins-nauticabcn\/wp-content\/uploads\/usu313\/2021\/04\/IMG_0019-300x200.jpg 300w, https:\/\/agora.xtec.cat\/ins-nauticabcn\/wp-content\/uploads\/usu313\/2021\/04\/IMG_0019-768x512.jpg 768w\" sizes=\"auto, (max-width: 1024px) 100vw, 1024px\" \/><\/a>\n\t\t\t<\/dt><\/dl><br style=\"clear: both\" \/>\n\t\t<\/div>\n\n","protected":false},"excerpt":{"rendered":"<p>Oferta formativa 2026-2027:<br \/>\nCicle inicial:<\/p>\n<ul>\n<li><a href=\"https:\/\/agora.xtec.cat\/ins-nauticabcn\/preinscripcio-i-matricula-cicle-inicial-de-piraguisme-curs-2026-2027\/\" target=\"_blank\" rel=\"noopener\">GRUP: Inici del curs al setembre (Cinc caps de setmana presencials. Resta d&#8217;horari virtual)<\/a><\/li>\n<\/ul>\n<p>Oferta formativa 2025-2026:<br \/>\nCicle Inicial<\/p>\n<ul style=\"list-style-type: circle;\">\n<li><a href=\"https:\/\/docs.google.com\/forms\/d\/13rWgywDYvhWGdOP1kVk11jzCPDr2vMYAH1ZQqB0VLoY\/preview\" target=\"_blank\" rel=\"noopener\">Grup 8 Bloc Com\u00fa 06\/10\/25 al 24\/10\/25.<\/a><\/li>\n<li><a href=\"https:\/\/agora.xtec.cat\/ins-nauticabcn\/preinscripcio-i-matricula-bloc-comu-cicle-inicial-de-natacio-curs-2025-2026\/\" target=\"_blank\" rel=\"noopener\">Grup 24 Bloc Com\u00fa del 27\/04\/26 al 20\/05\/26 (horari&hellip;  <a href=\"https:\/\/agora.xtec.cat\/ins-nauticabcn\/cicle-inicial-de-piraguisme-en-aigues-tranquilles\/\" title=\"Read Cicle Inicial de Pirag\u00fcisme en aig\u00fces tranquil\u00b7les\">Llegeix m\u00e9s\u00bb<\/a><br \/>\n","protected":false},"author":1,"featured_media":0,"parent":0,"menu_order":0,"comment_status":"closed","ping_status":"closed","template":"","meta":{"_bbp_topic_count":0,"_bbp_reply_count":0,"_bbp_total_topic_count":0,"_bbp_total_reply_count":0,"_bbp_voice_count":0,"_bbp_anonymous_reply_count":0,"_bbp_topic_count_hidden":0,"_bbp_reply_count_hidden":0,"_bbp_forum_subforum_count":0,"footnotes":""},"class_list":["post-10094","page","type-page","status-publish","hentry"],"post_mailing_queue_ids":[],"_links":{"self":[{"href":"https:\/\/agora.xtec.cat\/ins-nauticabcn\/wp-json\/wp\/v2\/pages\/10094","targetHints":{"allow":["GET"]}}],"collection":[{"href":"https:\/\/agora.xtec.cat\/ins-nauticabcn\/wp-json\/wp\/v2\/pages"}],"about":[{"href":"https:\/\/agora.xtec.cat\/ins-nauticabcn\/wp-json\/wp\/v2\/types\/page"}],"author":[{"embeddable":true,"href":"https:\/\/agora.xtec.cat\/ins-nauticabcn\/wp-json\/wp\/v2\/users\/1"}],"replies":[{"embeddable":true,"href":"https:\/\/agora.xtec.cat\/ins-nauticabcn\/wp-json\/wp\/v2\/comments?post=10094"}],"version-history":[{"count":6,"href":"https:\/\/agora.xtec.cat\/ins-nauticabcn\/wp-json\/wp\/v2\/pages\/10094\/revisions"}],"predecessor-version":[{"id":10672,"href":"https:\/\/agora.xtec.cat\/ins-nauticabcn\/wp-json\/wp\/v2\/pages\/10094\/revisions\/10672"}],"wp:attachment":[{"href":"https:\/\/agora.xtec.cat\/ins-nauticabcn\/wp-json\/wp\/v2\/media?parent=10094"}],"curies":[{"name":"wp","href":"https:\/\/api.w.org\/{rel}","templated":true}]}}