{"id":10086,"date":"2025-11-17T18:02:21","date_gmt":"2025-11-17T17:02:21","guid":{"rendered":"https:\/\/agora.xtec.cat\/ins-nauticabcn\/?page_id=10086"},"modified":"2026-04-28T13:00:13","modified_gmt":"2026-04-28T11:00:13","slug":"cicle-final-de-busseig-esportiu","status":"publish","type":"page","link":"https:\/\/agora.xtec.cat\/ins-nauticabcn\/cicle-final-de-busseig-esportiu\/","title":{"rendered":"Cicle Final de Busseig Esportiu"},"content":{"rendered":"<p><span style=\"color: #ff6600;\"><strong>Oferta formativa 2026-2027:<\/strong><\/span><\/p>\n<ul>\n<li>GRUP: Inici del curs al gener 2027, final del curs al maig 2027 (Horari de mat\u00ed presencial, de 8h a 14:30h)<\/li>\n<\/ul>\n<p><span style=\"color: #ff6600;\"><strong>Oferta formativa 2025-2026:<\/strong><\/span><\/p>\n<p>Cicle Final<\/p>\n<ul style=\"list-style-type: circle;\">\n<li>Grup 14 Bloc Com\u00fa del 12\/01\/26 al 03\/03\/26 (horari de mat\u00ed presencial)<\/li>\n<\/ul>\n<p>Preinscripci\u00f3 i matr\u00edcula Cicle Final curs 2026-2027<\/p>\n<p>&nbsp;<\/p>\n<p><span style=\"color: #ff6600;\"><strong>Per saber-ne m\u00e9s:<\/strong><\/span><\/p>\n<p>El <strong>cicle final<\/strong> capacita per organitzar, adaptar, dirigir i impartir cursos per a la obtenci\u00f3 de titulacions de bussejador esportiu o bussejadora esportiva en aig\u00fces obertes fins a cinc atmosferes de pressi\u00f3 dels nivells b\u00e0sics, avan\u00e7at i d&#8217;especialitzaci\u00f3; organitzar activitats de descobriment de busseig esportiu; gestionar els recursos materials necessaris, i coordinar les activitats dels t\u00e8cnics al seu c\u00e0rrec. T\u00e9 una durada de <strong>600 hores<\/strong>.<\/p>\n<ul style=\"list-style-type: circle;\">\n<li><a href=\"https:\/\/agora.xtec.cat\/ins-nauticabcn\/wp-content\/uploads\/usu313\/2026\/01\/TEGM____SQ10_CA.pdf\" target=\"_blank\" rel=\"noopener\">Fitxa dels Estudis<\/a><\/li>\n<li><a href=\"https:\/\/triaeducativa.gencat.cat\/ca\/artistics-esportius\/esportius\/cicles\/grau-mitja\/busseig-esportiu\/\" target=\"_blank\" rel=\"noopener\">Informaci\u00f3 Estudis Esportius<\/a> (informaci\u00f3 sobre requisits d&#8217;acc\u00e9s, etc)<\/li>\n<li><a href=\"https:\/\/agora.xtec.cat\/ins-nauticabcn\/wp-content\/uploads\/usu313\/2023\/11\/PP-busseig-cfinal.pdf\" target=\"_blank\" rel=\"noopener\">Preus p\u00fablics Cicle Final <\/a>(informaci\u00f3 provisional a falta de preus oficials per al curs 25-26)<\/li>\n<li><a href=\"https:\/\/sites.google.com\/institutdenautica.barcelona\/ensenyamentsesportius\/home\" target=\"_blank\" rel=\"noopener\">Blog del GM de Busseig<\/a><\/li>\n<\/ul>\n\r\n\t<div class=\"slideshow_container slideshow_container_style-light\" style=\" \" data-slideshow-id=\"5013\" data-style-name=\"style-light\" data-style-version=\"2.3.1\" >\r\n\r\n\t\t\t\t\t<div class=\"slideshow_loading_icon\"><\/div>\r\n\t\t\r\n\t\t<div class=\"slideshow_content\" style=\"display: none;\">\r\n\r\n\t\t\t<div class=\"slideshow_view\">\r\n\t<div class=\"slideshow_slide slideshow_slide_video\">\r\n\t\t<div class=\"slideshow_slide_video_id\" style=\"display: none;\" data-show-related-videos=\"0\">8JPOC6YROMA<\/div>\r\n\t<\/div>\r\n<div style=\"clear: both;\"><\/div><\/div>\r\n\t\t<\/div>\r\n\r\n\t\t<div class=\"slideshow_controlPanel slideshow_transparent\" style=\"display: none;\"><ul><li class=\"slideshow_togglePlay\" data-play-text=\"Visualitza\" data-pause-text=\"Pausa\"><\/li><\/ul><\/div>\r\n\r\n\t\t<div class=\"slideshow_button slideshow_previous slideshow_transparent\" role=\"button\" data-previous-text=\"Anterior\" style=\"display: none;\"><\/div>\r\n\t\t<div class=\"slideshow_button slideshow_next slideshow_transparent\" role=\"button\" data-next-text=\"Seg\u00fcent\" style=\"display: none;\"><\/div>\r\n\r\n\t\t<div class=\"slideshow_pagination\" style=\"display: none;\" data-go-to-text=\"V\u00e9s a la diapositiva\"><div class=\"slideshow_pagination_center\"><\/div><\/div>\r\n\r\n\t\t<!-- WordPress Slideshow Version 2.3.1 -->\r\n\r\n\t\t\t<\/div>\r\n\r\n\n<p>&nbsp;<\/p>\n\n\t\t<style type=\"text\/css\">\n\t\t\t#gallery-1 {\n\t\t\t\tmargin: auto;\n\t\t\t}\n\t\t\t#gallery-1 .gallery-item {\n\t\t\t\tfloat: left;\n\t\t\t\tmargin-top: 10px;\n\t\t\t\ttext-align: center;\n\t\t\t\twidth: 50%;\n\t\t\t}\n\t\t\t#gallery-1 img {\n\t\t\t\tborder: 2px solid #cfcfcf;\n\t\t\t}\n\t\t\t#gallery-1 .gallery-caption {\n\t\t\t\tmargin-left: 0;\n\t\t\t}\n\t\t\t\/* see gallery_shortcode() in wp-includes\/media.php *\/\n\t\t<\/style>\n\t\t<div id='gallery-1' class='gallery galleryid-10086 gallery-columns-2 gallery-size-medium'><dl class='gallery-item'>\n\t\t\t<dt class='gallery-icon landscape'>\n\t\t\t\t<a href='https:\/\/agora.xtec.cat\/ins-nauticabcn\/wp-content\/uploads\/usu313\/2015\/03\/PA1110301.jpg'><img loading=\"lazy\" decoding=\"async\" width=\"300\" height=\"235\" src=\"https:\/\/agora.xtec.cat\/ins-nauticabcn\/wp-content\/uploads\/usu313\/2015\/03\/PA1110301-300x235.jpg\" class=\"attachment-medium size-medium\" alt=\"\" srcset=\"https:\/\/agora.xtec.cat\/ins-nauticabcn\/wp-content\/uploads\/usu313\/2015\/03\/PA1110301-300x235.jpg 300w, https:\/\/agora.xtec.cat\/ins-nauticabcn\/wp-content\/uploads\/usu313\/2015\/03\/PA1110301.jpg 980w\" sizes=\"auto, (max-width: 300px) 100vw, 300px\" \/><\/a>\n\t\t\t<\/dt><\/dl><dl class='gallery-item'>\n\t\t\t<dt class='gallery-icon landscape'>\n\t\t\t\t<a href='https:\/\/agora.xtec.cat\/ins-nauticabcn\/wp-content\/uploads\/usu313\/2015\/03\/PA1110201.jpg'><img loading=\"lazy\" decoding=\"async\" width=\"300\" height=\"227\" src=\"https:\/\/agora.xtec.cat\/ins-nauticabcn\/wp-content\/uploads\/usu313\/2015\/03\/PA1110201-300x227.jpg\" class=\"attachment-medium size-medium\" alt=\"\" srcset=\"https:\/\/agora.xtec.cat\/ins-nauticabcn\/wp-content\/uploads\/usu313\/2015\/03\/PA1110201-300x227.jpg 300w, https:\/\/agora.xtec.cat\/ins-nauticabcn\/wp-content\/uploads\/usu313\/2015\/03\/PA1110201-200x150.jpg 200w, https:\/\/agora.xtec.cat\/ins-nauticabcn\/wp-content\/uploads\/usu313\/2015\/03\/PA1110201.jpg 1013w\" sizes=\"auto, (max-width: 300px) 100vw, 300px\" \/><\/a>\n\t\t\t<\/dt><\/dl><br style=\"clear: both\" \/><dl class='gallery-item'>\n\t\t\t<dt class='gallery-icon landscape'>\n\t\t\t\t<a href='https:\/\/agora.xtec.cat\/ins-nauticabcn\/wp-content\/uploads\/usu313\/2015\/03\/PA1110051.jpg'><img loading=\"lazy\" decoding=\"async\" width=\"300\" height=\"225\" src=\"https:\/\/agora.xtec.cat\/ins-nauticabcn\/wp-content\/uploads\/usu313\/2015\/03\/PA1110051-300x225.jpg\" class=\"attachment-medium size-medium\" alt=\"\" srcset=\"https:\/\/agora.xtec.cat\/ins-nauticabcn\/wp-content\/uploads\/usu313\/2015\/03\/PA1110051-300x225.jpg 300w, https:\/\/agora.xtec.cat\/ins-nauticabcn\/wp-content\/uploads\/usu313\/2015\/03\/PA1110051.jpg 1024w, https:\/\/agora.xtec.cat\/ins-nauticabcn\/wp-content\/uploads\/usu313\/2015\/03\/PA1110051-200x150.jpg 200w\" sizes=\"auto, (max-width: 300px) 100vw, 300px\" \/><\/a>\n\t\t\t<\/dt><\/dl><dl class='gallery-item'>\n\t\t\t<dt class='gallery-icon landscape'>\n\t\t\t\t<a href='https:\/\/agora.xtec.cat\/ins-nauticabcn\/wp-content\/uploads\/usu313\/2015\/03\/PA110984.jpg'><img loading=\"lazy\" decoding=\"async\" width=\"300\" height=\"236\" src=\"https:\/\/agora.xtec.cat\/ins-nauticabcn\/wp-content\/uploads\/usu313\/2015\/03\/PA110984-300x236.jpg\" class=\"attachment-medium size-medium\" alt=\"\" srcset=\"https:\/\/agora.xtec.cat\/ins-nauticabcn\/wp-content\/uploads\/usu313\/2015\/03\/PA110984-300x236.jpg 300w, https:\/\/agora.xtec.cat\/ins-nauticabcn\/wp-content\/uploads\/usu313\/2015\/03\/PA110984-1024x806.jpg 1024w\" sizes=\"auto, (max-width: 300px) 100vw, 300px\" \/><\/a>\n\t\t\t<\/dt><\/dl><br style=\"clear: both\" \/>\n\t\t<\/div>\n\n","protected":false},"excerpt":{"rendered":"<p>Oferta formativa 2026-2027:<\/p>\n<ul>\n<li>GRUP: Inici del curs al gener 2027, final del curs al maig 2027 (Horari de mat\u00ed presencial, de 8h a 14:30h)<\/li>\n<\/ul>\n<p>Oferta formativa 2025-2026:<br \/>\nCicle Final<\/p>\n<ul style=\"list-style-type: circle;\">\n<li>Grup 14 Bloc Com\u00fa del 12\/01\/26 al 03\/03\/26 (horari de mat\u00ed presencial)<\/li>\n<\/ul>\n<p>Preinscripci\u00f3 i matr\u00edcula Cicle Final curs 2026-2027<br \/>\n&nbsp;<br \/>\nPer&hellip;  <a href=\"https:\/\/agora.xtec.cat\/ins-nauticabcn\/cicle-final-de-busseig-esportiu\/\" title=\"Read Cicle Final de Busseig Esportiu\">Llegeix m\u00e9s\u00bb<\/a><\/p>\n","protected":false},"author":1,"featured_media":0,"parent":0,"menu_order":0,"comment_status":"closed","ping_status":"closed","template":"","meta":{"_bbp_topic_count":0,"_bbp_reply_count":0,"_bbp_total_topic_count":0,"_bbp_total_reply_count":0,"_bbp_voice_count":0,"_bbp_anonymous_reply_count":0,"_bbp_topic_count_hidden":0,"_bbp_reply_count_hidden":0,"_bbp_forum_subforum_count":0,"footnotes":""},"class_list":["post-10086","page","type-page","status-publish","hentry"],"post_mailing_queue_ids":[],"_links":{"self":[{"href":"https:\/\/agora.xtec.cat\/ins-nauticabcn\/wp-json\/wp\/v2\/pages\/10086","targetHints":{"allow":["GET"]}}],"collection":[{"href":"https:\/\/agora.xtec.cat\/ins-nauticabcn\/wp-json\/wp\/v2\/pages"}],"about":[{"href":"https:\/\/agora.xtec.cat\/ins-nauticabcn\/wp-json\/wp\/v2\/types\/page"}],"author":[{"embeddable":true,"href":"https:\/\/agora.xtec.cat\/ins-nauticabcn\/wp-json\/wp\/v2\/users\/1"}],"replies":[{"embeddable":true,"href":"https:\/\/agora.xtec.cat\/ins-nauticabcn\/wp-json\/wp\/v2\/comments?post=10086"}],"version-history":[{"count":6,"href":"https:\/\/agora.xtec.cat\/ins-nauticabcn\/wp-json\/wp\/v2\/pages\/10086\/revisions"}],"predecessor-version":[{"id":10711,"href":"https:\/\/agora.xtec.cat\/ins-nauticabcn\/wp-json\/wp\/v2\/pages\/10086\/revisions\/10711"}],"wp:attachment":[{"href":"https:\/\/agora.xtec.cat\/ins-nauticabcn\/wp-json\/wp\/v2\/media?parent=10086"}],"curies":[{"name":"wp","href":"https:\/\/api.w.org\/{rel}","templated":true}]}}