{"id":10023,"date":"2025-11-17T16:53:45","date_gmt":"2025-11-17T15:53:45","guid":{"rendered":"https:\/\/agora.xtec.cat\/ins-nauticabcn\/?page_id=10023"},"modified":"2026-04-27T13:15:40","modified_gmt":"2026-04-27T11:15:40","slug":"grau-superior-de-salvament-i-socorrisme","status":"publish","type":"page","link":"https:\/\/agora.xtec.cat\/ins-nauticabcn\/grau-superior-de-salvament-i-socorrisme\/","title":{"rendered":"Grau Superior de Salvament i Socorrisme"},"content":{"rendered":"<p><span style=\"color: #ff6600;\"><strong>Oferta formativa 2026-2027:<\/strong><\/span><\/p>\n<p><a href=\"https:\/\/agora.xtec.cat\/ins-nauticabcn\/preinscripcio-i-matricula-grau-superior-salvament-i-socorrisme-curs-2026-2027\/\" target=\"_blank\" rel=\"noopener\"><strong>GRUP Bloc Com\u00fa: Inici octubre 2026 (Presencial al mat\u00ed de 8h a 14:30h)<\/strong><\/a><\/p>\n<p><a href=\"https:\/\/agora.xtec.cat\/ins-nauticabcn\/preinscripcio-i-matricula-grau-superior-salvament-i-socorrisme-curs-2026-2027\/\" target=\"_blank\" rel=\"noopener\"><strong>GRUP Bloc Espec\u00edfic: Inici de gener a juny del 2027 (Presencial al mat\u00ed de 8h a 14:30h)<\/strong><\/a><\/p>\n<p><span style=\"color: #ff6600;\"><strong>Oferta formativa 2025-2026:<\/strong><\/span><\/p>\n<p>Grup 9 Bloc Com\u00fa del 06\/10\/25 al 03\/12\/25<\/p>\n<p>Grup 9 Bloc Espec\u00edfic de gener a juny del 2026 de 8 a 14:30 hores<\/p>\n<p><a href=\"https:\/\/agora.xtec.cat\/ins-nauticabcn\/preinscripcio-i-matricula-grau-superior-salvament-i-socorrisme-curs-2025-2026\/\" target=\"_blank\" rel=\"noopener\">Preinscripci\u00f3 i matr\u00edcula Bloc Espec\u00edfic Grau Superior de Salvament i Socorrisme 2025-2026<\/a><\/p>\n<p>&nbsp;<\/p>\n<p><span style=\"color: #ff6600;\"><strong>Per saber-ne m\u00e9s:<\/strong><\/span><\/p>\n<p>Aquests estudis capaciten per programar, dirigir i coordinar l&#8217;entrenament esportiu de socorristes i equips de socorristes en competicions de nivell mitj\u00e0 i alt; coordinar els recursos humans i materials en l&#8217;activitat de salvament i socorrisme, i dirigir escoles de salvament i socorrisme.<br \/>\nTenen una durada de <strong>875 hores<\/strong>, distribu\u00efdes en <strong>un curs acad\u00e8mic<\/strong>.<\/p>\n<ul>\n<li style=\"list-style-type: none;\">\n<ul>\n<li><a href=\"https:\/\/agora.xtec.cat\/ins-nauticabcn\/wp-content\/uploads\/usu313\/2026\/01\/TEGS____SSA0_CA.pdf\" target=\"_blank\" rel=\"noopener\">Fitxa dels Estudis<\/a><\/li>\n<li><a href=\"https:\/\/triaeducativa.gencat.cat\/ca\/artistics-esportius\/esportius\/index.html\" target=\"_blank\" rel=\"noopener\">Informaci\u00f3 Estudis Esportius <\/a>(informaci\u00f3 sobre requisits d\u2019acc\u00e9s, etc)<\/li>\n<li><a href=\"https:\/\/agora.xtec.cat\/ins-nauticabcn\/wp-content\/uploads\/usu313\/2024\/02\/PP-salvament-gsuperior.pdf\" target=\"_blank\" rel=\"noopener\">Preus p\u00fablics <\/a>(informaci\u00f3 provisional a falta de preus oficials per al curs 25-26)<\/li>\n<li><a href=\"https:\/\/sites.google.com\/institutdenautica.barcelona\/ensenyamentsesportius\/home\">Blog del GS de Socorrisme<\/a><\/li>\n<\/ul>\n<\/li>\n<\/ul>\n\r\n\t<div class=\"slideshow_container slideshow_container_style-light\" style=\" \" data-slideshow-id=\"5041\" data-style-name=\"style-light\" data-style-version=\"2.3.1\" >\r\n\r\n\t\t\t\t\t<div class=\"slideshow_loading_icon\"><\/div>\r\n\t\t\r\n\t\t<div class=\"slideshow_content\" style=\"display: none;\">\r\n\r\n\t\t\t<div class=\"slideshow_view\">\r\n\t<div class=\"slideshow_slide slideshow_slide_video\">\r\n\t\t<div class=\"slideshow_slide_video_id\" style=\"display: none;\" data-show-related-videos=\"0\">urQrtT1c9sc<\/div>\r\n\t<\/div>\r\n<div style=\"clear: both;\"><\/div><\/div>\r\n\t\t<\/div>\r\n\r\n\t\t<div class=\"slideshow_controlPanel slideshow_transparent\" style=\"display: none;\"><ul><li class=\"slideshow_togglePlay\" data-play-text=\"Visualitza\" data-pause-text=\"Pausa\"><\/li><\/ul><\/div>\r\n\r\n\t\t<div class=\"slideshow_button slideshow_previous slideshow_transparent\" role=\"button\" data-previous-text=\"Anterior\" style=\"display: none;\"><\/div>\r\n\t\t<div class=\"slideshow_button slideshow_next slideshow_transparent\" role=\"button\" data-next-text=\"Seg\u00fcent\" style=\"display: none;\"><\/div>\r\n\r\n\t\t<div class=\"slideshow_pagination\" style=\"display: none;\" data-go-to-text=\"V\u00e9s a la diapositiva\"><div class=\"slideshow_pagination_center\"><\/div><\/div>\r\n\r\n\t\t<!-- WordPress Slideshow Version 2.3.1 -->\r\n\r\n\t\t\t<\/div>\r\n\r\n\n","protected":false},"excerpt":{"rendered":"<p>Oferta formativa 2026-2027:<br \/>\n<a href=\"https:\/\/agora.xtec.cat\/ins-nauticabcn\/preinscripcio-i-matricula-grau-superior-salvament-i-socorrisme-curs-2026-2027\/\" target=\"_blank\" rel=\"noopener\">GRUP Bloc Com\u00fa: Inici octubre 2026 (Presencial al mat\u00ed de 8h a 14:30h)<\/a><br \/>\n<a href=\"https:\/\/agora.xtec.cat\/ins-nauticabcn\/preinscripcio-i-matricula-grau-superior-salvament-i-socorrisme-curs-2026-2027\/\" target=\"_blank\" rel=\"noopener\">GRUP Bloc Espec\u00edfic: Inici de gener a juny del 2027 (Presencial al mat\u00ed de 8h a 14:30h)<\/a><br \/>\nOferta formativa 2025-2026:<br \/>\nGrup 9 Bloc Com\u00fa del 06\/10\/25 al&hellip;  <a href=\"https:\/\/agora.xtec.cat\/ins-nauticabcn\/grau-superior-de-salvament-i-socorrisme\/\" title=\"Read Grau Superior de Salvament i Socorrisme\">Llegeix m\u00e9s\u00bb<\/a><\/p>\n","protected":false},"author":1,"featured_media":0,"parent":0,"menu_order":0,"comment_status":"closed","ping_status":"closed","template":"","meta":{"_bbp_topic_count":0,"_bbp_reply_count":0,"_bbp_total_topic_count":0,"_bbp_total_reply_count":0,"_bbp_voice_count":0,"_bbp_anonymous_reply_count":0,"_bbp_topic_count_hidden":0,"_bbp_reply_count_hidden":0,"_bbp_forum_subforum_count":0,"footnotes":""},"class_list":["post-10023","page","type-page","status-publish","hentry"],"post_mailing_queue_ids":[],"_links":{"self":[{"href":"https:\/\/agora.xtec.cat\/ins-nauticabcn\/wp-json\/wp\/v2\/pages\/10023","targetHints":{"allow":["GET"]}}],"collection":[{"href":"https:\/\/agora.xtec.cat\/ins-nauticabcn\/wp-json\/wp\/v2\/pages"}],"about":[{"href":"https:\/\/agora.xtec.cat\/ins-nauticabcn\/wp-json\/wp\/v2\/types\/page"}],"author":[{"embeddable":true,"href":"https:\/\/agora.xtec.cat\/ins-nauticabcn\/wp-json\/wp\/v2\/users\/1"}],"replies":[{"embeddable":true,"href":"https:\/\/agora.xtec.cat\/ins-nauticabcn\/wp-json\/wp\/v2\/comments?post=10023"}],"version-history":[{"count":6,"href":"https:\/\/agora.xtec.cat\/ins-nauticabcn\/wp-json\/wp\/v2\/pages\/10023\/revisions"}],"predecessor-version":[{"id":10676,"href":"https:\/\/agora.xtec.cat\/ins-nauticabcn\/wp-json\/wp\/v2\/pages\/10023\/revisions\/10676"}],"wp:attachment":[{"href":"https:\/\/agora.xtec.cat\/ins-nauticabcn\/wp-json\/wp\/v2\/media?parent=10023"}],"curies":[{"name":"wp","href":"https:\/\/api.w.org\/{rel}","templated":true}]}}