{"id":7439,"date":"2022-01-26T13:14:29","date_gmt":"2022-01-26T12:14:29","guid":{"rendered":"https:\/\/agora.xtec.cat\/ins-mila-bcn\/?page_id=7439"},"modified":"2025-09-25T18:33:14","modified_gmt":"2025-09-25T16:33:14","slug":"internacionalitzacio","status":"publish","type":"page","link":"https:\/\/agora.xtec.cat\/ins-mila-bcn\/internacionalitzacio\/","title":{"rendered":"Internacionalitzaci\u00f3"},"content":{"rendered":"<p>L&#8217;INS Mil\u00e0 i Fontanals potencia la internacionalitzaci\u00f3 de les seves activitats educatives i refor\u00e7a l&#8217;estrat\u00e8gia de centre per a una educaci\u00f3 pluriling\u00fce i intercultural, com a instruments per ajudar els alumnes a esdevenir ciutadans del m\u00f3n, capacitats per treballar cooperativament amb joves d&#8217;arreu i preparats per desenvolupar-se amb \u00e8xit en un context global.<\/p>\n<ul>\n<li>Erasmus+ \u00e9s el programa de la UE per a l\u2019educaci\u00f3, la formaci\u00f3, la joventut i l\u2019esport a Europa. Aquest programa s\u2019emmarca en les pol\u00edtiques educatives de la Uni\u00f3 Europea i segueix els objectius de l\u2019<a href=\"https:\/\/ec.europa.eu\/education\/education-in-the-eu\/european-education-area_es\" target=\"_blank\" rel=\"noopener\">Espai Europeu d\u2019Educaci\u00f3 2025<\/a><\/li>\n<li>eTwinning \u00e9s la comunitat m\u00e9s extensa de centres educatius d\u2019Europa. Va n\u00e9ixer el 2005 com iniciativa del Programa d\u2019Aprenentatge eLearning de la\u00a0Comissi\u00f3 Europea\u00a0i des del 2014\u00a0forma part d\u2019Erasmus+, el Programa de la Uni\u00f3 Europea en mat\u00e8ria d\u2019educaci\u00f3, formaci\u00f3, joventut i esport .<\/li>\n<\/ul>\n","protected":false},"excerpt":{"rendered":"<p>L&#8217;INS Mil\u00e0 i Fontanals potencia la internacionalitzaci\u00f3 de les seves activitats educatives i refor\u00e7a l&#8217;estrat\u00e8gia de centre per a una educaci\u00f3 pluriling\u00fce i intercultural, com a instruments per ajudar els alumnes a esdevenir ciutadans del m\u00f3n, capacitats per treballar cooperativament amb joves d&#8217;arreu i preparats&hellip;  <a href=\"https:\/\/agora.xtec.cat\/ins-mila-bcn\/internacionalitzacio\/\" title=\"Read Internacionalitzaci\u00f3\">Llegeix m\u00e9s\u00bb<\/a><\/p>\n","protected":false},"author":16,"featured_media":0,"parent":0,"menu_order":0,"comment_status":"closed","ping_status":"closed","template":"page-templates\/side-menu.php","meta":{"_bbp_topic_count":0,"_bbp_reply_count":0,"_bbp_total_topic_count":0,"_bbp_total_reply_count":0,"_bbp_voice_count":0,"_bbp_anonymous_reply_count":0,"_bbp_topic_count_hidden":0,"_bbp_reply_count_hidden":0,"_bbp_forum_subforum_count":0,"footnotes":""},"class_list":["post-7439","page","type-page","status-publish","hentry"],"post_mailing_queue_ids":[],"_links":{"self":[{"href":"https:\/\/agora.xtec.cat\/ins-mila-bcn\/wp-json\/wp\/v2\/pages\/7439","targetHints":{"allow":["GET"]}}],"collection":[{"href":"https:\/\/agora.xtec.cat\/ins-mila-bcn\/wp-json\/wp\/v2\/pages"}],"about":[{"href":"https:\/\/agora.xtec.cat\/ins-mila-bcn\/wp-json\/wp\/v2\/types\/page"}],"author":[{"embeddable":true,"href":"https:\/\/agora.xtec.cat\/ins-mila-bcn\/wp-json\/wp\/v2\/users\/16"}],"replies":[{"embeddable":true,"href":"https:\/\/agora.xtec.cat\/ins-mila-bcn\/wp-json\/wp\/v2\/comments?post=7439"}],"version-history":[{"count":5,"href":"https:\/\/agora.xtec.cat\/ins-mila-bcn\/wp-json\/wp\/v2\/pages\/7439\/revisions"}],"predecessor-version":[{"id":11274,"href":"https:\/\/agora.xtec.cat\/ins-mila-bcn\/wp-json\/wp\/v2\/pages\/7439\/revisions\/11274"}],"wp:attachment":[{"href":"https:\/\/agora.xtec.cat\/ins-mila-bcn\/wp-json\/wp\/v2\/media?parent=7439"}],"curies":[{"name":"wp","href":"https:\/\/api.w.org\/{rel}","templated":true}]}}