{"id":6851,"date":"2021-07-12T09:06:21","date_gmt":"2021-07-12T07:06:21","guid":{"rendered":"http:\/\/agora.xtec.cat\/ins-mila-bcn\/?page_id=6851"},"modified":"2021-07-12T09:50:42","modified_gmt":"2021-07-12T07:50:42","slug":"orientacio-educativa-i-accio-tutorial","status":"publish","type":"page","link":"https:\/\/agora.xtec.cat\/ins-mila-bcn\/orientacio-educativa-i-accio-tutorial\/","title":{"rendered":"Orientaci\u00f3 educativa i acci\u00f3 tutorial"},"content":{"rendered":"<h4>Enfocament del sistema educatiu<\/h4>\n<p>A Catalunya els curr\u00edculums d\u2019educaci\u00f3 presenten un <strong>enfocament inclusiu<\/strong> del sistema educatiu i fomenten la <strong>formaci\u00f3 competencial i integral dels alumnes<\/strong>, la seva continu\u00eftat formativa i l\u2019aprenentatge permanent al llarg de la vida. Per promoure aquesta finalitat, l\u2019orientaci\u00f3 educativa, entesa com a orientaci\u00f3 personal, social, acad\u00e8mica i professional, i l\u2019acci\u00f3 tutorial esdevenen funcions transversals de tot el sistema educatiu i de responsabilitat compartida entre els diferents equips educatius que acompanyen els alumnes en el seu proc\u00e9s de formaci\u00f3.<\/p>\n<p>&nbsp;<\/p>\n<h4>Orientaci\u00f3 educativa i acci\u00f3 tutorial<\/h4>\n<p>L\u2019orientaci\u00f3 educativa i l\u2019acci\u00f3 tutorial, com a funcions transversals i de responsabilitat compartida, s\u00f3n els principis nuclears de l\u2019aprenentatge permanent i, per tant, de l\u2019\u00e8xit educatiu de l\u2019alumne i l\u2019educaci\u00f3 al llarg de la vida.<\/p>\n<p>L\u2019<strong>orientaci\u00f3 educativa<\/strong> compr\u00e8n les accions de centre que promouen l\u2019acompanyament personalitzat de l\u2019alumne i requereix que els equips de centre incorporin estrat\u00e8gies did\u00e0ctiques i pedag\u00f2giques afavoridores de l\u2019aprenentatge i l\u2019autonomia de l\u2019alumne.<\/p>\n<p>L\u2019<strong>acci\u00f3 tutorial<\/strong> integra les funcions tutorials del docent, dels equips educatius i de tots els professionals de la comunitat educativa i t\u00e9 per finalitat contribuir, en col\u00b7laboraci\u00f3 amb les fam\u00edlies, a la implicaci\u00f3 de cada alumne en el seu proc\u00e9s educatiu i al desenvolupament d\u2019una din\u00e0mica social positiva en la comunitat educativa.<\/p>\n<p>L\u2019acci\u00f3 tutorial, entesa com a acompanyament de l\u2019alumne en el seu proc\u00e9s d\u2019aprenentatge i en la construcci\u00f3 del seu projecte de vida com a ciutad\u00e0 responsable, ha d\u2019estar inserida en cadascuna de les activitats de centre amb una visi\u00f3 transversal i compartida entre tots els equips educatius.<\/p>\n<h4><\/h4>\n<h4>Desplegament de l&#8217;acci\u00f3 tutorial<\/h4>\n<p>El desplegament de les funcions orientadora i tutorial en el si dels processos d\u2019ensenyament-aprenentatge possibilita la personalitzaci\u00f3 de l\u2019aprenentatge i comporta que els equips de centre, partint de l\u2019heterogene\u00eftat dels alumnes com a valor, dissenyin entorns d\u2019aprenentatge que permetin afavorir la resposta educativa singularitzada.<\/p>\n<ul>\n<li><strong><a href=\"https:\/\/classroom.google.com\/u\/0\/c\/MzcwNTg1MTc1MDc1\" target=\"_blank\" rel=\"noopener noreferrer\">Acc\u00e9s a l&#8217;espai de centre de coordinaci\u00f3 de l&#8217;acci\u00f3 tutorial<\/a><\/strong><\/li>\n<\/ul>\n<p>&nbsp;<\/p>\n","protected":false},"excerpt":{"rendered":"<p>Enfocament del sistema educatiu<br \/>\nA Catalunya els curr\u00edculums d\u2019educaci\u00f3 presenten un enfocament inclusiu del sistema educatiu i fomenten la formaci\u00f3 competencial i integral dels alumnes, la seva continu\u00eftat formativa i l\u2019aprenentatge permanent al llarg de la vida. Per promoure aquesta finalitat, l\u2019orientaci\u00f3 educativa, entesa com a&hellip;  <a href=\"https:\/\/agora.xtec.cat\/ins-mila-bcn\/orientacio-educativa-i-accio-tutorial\/\" title=\"Read Orientaci\u00f3 educativa i acci\u00f3 tutorial\">Llegeix m\u00e9s\u00bb<\/a><\/p>\n","protected":false},"author":16,"featured_media":0,"parent":0,"menu_order":0,"comment_status":"closed","ping_status":"closed","template":"","meta":{"_bbp_topic_count":0,"_bbp_reply_count":0,"_bbp_total_topic_count":0,"_bbp_total_reply_count":0,"_bbp_voice_count":0,"_bbp_anonymous_reply_count":0,"_bbp_topic_count_hidden":0,"_bbp_reply_count_hidden":0,"_bbp_forum_subforum_count":0,"footnotes":""},"class_list":["post-6851","page","type-page","status-publish","hentry"],"post_mailing_queue_ids":[],"_links":{"self":[{"href":"https:\/\/agora.xtec.cat\/ins-mila-bcn\/wp-json\/wp\/v2\/pages\/6851","targetHints":{"allow":["GET"]}}],"collection":[{"href":"https:\/\/agora.xtec.cat\/ins-mila-bcn\/wp-json\/wp\/v2\/pages"}],"about":[{"href":"https:\/\/agora.xtec.cat\/ins-mila-bcn\/wp-json\/wp\/v2\/types\/page"}],"author":[{"embeddable":true,"href":"https:\/\/agora.xtec.cat\/ins-mila-bcn\/wp-json\/wp\/v2\/users\/16"}],"replies":[{"embeddable":true,"href":"https:\/\/agora.xtec.cat\/ins-mila-bcn\/wp-json\/wp\/v2\/comments?post=6851"}],"version-history":[{"count":4,"href":"https:\/\/agora.xtec.cat\/ins-mila-bcn\/wp-json\/wp\/v2\/pages\/6851\/revisions"}],"predecessor-version":[{"id":6874,"href":"https:\/\/agora.xtec.cat\/ins-mila-bcn\/wp-json\/wp\/v2\/pages\/6851\/revisions\/6874"}],"wp:attachment":[{"href":"https:\/\/agora.xtec.cat\/ins-mila-bcn\/wp-json\/wp\/v2\/media?parent=6851"}],"curies":[{"name":"wp","href":"https:\/\/api.w.org\/{rel}","templated":true}]}}