{"id":5655,"date":"2020-06-20T15:22:37","date_gmt":"2020-06-20T13:22:37","guid":{"rendered":"http:\/\/agora.xtec.cat\/ins-mila-bcn\/?page_id=5655"},"modified":"2020-06-20T19:24:04","modified_gmt":"2020-06-20T17:24:04","slug":"documentacio-matricula-batxillerat-nous","status":"publish","type":"page","link":"https:\/\/agora.xtec.cat\/ins-mila-bcn\/documentacio-matricula-batxillerat-nous\/","title":{"rendered":"DOCUMENTACI\u00d3 MATR\u00cdCULA BATXILLERAT NOUS"},"content":{"rendered":"<h5><b>MATR\u00cdCULA ALUMNES NOUS (alumnes que no estaven al nostre Institut el curs 2019-2020)<\/b><\/h5>\n<p>TELEM\u00c0TICAMENT O AMB CITA PR\u00c8VIA (934417958 de 9 a 14h) Veure instruccions en la documentaci\u00f3 de la matr\u00edcula<\/p>\n<h5><strong>DOCUMENTACI\u00d3 MATR\u00cdCULA BATXILLERAT (del 8 al 14 de juliol els alumnes aprovats el juny i del 7 a 10 de setembre els alumnes aprovats el setembre)<\/strong><\/h5>\n<ul>\n<li style=\"list-style-type: none;\">\n<ul>\n<li style=\"list-style-type: none;\">\n<ul>\n<li>\n<h5><a href=\"https:\/\/agora.xtec.cat\/ins-mila-bcn\/wp-content\/uploads\/usu1834\/2020\/06\/INSTRUCCIONS-matriculacio\u0301-BAT-NOUS-.pdf\" target=\"_blank\" rel=\"noopener noreferrer\">INSTRUCCIONS MATRICULACI\u00d3 BATXILLERAT (alumnes nous)<\/a><\/h5>\n<\/li>\n<li>\n<h5><a href=\"https:\/\/agora.xtec.cat\/ins-mila-bcn\/wp-content\/uploads\/usu1834\/2020\/06\/FULL-DADES-PERSONALS-I-AUTORITZACIONS-BAT-NOUS.pdf\" target=\"_blank\" rel=\"noopener noreferrer\">FULL DADES PERSONALS I AUTORITZACIONS (alumnes nous)<\/a><\/h5>\n<\/li>\n<li>\n<h5><a href=\"https:\/\/agora.xtec.cat\/ins-mila-bcn\/wp-content\/uploads\/usu1834\/2020\/06\/Carta-de-compromi\u0301s-educatiu.pdf\" target=\"_blank\" rel=\"noopener noreferrer\">CARTA DE COMPROM\u00cdS EDUCATIU<\/a><\/h5>\n<\/li>\n<li>\n<h5><a href=\"https:\/\/agora.xtec.cat\/ins-mila-bcn\/wp-content\/uploads\/usu1834\/2020\/06\/explicacio\u0301-quota-BAT-NOUS.pdf\" target=\"_blank\" rel=\"noopener noreferrer\">EXPLICACI\u00d3 QUOTA BATXILLERAT<\/a><\/h5>\n<\/li>\n<li>\n<h5><a href=\"https:\/\/agora.xtec.cat\/ins-mila-bcn\/wp-content\/uploads\/usu1834\/2020\/06\/Explicacio\u0301-autoritzacions-.pdf\" target=\"_blank\" rel=\"noopener noreferrer\">EXPLICACI\u00d3 AUTORITZACIONS<\/a><\/h5>\n<\/li>\n<li>\n<h5><a href=\"https:\/\/agora.xtec.cat\/ins-mila-bcn\/wp-content\/uploads\/usu1834\/2020\/06\/TRIA-MAT\u00c8RIES-1r-BAT.pdf\" target=\"_blank\" rel=\"noopener noreferrer\">TRIA MAT\u00c8RIES 1r BATXILLERAT<\/a><\/h5>\n<\/li>\n<li>\n<h5><a href=\"https:\/\/agora.xtec.cat\/ins-mila-bcn\/wp-content\/uploads\/usu1834\/2020\/06\/TRIA-MAT\u00c8RIES-2n-BAT.pdf\" target=\"_blank\" rel=\"noopener noreferrer\">TRIA MAT\u00c8RIES 2n BATIXLLERAT<\/a><\/h5>\n<\/li>\n<\/ul>\n<\/li>\n<\/ul>\n<\/li>\n<\/ul>\n","protected":false},"excerpt":{"rendered":"<p>MATR\u00cdCULA ALUMNES NOUS (alumnes que no estaven al nostre Institut el curs 2019-2020)<br \/>\nTELEM\u00c0TICAMENT O AMB CITA PR\u00c8VIA (934417958 de 9 a 14h) Veure instruccions en la documentaci\u00f3 de la matr\u00edcula<br \/>\nDOCUMENTACI\u00d3 MATR\u00cdCULA BATXILLERAT (del 8 al 14 de juliol els alumnes aprovats el juny i del&hellip;  <a href=\"https:\/\/agora.xtec.cat\/ins-mila-bcn\/documentacio-matricula-batxillerat-nous\/\" title=\"Read DOCUMENTACI\u00d3 MATR\u00cdCULA BATXILLERAT NOUS\">Llegeix m\u00e9s\u00bb<\/a><\/p>\n","protected":false},"author":1,"featured_media":0,"parent":0,"menu_order":0,"comment_status":"closed","ping_status":"closed","template":"","meta":{"_bbp_topic_count":0,"_bbp_reply_count":0,"_bbp_total_topic_count":0,"_bbp_total_reply_count":0,"_bbp_voice_count":0,"_bbp_anonymous_reply_count":0,"_bbp_topic_count_hidden":0,"_bbp_reply_count_hidden":0,"_bbp_forum_subforum_count":0,"footnotes":""},"class_list":["post-5655","page","type-page","status-publish","hentry"],"post_mailing_queue_ids":[],"_links":{"self":[{"href":"https:\/\/agora.xtec.cat\/ins-mila-bcn\/wp-json\/wp\/v2\/pages\/5655","targetHints":{"allow":["GET"]}}],"collection":[{"href":"https:\/\/agora.xtec.cat\/ins-mila-bcn\/wp-json\/wp\/v2\/pages"}],"about":[{"href":"https:\/\/agora.xtec.cat\/ins-mila-bcn\/wp-json\/wp\/v2\/types\/page"}],"author":[{"embeddable":true,"href":"https:\/\/agora.xtec.cat\/ins-mila-bcn\/wp-json\/wp\/v2\/users\/1"}],"replies":[{"embeddable":true,"href":"https:\/\/agora.xtec.cat\/ins-mila-bcn\/wp-json\/wp\/v2\/comments?post=5655"}],"version-history":[{"count":3,"href":"https:\/\/agora.xtec.cat\/ins-mila-bcn\/wp-json\/wp\/v2\/pages\/5655\/revisions"}],"predecessor-version":[{"id":5686,"href":"https:\/\/agora.xtec.cat\/ins-mila-bcn\/wp-json\/wp\/v2\/pages\/5655\/revisions\/5686"}],"wp:attachment":[{"href":"https:\/\/agora.xtec.cat\/ins-mila-bcn\/wp-json\/wp\/v2\/media?parent=5655"}],"curies":[{"name":"wp","href":"https:\/\/api.w.org\/{rel}","templated":true}]}}