{"id":5618,"date":"2020-06-20T12:41:40","date_gmt":"2020-06-20T10:41:40","guid":{"rendered":"http:\/\/agora.xtec.cat\/ins-mila-bcn\/?page_id=5618"},"modified":"2020-06-20T15:27:22","modified_gmt":"2020-06-20T13:27:22","slug":"documentacio-matricula-eso","status":"publish","type":"page","link":"https:\/\/agora.xtec.cat\/ins-mila-bcn\/documentacio-matricula-eso\/","title":{"rendered":"DOCUMENTACI\u00d3 MATR\u00cdCULA ESO"},"content":{"rendered":"<h5><b>MATR\u00cdCULA CONTINU\u00cfTAT (alumnes que estaven al nostre Institut el curs 2019-2020)\u00a0<\/b><\/h5>\n<p>TELEM\u00c0TICAMENT O AMB CITA PR\u00c8VIA (934417958 de 9 a 14h)<\/p>\n<h5>DOCUMENTACI\u00d3 MATR\u00cdCULA ESO (del 26 de juny al 17 de juliol)<\/h5>\n<ul>\n<li style=\"list-style-type: none;\">\n<ul>\n<li style=\"list-style-type: none;\">\n<ul>\n<li>\n<h5><a href=\"https:\/\/agora.xtec.cat\/ins-mila-bcn\/wp-content\/uploads\/usu1834\/2020\/06\/INSTRUCCIONS-ESO-CENTRE-.pdf\" target=\"_blank\" rel=\"noopener noreferrer\">INSTRUCCIONS ESO (Alumnes del centre)<\/a><\/h5>\n<\/li>\n<li>\n<h5><a href=\"https:\/\/agora.xtec.cat\/ins-mila-bcn\/wp-content\/uploads\/usu1834\/2020\/06\/Dades-personals-alumnes-ESO-centre-.pdf\" target=\"_blank\" rel=\"noopener noreferrer\">DADES PERSONALS ALUMNES ESO<\/a><\/h5>\n<\/li>\n<li>\n<h5><a href=\"https:\/\/agora.xtec.cat\/ins-mila-bcn\/wp-content\/uploads\/usu1834\/2020\/06\/explicacio\u0301-quota-ESO.pdf\" target=\"_blank\" rel=\"noopener noreferrer\">EXPLICACI\u00d3 QUOTA ESO<\/a><\/h5>\n<\/li>\n<\/ul>\n<\/li>\n<\/ul>\n<\/li>\n<\/ul>\n<h5><\/h5>\n","protected":false},"excerpt":{"rendered":"<p>MATR\u00cdCULA CONTINU\u00cfTAT (alumnes que estaven al nostre Institut el curs 2019-2020)\u00a0<br \/>\nTELEM\u00c0TICAMENT O AMB CITA PR\u00c8VIA (934417958 de 9 a 14h)<br \/>\nDOCUMENTACI\u00d3 MATR\u00cdCULA ESO (del 26 de juny al 17 de juliol)<\/p>\n<ul>\n<li style=\"list-style-type: none;\">\n<ul>\n<li style=\"list-style-type: none;\">\n<ul>\n<li>\n<a href=\"https:\/\/agora.xtec.cat\/ins-mila-bcn\/wp-content\/uploads\/usu1834\/2020\/06\/INSTRUCCIONS-ESO-CENTRE-.pdf\" target=\"_blank\" rel=\"noopener noreferrer\">INSTRUCCIONS ESO (Alumnes del centre)<\/a>\n<\/li>\n<li>\n<a href=\"https:\/\/agora.xtec.cat\/ins-mila-bcn\/wp-content\/uploads\/usu1834\/2020\/06\/Dades-personals-alumnes-ESO-centre-.pdf\" target=\"_blank\" rel=\"noopener&hellip;  <a href=\"https:\/\/agora.xtec.cat\/ins-mila-bcn\/documentacio-matricula-eso\/\" title=\"Read DOCUMENTACI\u00d3 MATR\u00cdCULA ESO\">Llegeix m\u00e9s\u00bb<\/a><\/p>\n","protected":false},"author":1,"featured_media":0,"parent":0,"menu_order":0,"comment_status":"closed","ping_status":"closed","template":"","meta":{"_bbp_topic_count":0,"_bbp_reply_count":0,"_bbp_total_topic_count":0,"_bbp_total_reply_count":0,"_bbp_voice_count":0,"_bbp_anonymous_reply_count":0,"_bbp_topic_count_hidden":0,"_bbp_reply_count_hidden":0,"_bbp_forum_subforum_count":0,"footnotes":""},"class_list":["post-5618","page","type-page","status-publish","hentry"],"post_mailing_queue_ids":[],"_links":{"self":[{"href":"https:\/\/agora.xtec.cat\/ins-mila-bcn\/wp-json\/wp\/v2\/pages\/5618","targetHints":{"allow":["GET"]}}],"collection":[{"href":"https:\/\/agora.xtec.cat\/ins-mila-bcn\/wp-json\/wp\/v2\/pages"}],"about":[{"href":"https:\/\/agora.xtec.cat\/ins-mila-bcn\/wp-json\/wp\/v2\/types\/page"}],"author":[{"embeddable":true,"href":"https:\/\/agora.xtec.cat\/ins-mila-bcn\/wp-json\/wp\/v2\/users\/1"}],"replies":[{"embeddable":true,"href":"https:\/\/agora.xtec.cat\/ins-mila-bcn\/wp-json\/wp\/v2\/comments?post=5618"}],"version-history":[{"count":4,"href":"https:\/\/agora.xtec.cat\/ins-mila-bcn\/wp-json\/wp\/v2\/pages\/5618\/revisions"}],"predecessor-version":[{"id":5662,"href":"https:\/\/agora.xtec.cat\/ins-mila-bcn\/wp-json\/wp\/v2\/pages\/5618\/revisions\/5662"}],"wp:attachment":[{"href":"https:\/\/agora.xtec.cat\/ins-mila-bcn\/wp-json\/wp\/v2\/media?parent=5618"}],"curies":[{"name":"wp","href":"https:\/\/api.w.org\/{rel}","templated":true}]}}