{"id":27,"date":"2014-09-17T16:24:03","date_gmt":"2014-09-17T16:24:03","guid":{"rendered":"http:\/\/agora.xtec.cat\/ins-mila-bcn\/?page_id=27"},"modified":"2020-06-27T14:18:03","modified_gmt":"2020-06-27T12:18:03","slug":"historia","status":"publish","type":"page","link":"https:\/\/agora.xtec.cat\/ins-mila-bcn\/linstitut\/historia\/","title":{"rendered":"Hist\u00f2ria"},"content":{"rendered":"<p><span style=\"font-weight: 400;\">L\u2019Institut d\u2019Ensenyament Secundari \u00a0Mil\u00e0 i Fontanals es va fundar l\u2019any 1933 com a Institut Escola Pi i Margall. La seva ubicaci\u00f3 inicial fou al carrer Balmes, despr\u00e9s, i ja amb el nom de Mil\u00e0 i Fontanals, al carrer Canuda i finalment, a partir del curs 61-62 se situ\u00e0 en un edifici nou dissenyat expressament com a institut d\u2019ensenyament mitj\u00e0, que \u00e9s la seva ubicaci\u00f3 actual. El curs 2008-09 se celebr\u00e0 el seu 75\u00e8 aniversari.<\/span><\/p>\n<p><span style=\"font-weight: 400;\">A l\u2019INS conviu un alumnat d\u2019una gran diversitat cultural (m\u00e9s de 20 pa\u00efsos diferents), amb nivells d\u2019aprenentatge i situacions econ\u00f2miques i socials molt diverses. Hem dissenyat estrat\u00e8gies per atendre aquesta diversitat utilitzant recursos del centre (grups redu\u00efts, aula d\u2019acollida, desdoblaments, refor\u00e7os&#8230;) i del nostre entorn (Casal d\u2019infants, Impulsem, Programa \u00c8xit&#8230;).<\/span><\/p>\n<p><a href=\"https:\/\/agora.xtec.cat\/ins-mila-bcn\/wp-content\/uploads\/usu1834\/2019\/02\/MILA-I-FONTANALS-1961.jpg\"><img loading=\"lazy\" decoding=\"async\" class=\"size-full wp-image-3495 aligncenter\" src=\"https:\/\/agora.xtec.cat\/ins-mila-bcn\/wp-content\/uploads\/usu1834\/2019\/02\/MILA-I-FONTANALS-1961.jpg\" alt=\"\" width=\"2870\" height=\"1947\" srcset=\"https:\/\/agora.xtec.cat\/ins-mila-bcn\/wp-content\/uploads\/usu1834\/2019\/02\/MILA-I-FONTANALS-1961.jpg 2870w, https:\/\/agora.xtec.cat\/ins-mila-bcn\/wp-content\/uploads\/usu1834\/2019\/02\/MILA-I-FONTANALS-1961-300x204.jpg 300w, https:\/\/agora.xtec.cat\/ins-mila-bcn\/wp-content\/uploads\/usu1834\/2019\/02\/MILA-I-FONTANALS-1961-768x521.jpg 768w, https:\/\/agora.xtec.cat\/ins-mila-bcn\/wp-content\/uploads\/usu1834\/2019\/02\/MILA-I-FONTANALS-1961-1024x695.jpg 1024w\" sizes=\"auto, (max-width: 2870px) 100vw, 2870px\" \/><\/a><\/p>\n<p><a href=\"https:\/\/agora.xtec.cat\/ins-mila-bcn\/wp-content\/uploads\/usu1834\/2019\/02\/tuneladora-l2-ronda-sant-pau.jpg\"><img loading=\"lazy\" decoding=\"async\" class=\"size-full wp-image-3474 aligncenter\" src=\"https:\/\/agora.xtec.cat\/ins-mila-bcn\/wp-content\/uploads\/usu1834\/2019\/02\/tuneladora-l2-ronda-sant-pau.jpg\" alt=\"\" width=\"600\" height=\"400\" srcset=\"https:\/\/agora.xtec.cat\/ins-mila-bcn\/wp-content\/uploads\/usu1834\/2019\/02\/tuneladora-l2-ronda-sant-pau.jpg 600w, https:\/\/agora.xtec.cat\/ins-mila-bcn\/wp-content\/uploads\/usu1834\/2019\/02\/tuneladora-l2-ronda-sant-pau-300x200.jpg 300w\" sizes=\"auto, (max-width: 600px) 100vw, 600px\" \/><\/a><\/p>\n<p><a href=\"https:\/\/agora.xtec.cat\/ins-mila-bcn\/wp-content\/uploads\/usu1834\/2019\/02\/2_ag_809899web.jpg\"><img loading=\"lazy\" decoding=\"async\" class=\"size-full wp-image-3480 aligncenter\" src=\"https:\/\/agora.xtec.cat\/ins-mila-bcn\/wp-content\/uploads\/usu1834\/2019\/02\/2_ag_809899web.jpg\" alt=\"\" width=\"1200\" height=\"600\" srcset=\"https:\/\/agora.xtec.cat\/ins-mila-bcn\/wp-content\/uploads\/usu1834\/2019\/02\/2_ag_809899web.jpg 1200w, https:\/\/agora.xtec.cat\/ins-mila-bcn\/wp-content\/uploads\/usu1834\/2019\/02\/2_ag_809899web-300x150.jpg 300w, https:\/\/agora.xtec.cat\/ins-mila-bcn\/wp-content\/uploads\/usu1834\/2019\/02\/2_ag_809899web-768x384.jpg 768w, https:\/\/agora.xtec.cat\/ins-mila-bcn\/wp-content\/uploads\/usu1834\/2019\/02\/2_ag_809899web-1024x512.jpg 1024w\" sizes=\"auto, (max-width: 1200px) 100vw, 1200px\" \/><\/a><\/p>\n<p>&nbsp;<\/p>\n<p style=\"text-align: center;\">\n","protected":false},"excerpt":{"rendered":"<p>L\u2019Institut d\u2019Ensenyament Secundari \u00a0Mil\u00e0 i Fontanals es va fundar l\u2019any 1933 com a Institut Escola Pi i Margall. La seva ubicaci\u00f3 inicial fou al carrer Balmes, despr\u00e9s, i ja amb el nom de Mil\u00e0 i Fontanals, al carrer Canuda i finalment, a partir del curs&hellip;  <a href=\"https:\/\/agora.xtec.cat\/ins-mila-bcn\/linstitut\/historia\/\" title=\"Read Hist\u00f2ria\">Llegeix m\u00e9s\u00bb<\/a><\/p>\n","protected":false},"author":1,"featured_media":0,"parent":19,"menu_order":20,"comment_status":"closed","ping_status":"closed","template":"page-templates\/side-menu.php","meta":{"_bbp_topic_count":0,"_bbp_reply_count":0,"_bbp_total_topic_count":0,"_bbp_total_reply_count":0,"_bbp_voice_count":0,"_bbp_anonymous_reply_count":0,"_bbp_topic_count_hidden":0,"_bbp_reply_count_hidden":0,"_bbp_forum_subforum_count":0,"footnotes":""},"class_list":["post-27","page","type-page","status-publish","hentry"],"post_mailing_queue_ids":[],"_links":{"self":[{"href":"https:\/\/agora.xtec.cat\/ins-mila-bcn\/wp-json\/wp\/v2\/pages\/27","targetHints":{"allow":["GET"]}}],"collection":[{"href":"https:\/\/agora.xtec.cat\/ins-mila-bcn\/wp-json\/wp\/v2\/pages"}],"about":[{"href":"https:\/\/agora.xtec.cat\/ins-mila-bcn\/wp-json\/wp\/v2\/types\/page"}],"author":[{"embeddable":true,"href":"https:\/\/agora.xtec.cat\/ins-mila-bcn\/wp-json\/wp\/v2\/users\/1"}],"replies":[{"embeddable":true,"href":"https:\/\/agora.xtec.cat\/ins-mila-bcn\/wp-json\/wp\/v2\/comments?post=27"}],"version-history":[{"count":4,"href":"https:\/\/agora.xtec.cat\/ins-mila-bcn\/wp-json\/wp\/v2\/pages\/27\/revisions"}],"predecessor-version":[{"id":5766,"href":"https:\/\/agora.xtec.cat\/ins-mila-bcn\/wp-json\/wp\/v2\/pages\/27\/revisions\/5766"}],"up":[{"embeddable":true,"href":"https:\/\/agora.xtec.cat\/ins-mila-bcn\/wp-json\/wp\/v2\/pages\/19"}],"wp:attachment":[{"href":"https:\/\/agora.xtec.cat\/ins-mila-bcn\/wp-json\/wp\/v2\/media?parent=27"}],"curies":[{"name":"wp","href":"https:\/\/api.w.org\/{rel}","templated":true}]}}