{"id":597,"date":"2022-09-04T11:44:44","date_gmt":"2022-09-04T09:44:44","guid":{"rendered":"https:\/\/agora.xtec.cat\/ins-lluisderequesens\/?page_id=597"},"modified":"2025-09-18T12:20:35","modified_gmt":"2025-09-18T10:20:35","slug":"documents","status":"publish","type":"page","link":"https:\/\/agora.xtec.cat\/ins-lluisderequesens\/documents\/","title":{"rendered":"Documents"},"content":{"rendered":"<p>En aquest apartat podreu trobar els documents de centre que configuren el nostre <strong>Projecte Educatiu<\/strong>.<\/p>\n<p><strong>Plantejament institucional:<\/strong> document en qu\u00e8 trobareu en detall els nostres valors, la nostra missi\u00f3 i la nostra visi\u00f3 sobre tot all\u00f2 que es fonamenta com a institut p\u00fablic que imparteix estudis d\u2019Educaci\u00f3 Secund\u00e0ria Obligat\u00f2ria i Batxillerat, i de l\u2019IOC.<\/p>\n<p><a href=\"https:\/\/agora.xtec.cat\/ins-lluisderequesens\/wp-content\/uploads\/usu2631\/2022\/09\/Plantejament-institucional.pdf\">Plantejament-institucional<\/a><\/p>\n<p><strong>Pla organitzaci\u00f3 de centre:<\/strong> Document que recull la programaci\u00f3 general anual del centre, que ha d&#8217;explicitar la prioritzaci\u00f3 dels objectius globals per al curs, el tipus de propostes que s&#8217;oferir\u00e0 a l&#8217;alumnat i el seu seguiment, la documentaci\u00f3 i l&#8217;avaluaci\u00f3, aix\u00ed com la concreci\u00f3 del calendari i l&#8217;horari de les activitats escolars i de les reunions de contingut pedag\u00f2gic i les de coordinaci\u00f3 amb les fam\u00edlies, entre d&#8217;altres. El consell escolar del centre aprova la programaci\u00f3 general anual i n&#8217;avalua el desenvolupament i els resultats.<\/p>\n<p><a href=\"https:\/\/drive.google.com\/file\/d\/1pUNyS4vgz7sVdg8ecCmDOiifmCGUpI9y\/view?usp=sharing\">Normes d\u2019organitzaci\u00f3 i funcionament de centre curs 24-25<\/a><\/p>\n<p><strong>Carta de comprom\u00eds educatiu:<\/strong> La carta de comprom\u00eds educatiu \u00e9s un document que t\u00e9 com a finalitat potenciar la comunicaci\u00f3, la participaci\u00f3, la implicaci\u00f3, el comprom\u00eds i la corresponsabilitat entre els centres i les fam\u00edlies en l&#8217;educaci\u00f3 d&#8217;infants i joves.<\/p>\n<p><a href=\"https:\/\/drive.google.com\/file\/d\/1Z-t-8VYan6t3QStCRE7R4v55VGUM5LUD\/view?usp=sharing\">Carta comprom\u00eds<\/a><\/p>\n<p><strong>Presentacions mat\u00e8ries curs 24-25: <\/strong>Els seg\u00fcents enlla\u00e7os recullen els documents de presentaci\u00f3 de les mat\u00e8ries de cada curs. Aquestes presentacions inclouen les compet\u00e8ncies, els sabers i els criteris d&#8217;avaluaci\u00f3.<\/p>\n<p><strong>\u00a0 \u00a0 \u00a0 \u00a01r ESO<\/strong><\/p>\n<p><span style=\"color: #008080;\">\u00a0 \u00a0 <a href=\"https:\/\/drive.google.com\/drive\/folders\/1kuMNBCi0e45Wh44sPcdOspfFtV_ZqR3M?usp=sharing\">\u00a0 \u00a0Documents presentaci\u00f3 mat\u00e8ries 1r ESO<\/a><\/span><\/p>\n<p><strong>\u00a0 \u00a0 \u00a0 \u00a02n ESO<\/strong><\/p>\n<p><span style=\"color: #008080;\">\u00a0 \u00a0 <a href=\"https:\/\/drive.google.com\/drive\/folders\/1xxdPIzE4uEO1s8rk_2XedznzE-vkP8aB?usp=sharing\">\u00a0 \u00a0Documents presentaci\u00f3 mat\u00e8ries 2n ESO<\/a><\/span><\/p>\n<p><strong>\u00a0 \u00a0 \u00a0 \u00a03r ESO<\/strong><\/p>\n<p><span style=\"color: #008080;\">\u00a0 \u00a0 \u00a0 <a href=\"https:\/\/drive.google.com\/drive\/folders\/14Bl-O6TClojecz-YCa-jiwGjyQKIXblx?usp=sharing\">\u00a0Documents presentaci\u00f3 mat\u00e8ries 3r d&#8217;ESO<\/a><\/span><\/p>\n<p><strong>\u00a0 \u00a0 \u00a0 \u00a04t ESO<\/strong><\/p>\n<p><span style=\"color: #008080;\">\u00a0 \u00a0 \u00a0 \u00a0<a href=\"https:\/\/drive.google.com\/drive\/folders\/1RVGrumP03f6tBRK0YTXWqhXQNohC7kjs?usp=sharing\">Documents presentaci\u00f3 mat\u00e8ries 4t d&#8217;ESO<\/a><\/span><\/p>\n<p><strong>\u00a0 \u00a0 \u00a0 \u00a01r Batxillerat<\/strong><\/p>\n<p><span style=\"color: #008080;\">\u00a0 \u00a0 <a href=\"https:\/\/drive.google.com\/drive\/folders\/1PDaEgGIGc7RbllRA7ONkyL20xQ81E_Tg?usp=sharing\">\u00a0 \u00a0Documents presentaci\u00f3 mat\u00e8ries 1r Batxillerat<\/a><\/span><\/p>\n<p><strong>\u00a0 \u00a0 \u00a0 \u00a02n Batxillerat<\/strong><\/p>\n<p><span style=\"color: #008080;\">\u00a0 \u00a0 \u00a0 \u00a0<a href=\"https:\/\/drive.google.com\/drive\/folders\/1e4hDL7xA_807vEL1tJe_M1LTwr7PPi_t?usp=sharing\">Documents presentaci\u00f3 mat\u00e8ries 2n Batxillerat<\/a><\/span><\/p>\n<p><strong>EDC (Estrat\u00e8gia Digital de Centre): <\/strong>L\u2019EDC defineix i concreta les l\u00ednies d\u2019actuaci\u00f3 d\u2019un centre que fan possible que docents, alumnat i centre assoleixin la compet\u00e8ncia digital. Per aconseguir aquesta compet\u00e8ncia digital, l\u2019EDC compr\u00e8n tots els \u00e0mbits del centre: organitzatius, metodol\u00f2gics, curriculars i comunicatius, els quals s\u2019han de veure necess\u00e0riament implicats i, si escau, transformats, des d\u2019una perspectiva d\u2019innovaci\u00f3 i de millora cont\u00ednua.<\/p>\n<p><a href=\"https:\/\/sites.google.com\/institutrequesens.net\/estrategiadigitaldecentre\/inici\">Estrat\u00e8gia Digital de Centre<\/a><\/p>\n<p><strong>Projecte ling\u00fc\u00edstic de centre<\/strong>: El projecte ling\u00fc\u00edstic de qu\u00e8 han de disposar els centres en el marc del seu projecte educatiu, s\u2019ha d\u2019ajustar al que estableixen els articles 10, 11 i 16 de la Llei d\u2019Educaci\u00f3 de Catalunya i l\u2019article 5.1.e) del Decret 102\/2010, d\u2019autonomia dels centres educatius.<\/p>\n<p><a href=\"https:\/\/agora.xtec.cat\/ins-lluisderequesens\/wp-content\/uploads\/usu2631\/2022\/09\/Projecte-linguistic_2020-compressed.pdf\">Projecte-ling\u00fc\u00edstic_2020-compressed<\/a><\/p>\n<p><strong>Projecte de conviv\u00e8ncia: <\/strong>El Projecte de conviv\u00e8ncia t\u00e9 com a missi\u00f3 contribuir a l\u2019\u00e8xit personal, acad\u00e8mic, social i laboral de tot l\u2019alumnat del centre.<\/p>\n<p><a href=\"https:\/\/agora.xtec.cat\/ins-lluisderequesens\/wp-content\/uploads\/usu2631\/2022\/09\/Projecte-de-convivencia_v1.pdf\">Projecte-de-convivencia_v1<\/a><\/p>\n<p><strong>Justificant de faltes d&#8217;assist\u00e8ncia versi\u00f3 imprimible<\/strong>: Les faltes d&#8217;assist\u00e8ncia, a m\u00e9s de comunicar-les per correu electr\u00f2nic a <strong>absencies@institutrequesens.net<\/strong> , cal justificar-les per escrit al tutor. Aqu\u00ed teniu el document per descarregar.<\/p>\n<p><a href=\"https:\/\/agora.xtec.cat\/ins-lluisderequesens\/wp-content\/uploads\/usu2631\/2022\/09\/Justificant-faltes-dassistencia.pdf\">Justificant faltes d&#8217;assist\u00e8ncia<\/a><\/p>\n<p>&nbsp;<\/p>\n","protected":false},"excerpt":{"rendered":"<p>En aquest apartat podreu trobar els documents de centre que configuren el nostre Projecte Educatiu.<br \/>\nPlantejament institucional: document en qu\u00e8 trobareu en detall els nostres valors, la nostra missi\u00f3 i la nostra visi\u00f3 sobre tot all\u00f2 que es fonamenta com a institut p\u00fablic que imparteix estudis&hellip;  <a href=\"https:\/\/agora.xtec.cat\/ins-lluisderequesens\/documents\/\" title=\"Read Documents\">Llegeix m\u00e9s\u00bb<\/a><\/p>\n","protected":false},"author":1,"featured_media":0,"parent":0,"menu_order":0,"comment_status":"closed","ping_status":"closed","template":"","meta":{"_bbp_topic_count":0,"_bbp_reply_count":0,"_bbp_total_topic_count":0,"_bbp_total_reply_count":0,"_bbp_voice_count":0,"_bbp_anonymous_reply_count":0,"_bbp_topic_count_hidden":0,"_bbp_reply_count_hidden":0,"_bbp_forum_subforum_count":0,"footnotes":""},"class_list":["post-597","page","type-page","status-publish","hentry"],"post_mailing_queue_ids":[],"_links":{"self":[{"href":"https:\/\/agora.xtec.cat\/ins-lluisderequesens\/wp-json\/wp\/v2\/pages\/597","targetHints":{"allow":["GET"]}}],"collection":[{"href":"https:\/\/agora.xtec.cat\/ins-lluisderequesens\/wp-json\/wp\/v2\/pages"}],"about":[{"href":"https:\/\/agora.xtec.cat\/ins-lluisderequesens\/wp-json\/wp\/v2\/types\/page"}],"author":[{"embeddable":true,"href":"https:\/\/agora.xtec.cat\/ins-lluisderequesens\/wp-json\/wp\/v2\/users\/1"}],"replies":[{"embeddable":true,"href":"https:\/\/agora.xtec.cat\/ins-lluisderequesens\/wp-json\/wp\/v2\/comments?post=597"}],"version-history":[{"count":6,"href":"https:\/\/agora.xtec.cat\/ins-lluisderequesens\/wp-json\/wp\/v2\/pages\/597\/revisions"}],"predecessor-version":[{"id":1031,"href":"https:\/\/agora.xtec.cat\/ins-lluisderequesens\/wp-json\/wp\/v2\/pages\/597\/revisions\/1031"}],"wp:attachment":[{"href":"https:\/\/agora.xtec.cat\/ins-lluisderequesens\/wp-json\/wp\/v2\/media?parent=597"}],"curies":[{"name":"wp","href":"https:\/\/api.w.org\/{rel}","templated":true}]}}