{"id":27,"date":"2014-09-17T16:24:03","date_gmt":"2014-09-17T16:24:03","guid":{"rendered":"http:\/\/agora.xtec.cat\/ins-lluisderequesens\/?page_id=27"},"modified":"2025-05-07T11:40:29","modified_gmt":"2025-05-07T09:40:29","slug":"historia","status":"publish","type":"page","link":"https:\/\/agora.xtec.cat\/ins-lluisderequesens\/historia\/","title":{"rendered":"Hist\u00f2ria"},"content":{"rendered":"<p style=\"text-align: justify;\">L\u2019Institut Llu\u00eds de Requesens de Molins de Rei va comen\u00e7ar a funcionar a partir de setembre de 1971 nom\u00e9s com a centre de Batxillerat. Va ser una resposta de les autoritats municipals i ministerials a les demandes de les fam\u00edlies que aspiraven que els seus fills tinguessin acc\u00e9s a l\u2019ensenyament superior i optaven per un model educatiu p\u00fablic, gratu\u00eft, desvinculat dels ordes religiosos i amb coeducaci\u00f3 de nois i noies a les aules.<br \/>\nL\u2019edifici, ubicat en uns terrenys cedits a l\u2019ajuntament en una zona allunyada del centre, tenia, a m\u00e9s de les aules, biblioteca i laboratoris d\u2019experimentaci\u00f3, per\u00f2 l\u2019esc\u00e0s inter\u00e8s de les autoritats per la qualitat de la construcci\u00f3 va demostrar-se quan als pocs mesos de funcionament un moviment de terres va provocar desperfectes seriosos i va obligar a despla\u00e7ar les classes a altres escoles de la poblaci\u00f3 fins la construcci\u00f3 d\u2019un mur de contenci\u00f3.<\/p>\n<p style=\"text-align: justify;\">Malgrat aquestes dificultats la matr\u00edcula dels torns de di\u00fcrn i nocturn va anar augmentant curs a curs i va establir-se un estil de conviv\u00e8ncia entre l\u2019alumnat i el professorat marcat pel respecte a la pluralitat i al di\u00e0leg, sense deixar de banda les inquietuds de la resta de la societat, en uns moments de crisi del r\u00e8gim franquista.<\/p>\n<p style=\"text-align: justify;\">El trasp\u00e0s del centre a les compet\u00e8ncies de la Generalitat per l\u2019aplicaci\u00f3 de l\u2019Estatut de 1979 va donar pas a una nova etapa en la que s\u2019encetaren lentes millores a l\u2019edifici, encara amb situacions de precarietat com l\u2019exist\u00e8ncia de goteres o la manca de calefacci\u00f3, i van comen\u00e7ar a estabilitzar-se les places de professorat despr\u00e8s de les reivindicacions dels professors no numeraris. La catalanitzaci\u00f3 de l\u2019ensenyament, present al centre abans de la Llei de Normalitzaci\u00f3 Ling\u00fc\u00edstica, i la celebraci\u00f3 de jornades culturals, cinema, festes i intercanvis eren factors d\u2019atracci\u00f3 de l\u2019alumnat que va augmentar fins requerir la instal\u00b7laci\u00f3 de barracons al pati.<\/p>\n<p style=\"text-align: justify;\">L&#8217;any 2016 el president de la Generalitat, Carles Puigdemont, acompanyat de la consellera d\u2019Ensenyament, Meritxell Ruiz, van inaugurar la nova seu de l\u2019Institut situada al Carrer Felip Canalies, ben proper al riu. Podeu consultar la<a href=\"http:\/\/premsa.gencat.cat\/pres_fsvp\/AppJava\/oficina-president\/notapremsavw\/296454\/ca\/president-puigdemont-leducacio-petroli-catalunya-fem-aposta-decisiva.do\">\u00a0nota de premsa de l\u2019oficina del President a aquest enlla\u00e7.<\/a><\/p>\n<p style=\"text-align: justify;\">Tamb\u00e9 va recollir la not\u00edcia el web <a href=\"http:\/\/www.molinsderei.cat\/actualitat\/noticies\/puigdemont-reivindica-la-inversio-en-educacio-durant-la-inauguracio-del-nou-lluis-de-requesens\">de l\u2019ajuntament de Molins de Rei<\/a>,\u00a0<a href=\"http:\/\/www.elpapiol.cat\/papiol\/noticies\/detall.php?apartat=&amp;noticia=840\">d\u2019El Papiol<\/a>\u00a0i el\u00a0<a href=\"http:\/\/www.viumolinsderei.com\/2016\/10\/28\/carles-puigdemont-inaugura-el-nou-institut-lluis-de-requesens\/\">Viu Molins<\/a>.<\/p>\n<p style=\"text-align: justify;\">A dia d&#8217;avui el Llu\u00eds de Requesens mant\u00e9 la seva oferta d\u2019ensenyament p\u00fablic gratu\u00eft a la que deu els seus or\u00edgens i aplica els valors de la pluralitat i de la participaci\u00f3, bases de la seva l\u00ednia educativa al llarg de la seva traject\u00f2ria, des dels nivells d\u2019escolaritzaci\u00f3 obligat\u00f2ria fins als cursos de Batxillerat facilitant la continu\u00eftat dels estudis de grau mitj\u00e0 i l\u2019acc\u00e9s als estudis superiors.<\/p>\n","protected":false},"excerpt":{"rendered":"<p>L\u2019Institut Llu\u00eds de Requesens de Molins de Rei va comen\u00e7ar a funcionar a partir de setembre de 1971 nom\u00e9s com a centre de Batxillerat. Va ser una resposta de les autoritats municipals i ministerials a les demandes de les fam\u00edlies que aspiraven que els seus&hellip;  <a href=\"https:\/\/agora.xtec.cat\/ins-lluisderequesens\/historia\/\" title=\"Read Hist\u00f2ria\">Llegeix m\u00e9s\u00bb<\/a><\/p>\n","protected":false},"author":1,"featured_media":0,"parent":0,"menu_order":20,"comment_status":"closed","ping_status":"closed","template":"page-templates\/side-menu.php","meta":{"_bbp_topic_count":0,"_bbp_reply_count":0,"_bbp_total_topic_count":0,"_bbp_total_reply_count":0,"_bbp_voice_count":0,"_bbp_anonymous_reply_count":0,"_bbp_topic_count_hidden":0,"_bbp_reply_count_hidden":0,"_bbp_forum_subforum_count":0,"footnotes":""},"class_list":["post-27","page","type-page","status-publish","hentry"],"post_mailing_queue_ids":[],"_links":{"self":[{"href":"https:\/\/agora.xtec.cat\/ins-lluisderequesens\/wp-json\/wp\/v2\/pages\/27","targetHints":{"allow":["GET"]}}],"collection":[{"href":"https:\/\/agora.xtec.cat\/ins-lluisderequesens\/wp-json\/wp\/v2\/pages"}],"about":[{"href":"https:\/\/agora.xtec.cat\/ins-lluisderequesens\/wp-json\/wp\/v2\/types\/page"}],"author":[{"embeddable":true,"href":"https:\/\/agora.xtec.cat\/ins-lluisderequesens\/wp-json\/wp\/v2\/users\/1"}],"replies":[{"embeddable":true,"href":"https:\/\/agora.xtec.cat\/ins-lluisderequesens\/wp-json\/wp\/v2\/comments?post=27"}],"version-history":[{"count":5,"href":"https:\/\/agora.xtec.cat\/ins-lluisderequesens\/wp-json\/wp\/v2\/pages\/27\/revisions"}],"predecessor-version":[{"id":997,"href":"https:\/\/agora.xtec.cat\/ins-lluisderequesens\/wp-json\/wp\/v2\/pages\/27\/revisions\/997"}],"wp:attachment":[{"href":"https:\/\/agora.xtec.cat\/ins-lluisderequesens\/wp-json\/wp\/v2\/media?parent=27"}],"curies":[{"name":"wp","href":"https:\/\/api.w.org\/{rel}","templated":true}]}}