{"id":997,"date":"2021-01-28T12:45:20","date_gmt":"2021-01-28T11:45:20","guid":{"rendered":"https:\/\/agora.xtec.cat\/ins-latalaia\/?page_id=997"},"modified":"2025-05-20T14:30:04","modified_gmt":"2025-05-20T12:30:04","slug":"admissio-eso","status":"publish","type":"page","link":"https:\/\/agora.xtec.cat\/ins-latalaia\/secretaria\/admissio-eso\/","title":{"rendered":"Admissi\u00f3 a l&#8217;ESO"},"content":{"rendered":"<h2 style=\"text-align: justify;\"><a href=\"https:\/\/educacio.gencat.cat\/ca\/tramits\/tramits-temes\/admissio-centre-fora-proces-preinscripcio?category=74447ed8-a82c-11e3-a972-000c29052e2c&amp;moda=2\" target=\"_blank\" rel=\"noopener\"><strong>Sol\u00b7licitud\u00a0d&#8217;admissi\u00f3 a l&#8217;ESO<\/strong><\/a><\/h2>\n<h2>Informaci\u00f3 general<\/h2>\n<p style=\"text-align: justify;\">Si no has pogut presentar una sol\u00b7licitud per al teu fill o filla en el proc\u00e9s de preinscripci\u00f3 escolar, pots presentar una sol\u00b7licitud d&#8217;admissi\u00f3 a l&#8217;Institut La Talaia si el teu fill o filla es troba en una situaci\u00f3 de les que es preveu en la normativa.<\/p>\n<p>Al pas 3 &#8220;Prefer\u00e8ncies i q\u00fcestionari&#8221; del formulari de la sol\u00b7licitud de preinscripci\u00f3, heu d&#8217;escollir el valor &#8220;<strong>2025-2026<\/strong>&#8221; al camp &#8220;<strong>Curs escolar<\/strong>&#8220;, i el valor &#8220;<strong>Alumnat que no ha participat a la Preinscripci\u00f3 i sol\u00b7licita pla\u00e7a abans de l&#8217;inici de curs<\/strong>&#8221; al camp &#8220;Motiu de la sol\u00b7licitud&#8221;.<\/p>\n<p>En el cas d\u2019alumnes que actualment estan cursant 6\u00e8 de prim\u00e0ria i sol\u00b7licitud admissi\u00f3 a 1r d\u2019ESO per al curs vinent, cal que al camp \u201cMotiu de la sol\u00b7licitud\u201d escollin el motiu \u201cAlumnat que no ha participat en la preinscripci\u00f3 i no pot continuar en el centre on est\u00e0 escolaritzat, at\u00e8s que no ofereix els ensenyaments de la seg\u00fcent etapa educativa.\u201d, tal com es mostra a la imatge seg\u00fcent:<\/p>\n<p><a href=\"https:\/\/agora.xtec.cat\/ins-latalaia\/wp-content\/uploads\/usu2131\/2025\/05\/motiu.png\"><img loading=\"lazy\" decoding=\"async\" class=\"size-large wp-image-1984\" src=\"https:\/\/agora.xtec.cat\/ins-latalaia\/wp-content\/uploads\/usu2131\/2025\/05\/motiu-1024x394.png\" alt=\"Motiu de la sol\u00b7licitud d'admissi\u00f3\" width=\"1024\" height=\"394\" srcset=\"https:\/\/agora.xtec.cat\/ins-latalaia\/wp-content\/uploads\/usu2131\/2025\/05\/motiu-1024x394.png 1024w, https:\/\/agora.xtec.cat\/ins-latalaia\/wp-content\/uploads\/usu2131\/2025\/05\/motiu-300x115.png 300w, https:\/\/agora.xtec.cat\/ins-latalaia\/wp-content\/uploads\/usu2131\/2025\/05\/motiu-768x295.png 768w, https:\/\/agora.xtec.cat\/ins-latalaia\/wp-content\/uploads\/usu2131\/2025\/05\/motiu-1536x590.png 1536w, https:\/\/agora.xtec.cat\/ins-latalaia\/wp-content\/uploads\/usu2131\/2025\/05\/motiu.png 1920w\" sizes=\"auto, (max-width: 1024px) 100vw, 1024px\" \/><\/a><\/p>\n<p>La sol\u00b7licitud d&#8217;admissi\u00f3 es presenta en l\u00ednia des d&#8217;<strong><a href=\"https:\/\/educacio.gencat.cat\/ca\/tramits\/tramits-temes\/22801-admissio-durant-curs?category=74447ed8-a82c-11e3-a972-000c29052e2c\">aquest lloc web<\/a><\/strong>.<\/p>\n<h2>En quins casos puc presentar una sol\u00b7licitud d&#8217;admissi\u00f3?<\/h2>\n<ul>\n<li>El vostre fill o filla no est\u00e0 escolaritzat a Catalunya.<\/li>\n<li>Us heu traslladat a un altre municipi o, en el cas de Barcelona, a un altre districte.<\/li>\n<li>Hi ha hagut actes de viol\u00e8ncia de g\u00e8nere o d&#8217;assetjament escolar que aconsellen canviar de centre.<\/li>\n<li>El vostre fill o filla ha estat sancionat i no pot continuar al seu centre (inhabilitaci\u00f3 definitiva).<\/li>\n<li>El vostre fill o filla est\u00e0 en un proc\u00e9s d&#8217;acollida.<\/li>\n<li>El vostre fill o filla no pot continuar en el centre on est\u00e0 perqu\u00e8 no ofereix els ensenyaments de la seg\u00fcent etapa educativa.<\/li>\n<\/ul>\n<h2 class=\"basic_title col-sm-12 pd-10\">On puc presentar una sol\u00b7licitud d&#8217;admissi\u00f3?<\/h2>\n<p>La comissi\u00f3 de garanties d&#8217;admissi\u00f3 del territori de resid\u00e8ncia s&#8217;encarrega d&#8217;analitzar la sol\u00b7licitud i determina el centre d&#8217;assignaci\u00f3, tenint en compte la disponibilitat de llocs escolars, les prefer\u00e8ncies de la fam\u00edlia, l&#8217;equilibri en la distribuci\u00f3 de l&#8217;alumnat i la proporci\u00f3 m\u00e0xima d&#8217;alumnat amb necessitats educatives espec\u00edfiques que s&#8217;hagi determinat per als centres educatius de la zona. La comissi\u00f3 de garanties d&#8217;admissi\u00f3 de l&#8217;ESO al municipi de Calafell pot trigar un m\u00ednim de 15 dies a donar una resposta a la sol\u00b7licitud d&#8217;admissi\u00f3 a l&#8217;ESO.<\/p>\n<h2>Qui pot presentar les sol\u00b7licituds d&#8217;admissi\u00f3<\/h2>\n<p style=\"text-align: justify;\">El pare, la mare, el tutor, la tutora, guardador o guardadora de l&#8217;alumne\/a que volem escolaritzar degudament documentats.<\/p>\n<h2>Instruccions per a dur a terme el proc\u00e9s de sol\u00b7licitud d&#8217;admissi\u00f3<\/h2>\n<p>La sol\u00b7licitud d&#8217;admissi\u00f3 es presenta en l\u00ednia. S&#8217;hi ha de fer constar un dels motius pels quals \u00e9s possible demanar pla\u00e7a escolar i el municipi on es demana pla\u00e7a o, si se sap, el centre o centres que serien de l&#8217;inter\u00e8s de la fam\u00edlia.<\/p>\n<p>Si es disposa d&#8217;un certificat electr\u00f2nic, es pot presentar la sol\u00b7licitud d&#8217;admissi\u00f3 electr\u00f2nica amb certificat digital. En cas contrari es pot presentar la sol\u00b7licitud d&#8217;admissi\u00f3 electr\u00f2nica sense certificat digital.<\/p>\n<p><strong>Sol\u00b7licitud d&#8217;admissi\u00f3 electr\u00f2nica amb certificat digital<\/strong><\/p>\n<p>Per poder utilitzar la sol\u00b7licitud electr\u00f2nica, el pare, mare o el tutor o tutora cal que s\u2019identifiqui amb un certificat digital, com per exemple el DNI electr\u00f2nic, o el sistema alternatiu d&#8217;identificaci\u00f3\u00a0<a href=\"https:\/\/www.idcatmobil.cat\/\" target=\"_blank\" rel=\"noopener\">idCAT M\u00f2bil<\/a>.<\/p>\n<p>Si l&#8217;alumne o alumna per a qui es demana pla\u00e7a escolar ha estat escolaritzat a Catalunya, en principi no cal adjuntar cap altra documentaci\u00f3 identificativa, ja que \u00e9s possible indicar l&#8217;<a href=\"https:\/\/educacio.gencat.cat\/ca\/tramits\/tramits-temes\/identificador-alumne\" target=\"_blank\" rel=\"noopener\">identificador de l&#8217;alumne<\/a>.<\/p>\n<p>Si l&#8217;alumne o alumna no ha estat escolaritzat a Catalunya anteriorment, cal adjuntar a la sol\u00b7licitud la certificaci\u00f3 electr\u00f2nica de la inscripci\u00f3 de naixement o el llibre de fam\u00edlia i, si la persona que presenta la sol\u00b7licitud no t\u00e9 la nacionalitat espanyola, tamb\u00e9 cal adjuntar el passaport o, en el cas d&#8217;estrangers comunitaris, el document d&#8217;identitat del pa\u00eds membre de la Uni\u00f3 Europea o el document d\u2019identitat.<\/p>\n<p><strong>Sol\u00b7licitud d&#8217;admissi\u00f3 electr\u00f2nica sense certificat digital<\/strong><\/p>\n<p>Si no \u00e9s possible identificar-se electr\u00f2nicament, aleshores cal utilitzar la sol\u00b7licitud d\u2019admissi\u00f3 electr\u00f2nica sense certificat digital i cal adjuntar sempre:<\/p>\n<ul>\n<li>la certificaci\u00f3 electr\u00f2nica de la inscripci\u00f3 de naixement o el llibre de fam\u00edlia<\/li>\n<li>el document d&#8217;identitat de qui presenta la sol\u00b7licitud: DNI, NIE, passaport o, en el cas d&#8217;estrangers comunitaris, el document d&#8217;identitat del pa\u00eds membre de la Uni\u00f3 Europea.<\/li>\n<\/ul>\n<p>Independentment del tipus de sol\u00b7licitud per la qual s&#8217;opti, sempre cal adjuntar la documentaci\u00f3 que acrediti el sup\u00f2sit que permet l\u2019assignaci\u00f3 de pla\u00e7a a la sol\u00b7licitud.<\/p>\n<p>El tr\u00e0mit de presentaci\u00f3 de la sol\u00b7licitud electr\u00f2nica s&#8217;acaba amb l&#8217;enviament del formulari, que es registrar\u00e0 al Registre electr\u00f2nic de la Generalitat de Catalunya.<\/p>\n<p>El formulari de sol\u00b7licitud t\u00e9 4 pantalles:\u00a0<strong>Dades del sol\u00b7licitant<\/strong>,\u00a0<strong>Dades personals de l&#8217;alumne\/a<\/strong>,\u00a0<strong>Prefer\u00e8ncies i q\u00fcestionari<\/strong>, i\u00a0<strong>Documents i confirmaci\u00f3<\/strong>.<\/p>\n<p>En el cas que s&#8217;hagi optat per la\u00a0<strong>sol\u00b7licitud electr\u00f2nica d&#8217;admissi\u00f3<\/strong>\u00a0i s&#8217;hagi indicat l&#8217;identificador del Registre d&#8217;alumnes de Catalunya (RALC), s&#8217;hauran recuperat totes les dades personals i nom\u00e9s caldr\u00e0 afegir les dades postals, l&#8217;adre\u00e7a electr\u00f2nica i el tel\u00e8fon de contacte.<\/p>\n<p>En la primera pantalla, Dades del sol\u00b7licitant, a m\u00e9s de les dades identificatives, postals i de contacte, tamb\u00e9 hi ha la informaci\u00f3 sobre\u00a0<strong>Protecci\u00f3 de dades<\/strong>: s&#8217;hi indica l&#8217;organisme responsable del tractament de les dades, aix\u00ed com la finalitat, els drets i la possibilitat de verificaci\u00f3 i consulta de dades. A continuaci\u00f3, hi ha la possibilitat\u00a0<strong>d&#8217;oposar-se al fet que el Departament d&#8217;Educaci\u00f3 comprovi les dades personals declarades en la sol\u00b7licitud<\/strong>. Si s&#8217;opta per l&#8217;oposici\u00f3, caldr\u00e0 adjuntar a la sol\u00b7licitud tota la documentaci\u00f3 identificativa i el padr\u00f3 municipal, aix\u00ed com altra documentaci\u00f3 susceptible de consultar-se, com la discapacitat o la situaci\u00f3 de fam\u00edlia nombrosa o monoparental.<\/p>\n<p>Si no hi ha oposici\u00f3 a la comprovaci\u00f3 de dades,\u00a0<strong>cal clicar les caselles relatives al padr\u00f3 o a la discapacitat<\/strong>, ja que s&#8217;ha d&#8217;informar que es t\u00e9 el consentiment de les persones afectades per comprovar-ne les dades i avan\u00e7ar a la pantalla seg\u00fcent.<\/p>\n<p>A continuaci\u00f3, hi ha la pantalla de Dades personals de l&#8217;alumne\/a. En el cas que s&#8217;hagi optat per la\u00a0<strong>sol\u00b7licitud electr\u00f2nica amb certificat digital<\/strong>\u00a0i s&#8217;hagi indicat l&#8217;identificador del Registre d&#8217;alumnes de Catalunya (RALC) ja hi constaran les dades personals de l&#8217;alumne\/a (incloses les identificatives dels tutors). Si s&#8217;ha optat per la\u00a0<strong>sol\u00b7licitud electr\u00f2nica sense certificat digital<\/strong>, caldr\u00e0 indicar totes les dades de l&#8217;alumne o alumna. Just a continuaci\u00f3 es pot clicar si l&#8217;alumne o alumna t\u00e9 necessitats educatives espec\u00edfiques, i optar per l&#8217;opci\u00f3 que correspongui:<\/p>\n<p>A la tercera pantalla de Prefer\u00e8ncies i q\u00fcestionari, el primer que s&#8217;ha d&#8217;indicar \u00e9s la situaci\u00f3 que motiva la presentaci\u00f3 de sol\u00b7licitud, el curs acad\u00e8mic per al qual es demana la pla\u00e7a (2023-2024), l&#8217;ensenyament, el nivell i el municipi. Tamb\u00e9 s&#8217;hi poden indicar fins a 4 centres per ordre de prefer\u00e8ncia (s&#8217;hi indica que no s&#8217;hi garanteix l&#8217;assignaci\u00f3).<\/p>\n<p>A continuaci\u00f3, es pot fer constar si l&#8217;alumne o alumna t\u00e9 alguna discapacitat i si la fam\u00edlia \u00e9s nombrosa o monoparental. Aquests aspectes es consultaran interadministrativament, si no hi ha hagut oposici\u00f3.<\/p>\n<p>Tamb\u00e9 en aquesta pantalla es demanen altres q\u00fcestions que tenen a veure amb la presentaci\u00f3 de la sol\u00b7licitud i un espai per fer constar observacions.<\/p>\n<p>A la quarta i darrera pantalla de Documents i confirmaci\u00f3 \u00e9s el moment d&#8217;<strong>annexar la documentaci\u00f3<\/strong>\u00a0que acredita el motiu de presentaci\u00f3 de la sol\u00b7licitud, aix\u00ed com la documentaci\u00f3 que s&#8217;hi indica en lletra negreta, ja que \u00e9s obligat\u00f2ria i cal adjuntar-la per poder presentar la sol\u00b7licitud.<\/p>\n<p>El tr\u00e0mit de presentaci\u00f3 de la sol\u00b7licitud electr\u00f2nica s&#8217;acaba amb l&#8217;enviament del formulari, que es registrar\u00e0 al Registre electr\u00f2nic de la Generalitat de Catalunya. A continuaci\u00f3 la persona que ha presentat la sol\u00b7licitud rebr\u00e0 un correu amb un enlla\u00e7 al resguard de presentaci\u00f3 en qu\u00e8 s&#8217;indica si s&#8217;ha pogut obtenir resposta de les consultes interadministratives realitzades (padr\u00f3, discapacitat, fam\u00edlia nombrosa o monoparental).<\/p>\n<p>Es rebr\u00e0 un correu electr\u00f2nic amb la indicaci\u00f3 de l&#8217;assignaci\u00f3 de la pla\u00e7a escolar.<\/p>\n<p style=\"text-align: right;\">Actualitzat a data: 20.05.2025<\/p>\n","protected":false},"excerpt":{"rendered":"<p><a href=\"https:\/\/educacio.gencat.cat\/ca\/tramits\/tramits-temes\/admissio-centre-fora-proces-preinscripcio?category=74447ed8-a82c-11e3-a972-000c29052e2c&amp;moda=2\" target=\"_blank\" rel=\"noopener\">Sol\u00b7licitud\u00a0d&#8217;admissi\u00f3 a l&#8217;ESO<\/a><br \/>\nInformaci\u00f3 general<br \/>\nSi no has pogut presentar una sol\u00b7licitud per al teu fill o filla en el proc\u00e9s de preinscripci\u00f3 escolar, pots presentar una sol\u00b7licitud d&#8217;admissi\u00f3 a l&#8217;Institut La Talaia si el teu fill o filla es troba en una situaci\u00f3&hellip;  <a href=\"https:\/\/agora.xtec.cat\/ins-latalaia\/secretaria\/admissio-eso\/\" title=\"Read Admissi\u00f3 a l&#8217;ESO\">Llegeix m\u00e9s\u00bb<\/a><\/p>\n","protected":false},"author":50,"featured_media":0,"parent":81,"menu_order":0,"comment_status":"closed","ping_status":"closed","template":"","meta":{"_bbp_topic_count":0,"_bbp_reply_count":0,"_bbp_total_topic_count":0,"_bbp_total_reply_count":0,"_bbp_voice_count":0,"_bbp_anonymous_reply_count":0,"_bbp_topic_count_hidden":0,"_bbp_reply_count_hidden":0,"_bbp_forum_subforum_count":0,"footnotes":""},"class_list":["post-997","page","type-page","status-publish","hentry"],"post_mailing_queue_ids":[],"_links":{"self":[{"href":"https:\/\/agora.xtec.cat\/ins-latalaia\/wp-json\/wp\/v2\/pages\/997","targetHints":{"allow":["GET"]}}],"collection":[{"href":"https:\/\/agora.xtec.cat\/ins-latalaia\/wp-json\/wp\/v2\/pages"}],"about":[{"href":"https:\/\/agora.xtec.cat\/ins-latalaia\/wp-json\/wp\/v2\/types\/page"}],"author":[{"embeddable":true,"href":"https:\/\/agora.xtec.cat\/ins-latalaia\/wp-json\/wp\/v2\/users\/50"}],"replies":[{"embeddable":true,"href":"https:\/\/agora.xtec.cat\/ins-latalaia\/wp-json\/wp\/v2\/comments?post=997"}],"version-history":[{"count":6,"href":"https:\/\/agora.xtec.cat\/ins-latalaia\/wp-json\/wp\/v2\/pages\/997\/revisions"}],"predecessor-version":[{"id":1986,"href":"https:\/\/agora.xtec.cat\/ins-latalaia\/wp-json\/wp\/v2\/pages\/997\/revisions\/1986"}],"up":[{"embeddable":true,"href":"https:\/\/agora.xtec.cat\/ins-latalaia\/wp-json\/wp\/v2\/pages\/81"}],"wp:attachment":[{"href":"https:\/\/agora.xtec.cat\/ins-latalaia\/wp-json\/wp\/v2\/media?parent=997"}],"curies":[{"name":"wp","href":"https:\/\/api.w.org\/{rel}","templated":true}]}}