{"id":1225,"date":"2023-02-06T14:49:08","date_gmt":"2023-02-06T13:49:08","guid":{"rendered":"https:\/\/agora.xtec.cat\/ins-latalaia\/?page_id=1225"},"modified":"2023-02-06T14:54:02","modified_gmt":"2023-02-06T13:54:02","slug":"certificat-de-qualificacions","status":"publish","type":"page","link":"https:\/\/agora.xtec.cat\/ins-latalaia\/secretaria\/peticio-certificat\/certificat-de-qualificacions\/","title":{"rendered":"Certificat de qualificacions"},"content":{"rendered":"<ul>\n<li>Historial acad\u00e8mic (l\u2019historial acad\u00e8mic \u00e9s el document acad\u00e8mic oficial que reflecteix els resultats de l\u2019avaluaci\u00f3 i les decisions relatives al progr\u00e9s acad\u00e8mic de l\u2019alumne\/a al llarg de l\u2019ESO o del Batxillerat, i t\u00e9 valor acreditatiu dels estudis cursats. \u00c9s un document individual que s&#8217;emet en el moment que l&#8217;alumne\/a acaba els ensenyaments de l\u2019ESO o del Batxillerat). \u00c9s un certificat de qualificacions.<\/li>\n<li>Certificat de cicle formatiu finalitzat LOE<\/li>\n<li>Certificat de qualificaci\u00f3 final de cicle formatiu finalitzat<\/li>\n<li>Certificat de qualificaci\u00f3 final d&#8217;ESO<\/li>\n<\/ul>\n","protected":false},"excerpt":{"rendered":"<ul>\n<li>Historial acad\u00e8mic (l\u2019historial acad\u00e8mic \u00e9s el document acad\u00e8mic oficial que reflecteix els resultats de l\u2019avaluaci\u00f3 i les decisions relatives al progr\u00e9s acad\u00e8mic de l\u2019alumne\/a al llarg de l\u2019ESO o del Batxillerat, i t\u00e9 valor acreditatiu dels estudis cursats. \u00c9s un document individual que s&#8217;emet en&hellip;  <a href=\"https:\/\/agora.xtec.cat\/ins-latalaia\/secretaria\/peticio-certificat\/certificat-de-qualificacions\/\" title=\"Read Certificat de qualificacions\">Llegeix m\u00e9s\u00bb<\/a><br \/>\n","protected":false},"author":50,"featured_media":0,"parent":1133,"menu_order":0,"comment_status":"closed","ping_status":"closed","template":"","meta":{"_bbp_topic_count":0,"_bbp_reply_count":0,"_bbp_total_topic_count":0,"_bbp_total_reply_count":0,"_bbp_voice_count":0,"_bbp_anonymous_reply_count":0,"_bbp_topic_count_hidden":0,"_bbp_reply_count_hidden":0,"_bbp_forum_subforum_count":0,"footnotes":""},"class_list":["post-1225","page","type-page","status-publish","hentry"],"post_mailing_queue_ids":[],"_links":{"self":[{"href":"https:\/\/agora.xtec.cat\/ins-latalaia\/wp-json\/wp\/v2\/pages\/1225","targetHints":{"allow":["GET"]}}],"collection":[{"href":"https:\/\/agora.xtec.cat\/ins-latalaia\/wp-json\/wp\/v2\/pages"}],"about":[{"href":"https:\/\/agora.xtec.cat\/ins-latalaia\/wp-json\/wp\/v2\/types\/page"}],"author":[{"embeddable":true,"href":"https:\/\/agora.xtec.cat\/ins-latalaia\/wp-json\/wp\/v2\/users\/50"}],"replies":[{"embeddable":true,"href":"https:\/\/agora.xtec.cat\/ins-latalaia\/wp-json\/wp\/v2\/comments?post=1225"}],"version-history":[{"count":2,"href":"https:\/\/agora.xtec.cat\/ins-latalaia\/wp-json\/wp\/v2\/pages\/1225\/revisions"}],"predecessor-version":[{"id":1229,"href":"https:\/\/agora.xtec.cat\/ins-latalaia\/wp-json\/wp\/v2\/pages\/1225\/revisions\/1229"}],"up":[{"embeddable":true,"href":"https:\/\/agora.xtec.cat\/ins-latalaia\/wp-json\/wp\/v2\/pages\/1133"}],"wp:attachment":[{"href":"https:\/\/agora.xtec.cat\/ins-latalaia\/wp-json\/wp\/v2\/media?parent=1225"}],"curies":[{"name":"wp","href":"https:\/\/api.w.org\/{rel}","templated":true}]}}