{"id":1197,"date":"2023-02-06T10:13:47","date_gmt":"2023-02-06T09:13:47","guid":{"rendered":"https:\/\/agora.xtec.cat\/ins-latalaia\/?page_id=1197"},"modified":"2025-09-20T09:16:33","modified_gmt":"2025-09-20T07:16:33","slug":"sollicitud-de-titol-de-tecnic-en-jardineria-i-floristeria","status":"publish","type":"page","link":"https:\/\/agora.xtec.cat\/ins-latalaia\/secretaria\/sollicitud-de-titol-destudis-postobligatoris\/sollicitud-de-titol-de-tecnic-en-jardineria-i-floristeria\/","title":{"rendered":"Sol\u00b7licitud de t\u00edtol de t\u00e8cnic\/a en Jardineria i floristeria"},"content":{"rendered":"<h4><a href=\"https:\/\/agora.xtec.cat\/ins-latalaia\/wp-content\/uploads\/usu2131\/2023\/02\/54401b15-58fc-47bc-a826-c41ec95576d1.png\"><img loading=\"lazy\" decoding=\"async\" class=\"alignnone wp-image-1264\" src=\"https:\/\/agora.xtec.cat\/ins-latalaia\/wp-content\/uploads\/usu2131\/2023\/02\/54401b15-58fc-47bc-a826-c41ec95576d1.png\" alt=\"Sol\u00b7licitud de t\u00edtol\" width=\"300\" height=\"207\" \/><\/a><\/h4>\n<p>&nbsp;<\/p>\n<h4><strong>\u00a0 \u00a0 <a href=\"https:\/\/docs.google.com\/forms\/d\/e\/1FAIpQLScmX8Wq0Vl94z6xRIavX6gjejB-QiSG55ZHyY6nyR73G88f-A\/viewform?usp=header\" target=\"_blank\" rel=\"noopener\">Acc\u00e9s al formulari de sol\u00b7licitud de t\u00edtol de t\u00e8cnic\/a en jardineria i floristeria<\/a><\/strong><\/h4>\n<p>&nbsp;<\/p>\n<p style=\"text-align: justify;\"><span style=\"font-weight: 400;\">Els estudis de formaci\u00f3 professional de grau mitj\u00e0 de jardineria i floristeria s\u00f3n estudis postobligatoris i, a difer\u00e8ncia del t\u00edtol de graduat en educaci\u00f3 secund\u00e0ria obligat\u00f2ria, per sol\u00b7licitar el t\u00edtol cal abonar la <\/span><a href=\"https:\/\/educacio.gencat.cat\/ca\/departament\/normativa\/taxes-preus-publics\/taxes\"><span style=\"font-weight: 400;\">taxa per l&#8217;expedici\u00f3 de t\u00edtols acad\u00e8mics i professionals<\/span><\/a><span style=\"font-weight: 400;\">.<\/span><\/p>\n<p>\u00c9s molt important que abans de comen\u00e7ar el formulari tingueu fotografiada o escanejada tota la documentaci\u00f3 que haureu d&#8217;aportar, ja que durant el temps que respongueu el formulari haureu d&#8217;inserir els documents requerits seg\u00fcents:<\/p>\n<p>&#8211; C\u00f2pia del DNI de l\u2019alumne\/a. Si l&#8217;alumne\/a \u00e9s estrangera, de la targeta de resid\u00e8ncia on consta el NIE o del passaport. Si es tracta d&#8217;estrangers de pa\u00efsos membre de la Uni\u00f3 Europea, document d&#8217;identitat o passaport del pa\u00eds d&#8217;origen.<\/p>\n<p>&#8211; En cas que l&#8217;alumne\/a sigui membre d&#8217;una fam\u00edlia nombrosa o monoparental, o sigui alumne amb carnet de discapacitat, o alumne que hagi estat v\u00edctima del terrorisme, c\u00f2pia del carnet de fam\u00edlia nombrosa o fam\u00edlia monoparental, o del carnet de discapacitat de l&#8217;alumne, o del document justificant de ser v\u00edctima del terrorisme.<\/p>\n<p>Un cop h\u00e0giu enviat la vostra resposta rebreu un missatge de correu electr\u00f2nic amb el resguard de sol\u00b7licitud del t\u00edtol de t\u00e8cnic\/a en jardineria i floristeria, on apareixen les dades per fer la liquidaci\u00f3 o pagament de la taxa. Al mateix missatge hi ha un enlla\u00e7 a un segon formulari on nom\u00e9s haureu d&#8217;adjuntar la fotografia o captura de pantalla del justificant o comprovant bancari del pagament. Despr\u00e9s de rebre la vostra resposta a aquest segon formulari us enviarem al vostre correu electr\u00f2nic el resguard definitiu de tramitaci\u00f3 del t\u00edtol acad\u00e8mic que, degudament signat i segellat per la persona responsable de l&#8217;Institut La Talaia, i acompanyat del justificant o comprovant bancari que acredita el pagament de la taxa per a l&#8217;expedici\u00f3 del t\u00edtol sol\u00b7licitat, t\u00e9 efectes legals mentre el t\u00edtol no s&#8217;expedeixi materialment.<\/p>\n<p>El t\u00edtol impr\u00e8s en cartolina de mida DIN-A3 triga uns dos anys a arribar al centre. Un cop arriba al centre contactarem amb vosaltres enviant-vos un missatge de correu-e i\/o trucant-vos als tel\u00e8fons de contacte que heu informat.<\/p>\n<p style=\"text-align: right;\">Data d\u2019actualitzaci\u00f3: 20.09.2025<\/p>\n","protected":false},"excerpt":{"rendered":"<p><a href=\"https:\/\/agora.xtec.cat\/ins-latalaia\/wp-content\/uploads\/usu2131\/2023\/02\/54401b15-58fc-47bc-a826-c41ec95576d1.png\"><\/a><br \/>\n&nbsp;<br \/>\n\u00a0 \u00a0 <a href=\"https:\/\/docs.google.com\/forms\/d\/e\/1FAIpQLScmX8Wq0Vl94z6xRIavX6gjejB-QiSG55ZHyY6nyR73G88f-A\/viewform?usp=header\" target=\"_blank\" rel=\"noopener\">Acc\u00e9s al formulari de sol\u00b7licitud de t\u00edtol de t\u00e8cnic\/a en jardineria i floristeria<\/a><br \/>\n&nbsp;<br \/>\nEls estudis de formaci\u00f3 professional de grau mitj\u00e0 de jardineria i floristeria s\u00f3n estudis postobligatoris i, a difer\u00e8ncia del t\u00edtol de graduat en educaci\u00f3 secund\u00e0ria obligat\u00f2ria, per&hellip;  <a href=\"https:\/\/agora.xtec.cat\/ins-latalaia\/secretaria\/sollicitud-de-titol-destudis-postobligatoris\/sollicitud-de-titol-de-tecnic-en-jardineria-i-floristeria\/\" title=\"Read Sol\u00b7licitud de t\u00edtol de t\u00e8cnic\/a en Jardineria i floristeria\">Llegeix m\u00e9s\u00bb<\/a><\/p>\n","protected":false},"author":50,"featured_media":0,"parent":1191,"menu_order":0,"comment_status":"closed","ping_status":"closed","template":"","meta":{"_bbp_topic_count":0,"_bbp_reply_count":0,"_bbp_total_topic_count":0,"_bbp_total_reply_count":0,"_bbp_voice_count":0,"_bbp_anonymous_reply_count":0,"_bbp_topic_count_hidden":0,"_bbp_reply_count_hidden":0,"_bbp_forum_subforum_count":0,"footnotes":""},"class_list":["post-1197","page","type-page","status-publish","hentry"],"post_mailing_queue_ids":[],"_links":{"self":[{"href":"https:\/\/agora.xtec.cat\/ins-latalaia\/wp-json\/wp\/v2\/pages\/1197","targetHints":{"allow":["GET"]}}],"collection":[{"href":"https:\/\/agora.xtec.cat\/ins-latalaia\/wp-json\/wp\/v2\/pages"}],"about":[{"href":"https:\/\/agora.xtec.cat\/ins-latalaia\/wp-json\/wp\/v2\/types\/page"}],"author":[{"embeddable":true,"href":"https:\/\/agora.xtec.cat\/ins-latalaia\/wp-json\/wp\/v2\/users\/50"}],"replies":[{"embeddable":true,"href":"https:\/\/agora.xtec.cat\/ins-latalaia\/wp-json\/wp\/v2\/comments?post=1197"}],"version-history":[{"count":6,"href":"https:\/\/agora.xtec.cat\/ins-latalaia\/wp-json\/wp\/v2\/pages\/1197\/revisions"}],"predecessor-version":[{"id":2132,"href":"https:\/\/agora.xtec.cat\/ins-latalaia\/wp-json\/wp\/v2\/pages\/1197\/revisions\/2132"}],"up":[{"embeddable":true,"href":"https:\/\/agora.xtec.cat\/ins-latalaia\/wp-json\/wp\/v2\/pages\/1191"}],"wp:attachment":[{"href":"https:\/\/agora.xtec.cat\/ins-latalaia\/wp-json\/wp\/v2\/media?parent=1197"}],"curies":[{"name":"wp","href":"https:\/\/api.w.org\/{rel}","templated":true}]}}