{"id":1184,"date":"2023-02-03T12:38:20","date_gmt":"2023-02-03T11:38:20","guid":{"rendered":"https:\/\/agora.xtec.cat\/ins-latalaia\/?page_id=1184"},"modified":"2025-07-04T11:13:48","modified_gmt":"2025-07-04T09:13:48","slug":"preinscripcio-i-matricula_ptt","status":"publish","type":"page","link":"https:\/\/agora.xtec.cat\/ins-latalaia\/secretaria\/preinscripcio-i-matricula\/preinscripcio-i-matricula_ptt\/","title":{"rendered":"Preinscripci\u00f3 i matr\u00edcula al Pla de Transici\u00f3 al Treball (PTT) d\u2019Auxiliar de Vivers i Jardins"},"content":{"rendered":"<p>Les persones interessades a con\u00e8ixer les instal\u00b7lacions i el professorat que imparteix el Pla de Transici\u00f3 al Treball (PTT) d\u2019Auxiliar de Vivers i Jardins podeu enviar un missatge de correu-e a <strong>pfi@institutlatalaia.cat<\/strong>. Trobareu m\u00e9s informaci\u00f3 al <a href=\"https:\/\/sites.google.com\/xtec.cat\/jardinerialatalaia\/pfi-ptt-auxiliars-de-vivers-i-jardins?authuser=0\" target=\"_blank\" rel=\"noopener\">lloc web PFI-PTT Auxiliar de vivers i jardins<\/a>.<\/p>\n<p>Tamb\u00e9 podeu consultar el <a href=\"https:\/\/sites.google.com\/xtec.cat\/portesobertestalaia\">lloc web de Portes Obertes de l&#8217;Institut La Talaia<\/a>, que hem preparat per a tot l&#8217;alumnat nou, amb tota la informaci\u00f3 relativa al nostre centre. Hi teniu explicat el nostre projecte educatiu, els espais i els equipaments, els agrupaments i els projectes educatius que distingeixen i caracteritzen l&#8217;Institut la Talaia.<\/p>\n<h4 style=\"text-align: justify;\"><strong>Preinscripci\u00f3<\/strong><\/h4>\n<p style=\"text-align: justify;\">Per accedir al procediment de preinscripci\u00f3 feu clic a l&#8217;enlla\u00e7 seg\u00fcent:<\/p>\n<h4><strong>\u00a0 \u00a0 \u00a0 <a href=\"https:\/\/preinscripcio.gencat.cat\/ca\/estudis\/pfi\" target=\"_blank\" rel=\"noopener\">preinscripcio.gencat.cat\/ca\/estudis\/pfi<\/a><\/strong><\/h4>\n<p dir=\"ltr\">La\u00a0<b>sol\u00b7licitud de preinscripci\u00f3 al Pla de Transici\u00f3 al Treball (PTT) d\u2019Auxiliar de Vivers i Jardins<\/b>\u00a0per al curs 2025-2026, l\u2019heu de presentar\u00a0<b>del 6<\/b>\u00a0<b>al 13 de maig<\/b>\u00a0de 2025<b>, ambd\u00f3s inclosos<\/b>, i heu d\u2019adjuntar-hi la documentaci\u00f3 d\u2019identificaci\u00f3 o de criteris que correspongui. La documentaci\u00f3 que no h\u00e0giu pogut adjuntar durant el per\u00edode de presentaci\u00f3 de sol\u00b7licituds, la podeu afegir fins al dia 14 de maig de 2025.<\/p>\n<p dir=\"ltr\"><span style=\"font-weight: 400;\">La coordinadora del PTT contactar\u00e0 amb cada alumne per concretar la data i hora de l&#8217;entrevista d&#8217;orientaci\u00f3 i valoraci\u00f3, que<\/span><span style=\"font-weight: 400;\"> durar\u00e0 30 minuts.<\/span><\/p>\n<p class=\"CDt4Ke zfr3Q\" dir=\"ltr\"><span style=\"font-family: inherit; font-size: 1em;\">Abans de formalitzar la preinscripci\u00f3 heu de tenir en compte:<\/span><\/p>\n<ul class=\"n8H08c UVNKR\">\n<li class=\"TYR86d zfr3Q\" dir=\"ltr\">\n<p class=\"CDt4Ke zfr3Q\" dir=\"ltr\"><strong>N\u00famero d&#8217;identificaci\u00f3 de l&#8217;alumne\/a del RALC (Registre d&#8217;alumnes de Catalunya)<\/strong>: el necessitareu per omplir el formulari, aquest n\u00famero el podeu trobar als butlletins de qualificacions o documents acad\u00e8mics del vostre centre educatiu actual.<\/p>\n<\/li>\n<li class=\"TYR86d zfr3Q\" dir=\"ltr\">\n<p class=\"CDt4Ke zfr3Q\" dir=\"ltr\"><strong>Sistemes d&#8217;identificaci\u00f3<\/strong>: amb sistemes d&#8217;identificaci\u00f3 com l&#8217;<a class=\"XqQF9c rXJpyf\" href=\"https:\/\/idcatmobil.cat\/\" target=\"_blank\" rel=\"noopener\"><strong>idCat m\u00f2bil<\/strong><\/a>, \u00e9s molt m\u00e9s senzill el proc\u00e9s i redueix la documentaci\u00f3 que s&#8217;ha d&#8217;aportar. Aquest<a class=\"XqQF9c rXJpyf\" href=\"https:\/\/www.youtube.com\/watch?v=AbccrxbTzxk\" target=\"_blank\" rel=\"noopener\"> v\u00eddeo<\/a>\u00a0us explica com obtenir l\u2019idCAT M\u00f2bil.<\/p>\n<\/li>\n<\/ul>\n<ul>\n<li><strong>Tipus de sol\u00b7licituds electr\u00f2niques<\/strong>: En funci\u00f3 del sistema d&#8217;identificaci\u00f3, fareu una sol\u00b7licitud electr\u00f2nica amb certificat digital, o una sol\u00b7licitud sense certificat digital. <strong>Sempre que sigui possible, feu la sol\u00b7licitud electr\u00f2nica amb certificat digital<\/strong>, tant per seguretat com per comoditat.<\/li>\n<\/ul>\n<ul class=\"n8H08c UVNKR\">\n<li class=\"TYR86d zfr3Q\" dir=\"ltr\">\n<p class=\"CDt4Ke zfr3Q\" dir=\"ltr\">\u00c9s important que <strong>tingueu escanejada o fotografiada la documentaci\u00f3 en el mateix dispositiu des d&#8217;on fareu la sol\u00b7licitud<\/strong>.<\/p>\n<\/li>\n<li class=\"TYR86d zfr3Q\" dir=\"ltr\">\n<p class=\"CDt4Ke zfr3Q\" dir=\"ltr\">\u00c9s imprescindible que tingueu un <strong>correu electr\u00f2nic familiar<\/strong>, \u00e9s a dir, del pare o de la mare o tutor\/a legal.<\/p>\n<\/li>\n<li class=\"TYR86d zfr3Q\" dir=\"ltr\">\n<p class=\"CDt4Ke zfr3Q\" dir=\"ltr\">El <strong>codi de centre de l&#8217;Institut La Talaia \u00e9s 43010372<\/strong>, el necessitareu per indicar a quin centre voleu preinscriure-us.<\/p>\n<\/li>\n<li class=\"TYR86d zfr3Q\" dir=\"ltr\">\n<p class=\"CDt4Ke zfr3Q\" dir=\"ltr\">Demaneu al vostre centre actual el n\u00famero d\u2019identificaci\u00f3 de l\u2019alumne per poder lligar la sol\u00b7licitud al seu expedient acad\u00e8mic i personal, o consulteu-lo <a href=\"https:\/\/educacio.gencat.cat\/ca\/tramits\/tramits-temes\/identificador-alumne\">accedint a aquest lloc web<\/a> (cal tenir un certificat digital).<\/p>\n<\/li>\n<li class=\"TYR86d zfr3Q\" dir=\"ltr\">\n<p class=\"CDt4Ke zfr3Q\" dir=\"ltr\">La\u00a0<strong>zona educativa 1<\/strong> de l\u2019Institut La Talaia per als programes de formaci\u00f3 i inserci\u00f3 \u00e9s tot el <strong>municipi de Calafell<\/strong>, segons la <a href=\"https:\/\/agora.xtec.cat\/ins-latalaia\/wp-content\/uploads\/usu2131\/2025\/05\/Penedes-Resolucio-25-26-arees-Proximitat-PFI.pdf\" target=\"_blank\" rel=\"noopener\">Resoluci\u00f3 per la qual es delimiten les \u00e0rees de proximitat dels centres que imparteixen els Programes de formaci\u00f3 i inserci\u00f3 (PFI), a efectes de preinscripci\u00f3 i matr\u00edcula d\u2019alumnat, en l\u2019\u00e0mbit dels Serveis Territorials d\u2019Educaci\u00f3 i Formaci\u00f3 Professional al Pened\u00e8s, curs 2025-2026<\/a>. Per tant, si el domicili habitual de l\u2019alumne pertany al municipi de Calafell, assolireu 30 punts al criteri prioritari de proximitat geogr\u00e0fica del domicili habitual de l\u2019alumne al centre.<\/p>\n<\/li>\n<li class=\"TYR86d zfr3Q\" dir=\"ltr\">\n<p class=\"CDt4Ke zfr3Q\" dir=\"ltr\">La\u00a0<strong>zona educativa 2<\/strong> de l\u2019Institut La Talaia per als programes de formaci\u00f3 i inserci\u00f3 s\u00f3n tots els <strong>municipis dels Serveis Territorials del Departament d&#8217;Educaci\u00f3 al Pened\u00e8s<\/strong>, per tant, si el domicili habitual de l\u2019alumne pertany a un municipi que forma part dels serveis territorials del Departament d&#8217;Educaci\u00f3 al Pened\u00e8s, i que no sigui el municipi de Calafell, assolireu 15 punts al criteri prioritari de proximitat geogr\u00e0fica del domicili habitual de l\u2019alumne al centre. Podeu consultar quins municipis formen part dels serveis territorials del Departament d&#8217;Educaci\u00f3 al Pened\u00e8s en <a href=\"https:\/\/educacio.gencat.cat\/ca\/departament\/serveis-territorials\/penedes\/informacio-general\/municipis\/\" target=\"_blank\" rel=\"noopener\">aquest enlla\u00e7<\/a>.<\/p>\n<\/li>\n<li class=\"TYR86d zfr3Q\" dir=\"ltr\">\n<p class=\"CDt4Ke zfr3Q\" dir=\"ltr\">Cenyiu-vos al calendari establert, lliurar la sol\u00b7licitud o la documentaci\u00f3 fora de termini us fa perdre tots els drets d\u2019adscripci\u00f3 amb el risc que aix\u00f2 comporta de quedar-se sense pla\u00e7a al centre.<\/p>\n<\/li>\n<li class=\"TYR86d zfr3Q\" dir=\"ltr\">Si teniu dubtes omplint la sol\u00b7licitud de preinscripci\u00f3, podeu accedir al <a href=\"http:\/\/ja.cat\/contactar\" target=\"_blank\" rel=\"noopener\">formulari de contacte amb l&#8217;Institut La Talaia<\/a>, o b\u00e9 trucar al tel\u00e8fon 977159233, en horari de 9 a 13 hores.<\/li>\n<\/ul>\n<h4 style=\"text-align: justify;\"><strong>Matr\u00edcula<\/strong><\/h4>\n<p>Una vegada publicada la llista d\u2019alumnes admesos,\u00a0<strong>el dia 4 de juliol, rebreu un missatge a l\u2019adre\u00e7a de correu electr\u00f2nic que vau facilitar<\/strong> a la sol\u00b7licitud de preinscripci\u00f3, <strong>amb un enlla\u00e7 al formulari de matr\u00edcula. Cal que respongueu el formulari de matr\u00edcula en el per\u00edode del 7 a l&#8217;11 de juliol, ambd\u00f3s inclosos<\/strong>. No cal que aneu presencialment al centre. Si la matr\u00edcula no es fa en el per\u00edode establert, es considera que es renuncia a la pla\u00e7a adjudicada, llevat que sigui per causes justificades.<\/p>\n<p>En cas que no desitgeu matricular l\u2019alumne al centre poseu-vos en contacte amb Secretaria de l\u2019institut La Talaia.<\/p>\n<h4 style=\"text-align: justify;\"><strong>Sol\u00b7licitud de pla\u00e7a fora del proc\u00e9s de preinscripci\u00f3 ordin\u00e0ria<\/strong><\/h4>\n<p>A partir del dia 16.07.2024, un cop finalitzada la gesti\u00f3 de la llista d&#8217;espera (del 9 al 15 de juliol), l&#8217;Institut La Talaia gestionar\u00e0 les sol\u00b7licituds de pla\u00e7a al Pla de Transici\u00f3 al Treball (PTT) d\u2019Auxiliar de Vivers i Jardins fora del proc\u00e9s de preinscripci\u00f3 ordin\u00e0ria. Si desitgeu sol\u00b7licitar pla\u00e7a fora del proc\u00e9s de preinscripci\u00f3 ordin\u00e0ria ho heu de fer responent al <strong><a href=\"https:\/\/forms.gle\/A7fgf4M3KPPDvHcw6\" target=\"_blank\" rel=\"noopener\">formulari de sol\u00b7licitud de pla\u00e7a al Pla de Transici\u00f3 al Treball (PTT) d\u2019Auxiliar de Vivers i Jardins<\/a><\/strong>.<\/p>\n<h4><strong>Tauler d\u2019anuncis<\/strong><\/h4>\n<p>En aquesta secci\u00f3 podeu consultar els documents i llistats relacionats amb la preinscripci\u00f3 i matr\u00edcula per al PTT Auxiliar de Vivers i Jardins que es vagin publicant al tauler d\u2019anuncis del centre.<\/p>\n<h5 id=\"Oferta_inicial\">Oferta inicial de places al Programa de Formaci\u00f3 i Inserci\u00f3 (PFI) del Pla de Transici\u00f3 al Treball (PTT) d\u2019Auxiliar de Vivers i Jardins.<\/h5>\n<div>\n<p>El dia 02.05.2025 s\u2019ha publicat l\u2019oferta inicial de places al Programa de Formaci\u00f3 i Inserci\u00f3 (PFI) del Pla de Transici\u00f3 al Treball (PTT) d\u2019Auxiliar de Vivers i Jardins per al curs 2025-2026. L\u2019oferta final de places al Programa de Formaci\u00f3 i Inserci\u00f3 (PFI) del Pla de Transici\u00f3 al Treball (PTT) d\u2019Auxiliar de Vivers i Jardins es publicar\u00e0 el pr\u00f2xim dia 04.07.2025.<\/p>\n<p><a href=\"https:\/\/agora.xtec.cat\/ins-latalaia\/wp-content\/uploads\/usu2131\/2025\/05\/Oferta-inicial-places.-PTT.Curs-25-26.png\"><img loading=\"lazy\" decoding=\"async\" class=\"size-large wp-image-1944\" src=\"https:\/\/agora.xtec.cat\/ins-latalaia\/wp-content\/uploads\/usu2131\/2025\/05\/Oferta-inicial-places.-PTT.Curs-25-26-1024x440.png\" alt=\"Oferta inicial places PFI. Curs 25-26\" width=\"1024\" height=\"440\" srcset=\"https:\/\/agora.xtec.cat\/ins-latalaia\/wp-content\/uploads\/usu2131\/2025\/05\/Oferta-inicial-places.-PTT.Curs-25-26-1024x440.png 1024w, https:\/\/agora.xtec.cat\/ins-latalaia\/wp-content\/uploads\/usu2131\/2025\/05\/Oferta-inicial-places.-PTT.Curs-25-26-300x129.png 300w, https:\/\/agora.xtec.cat\/ins-latalaia\/wp-content\/uploads\/usu2131\/2025\/05\/Oferta-inicial-places.-PTT.Curs-25-26-768x330.png 768w, https:\/\/agora.xtec.cat\/ins-latalaia\/wp-content\/uploads\/usu2131\/2025\/05\/Oferta-inicial-places.-PTT.Curs-25-26.png 1426w\" sizes=\"auto, (max-width: 1024px) 100vw, 1024px\" \/><\/a><\/p>\n<\/div>\n<p><span style=\"font-family: inherit; font-size: 1em;\">Podeu consultar l\u2019oferta de places al Programa de Formaci\u00f3 i Inserci\u00f3 (PFI) del Pla de Transici\u00f3 al Treball (PTT) d\u2019Auxiliar de Vivers i Jardins per al curs 2025\/2026 al lloc web <\/span><a style=\"font-family: inherit; font-size: 1em;\" href=\"http:\/\/mapaescolar.gencat.cat\/\" target=\"_blank\" rel=\"noopener\">mapaescolar.gencat.cat<\/a><span style=\"font-family: inherit; font-size: 1em;\">, introduint el text \u201cTalaia\u201d al cercador, i al resultat que us apareix, fent clic al bot\u00f3 que mostra una casa vermella que cont\u00e9 el s\u00edmbol \u20ac.<\/span><\/p>\n<div><\/div>\n<p><a href=\"https:\/\/agora.xtec.cat\/ins-latalaia\/wp-content\/uploads\/usu2131\/2025\/05\/OfertaInicialPlacesPFI.png\"><img loading=\"lazy\" decoding=\"async\" class=\"size-large wp-image-1933\" src=\"https:\/\/agora.xtec.cat\/ins-latalaia\/wp-content\/uploads\/usu2131\/2025\/05\/OfertaInicialPlacesPFI-1024x576.png\" alt=\"Oferta inicial places PFI. Curs 25-26\" width=\"1024\" height=\"576\" srcset=\"https:\/\/agora.xtec.cat\/ins-latalaia\/wp-content\/uploads\/usu2131\/2025\/05\/OfertaInicialPlacesPFI-1024x576.png 1024w, https:\/\/agora.xtec.cat\/ins-latalaia\/wp-content\/uploads\/usu2131\/2025\/05\/OfertaInicialPlacesPFI-300x169.png 300w, https:\/\/agora.xtec.cat\/ins-latalaia\/wp-content\/uploads\/usu2131\/2025\/05\/OfertaInicialPlacesPFI-768x432.png 768w, https:\/\/agora.xtec.cat\/ins-latalaia\/wp-content\/uploads\/usu2131\/2025\/05\/OfertaInicialPlacesPFI-1536x864.png 1536w, https:\/\/agora.xtec.cat\/ins-latalaia\/wp-content\/uploads\/usu2131\/2025\/05\/OfertaInicialPlacesPFI.png 1920w\" sizes=\"auto, (max-width: 1024px) 100vw, 1024px\" \/><\/a><\/p>\n<h5><b>Llista de sol\u00b7licituds que han demanat l&#8217;Institut La Talaia i l&#8217;ensenyament Pla de Transici\u00f3 al Treball (PTT) d\u2019Auxiliar de Vivers i Jardins en primera petici\u00f3 amb la puntuaci\u00f3 provisional, per al curs 2025-2026.<\/b><\/h5>\n<div><\/div>\n<p>El dia 28.05.2025 s&#8217;ha publicat al tauler d&#8217;anuncis del centre la llista de sol\u00b7licituds que han demanat l&#8217;Institut La Talaia i l&#8217;ensenyament Pla de Transici\u00f3 al Treball (PTT) d\u2019Auxiliar de Vivers i Jardins en primera petici\u00f3 amb la puntuaci\u00f3 provisional, per al curs 2025-2026.<\/p>\n<div><\/div>\n<div><a href=\"https:\/\/agora.xtec.cat\/ins-latalaia\/wp-content\/uploads\/usu2131\/2025\/05\/INFORME_BAREM_PROVISIONAL_BAREM-1.jpg\"><img loading=\"lazy\" decoding=\"async\" class=\"alignnone wp-image-2004\" src=\"https:\/\/agora.xtec.cat\/ins-latalaia\/wp-content\/uploads\/usu2131\/2025\/05\/INFORME_BAREM_PROVISIONAL_BAREM-1-1024x566.jpg\" alt=\"\" width=\"812\" height=\"449\" srcset=\"https:\/\/agora.xtec.cat\/ins-latalaia\/wp-content\/uploads\/usu2131\/2025\/05\/INFORME_BAREM_PROVISIONAL_BAREM-1-1024x566.jpg 1024w, https:\/\/agora.xtec.cat\/ins-latalaia\/wp-content\/uploads\/usu2131\/2025\/05\/INFORME_BAREM_PROVISIONAL_BAREM-1-300x166.jpg 300w, https:\/\/agora.xtec.cat\/ins-latalaia\/wp-content\/uploads\/usu2131\/2025\/05\/INFORME_BAREM_PROVISIONAL_BAREM-1-768x425.jpg 768w, https:\/\/agora.xtec.cat\/ins-latalaia\/wp-content\/uploads\/usu2131\/2025\/05\/INFORME_BAREM_PROVISIONAL_BAREM-1-1536x849.jpg 1536w, https:\/\/agora.xtec.cat\/ins-latalaia\/wp-content\/uploads\/usu2131\/2025\/05\/INFORME_BAREM_PROVISIONAL_BAREM-1.jpg 1590w\" sizes=\"auto, (max-width: 812px) 100vw, 812px\" \/><\/a><\/div>\n<p>Si no esteu d\u2019acord amb la puntuaci\u00f3 provisional, o detecteu alguna errada o anomalia, del 28 de maig al dia 3 de juny de 2025 podeu presentar reclamacions. Es pot fer des de la mateixa consulta individual o des de l\u2019opci\u00f3 \u201c<a href=\"https:\/\/preinscripcio.gencat.cat\/ca\/estudis\/pfi\/preinscriute\/seguiment-sollicitud\/llista-sollicituds-puntuacio\/\" target=\"_blank\" rel=\"noopener\">Fes el seguiment de la teva sol\u00b7licitud &gt; Consulta la llista de sol\u00b7licituds amb la puntuaci\u00f3<\/a>\u201d de la web <a href=\"https:\/\/preinscripcio.gencat.cat\/ca\/estudis\/pfi\/inici\/\" target=\"_blank\" rel=\"noopener\">preinscripcio.gencat.cat<\/a>. A m\u00e9s, teniu a la vostra disposici\u00f3 aquest videotutorial:\u00a0<a href=\"https:\/\/www.youtube.com\/watch?v=Y1HTJ25ueeY\" target=\"_blank\" rel=\"noopener\">Com presentar una reclamaci\u00f3 contra la llista amb la puntuaci\u00f3 provisional<\/a>.<\/p>\n<div>\n<div><\/div>\n<\/div>\n<div>\n<h5><b>Llista de sol\u00b7licituds que han demanat l&#8217;Institut La Talaia i l&#8217;ensenyament\u00a0Pla de Transici\u00f3 al Treball (PTT) d\u2019Auxiliar de Vivers i Jardins\u00a0en primera petici\u00f3 amb la puntuaci\u00f3 resoltes les reclamacions, per al curs 2025-2026.<\/b><\/h5>\n<div><b>\u00a0<\/b><\/div>\n<div>\n<p>El dia 06.06.2025 s&#8217;ha publicat al tauler d&#8217;anuncis del centre la llista de sol\u00b7licituds que han demanat l&#8217;Institut La Talaia i l&#8217;ensenyament Pla de Transici\u00f3 al Treball (PTT) d\u2019Auxiliar de Vivers i Jardins en primera petici\u00f3 amb la puntuaci\u00f3 resoltes les reclamacions, per al curs 2025-2026.<\/p>\n<\/div>\n<div>\n<p>Per accedir a la consulta individual de resultats de l&#8217;alumne\/a heu d&#8217;accedir a\u00a0<a href=\"https:\/\/preinscripcio.gencat.cat\/ca\/estudis\/pfi\/preinscriute\/seguiment-sollicitud\/llista-despres-reclamacions\/\" target=\"_blank\" rel=\"noopener\">aquest enlla\u00e7 web<\/a>.<\/p>\n<\/div>\n<div><\/div>\n<\/div>\n<div><\/div>\n<div><a href=\"https:\/\/agora.xtec.cat\/ins-latalaia\/wp-content\/uploads\/usu2131\/2025\/06\/INFORME_BAREM_RESOLTES_BAREM.jpg\"><img loading=\"lazy\" decoding=\"async\" class=\"alignnone wp-image-2011\" src=\"https:\/\/agora.xtec.cat\/ins-latalaia\/wp-content\/uploads\/usu2131\/2025\/06\/INFORME_BAREM_RESOLTES_BAREM-1024x666.jpg\" alt=\"\" width=\"781\" height=\"508\" srcset=\"https:\/\/agora.xtec.cat\/ins-latalaia\/wp-content\/uploads\/usu2131\/2025\/06\/INFORME_BAREM_RESOLTES_BAREM-1024x666.jpg 1024w, https:\/\/agora.xtec.cat\/ins-latalaia\/wp-content\/uploads\/usu2131\/2025\/06\/INFORME_BAREM_RESOLTES_BAREM-300x195.jpg 300w, https:\/\/agora.xtec.cat\/ins-latalaia\/wp-content\/uploads\/usu2131\/2025\/06\/INFORME_BAREM_RESOLTES_BAREM-768x499.jpg 768w, https:\/\/agora.xtec.cat\/ins-latalaia\/wp-content\/uploads\/usu2131\/2025\/06\/INFORME_BAREM_RESOLTES_BAREM-1536x999.jpg 1536w, https:\/\/agora.xtec.cat\/ins-latalaia\/wp-content\/uploads\/usu2131\/2025\/06\/INFORME_BAREM_RESOLTES_BAREM.jpg 1590w\" sizes=\"auto, (max-width: 781px) 100vw, 781px\" \/><\/a><\/div>\n<div>\n<div>\n<h5><\/h5>\n<h5><b>Llista de sol\u00b7licituds que han demanat l&#8217;Institut La Talaia i l&#8217;ensenyament Pla de Transici\u00f3 al Treball (PTT) d\u2019Auxiliar de Vivers i Jardins en primera petici\u00f3 ordenada, per al curs 2025-2026.<\/b><\/h5>\n<div><b>\u00a0<\/b><\/div>\n<div>\n<p>El dia 12.06.2025 s&#8217;ha publicat al tauler d&#8217;anuncis del centre la llista de sol\u00b7licituds que han demanat l&#8217;Institut La Talaia i l&#8217;ensenyament Pla de Transici\u00f3 al Treball (PTT) d\u2019Auxiliar de Vivers i Jardins en primera petici\u00f3 ordenada, per al curs 2025-2026.<\/p>\n<\/div>\n<div>\n<p>Per accedir a la consulta individual de resultats de l&#8217;alumne\/a heu d&#8217;accedir a\u00a0<a href=\"https:\/\/preinscripcio.gencat.cat\/ca\/estudis\/pfi\/preinscriute\/seguiment-sollicitud\/llista-despres-reclamacions\/\" target=\"_blank\" rel=\"noopener\">aquest enlla\u00e7 web<\/a>.<\/p>\n<p><a href=\"https:\/\/agora.xtec.cat\/ins-latalaia\/wp-content\/uploads\/usu2131\/2025\/06\/INFORME_BAREM_DEFINITIU_BAREM.jpg\"><img loading=\"lazy\" decoding=\"async\" class=\"alignnone wp-image-2023\" src=\"https:\/\/agora.xtec.cat\/ins-latalaia\/wp-content\/uploads\/usu2131\/2025\/06\/INFORME_BAREM_DEFINITIU_BAREM-1024x716.jpg\" alt=\"\" width=\"733\" height=\"513\" srcset=\"https:\/\/agora.xtec.cat\/ins-latalaia\/wp-content\/uploads\/usu2131\/2025\/06\/INFORME_BAREM_DEFINITIU_BAREM-1024x716.jpg 1024w, https:\/\/agora.xtec.cat\/ins-latalaia\/wp-content\/uploads\/usu2131\/2025\/06\/INFORME_BAREM_DEFINITIU_BAREM-300x210.jpg 300w, https:\/\/agora.xtec.cat\/ins-latalaia\/wp-content\/uploads\/usu2131\/2025\/06\/INFORME_BAREM_DEFINITIU_BAREM-768x537.jpg 768w, https:\/\/agora.xtec.cat\/ins-latalaia\/wp-content\/uploads\/usu2131\/2025\/06\/INFORME_BAREM_DEFINITIU_BAREM-1536x1073.jpg 1536w, https:\/\/agora.xtec.cat\/ins-latalaia\/wp-content\/uploads\/usu2131\/2025\/06\/INFORME_BAREM_DEFINITIU_BAREM.jpg 1590w\" sizes=\"auto, (max-width: 733px) 100vw, 733px\" \/><\/a><\/p>\n<\/div>\n<div>\n<h4><strong>Llistes d\u2019alumnes assignats al Pla de Transici\u00f3 al Treball (PTT) d\u2019Auxiliar de Vivers i Jardins a l&#8217;Institut La Talaia amb indicaci\u00f3 de la primera petici\u00f3, i d\u2019alumnes preinscrits a l&#8217;Institut La Talaia amb indicaci\u00f3 de l&#8217;assignaci\u00f3.<\/strong><\/h4>\n<p>El dia 04.07.2025 s&#8217;ha publicat al tauler d&#8217;anuncis del centre les dues llistes seg\u00fcents:<\/p>\n<p><strong>Llista d\u2019alumnes assignats al Pla de Transici\u00f3 al Treball (PTT) d\u2019Auxiliar de Vivers i Jardins a l\u2019Institut La Talaia, amb indicaci\u00f3 de la primera petici\u00f3. Curs 2025-2026.<\/strong><\/p>\n<p><a href=\"https:\/\/agora.xtec.cat\/ins-latalaia\/wp-content\/uploads\/usu2131\/2025\/07\/INFORME_ASSIGNADES_INFORME_ASSIGNADES.jpg\"><img loading=\"lazy\" decoding=\"async\" class=\"alignnone size-large wp-image-2084\" src=\"https:\/\/agora.xtec.cat\/ins-latalaia\/wp-content\/uploads\/usu2131\/2025\/07\/INFORME_ASSIGNADES_INFORME_ASSIGNADES-861x1024.jpg\" alt=\"\" width=\"861\" height=\"1024\" srcset=\"https:\/\/agora.xtec.cat\/ins-latalaia\/wp-content\/uploads\/usu2131\/2025\/07\/INFORME_ASSIGNADES_INFORME_ASSIGNADES-861x1024.jpg 861w, https:\/\/agora.xtec.cat\/ins-latalaia\/wp-content\/uploads\/usu2131\/2025\/07\/INFORME_ASSIGNADES_INFORME_ASSIGNADES-252x300.jpg 252w, https:\/\/agora.xtec.cat\/ins-latalaia\/wp-content\/uploads\/usu2131\/2025\/07\/INFORME_ASSIGNADES_INFORME_ASSIGNADES-768x913.jpg 768w, https:\/\/agora.xtec.cat\/ins-latalaia\/wp-content\/uploads\/usu2131\/2025\/07\/INFORME_ASSIGNADES_INFORME_ASSIGNADES-1291x1536.jpg 1291w, https:\/\/agora.xtec.cat\/ins-latalaia\/wp-content\/uploads\/usu2131\/2025\/07\/INFORME_ASSIGNADES_INFORME_ASSIGNADES.jpg 1573w\" sizes=\"auto, (max-width: 861px) 100vw, 861px\" \/><\/a><\/p>\n<p><strong>Llista d\u2019alumnes preinscrits al Pla de Transici\u00f3 al Treball (PTT) d\u2019Auxiliar de Vivers i Jardins a l\u2019Institut La Talaia. Curs 2025-2026.<\/strong><\/p>\n<p><a href=\"https:\/\/agora.xtec.cat\/ins-latalaia\/wp-content\/uploads\/usu2131\/2025\/07\/INFORME_PREINSCRITES_OME_INFORME_PREINSCRITES_OME.jpg\"><img loading=\"lazy\" decoding=\"async\" class=\"alignnone wp-image-2085\" src=\"https:\/\/agora.xtec.cat\/ins-latalaia\/wp-content\/uploads\/usu2131\/2025\/07\/INFORME_PREINSCRITES_OME_INFORME_PREINSCRITES_OME-1024x586.jpg\" alt=\"\" width=\"825\" height=\"472\" srcset=\"https:\/\/agora.xtec.cat\/ins-latalaia\/wp-content\/uploads\/usu2131\/2025\/07\/INFORME_PREINSCRITES_OME_INFORME_PREINSCRITES_OME-1024x586.jpg 1024w, https:\/\/agora.xtec.cat\/ins-latalaia\/wp-content\/uploads\/usu2131\/2025\/07\/INFORME_PREINSCRITES_OME_INFORME_PREINSCRITES_OME-300x172.jpg 300w, https:\/\/agora.xtec.cat\/ins-latalaia\/wp-content\/uploads\/usu2131\/2025\/07\/INFORME_PREINSCRITES_OME_INFORME_PREINSCRITES_OME-768x440.jpg 768w, https:\/\/agora.xtec.cat\/ins-latalaia\/wp-content\/uploads\/usu2131\/2025\/07\/INFORME_PREINSCRITES_OME_INFORME_PREINSCRITES_OME-1536x879.jpg 1536w, https:\/\/agora.xtec.cat\/ins-latalaia\/wp-content\/uploads\/usu2131\/2025\/07\/INFORME_PREINSCRITES_OME_INFORME_PREINSCRITES_OME.jpg 1581w\" sizes=\"auto, (max-width: 825px) 100vw, 825px\" \/><\/a><\/p>\n<p>Tanmateix, el dia 04.07.2025 s&#8217;ha publicat al tauler d&#8217;anuncis del centre l&#8217;oferta final de places escolars de la preinscripci\u00f3 per al Pla de Transici\u00f3 al Treball (PTT) d\u2019Auxiliar de Vivers i Jardins per al curs 2025-2026.<\/p>\n<p><a href=\"https:\/\/agora.xtec.cat\/ins-latalaia\/wp-content\/uploads\/usu2131\/2025\/07\/INFORME_OFERTA_OME_INFORME_OFERTA.jpg\"><img loading=\"lazy\" decoding=\"async\" class=\"alignnone  wp-image-2087\" src=\"https:\/\/agora.xtec.cat\/ins-latalaia\/wp-content\/uploads\/usu2131\/2025\/07\/INFORME_OFERTA_OME_INFORME_OFERTA-1024x644.jpg\" alt=\"\" width=\"557\" height=\"350\" srcset=\"https:\/\/agora.xtec.cat\/ins-latalaia\/wp-content\/uploads\/usu2131\/2025\/07\/INFORME_OFERTA_OME_INFORME_OFERTA-1024x644.jpg 1024w, https:\/\/agora.xtec.cat\/ins-latalaia\/wp-content\/uploads\/usu2131\/2025\/07\/INFORME_OFERTA_OME_INFORME_OFERTA-300x189.jpg 300w, https:\/\/agora.xtec.cat\/ins-latalaia\/wp-content\/uploads\/usu2131\/2025\/07\/INFORME_OFERTA_OME_INFORME_OFERTA-768x483.jpg 768w, https:\/\/agora.xtec.cat\/ins-latalaia\/wp-content\/uploads\/usu2131\/2025\/07\/INFORME_OFERTA_OME_INFORME_OFERTA.jpg 1265w\" sizes=\"auto, (max-width: 557px) 100vw, 557px\" \/><\/a><\/p>\n<\/div>\n<\/div>\n<div><\/div>\n<\/div>\n<p dir=\"ltr\" style=\"text-align: right;\">Actualitzat a data: 12.06.2025<\/p>\n","protected":false},"excerpt":{"rendered":"<p>Les persones interessades a con\u00e8ixer les instal\u00b7lacions i el professorat que imparteix el Pla de Transici\u00f3 al Treball (PTT) d\u2019Auxiliar de Vivers i Jardins podeu enviar un missatge de correu-e a pfi@institutlatalaia.cat. Trobareu m\u00e9s informaci\u00f3 al <a href=\"https:\/\/sites.google.com\/xtec.cat\/jardinerialatalaia\/pfi-ptt-auxiliars-de-vivers-i-jardins?authuser=0\" target=\"_blank\" rel=\"noopener\">lloc web PFI-PTT Auxiliar de vivers&hellip;  <a href=\"https:\/\/agora.xtec.cat\/ins-latalaia\/secretaria\/preinscripcio-i-matricula\/preinscripcio-i-matricula_ptt\/\" title=\"Read Preinscripci\u00f3 i matr\u00edcula al Pla de Transici\u00f3 al Treball (PTT) d\u2019Auxiliar de Vivers i Jardins\">Llegeix m\u00e9s\u00bb<\/a><\/p>\n","protected":false},"author":50,"featured_media":0,"parent":1161,"menu_order":0,"comment_status":"closed","ping_status":"closed","template":"","meta":{"_bbp_topic_count":0,"_bbp_reply_count":0,"_bbp_total_topic_count":0,"_bbp_total_reply_count":0,"_bbp_voice_count":0,"_bbp_anonymous_reply_count":0,"_bbp_topic_count_hidden":0,"_bbp_reply_count_hidden":0,"_bbp_forum_subforum_count":0,"footnotes":""},"class_list":["post-1184","page","type-page","status-publish","hentry"],"post_mailing_queue_ids":[],"_links":{"self":[{"href":"https:\/\/agora.xtec.cat\/ins-latalaia\/wp-json\/wp\/v2\/pages\/1184","targetHints":{"allow":["GET"]}}],"collection":[{"href":"https:\/\/agora.xtec.cat\/ins-latalaia\/wp-json\/wp\/v2\/pages"}],"about":[{"href":"https:\/\/agora.xtec.cat\/ins-latalaia\/wp-json\/wp\/v2\/types\/page"}],"author":[{"embeddable":true,"href":"https:\/\/agora.xtec.cat\/ins-latalaia\/wp-json\/wp\/v2\/users\/50"}],"replies":[{"embeddable":true,"href":"https:\/\/agora.xtec.cat\/ins-latalaia\/wp-json\/wp\/v2\/comments?post=1184"}],"version-history":[{"count":7,"href":"https:\/\/agora.xtec.cat\/ins-latalaia\/wp-json\/wp\/v2\/pages\/1184\/revisions"}],"predecessor-version":[{"id":2088,"href":"https:\/\/agora.xtec.cat\/ins-latalaia\/wp-json\/wp\/v2\/pages\/1184\/revisions\/2088"}],"up":[{"embeddable":true,"href":"https:\/\/agora.xtec.cat\/ins-latalaia\/wp-json\/wp\/v2\/pages\/1161"}],"wp:attachment":[{"href":"https:\/\/agora.xtec.cat\/ins-latalaia\/wp-json\/wp\/v2\/media?parent=1184"}],"curies":[{"name":"wp","href":"https:\/\/api.w.org\/{rel}","templated":true}]}}