{"id":1133,"date":"2022-12-05T12:35:20","date_gmt":"2022-12-05T11:35:20","guid":{"rendered":"https:\/\/agora.xtec.cat\/ins-latalaia\/?page_id=1133"},"modified":"2025-03-20T13:01:07","modified_gmt":"2025-03-20T12:01:07","slug":"peticio-certificat","status":"publish","type":"page","link":"https:\/\/agora.xtec.cat\/ins-latalaia\/secretaria\/peticio-certificat\/","title":{"rendered":"Sol\u00b7licitud de certificat"},"content":{"rendered":"<p><a href=\"https:\/\/agora.xtec.cat\/ins-latalaia\/wp-content\/uploads\/usu2131\/2023\/02\/certificats-solicitud.png\"><img loading=\"lazy\" decoding=\"async\" class=\"alignnone size-full wp-image-1250\" src=\"https:\/\/agora.xtec.cat\/ins-latalaia\/wp-content\/uploads\/usu2131\/2023\/02\/certificats-solicitud.png\" alt=\"Sol\u00b7licitud certificat\" width=\"400\" height=\"236\" srcset=\"https:\/\/agora.xtec.cat\/ins-latalaia\/wp-content\/uploads\/usu2131\/2023\/02\/certificats-solicitud.png 400w, https:\/\/agora.xtec.cat\/ins-latalaia\/wp-content\/uploads\/usu2131\/2023\/02\/certificats-solicitud-300x177.png 300w\" sizes=\"auto, (max-width: 400px) 100vw, 400px\" \/><\/a><\/p>\n<h2 style=\"text-align: justify;\"><strong>Escolliu el tipus de certificat que desitgeu sol\u00b7licitar:<\/strong><\/h2>\n<ul>\n<li><a href=\"https:\/\/docs.google.com\/forms\/d\/e\/1FAIpQLSc6SKgUcodNjl3q9sCq_TryjXn2gSobSrrhtf3TKEAlUQruYA\/viewform?usp=sf_link\" target=\"_blank\" rel=\"noopener\">Certificat dels nivells B2 i C1 de catal\u00e0 per escolaritat reglada no universit\u00e0ria<\/a> (Acreditaci\u00f3 del compliment de les condicions d&#8217;equival\u00e8ncia amb els certificats de Direcci\u00f3 General de Pol\u00edtica Ling\u00fc\u00edstica)<\/li>\n<li><a href=\"https:\/\/forms.gle\/eCh1gpdbyebVCv4Q9\">Certificat d&#8217;acreditaci\u00f3 de l&#8217;escolaritzaci\u00f3 a Catalunya a l&#8217;efecte de tramitar la concessi\u00f3 de la nacionalitat espanyola per resid\u00e8ncia<\/a><\/li>\n<li><a href=\"https:\/\/forms.gle\/abc15WgnkMSP4AS57\">Certificat d&#8217;acreditaci\u00f3 de l&#8217;escolaritzaci\u00f3 dels menors a c\u00e0rrec en les renovacions de les autoritzacions de resid\u00e8ncia<\/a><\/li>\n<li><a href=\"https:\/\/forms.gle\/K3Ywf7urJ5ntAsB99\">Certificat acad\u00e8mic per a la inscripci\u00f3 a un programa de formaci\u00f3 i inserci\u00f3<\/a><\/li>\n<li><a href=\"https:\/\/forms.gle\/mthoC6UBNuCLNeR79\">Certificat de matr\u00edcula del curs actual o certificat d&#8217;haver estat matriculat a l&#8217;Institut La Talaia<\/a><\/li>\n<li><a href=\"https:\/\/agora.xtec.cat\/ins-latalaia\/secretaria\/peticio-certificat\/certificat-de-qualificacions\/\">Certificat de qualificacions<\/a><\/li>\n<li><a href=\"https:\/\/forms.gle\/6NSMfvdfBFA2boF79\">Altres tipus de certificat<\/a><\/li>\n<\/ul>\n","protected":false},"excerpt":{"rendered":"<p><a href=\"https:\/\/agora.xtec.cat\/ins-latalaia\/wp-content\/uploads\/usu2131\/2023\/02\/certificats-solicitud.png\"><\/a><br \/>\nEscolliu el tipus de certificat que desitgeu sol\u00b7licitar:<\/p>\n<ul>\n<li><a href=\"https:\/\/docs.google.com\/forms\/d\/e\/1FAIpQLSc6SKgUcodNjl3q9sCq_TryjXn2gSobSrrhtf3TKEAlUQruYA\/viewform?usp=sf_link\" target=\"_blank\" rel=\"noopener\">Certificat dels nivells B2 i C1 de catal\u00e0 per escolaritat reglada no universit\u00e0ria<\/a> (Acreditaci\u00f3 del compliment de les condicions d&#8217;equival\u00e8ncia amb els certificats de Direcci\u00f3 General de Pol\u00edtica Ling\u00fc\u00edstica)<\/li>\n<li><a href=\"https:\/\/forms.gle\/eCh1gpdbyebVCv4Q9\">Certificat d&#8217;acreditaci\u00f3 de l&#8217;escolaritzaci\u00f3 a&hellip;  <a href=\"https:\/\/agora.xtec.cat\/ins-latalaia\/secretaria\/peticio-certificat\/\" title=\"Read Sol\u00b7licitud de certificat\">Llegeix m\u00e9s\u00bb<\/a><br \/>\n","protected":false},"author":50,"featured_media":0,"parent":81,"menu_order":0,"comment_status":"closed","ping_status":"closed","template":"","meta":{"_bbp_topic_count":0,"_bbp_reply_count":0,"_bbp_total_topic_count":0,"_bbp_total_reply_count":0,"_bbp_voice_count":0,"_bbp_anonymous_reply_count":0,"_bbp_topic_count_hidden":0,"_bbp_reply_count_hidden":0,"_bbp_forum_subforum_count":0,"footnotes":""},"class_list":["post-1133","page","type-page","status-publish","hentry"],"post_mailing_queue_ids":[],"_links":{"self":[{"href":"https:\/\/agora.xtec.cat\/ins-latalaia\/wp-json\/wp\/v2\/pages\/1133","targetHints":{"allow":["GET"]}}],"collection":[{"href":"https:\/\/agora.xtec.cat\/ins-latalaia\/wp-json\/wp\/v2\/pages"}],"about":[{"href":"https:\/\/agora.xtec.cat\/ins-latalaia\/wp-json\/wp\/v2\/types\/page"}],"author":[{"embeddable":true,"href":"https:\/\/agora.xtec.cat\/ins-latalaia\/wp-json\/wp\/v2\/users\/50"}],"replies":[{"embeddable":true,"href":"https:\/\/agora.xtec.cat\/ins-latalaia\/wp-json\/wp\/v2\/comments?post=1133"}],"version-history":[{"count":5,"href":"https:\/\/agora.xtec.cat\/ins-latalaia\/wp-json\/wp\/v2\/pages\/1133\/revisions"}],"predecessor-version":[{"id":1901,"href":"https:\/\/agora.xtec.cat\/ins-latalaia\/wp-json\/wp\/v2\/pages\/1133\/revisions\/1901"}],"up":[{"embeddable":true,"href":"https:\/\/agora.xtec.cat\/ins-latalaia\/wp-json\/wp\/v2\/pages\/81"}],"wp:attachment":[{"href":"https:\/\/agora.xtec.cat\/ins-latalaia\/wp-json\/wp\/v2\/media?parent=1133"}],"curies":[{"name":"wp","href":"https:\/\/api.w.org\/{rel}","templated":true}]}}