{"id":57,"date":"2014-09-17T17:01:07","date_gmt":"2014-09-17T15:01:07","guid":{"rendered":"http:\/\/agora.xtec.cat\/ins-lamitjana\/\/?page_id=57"},"modified":"2017-06-05T14:20:29","modified_gmt":"2017-06-05T12:20:29","slug":"projecte-educatiu","status":"publish","type":"page","link":"https:\/\/agora.xtec.cat\/ins-lamitjana\/projecte-educatiu\/","title":{"rendered":"PROJECTE EDUCATIU"},"content":{"rendered":"<h5 style=\"text-align: justify;\">Objectius prioritaris del sistema educatiu i projecte educatiu de centre<\/h5>\n<h5 style=\"text-align: justify;\">1 Objectius prioritaris del sistema educatiu<\/h5>\n<p style=\"text-align: justify;\">Els objectius prioritaris del sistema educatiu catal\u00e0 s\u00f3n l&#8217;\u00e8xit escolar i l&#8217;excel\u00b7l\u00e8ncia educativa, mitjan\u00e7ant el desenvolupament m\u00e0xim de les capacitats de tots i cadascun dels alumnes com a principi fonamentador de l&#8217;equitat i garantia, alhora, de la cohesi\u00f3 social. Tenint en compte aquests objectius prioritaris, els centres, seguint el principi de l&#8217;escola inclusiva i d&#8217;acord amb les seves caracter\u00edstiques, han de concretar en les actuacions els aspectes seg\u00fcents, recollits en el document Ofensiva de pa\u00eds a favor de l&#8217;\u00e8xit escolar:<\/p>\n<p style=\"text-align: justify;\">El catal\u00e0, com a llengua pr\u00f2pia de Catalunya, \u00e9s la llengua normalment emprada com a llengua vehicular i d&#8217;aprenentatge del sistema educatiu. En finalitzar l&#8217;ensenyament obligatori, s&#8217;ha de garantir el ple domini de les lleng\u00fces oficials catalana i castellana.<\/p>\n<p style=\"text-align: justify;\">La inclusi\u00f3 educativa com a principi que regeix l\u2019escolaritzaci\u00f3 i l\u2019atenci\u00f3 educativa de tots els alumnes i, en particular, dels que es poden trobar en l\u2019aprenentatge i la participaci\u00f3 amb m\u00e9s barreres o dificultats associades a les seves condicions personals, familiars o socials.<\/p>\n<p style=\"text-align: justify;\">La innovaci\u00f3 metodol\u00f2gica i did\u00e0ctica a les aules per adquirir les compet\u00e8ncies b\u00e0siques que han de contribuir al desenvolupament personal de tots i cadascun dels alumnes. Priorit\u00e0riament, les compet\u00e8ncies b\u00e0siques dels \u00e0mbits ling\u00fc\u00edstic, matem\u00e0tic, cientificotecnol\u00f2gic, social, art\u00edstic, d&#8217;educaci\u00f3 f\u00edsica i de la cultura i valors, i tamb\u00e9 les dels \u00e0mbits transversals digital i personal i social, per afavorir la continu\u00eftat formativa. La lectura com a eix vertebrador dels aprenentatges en totes les \u00e0rees i mat\u00e8ries curriculars i la consolidaci\u00f3 d&#8217;un temps de lectura independent, di\u00e0ria i reflexiva, que formi lectors capa\u00e7os d&#8217;accedir al contingut de qualsevol text i que valorin l&#8217;h\u00e0bit lector.<\/p>\n<p style=\"text-align: justify;\">Accions de dinamitzaci\u00f3 ling\u00fc\u00edstica i comunicativa en els \u00e0mbits acad\u00e8mics i d&#8217;interculturalitat per afavorir el pluriling\u00fcisme efectiu dels alumnes i incrementar el domini de les lleng\u00fces a Catalunya d&#8217;acord amb el Marc europeu com\u00fa de refer\u00e8ncia.<\/p>\n<p style=\"text-align: justify;\">La personalitzaci\u00f3 de l\u2019aprenentatge per atendre les necessitats i caracter\u00edstiques individuals de tots i cadascun dels alumnes, mitjan\u00e7ant l\u2019atenci\u00f3 metodol\u00f2gica, l\u2019orientaci\u00f3 educativa i l\u2019acci\u00f3 tutorial adequades.<\/p>\n<p style=\"text-align: justify;\">L&#8217;emprenedoria en totes les etapes educatives com a eina per a l&#8217;autoconeixement de l&#8217;alumne, per afavorir-ne la creativitat i la innovaci\u00f3.<\/p>\n<p style=\"text-align: justify;\">La cultura de l\u2019avaluaci\u00f3 i la rendici\u00f3 de comptes per millorar, a trav\u00e9s de la planificaci\u00f3 i el disseny d&#8217;estrat\u00e8gies d&#8217;autoavaluaci\u00f3 fonamentades en el sistema d&#8217;indicadors, les avaluacions censals de compet\u00e8ncies b\u00e0siques, l&#8217;avaluaci\u00f3 diagn\u00f2stica i els indicadors de progr\u00e9s del centre per a la prioritzaci\u00f3 d&#8217;objectius en la programaci\u00f3 general anual i en els processos d&#8217;aula.<\/p>\n<p style=\"text-align: justify;\">El creixement professional a trav\u00e9s de la formaci\u00f3 cont\u00ednua orientada a les necessitats educatives dels alumnes, tot afavorint-ne l&#8217;autoformaci\u00f3 en el centre a partir de la diagnosi de les necessitats del centre per transferir-les a l&#8217;aula.<\/p>\n<p style=\"text-align: justify;\">La implicaci\u00f3 i el comprom\u00eds de la fam\u00edlia en l&#8217;escolaritzaci\u00f3 i el seguiment de l&#8217;evoluci\u00f3 acad\u00e8mica i personal de l&#8217;alumne a trav\u00e9s de la carta de comprom\u00eds educatiu i l&#8217;impuls d&#8217;altres estrat\u00e8gies, i tamb\u00e9 la participaci\u00f3 en la vida del centre.<\/p>\n<p style=\"text-align: justify;\">La relaci\u00f3 del centre i l&#8217;entorn per afavorir respostes integrals i comunit\u00e0ries als reptes educatius, adequades al context, amb la col\u00b7laboraci\u00f3 i el treball en xarxa entre els centres, els agents socioeducatius, les entitats del territori i el teixit productiu.<\/p>\n<p style=\"text-align: justify;\">La prevenci\u00f3 i la reducci\u00f3 de l&#8217;absentisme i l&#8217;aband\u00f3 escolar amb estrat\u00e8gies i actuacions educatives i organitzatives que impliquin el centre, les fam\u00edlies i els serveis socials.<\/p>\n<p style=\"text-align: justify;\">El Decret d&#8217;autonomia dels centres educatius i el Decret de la direcci\u00f3 dels centres educatius p\u00fablics s\u00f3n el marc normatiu reglamentari que ordenen la presa de les decisions que han d&#8217;adoptar els \u00f2rgans competents de cada centre per complir els objectius prioritaris enunciats.<\/p>\n<h5 style=\"text-align: justify;\">2 El projecte educatiu de centre (PEC)<\/h5>\n<p style=\"text-align: justify;\">La Llei 12\/2009, del 10 de juliol, d&#8217;educaci\u00f3 (article 91) estableix que tots els centres vinculats al Servei d&#8217;Educaci\u00f3 de Catalunya han de disposar de projecte educatiu. Els centres del sistema educatiu catal\u00e0 han de recollir els principis rectors del sistema educatiu que s&#8217;estableixen a l&#8217;article 2 de la Llei 12\/2009. A m\u00e9s, els centres de titularitat p\u00fablica han d&#8217;incloure els principis espec\u00edfics que s&#8217;estableixen a l&#8217;article 93 de la Llei 12\/2009.<\/p>\n<p style=\"text-align: justify;\">El projecte educatiu, que \u00e9s la m\u00e0xima expressi\u00f3 de l&#8217;autonomia dels centres, recull la identitat del centre, n&#8217;explicita els objectius, n&#8217;orienta l&#8217;activitat i hi d\u00f3na sentit amb la finalitat que els alumnes assoleixin les compet\u00e8ncies b\u00e0siques i el m\u00e0xim aprofitament educatiu, d&#8217;acord amb el marc proporcionat pel Decret 102\/2010, de 3 d&#8217;agost, d&#8217;autonomia dels centres educatius, que situa la presa de decisions en l&#8217;\u00e0mbit del centre per enfortir la instituci\u00f3 escolar i el lideratge educatiu. Aix\u00ed doncs, el projecte educatiu de centre \u00e9s el document estrat\u00e8gic marc de la instituci\u00f3 escolar que en defineix el funcionament en l\u2019\u00e0mbit curricular, l\u2019organitzatiu, de gesti\u00f3 econ\u00f2mica i de gesti\u00f3 de personal, adaptat a la realitat dels alumnes i a l\u2019entorn. En aquest sentit, concreta, interpreta i aplica les previsions de la normativa vigent als trets caracter\u00edstics del centre, d&#8217;acord amb les necessitats educatives dels alumnes i els objectius del centre.<\/p>\n<p style=\"text-align: justify;\">Objectius prioritaris del sistema educatiu i projecte educatiu de centre<\/p>\n<p style=\"text-align: justify;\">La normativa que regula el contingut, l&#8217;elaboraci\u00f3, la difusi\u00f3 i la implicaci\u00f3 dels diferents agents de la comunitat escolar en el PEC \u00e9s la Llei 12\/2009, del 10 de juliol, d&#8217;educaci\u00f3 (articles 91-95).<\/p>\n<p style=\"text-align: justify;\">Els t\u00edtols 1 i 4 del Decret 102\/2010, de 3 d&#8217;agost, d&#8217;autonomia dels centres educatius, concreten les previsions de la Llei d&#8217;educaci\u00f3 de Catalunya en relaci\u00f3 amb l&#8217;aplicaci\u00f3 del projecte educatiu en els centres que conformen el Servei d&#8217;Educaci\u00f3 de Catalunya.<\/p>\n<p style=\"text-align: justify;\">El projecte de direcci\u00f3, tal com estableix l&#8217;article 23 del Decret 155\/2010, de 2 de novembre, de la direcci\u00f3 dels centres educatius p\u00fablics i del personal directiu professional docent, ha d&#8217;ordenar el desplegament i l&#8217;aplicaci\u00f3 del PEC durant el seu per\u00edode de vig\u00e8ncia.<\/p>\n<p style=\"text-align: justify;\">Els decrets que regulen l&#8217;ordenaci\u00f3 curricular i les ordres d&#8217;avaluaci\u00f3 conseg\u00fcents estableixen aspectes relatius a les concrecions curriculars, l&#8217;atenci\u00f3 a la diversitat, l&#8217;orientaci\u00f3 i l&#8217;avaluaci\u00f3 que el PEC ha de contenir.<\/p>\n<p style=\"text-align: justify;\">A l&#8217;apartat Normativa d&#8217;aplicaci\u00f3 (objectius prioritaris del sistema educatiu i projecte educatiu de centre) s&#8217;especifica tota la normativa reguladora del projecte educatiu de centre.<\/p>\n<p style=\"text-align: justify;\">De manera sint\u00e8tica, el projecte educatiu de centre ha d&#8217;incloure els elements seg\u00fcents: Definici\u00f3 institucional: la identitat del centre, el car\u00e0cter propi, les seves caracter\u00edstiques, els elements de context i les necessitats educatives dels alumnes. Objectius del centre: les prioritats i els plantejaments educatius en termes d&#8217;equitat i d&#8217;excel\u00b7l\u00e8ncia, coeducaci\u00f3, conviv\u00e8ncia, inclusi\u00f3 i atenci\u00f3 a la diversitat.<\/p>\n<p style=\"text-align: justify;\">Criteris per a la concreci\u00f3 i el desenvolupament dels curr\u00edculums, l&#8217;organitzaci\u00f3 pedag\u00f2gica, l&#8217;estructura organitzativa pr\u00f2pia, els aspectes relacionats amb la singularitat dels ensenyaments del centre, l&#8217;aprenentatge de la conviv\u00e8ncia, la col\u00b7laboraci\u00f3 entre els sectors de la comunitat educativa, la relaci\u00f3 del centre amb l&#8217;entorn social i, en el cas dels centres p\u00fablics, les seves implicacions en la definici\u00f3 de llocs de la plantilla docent amb perfils professionals singulars.<\/p>\n<p style=\"text-align: justify;\">Projecte ling\u00fc\u00edstic de centre: el tractament de les lleng\u00fces al centre d&#8217;acord amb la normativa vigent, que es concreta a partir de la realitat socioling\u00fc\u00edstica de l&#8217;entorn.<\/p>\n<p style=\"text-align: justify;\">Els criteris per a la planificaci\u00f3 del desplegament i la inserci\u00f3 de les tecnologies digitals en els \u00e0mbits educatiu, administratiu i comunicatiu, com a referent per a l\u2019elaboraci\u00f3 del pla TAC.<\/p>\n<p style=\"text-align: justify;\">Avaluaci\u00f3 que es fonamenta en els indicadors de progr\u00e9s que proporcionen informaci\u00f3 rellevant i ajuda en la presa de decisions de context (permeten la interpretaci\u00f3 i la correlaci\u00f3 dels altres indicadors), de recursos (mesuren l&#8217;efici\u00e8ncia en l&#8217;\u00fas i la gesti\u00f3), de processos (mesuren l&#8217;efic\u00e0cia i l&#8217;efici\u00e8ncia en relaci\u00f3 amb els resultats) i de resultats (mesuren el grau d&#8217;assoliment dels objectius del centre).<\/p>\n<p style=\"text-align: justify;\">En els centres p\u00fablics correspon al director o directora formular la proposta inicial del projecte educatiu i fer-ne les modificacions i adaptacions corresponents<\/p>\n<h5 style=\"text-align: justify;\">Objectius prioritaris del sistema educatiu i projecte educatiu de centre<\/h5>\n<p style=\"text-align: justify;\">El claustre de professors \u2013\u00f2rgan de participaci\u00f3 dels professors en el control i la gesti\u00f3 de l&#8217;ordenaci\u00f3 de les activitats educatives i del conjunt dels aspectes educatius del centre\u2013 interv\u00e9 en l&#8217;elaboraci\u00f3, la modificaci\u00f3 i l\u2019actualitzaci\u00f3 del projecte educatiu i aprova els aspectes pedag\u00f2gics dels documents de gesti\u00f3 del centre.<\/p>\n<p style=\"text-align: justify;\">Correspon al director o directora del centre la compet\u00e8ncia d&#8217;aprovar la proposta de projecte educatiu, pr\u00e8via consulta preceptiva al consell escolar del centre \u2013\u00f2rgan de participaci\u00f3 de la comunitat escolar en el govern del centre\u2013, el qual expressa el suport al projecte per una majoria de les tres cinquenes parts dels membres.<\/p>\n<p style=\"text-align: justify;\">El director o directora aprova el projecte educatiu mitjan\u00e7ant resoluci\u00f3 motivada davant del consell escolar. Cal seguir el mateix procediment per aprovar la resta de documents de gesti\u00f3 \u2013normes d&#8217;organitzaci\u00f3 i funcionament, programaci\u00f3 general i mem\u00f2ria anual\u2013, per\u00f2 en aquest cas el suport a la proposta corresponent per part del consell escolar pot ser per majoria simple.<\/p>\n<p style=\"text-align: justify;\">En els centres privats sostinguts amb fons p\u00fablics el titular del centre \u00e9s qui aprova el PEC, un cop s&#8217;ha escoltat el consell escolar, que t\u00e9 funcions d&#8217;assessorament i consulta. Els centres disposen d&#8217;autonomia per definir el proc\u00e9s d&#8217;elaboraci\u00f3 del PEC, tot respectant el principi de participaci\u00f3 dels diferents sectors de la comunitat escolar.<\/p>\n<p style=\"text-align: justify;\">Els processos participatius afavoreixen el comprom\u00eds i la implicaci\u00f3 de les persones en l&#8217;aplicaci\u00f3 dels projectes. El procediment d&#8217;aprovaci\u00f3, revisi\u00f3 i actualitzaci\u00f3 del PEC ha d&#8217;estar recollit a les normes d&#8217;organitzaci\u00f3 i funcionament del centre. Els directors o titulars dels centres han de preveure els mecanismes oportuns per adequar el PEC a l&#8217;ordenament jur\u00eddic vigent i, alhora, les actuacions necess\u00e0ries, en el marc del pla de comunicaci\u00f3 de centre i del Pla TAC, per donar a con\u00e8ixer el contingut als sectors de la comunitat escolar: personal, alumnes i fam\u00edlies.<\/p>\n<p style=\"text-align: justify;\">El web del centre, per la seva accessibilitat, \u00e9s un recurs adequat per fer difusi\u00f3 del projecte educatiu, explicant de manera sint\u00e8tica: el plantejament institucional els objectius de centre com es desenvolupa el projecte<\/p>\n<p style=\"text-align: justify;\">El PEC orienta i vincula les actuacions de tots els membres de la comunitat escolar, que l&#8217;han de respectar. L&#8217;exercici professional del personal i les seves funcions es desenvolupen d&#8217;acord amb la normativa vigent i d&#8217;acord amb els principis, valors, objectius i continguts del PEC.<\/p>\n<p style=\"text-align: justify;\">El projecte educatiu de centre ha d\u2019estar obert a futures modificacions i a noves aportacions, sense que perdi els principis generals. En definitiva, un projecte educatiu ha de ser: Innovador, perqu\u00e8 ha d\u2019anar m\u00e9s enll\u00e0 de la realitat actual i mirar al futur.<\/p>\n<p style=\"text-align: justify;\"><strong>Objectius prioritaris del sistema educatiu i projecte educatiu de centre<\/strong><\/p>\n<p style=\"text-align: justify;\">Din\u00e0mic, flexible, amb trets d\u2019identitat que possibilitin l\u2019adaptaci\u00f3 als canvis.<\/p>\n<p style=\"text-align: justify;\">Comprom\u00e8s i present sempre a les aules. Motivador per als professors i els alumnes.<\/p>\n<p style=\"text-align: justify;\">Singular, per diferenciar-se dels altres centres.<\/p>\n<p style=\"text-align: justify;\">Real, perqu\u00e8 s\u2019ajusta a la realitat de tots els alumnes i a l\u2019entorn a partir de les necessitats amb l\u2019objectiu de transformar la realitat per a la millora.<\/p>\n<p style=\"text-align: justify;\">Participatiu, perqu\u00e8 recull la voluntat de totes les parts que intervenen en el proc\u00e9s d\u2019elaboraci\u00f3 i revisi\u00f3.<\/p>\n<p style=\"text-align: justify;\">Consensuat per tota la comunitat educativa.<\/p>\n<p style=\"text-align: justify;\">El PEC ha d&#8217;estar a disposici\u00f3 de l&#8217;Administraci\u00f3 educativa, la qual ha de requerir-ne la modificaci\u00f3 si no s&#8217;ajusta a l&#8217;ordenament vigent. Tot i ser legalment preceptiu nom\u00e9s per als centres sostinguts amb fons p\u00fablics, es recomana que els centres privats no sostinguts amb fons p\u00fablics disposin d&#8217;un projecte educatiu amb contingut i finalitats equiparables als que s&#8217;estableixen a l&#8217;article 91 de la Llei 12\/2009 i a l&#8217;article 5 del Decret 102\/2010, de 3 d&#8217;agost, d&#8217;autonomia dels centres educatius<\/p>\n","protected":false},"excerpt":{"rendered":"<p>Objectius prioritaris del sistema educatiu i projecte educatiu de centre<br \/>\n1 Objectius prioritaris del sistema educatiu<br \/>\nEls objectius prioritaris del sistema educatiu catal\u00e0 s\u00f3n l&#8217;\u00e8xit escolar i l&#8217;excel\u00b7l\u00e8ncia educativa, mitjan\u00e7ant el desenvolupament m\u00e0xim de les capacitats de tots i cadascun dels alumnes com a principi fonamentador de&hellip;  <a href=\"https:\/\/agora.xtec.cat\/ins-lamitjana\/projecte-educatiu\/\" title=\"Read PROJECTE EDUCATIU\">Llegeix m\u00e9s\u00bb<\/a><\/p>\n","protected":false},"author":1,"featured_media":0,"parent":0,"menu_order":0,"comment_status":"closed","ping_status":"closed","template":"page-templates\/side-menu.php","meta":{"_bbp_topic_count":0,"_bbp_reply_count":0,"_bbp_total_topic_count":0,"_bbp_total_reply_count":0,"_bbp_voice_count":0,"_bbp_anonymous_reply_count":0,"_bbp_topic_count_hidden":0,"_bbp_reply_count_hidden":0,"_bbp_forum_subforum_count":0,"footnotes":""},"class_list":["post-57","page","type-page","status-publish","hentry"],"post_mailing_queue_ids":[],"_links":{"self":[{"href":"https:\/\/agora.xtec.cat\/ins-lamitjana\/wp-json\/wp\/v2\/pages\/57","targetHints":{"allow":["GET"]}}],"collection":[{"href":"https:\/\/agora.xtec.cat\/ins-lamitjana\/wp-json\/wp\/v2\/pages"}],"about":[{"href":"https:\/\/agora.xtec.cat\/ins-lamitjana\/wp-json\/wp\/v2\/types\/page"}],"author":[{"embeddable":true,"href":"https:\/\/agora.xtec.cat\/ins-lamitjana\/wp-json\/wp\/v2\/users\/1"}],"replies":[{"embeddable":true,"href":"https:\/\/agora.xtec.cat\/ins-lamitjana\/wp-json\/wp\/v2\/comments?post=57"}],"version-history":[{"count":4,"href":"https:\/\/agora.xtec.cat\/ins-lamitjana\/wp-json\/wp\/v2\/pages\/57\/revisions"}],"predecessor-version":[{"id":1003,"href":"https:\/\/agora.xtec.cat\/ins-lamitjana\/wp-json\/wp\/v2\/pages\/57\/revisions\/1003"}],"wp:attachment":[{"href":"https:\/\/agora.xtec.cat\/ins-lamitjana\/wp-json\/wp\/v2\/media?parent=57"}],"curies":[{"name":"wp","href":"https:\/\/api.w.org\/{rel}","templated":true}]}}