{"id":43,"date":"2014-09-17T16:45:07","date_gmt":"2014-09-17T14:45:07","guid":{"rendered":"http:\/\/agora.xtec.cat\/ins-lamitjana\/\/?page_id=43"},"modified":"2022-01-10T12:24:45","modified_gmt":"2022-01-10T11:24:45","slug":"consell-escolar","status":"publish","type":"page","link":"https:\/\/agora.xtec.cat\/ins-lamitjana\/linstitut\/consell-escolar\/","title":{"rendered":"Consell escolar"},"content":{"rendered":"<div class=\"xr_s2\">\n<table class=\" aligncenter\" style=\"width: 365px; border-color: #fafafa;\" border=\"0\">\n<tbody>\n<tr>\n<td style=\"width: 165px;\"><img loading=\"lazy\" decoding=\"async\" src=\"https:\/\/lh3.googleusercontent.com\/YGAL-EaRiGpyBZv26z2xh5rQbrvkSuO6uOkozDfYxCd70XGNoZRLvhJ2jGo6DEHWk2o2XHMB2PbAN3UPwz1dwB6bObjIB01GokkxOLFouSjt2b6LuapfMEds_08h8dK1Onmrg-rgGkJnhBS2jftrlUntGPh8brm7k5_QqOlwshn61zDtZNXyUSzBAMUsQ2IQdzDRT-wuQDLGSh-qFuLE5o_kH0-SZ1Dom6g_63CJhYV6PQxpGr4QhXH8RtbzgiNq4x2D1UtZCl_J_7NGN4GfCmd3dp0o5Vnkt45rQLAGE0KIOYtuNbLuIv5-0q2JfQbqt4f70tzrtx5oU7p2tMgBSR-jxosVs6I3t55aFDT980A8DF2u-dNsmn8mZZotYu3zv1m4WI2duuNjqqW-Go542I6WRvMaSaHDSRWdC9Fn2oYvyUGyPfq6VYU1POrrtbMT41uHF8oPvhUIanRYgDF-12-I6-R68o92XclJWXBrcZSWqkVk9o-r-vopBxvMeCvrPkLxJ3Jvu4doVljrY_y5gm57yE4N89M5iNgB2V6SP2R4lIa09uy3WXSFPE7K4_5DDsBUyYYks6HSQ-wI9Tw16JkXBW8fXUwDNX34PVtWxHTO_aqgfNRW1OGrP60LaLN2sSuBonfRYFWBXSRIAxIJZ1cN_IpwvyNO1QvRWdqo3A=w386-h313-no\" width=\"146\" height=\"118\" \/><\/td>\n<td style=\"width: 191px;\">\n<div class=\"xr_s2\"><img loading=\"lazy\" decoding=\"async\" src=\"https:\/\/lh3.googleusercontent.com\/4BX6DExPq9k7OQKCYdAl9fUk4PrYELpu9KED2ZqgfDeqcsHoOPASv3bVuP5wNDAtJ7KUWsDkeMoQ5x0KRtbv5lmd57i8q975Yi_LB_QiEnC9lfQSueblLKIVCXwjw1lmbW_18xBHeULJuELoPvM31xqx_h0YcHRfsWt9oPfn_fPS2vX8qOitLfNllxIuJ_uIb1YW-LyYOnuSSY6FhYSf14n5NWeXnDT--x4JmyFxf8rYkIiA-ld7uWuKe9yYCq92QP4OStthoC-mHPQ99bVR1VawVLmljQJ_d9Py9RrX6_P7yXi1JqYNciiPx34FyIeQYsMe4-iPNpzk5S8O4lTXKbt2Rp0d4TWaStWoU0-_cvzPqKGUJS1AxPJBmavjbKpzGtJOKJkMa8ABYdtc9KjsiuiqNe9_MwfCDi4lNSWre18PlHaGJMyRyUO4ongG4XV7ckxyanImDYe-VxX15Q-ryS8PssVXvcheeRuLrJ938jgh6e--IUP9a1WchIfE6I-VPNmN6CggU0QGDIrQUT2m1z-ScLtxaC0uYby4Ji5FNT8AVoNFXs8Hx053PLRU1Rb4CDBVnNBdLYw-36XVN3Z2oN5lhOswsufHBgZ2AFch7Z8kWl3_tmb-k1IEzFA_HN5hFueBQQZITd07X-KjEBRTC27Bki25InpMNHuP4kOxQw=w782-h296-no\" width=\"172\" height=\"65\" \/><\/div>\n<\/td>\n<\/tr>\n<\/tbody>\n<\/table>\n<\/div>\n<div class=\"xr_s2\"><\/div>\n<div class=\"xr_s2\"><\/div>\n<div class=\"xr_s2\">\n<p style=\"text-align: justify;\"><strong>El Consell Escolar \u00e9s l\u2019\u00f2rgan de m\u00e0xima decisi\u00f3 que controla i regula el funcionament del centre. Els representants del Consell Escolar s\u00f3n els seg\u00fcents:<\/strong><\/p>\n<p style=\"text-align: justify;\"><strong>Presidenta: <\/strong>Sra. Montse Lab\u00e8rnia<\/p>\n<p style=\"text-align: justify;\"><strong>Cap d&#8217;estudis: <\/strong>Sr. Manel Plana<\/p>\n<p style=\"text-align: justify;\"><strong>Secretari: <\/strong>Sra. Anna Bernat<\/p>\n<p style=\"text-align: justify;\"><strong>Professorat: <\/strong>Sra. Estefania Anastasi, Sra Raquel Codina, Sr. Enric Falcon, Sra. Marisa Carrillo, Gemma Domingo, Susana Montero.<\/p>\n<p style=\"text-align: justify;\"><strong>Fam\u00edlies: <\/strong>Sra. Marta Bach, Sra. Judith Milla, Sr. Abderrafie Ettalydy<\/p>\n<p><strong>Fam\u00edlies\/Ampa:<\/strong> Sr. Josep Anton Betbes\u00e9<\/p>\n<p style=\"text-align: justify;\"><strong>Representant de l\u2019Ajuntament de Lleida: <\/strong>Sr. Ignasi Amor<\/p>\n<p style=\"text-align: justify;\"><strong>Representant del sector PAS: <\/strong>Sr. Enric Puyal<\/p>\n<p style=\"text-align: justify;\"><strong>Representants del sector de l&#8217;alumnat:<\/strong>\u00a0 Sr. Morgan Biwole, Sra. Marina Cabanillas<\/p>\n<p>&nbsp;<\/p>\n<p>&nbsp;<\/p>\n<\/div>\n<div class=\"xr_s2\"><\/div>\n<p><img loading=\"lazy\" decoding=\"async\" class=\"aligncenter\" src=\"https:\/\/lh3.googleusercontent.com\/GhYIdhYYT4mS4QGqU8sbZ3OjkgL4QNq-5RTIINpG98aup4EFnEa7lDEKhQ99zh6lk4JnBRiX4pF8jbyiA0BzTxxBiPszyLBX6nonHTcyhuOx31dug_YSai_2TJIgJ6wFWAhU0acw9n5DU_CFsJEJobs4pnV3EQOxu60rgdyv4EKy7IPyQatEPz3bsAYXFrfbKOpo3EacdEQjgGn0VyihA6yprkvy7MJQNtKbU7BvhF7L9gQH8wrbncKulsmGQoe--8iQzj56ftYTipcV1pGjjYBCKYAz4DSQpKR--0e_bebZfiJnaL4gpwWU0xnLzr6Yyo9ssO-xeI8GkFoocJPBDuR1aQ0OuXh7USjatETx8ThDzUYddSOPhEEUMWCoP3atVqX39x4o00TYrWhASVUCsEMy0WCqRN6_WFo9N3lO02Zigpxn-2XF97Q5JPMrwAKmCXC2Liphu7VlA6I55QSFb7IrN9bWnClb8XI4ek-ed-jbW-CGWribyDj4wj28KpKBy0_e5J_YUwmGsOG6gnHFFUGPTSu2-H-0IiyyiR07e5ehNelw0xfArSrP75Lg1EdvPzVC-bUb9SPbuOdhNvZOnIZInWRC_iJB7nfBs18N3cC-D4WkfIBpaDR2cReLKBDLTgppCaRMH_ZDBOoaeG1v6NdNeSCHgZf3m_fWf2dGBw=w627-h698-no\" width=\"127\" height=\"142\" \/><\/p>\n","protected":false},"excerpt":{"rendered":"<p>El Consell Escolar \u00e9s l\u2019\u00f2rgan de m\u00e0xima decisi\u00f3 que controla i regula el funcionament del centre. Els representants del Consell Escolar s\u00f3n els seg\u00fcents:<br \/>\nPresidenta: Sra. Montse Lab\u00e8rnia<br \/>\nCap d&#8217;estudis: Sr. Manel Plana<br \/>\nSecretari: Sra. Anna Bernat<br \/>\nProfessorat: Sra. Estefania Anastasi, Sra Raquel Codina, Sr. Enric Falcon, Sra. Marisa&hellip;  <a href=\"https:\/\/agora.xtec.cat\/ins-lamitjana\/linstitut\/consell-escolar\/\" title=\"Read Consell escolar\">Llegeix m\u00e9s\u00bb<\/a><\/p>\n","protected":false},"author":1,"featured_media":0,"parent":19,"menu_order":5,"comment_status":"closed","ping_status":"closed","template":"page-templates\/side-menu.php","meta":{"_bbp_topic_count":0,"_bbp_reply_count":0,"_bbp_total_topic_count":0,"_bbp_total_reply_count":0,"_bbp_voice_count":0,"_bbp_anonymous_reply_count":0,"_bbp_topic_count_hidden":0,"_bbp_reply_count_hidden":0,"_bbp_forum_subforum_count":0,"footnotes":""},"class_list":["post-43","page","type-page","status-publish","hentry"],"post_mailing_queue_ids":[],"_links":{"self":[{"href":"https:\/\/agora.xtec.cat\/ins-lamitjana\/wp-json\/wp\/v2\/pages\/43","targetHints":{"allow":["GET"]}}],"collection":[{"href":"https:\/\/agora.xtec.cat\/ins-lamitjana\/wp-json\/wp\/v2\/pages"}],"about":[{"href":"https:\/\/agora.xtec.cat\/ins-lamitjana\/wp-json\/wp\/v2\/types\/page"}],"author":[{"embeddable":true,"href":"https:\/\/agora.xtec.cat\/ins-lamitjana\/wp-json\/wp\/v2\/users\/1"}],"replies":[{"embeddable":true,"href":"https:\/\/agora.xtec.cat\/ins-lamitjana\/wp-json\/wp\/v2\/comments?post=43"}],"version-history":[{"count":3,"href":"https:\/\/agora.xtec.cat\/ins-lamitjana\/wp-json\/wp\/v2\/pages\/43\/revisions"}],"predecessor-version":[{"id":12070,"href":"https:\/\/agora.xtec.cat\/ins-lamitjana\/wp-json\/wp\/v2\/pages\/43\/revisions\/12070"}],"up":[{"embeddable":true,"href":"https:\/\/agora.xtec.cat\/ins-lamitjana\/wp-json\/wp\/v2\/pages\/19"}],"wp:attachment":[{"href":"https:\/\/agora.xtec.cat\/ins-lamitjana\/wp-json\/wp\/v2\/media?parent=43"}],"curies":[{"name":"wp","href":"https:\/\/api.w.org\/{rel}","templated":true}]}}