{"id":39,"date":"2014-09-17T16:36:44","date_gmt":"2014-09-17T14:36:44","guid":{"rendered":"http:\/\/agora.xtec.cat\/ins-lamitjana\/\/?page_id=39"},"modified":"2017-03-09T14:12:37","modified_gmt":"2017-03-09T13:12:37","slug":"instal%c2%b7lacions","status":"publish","type":"page","link":"https:\/\/agora.xtec.cat\/ins-lamitjana\/linstitut\/instal%c2%b7lacions\/","title":{"rendered":"Instal\u00b7lacions exteriors"},"content":{"rendered":"<p>El centre comparteix instal.lacions exteriors amb l&#8217;escola la mitjana. Aquestes instal.acions estan formades per dues pistes de futbol i quatre pistes de b\u00e0squet. El pavell\u00f3 multiusos compta amb un escenari de teatre, pantalla de projecci\u00f3 de tamany cinema i capacitat per quatrecentes persones sentades.<\/p>\n<p><a href=\"http:\/\/agora.xtec.cat\/ins-lamitjana\/wp-content\/uploads\/usu108\/2014\/09\/INS4_13.gif\"><img loading=\"lazy\" decoding=\"async\" class=\"alignnone size-full wp-image-235\" src=\"http:\/\/agora.xtec.cat\/ins-lamitjana\/wp-content\/uploads\/usu108\/2014\/09\/INS4_13.gif\" alt=\"INS4_13\" width=\"200\" height=\"150\" \/><\/a> <a href=\"http:\/\/agora.xtec.cat\/ins-lamitjana\/wp-content\/uploads\/usu108\/2014\/09\/INS3_13.gif\"><img loading=\"lazy\" decoding=\"async\" class=\"alignnone size-full wp-image-234\" src=\"http:\/\/agora.xtec.cat\/ins-lamitjana\/wp-content\/uploads\/usu108\/2014\/09\/INS3_13.gif\" alt=\"INS3_13\" width=\"200\" height=\"150\" \/><\/a> <a href=\"http:\/\/agora.xtec.cat\/ins-lamitjana\/wp-content\/uploads\/usu108\/2014\/09\/INS2_131.gif\"><img loading=\"lazy\" decoding=\"async\" class=\"alignnone size-full wp-image-233\" src=\"http:\/\/agora.xtec.cat\/ins-lamitjana\/wp-content\/uploads\/usu108\/2014\/09\/INS2_131.gif\" alt=\"INS2_13\" width=\"200\" height=\"150\" \/><\/a> <a href=\"http:\/\/agora.xtec.cat\/ins-lamitjana\/wp-content\/uploads\/usu108\/2014\/09\/INS1_131.gif\"><img loading=\"lazy\" decoding=\"async\" class=\"alignnone size-full wp-image-232\" src=\"http:\/\/agora.xtec.cat\/ins-lamitjana\/wp-content\/uploads\/usu108\/2014\/09\/INS1_131.gif\" alt=\"INS1_13\" width=\"200\" height=\"150\" \/><\/a><\/p>\n<p>&nbsp;<\/p>\n","protected":false},"excerpt":{"rendered":"<p>El centre comparteix instal.lacions exteriors amb l&#8217;escola la mitjana. Aquestes instal.acions estan formades per dues pistes de futbol i quatre pistes de b\u00e0squet. El pavell\u00f3 multiusos compta amb un escenari de teatre, pantalla de projecci\u00f3 de tamany cinema i capacitat per quatrecentes persones sentades.<br \/>\n<a href=\"http:\/\/agora.xtec.cat\/ins-lamitjana\/wp-content\/uploads\/usu108\/2014\/09\/INS4_13.gif\"><\/a>&hellip;  <a href=\"https:\/\/agora.xtec.cat\/ins-lamitjana\/linstitut\/instal%c2%b7lacions\/\" title=\"Read Instal\u00b7lacions exteriors\">Llegeix m\u00e9s\u00bb<\/a><\/p>\n","protected":false},"author":1,"featured_media":0,"parent":19,"menu_order":120,"comment_status":"closed","ping_status":"closed","template":"page-templates\/side-menu.php","meta":{"_bbp_topic_count":0,"_bbp_reply_count":0,"_bbp_total_topic_count":0,"_bbp_total_reply_count":0,"_bbp_voice_count":0,"_bbp_anonymous_reply_count":0,"_bbp_topic_count_hidden":0,"_bbp_reply_count_hidden":0,"_bbp_forum_subforum_count":0,"footnotes":""},"class_list":["post-39","page","type-page","status-publish","hentry"],"post_mailing_queue_ids":[],"_links":{"self":[{"href":"https:\/\/agora.xtec.cat\/ins-lamitjana\/wp-json\/wp\/v2\/pages\/39","targetHints":{"allow":["GET"]}}],"collection":[{"href":"https:\/\/agora.xtec.cat\/ins-lamitjana\/wp-json\/wp\/v2\/pages"}],"about":[{"href":"https:\/\/agora.xtec.cat\/ins-lamitjana\/wp-json\/wp\/v2\/types\/page"}],"author":[{"embeddable":true,"href":"https:\/\/agora.xtec.cat\/ins-lamitjana\/wp-json\/wp\/v2\/users\/1"}],"replies":[{"embeddable":true,"href":"https:\/\/agora.xtec.cat\/ins-lamitjana\/wp-json\/wp\/v2\/comments?post=39"}],"version-history":[{"count":3,"href":"https:\/\/agora.xtec.cat\/ins-lamitjana\/wp-json\/wp\/v2\/pages\/39\/revisions"}],"predecessor-version":[{"id":289,"href":"https:\/\/agora.xtec.cat\/ins-lamitjana\/wp-json\/wp\/v2\/pages\/39\/revisions\/289"}],"up":[{"embeddable":true,"href":"https:\/\/agora.xtec.cat\/ins-lamitjana\/wp-json\/wp\/v2\/pages\/19"}],"wp:attachment":[{"href":"https:\/\/agora.xtec.cat\/ins-lamitjana\/wp-json\/wp\/v2\/media?parent=39"}],"curies":[{"name":"wp","href":"https:\/\/api.w.org\/{rel}","templated":true}]}}