{"id":299,"date":"2017-03-02T13:57:53","date_gmt":"2017-03-02T12:57:53","guid":{"rendered":"http:\/\/agora.xtec.cat\/ins-lamitjana\/?page_id=299"},"modified":"2024-10-11T09:32:25","modified_gmt":"2024-10-11T07:32:25","slug":"documents-de-centre","status":"publish","type":"page","link":"https:\/\/agora.xtec.cat\/ins-lamitjana\/linstitut\/documents-de-centre\/","title":{"rendered":"Documents de centre"},"content":{"rendered":"<p><img loading=\"lazy\" decoding=\"async\" class=\"wp-image-376 alignright\" src=\"http:\/\/agora.xtec.cat\/ins-lamitjana\/wp-content\/uploads\/usu108\/2017\/03\/DOCUMENTS_CENTRE.png\" alt=\"documents_centre\" width=\"162\" height=\"107\" srcset=\"https:\/\/agora.xtec.cat\/ins-lamitjana\/wp-content\/uploads\/usu108\/2017\/03\/DOCUMENTS_CENTRE.png 452w, https:\/\/agora.xtec.cat\/ins-lamitjana\/wp-content\/uploads\/usu108\/2017\/03\/DOCUMENTS_CENTRE-300x198.png 300w\" sizes=\"auto, (max-width: 162px) 100vw, 162px\" \/><\/p>\n<p>Documentaci\u00f3 p\u00fablica del centre. Aquests documents tenen els permisos de visualitzaci\u00f3 no d\u2019edici\u00f3<\/p>\n<table class=\" aligncenter\" style=\"width: 350px; border-color: #ffffff;\" border=\"0\">\n<tbody>\n<tr style=\"height: 71px;\">\n<td style=\"height: 71px; text-align: center; width: 82px;\"><img loading=\"lazy\" decoding=\"async\" class=\"alignnone wp-image-309\" src=\"http:\/\/agora.xtec.cat\/ins-lamitjana\/wp-content\/uploads\/usu108\/2014\/09\/pdf-BenjaminMadeira-com.gif\" alt=\"pdf-benjaminmadeira-com\" width=\"63\" height=\"63\" \/><\/td>\n<td style=\"height: 71px; text-align: center; width: 185px;\"><a href=\"https:\/\/drive.google.com\/file\/d\/1-FtTNQjN2FW41cDWTm-CzvJ5aIa2DL_C\/view?usp=sharing\">PROGRAMACI\u00d3 GENERAL ANUAL CURS <\/a><\/td>\n<td style=\"height: 71px; text-align: center; width: 76px;\"><img loading=\"lazy\" decoding=\"async\" class=\"alignnone wp-image-309\" src=\"http:\/\/agora.xtec.cat\/ins-lamitjana\/wp-content\/uploads\/usu108\/2014\/09\/pdf-BenjaminMadeira-com.gif\" alt=\"pdf-benjaminmadeira-com\" width=\"63\" height=\"63\" \/><\/td>\n<td style=\"height: 71px; background-color: #ffffff; width: 192px; text-align: center;\"><a href=\"http:\/\/agora.xtec.cat\/ins-lamitjana\/wp-content\/uploads\/usu108\/2017\/03\/Projecte-de-direcci\u00f3-2014-2018-1-watermark-1.pdf\">PROJECTE DE DIRECCI\u00d3<\/a><\/td>\n<\/tr>\n<tr style=\"height: 17px;\">\n<td style=\"height: 17px; text-align: center; width: 82px;\"><img loading=\"lazy\" decoding=\"async\" class=\"alignnone wp-image-309\" src=\"http:\/\/agora.xtec.cat\/ins-lamitjana\/wp-content\/uploads\/usu108\/2014\/09\/pdf-BenjaminMadeira-com.gif\" alt=\"pdf-benjaminmadeira-com\" width=\"63\" height=\"63\" \/><\/td>\n<td style=\"height: 17px; text-align: center; width: 185px;\"><a href=\"https:\/\/drive.google.com\/file\/d\/1kT3ycBIAHb1AF2pgeTSq4tK4cyyfv7M3\/view?usp=sharing\">PLA D\u2019ACOLLIDA ALUMNAT<\/a><\/td>\n<td style=\"height: 17px; text-align: center; width: 76px;\"><img loading=\"lazy\" decoding=\"async\" class=\"alignnone wp-image-309\" src=\"http:\/\/agora.xtec.cat\/ins-lamitjana\/wp-content\/uploads\/usu108\/2014\/09\/pdf-BenjaminMadeira-com.gif\" alt=\"pdf-benjaminmadeira-com\" width=\"63\" height=\"63\" \/><\/td>\n<td style=\"height: 17px; text-align: center; width: 192px;\"><a href=\"https:\/\/drive.google.com\/file\/d\/1Tc_Pb6c_7pTB20zN71ZJgAzjA-TNxM0z\/view?usp=sharing\">\u00a0PROJECTE LING\u00dc\u00cdSTIC DE CENTRE<\/a><\/td>\n<\/tr>\n<tr style=\"height: 61px;\">\n<td style=\"height: 61px; text-align: center; width: 82px;\"><img loading=\"lazy\" decoding=\"async\" class=\"alignnone wp-image-309\" src=\"http:\/\/agora.xtec.cat\/ins-lamitjana\/wp-content\/uploads\/usu108\/2014\/09\/pdf-BenjaminMadeira-com.gif\" alt=\"pdf-benjaminmadeira-com\" width=\"63\" height=\"63\" \/><\/td>\n<td style=\"height: 61px; text-align: center; width: 185px;\"><a href=\"https:\/\/agora.xtec.cat\/ins-lamitjana\/wp-content\/uploads\/usu108\/2019\/10\/Pla-acollida-professorat19-20.pdf\">PLA D\u2019ACOLLIDA PROFESSORAT<\/a><\/td>\n<td style=\"height: 61px; text-align: center; width: 76px;\"><img loading=\"lazy\" decoding=\"async\" class=\"alignnone wp-image-309\" src=\"http:\/\/agora.xtec.cat\/ins-lamitjana\/wp-content\/uploads\/usu108\/2014\/09\/pdf-BenjaminMadeira-com.gif\" alt=\"pdf-benjaminmadeira-com\" width=\"63\" height=\"63\" \/><\/td>\n<td style=\"height: 61px; text-align: center; width: 192px;\"><a href=\"https:\/\/drive.google.com\/file\/d\/1cVB5kfK1XScGN8dC6X8y-kHg46ZkUphs\/view?usp=sharing\">PLA DE LECTURA DE CENTRE<\/a><\/td>\n<\/tr>\n<tr style=\"height: 8px;\">\n<td style=\"height: 8px; text-align: center; width: 82px;\"><img loading=\"lazy\" decoding=\"async\" class=\"alignnone wp-image-309\" src=\"http:\/\/agora.xtec.cat\/ins-lamitjana\/wp-content\/uploads\/usu108\/2014\/09\/pdf-BenjaminMadeira-com.gif\" alt=\"pdf-benjaminmadeira-com\" width=\"63\" height=\"63\" \/><\/td>\n<td style=\"height: 8px; text-align: center; width: 185px;\"><a href=\"https:\/\/drive.google.com\/file\/d\/1zRBvG7zN6RycFo1rKXhKDwC4C1-5f0V5\/view?usp=sharing\" target=\"_blank\" rel=\"noopener noreferrer\">PROJECTE CURRICULAR DEL CENTRE<\/a><\/td>\n<td style=\"height: 8px; text-align: center; width: 76px;\"><img loading=\"lazy\" decoding=\"async\" class=\"alignnone wp-image-309\" src=\"http:\/\/agora.xtec.cat\/ins-lamitjana\/wp-content\/uploads\/usu108\/2014\/09\/pdf-BenjaminMadeira-com.gif\" alt=\"pdf-benjaminmadeira-com\" width=\"63\" height=\"63\" \/><\/td>\n<td style=\"height: 8px; text-align: center; width: 192px;\"><a href=\"https:\/\/drive.google.com\/file\/d\/1k6ymXs3PqHeTsSDpzvD2G0nlhBU8CEbw\/view\">MEM\u00d2RIA ANUAL <\/a><\/td>\n<\/tr>\n<tr style=\"height: 39px;\">\n<td style=\"height: 39px; text-align: center; width: 82px;\"><img loading=\"lazy\" decoding=\"async\" class=\"alignnone wp-image-309\" src=\"http:\/\/agora.xtec.cat\/ins-lamitjana\/wp-content\/uploads\/usu108\/2014\/09\/pdf-BenjaminMadeira-com.gif\" alt=\"pdf-benjaminmadeira-com\" width=\"63\" height=\"63\" \/><\/td>\n<td style=\"height: 39px; text-align: center; width: 185px;\"><a href=\"https:\/\/drive.google.com\/file\/d\/1kCMdyM7gkaGAqRJdgEhPIpP6L48qe_5o\/view?usp=sharing\">PROJECTE DE CONVIV\u00c8NCIA<\/a><\/td>\n<td style=\"height: 39px; text-align: center; width: 76px;\"><img loading=\"lazy\" decoding=\"async\" class=\"alignnone wp-image-309\" src=\"http:\/\/agora.xtec.cat\/ins-lamitjana\/wp-content\/uploads\/usu108\/2014\/09\/pdf-BenjaminMadeira-com.gif\" alt=\"pdf-benjaminmadeira-com\" width=\"63\" height=\"63\" \/><\/td>\n<td style=\"height: 39px; text-align: center; width: 192px;\"><a href=\"https:\/\/drive.google.com\/file\/d\/12THkzB26SzriOdoqtYmEvAYItgeoxOMq\/view?usp=sharing\">GUIA DEL PROFESSORAT<\/a><\/td>\n<\/tr>\n<tr style=\"height: 44px;\">\n<td style=\"height: 44px; text-align: center; width: 82px;\"><img loading=\"lazy\" decoding=\"async\" class=\"alignnone wp-image-309\" src=\"http:\/\/agora.xtec.cat\/ins-lamitjana\/wp-content\/uploads\/usu108\/2014\/09\/pdf-BenjaminMadeira-com.gif\" alt=\"pdf-benjaminmadeira-com\" width=\"63\" height=\"63\" \/><\/td>\n<td style=\"height: 44px; text-align: center; width: 185px;\"><a href=\"https:\/\/drive.google.com\/file\/d\/177LKQq4UmHQlx00kwfIXK6awu213II_Z\/view?usp=sharing\">PROJECTE D\u2019ACCI\u00d3 TUTORIAL<\/a><\/td>\n<td style=\"height: 44px; text-align: center; width: 76px;\"><img loading=\"lazy\" decoding=\"async\" class=\"alignnone wp-image-309\" src=\"http:\/\/agora.xtec.cat\/ins-lamitjana\/wp-content\/uploads\/usu108\/2014\/09\/pdf-BenjaminMadeira-com.gif\" alt=\"pdf-benjaminmadeira-com\" width=\"63\" height=\"63\" \/><\/td>\n<td style=\"height: 44px; text-align: center; width: 192px;\"><a href=\"https:\/\/drive.google.com\/file\/d\/15TgKSqeVKo6yhCs5Dkk3cckxrkMsLrMN\/view?usp=sharing\" target=\"_blank\" rel=\"noopener noreferrer\">PROJECTE EDUCATIU DE CENTRE<\/a><\/td>\n<\/tr>\n<tr>\n<td style=\"text-align: center; width: 82px;\"><img loading=\"lazy\" decoding=\"async\" class=\"alignnone wp-image-309\" src=\"http:\/\/agora.xtec.cat\/ins-lamitjana\/wp-content\/uploads\/usu108\/2014\/09\/pdf-BenjaminMadeira-com.gif\" alt=\"pdf-benjaminmadeira-com\" width=\"63\" height=\"63\" \/><\/td>\n<td style=\"text-align: center; width: 185px;\"><a href=\"https:\/\/agora.xtec.cat\/ins-lamitjana\/wp-content\/uploads\/usu108\/2018\/10\/PLA-DE-FUNCIONAMENT-DEL-MENJADOR18-19pdf_.pdf\" target=\"_blank\" rel=\"noopener noreferrer\">PLA DE MENJADOR<\/a><\/td>\n<td style=\"text-align: center; width: 76px;\"><img loading=\"lazy\" decoding=\"async\" class=\"alignnone wp-image-309\" src=\"http:\/\/agora.xtec.cat\/ins-lamitjana\/wp-content\/uploads\/usu108\/2014\/09\/pdf-BenjaminMadeira-com.gif\" alt=\"pdf-benjaminmadeira-com\" width=\"63\" height=\"63\" \/><\/td>\n<td style=\"text-align: center; width: 192px;\"><a href=\"https:\/\/agora.xtec.cat\/ins-lamitjana\/wp-content\/uploads\/usu108\/2018\/10\/Avaluacio_ESO_families-informaci\u00f3.pdf\" target=\"_blank\" rel=\"noopener noreferrer\">\u00a0NOVA AVALUACI\u00d3<\/a><\/td>\n<\/tr>\n<tr>\n<td style=\"text-align: center; width: 82px;\"><img loading=\"lazy\" decoding=\"async\" class=\"alignnone wp-image-309\" src=\"http:\/\/agora.xtec.cat\/ins-lamitjana\/wp-content\/uploads\/usu108\/2014\/09\/pdf-BenjaminMadeira-com.gif\" alt=\"pdf-benjaminmadeira-com\" width=\"63\" height=\"63\" \/><\/td>\n<td style=\"text-align: center; width: 185px;\"><a href=\"https:\/\/drive.google.com\/file\/d\/1YgcQx35XtlZnHaCu2WwiybzJO8YTkWJG\/view?usp=sharing\">NORMES D&#8217;ORGANITZACI\u00d3 I FUNCIONAMENT DE CENTRE (NOFC)<\/a><\/td>\n<td style=\"text-align: center; width: 76px;\"><img loading=\"lazy\" decoding=\"async\" class=\"alignnone wp-image-309\" src=\"http:\/\/agora.xtec.cat\/ins-lamitjana\/wp-content\/uploads\/usu108\/2014\/09\/pdf-BenjaminMadeira-com.gif\" alt=\"pdf-benjaminmadeira-com\" width=\"63\" height=\"63\" \/><\/td>\n<td style=\"text-align: center; width: 192px;\"><a href=\"https:\/\/drive.google.com\/file\/d\/1cqm8lO6hrg1WBHLp9h9HzHt81akHX6-6\/view?usp=drive_link\">INFORMACI\u00d3 CURR\u00cdCULUM BATXILLERAT<\/a><\/td>\n<\/tr>\n<\/tbody>\n<\/table>\n","protected":false},"excerpt":{"rendered":"<p>Documentaci\u00f3 p\u00fablica del centre. Aquests documents tenen els permisos de visualitzaci\u00f3 no d\u2019edici\u00f3<\/p>\n<p><a href=\"https:\/\/drive.google.com\/file\/d\/1-FtTNQjN2FW41cDWTm-CzvJ5aIa2DL_C\/view?usp=sharing\">PROGRAMACI\u00d3 GENERAL ANUAL CURS <\/a><\/p>\n<p><a href=\"http:\/\/agora.xtec.cat\/ins-lamitjana\/wp-content\/uploads\/usu108\/2017\/03\/Projecte-de-direcci\u00f3-2014-2018-1-watermark-1.pdf\">PROJECTE DE DIRECCI\u00d3<\/a><\/p>\n<p><a href=\"https:\/\/drive.google.com\/file\/d\/1kT3ycBIAHb1AF2pgeTSq4tK4cyyfv7M3\/view?usp=sharing\">PLA D\u2019ACOLLIDA ALUMNAT<\/a><\/p>\n<p><a href=\"https:\/\/drive.google.com\/file\/d\/1Tc_Pb6c_7pTB20zN71ZJgAzjA-TNxM0z\/view?usp=sharing\">\u00a0PROJECTE LING\u00dc\u00cdSTIC DE CENTRE<\/a><\/p>\n<p><a href=\"https:\/\/agora.xtec.cat\/ins-lamitjana\/wp-content\/uploads\/usu108\/2019\/10\/Pla-acollida-professorat19-20.pdf\">PLA D\u2019ACOLLIDA PROFESSORAT<\/a><\/p>\n<p><a href=\"https:\/\/drive.google.com\/file\/d\/1cVB5kfK1XScGN8dC6X8y-kHg46ZkUphs\/view?usp=sharing\">PLA DE LECTURA DE CENTRE<\/a><\/p>\n<p><a href=\"https:\/\/drive.google.com\/file\/d\/1zRBvG7zN6RycFo1rKXhKDwC4C1-5f0V5\/view?usp=sharing\" target=\"_blank\" rel=\"noopener noreferrer\">PROJECTE CURRICULAR DEL CENTRE<\/a><\/p>\n<p><a href=\"https:\/\/drive.google.com\/file\/d\/1k6ymXs3PqHeTsSDpzvD2G0nlhBU8CEbw\/view\">MEM\u00d2RIA ANUAL&hellip;  <a href=\"https:\/\/agora.xtec.cat\/ins-lamitjana\/linstitut\/documents-de-centre\/\" title=\"Read Documents de centre\">Llegeix m\u00e9s\u00bb<\/a><\/p>\n","protected":false},"author":1,"featured_media":0,"parent":19,"menu_order":10,"comment_status":"closed","ping_status":"closed","template":"page-templates\/side-menu.php","meta":{"_bbp_topic_count":0,"_bbp_reply_count":0,"_bbp_total_topic_count":0,"_bbp_total_reply_count":0,"_bbp_voice_count":0,"_bbp_anonymous_reply_count":0,"_bbp_topic_count_hidden":0,"_bbp_reply_count_hidden":0,"_bbp_forum_subforum_count":0,"footnotes":""},"class_list":["post-299","page","type-page","status-publish","hentry"],"post_mailing_queue_ids":[],"_links":{"self":[{"href":"https:\/\/agora.xtec.cat\/ins-lamitjana\/wp-json\/wp\/v2\/pages\/299","targetHints":{"allow":["GET"]}}],"collection":[{"href":"https:\/\/agora.xtec.cat\/ins-lamitjana\/wp-json\/wp\/v2\/pages"}],"about":[{"href":"https:\/\/agora.xtec.cat\/ins-lamitjana\/wp-json\/wp\/v2\/types\/page"}],"author":[{"embeddable":true,"href":"https:\/\/agora.xtec.cat\/ins-lamitjana\/wp-json\/wp\/v2\/users\/1"}],"replies":[{"embeddable":true,"href":"https:\/\/agora.xtec.cat\/ins-lamitjana\/wp-json\/wp\/v2\/comments?post=299"}],"version-history":[{"count":6,"href":"https:\/\/agora.xtec.cat\/ins-lamitjana\/wp-json\/wp\/v2\/pages\/299\/revisions"}],"predecessor-version":[{"id":12551,"href":"https:\/\/agora.xtec.cat\/ins-lamitjana\/wp-json\/wp\/v2\/pages\/299\/revisions\/12551"}],"up":[{"embeddable":true,"href":"https:\/\/agora.xtec.cat\/ins-lamitjana\/wp-json\/wp\/v2\/pages\/19"}],"wp:attachment":[{"href":"https:\/\/agora.xtec.cat\/ins-lamitjana\/wp-json\/wp\/v2\/media?parent=299"}],"curies":[{"name":"wp","href":"https:\/\/api.w.org\/{rel}","templated":true}]}}