{"id":19,"date":"2014-09-17T14:56:56","date_gmt":"2014-09-17T12:56:56","guid":{"rendered":"http:\/\/agora.xtec.cat\/ins-lamitjana\/\/?page_id=19"},"modified":"2019-12-17T16:51:13","modified_gmt":"2019-12-17T15:51:13","slug":"linstitut","status":"publish","type":"page","link":"https:\/\/agora.xtec.cat\/ins-lamitjana\/linstitut\/","title":{"rendered":"L&#8217;INSTITUT"},"content":{"rendered":"<p>L&#8217;institut la mitjana comen\u00e7a el seu funcionament en el curs 2010-2011 amb dues l\u00ednies d&#8217;ESO sota la direcci\u00f3 de Carles Vara Grasa. Actualment el centre dona serveis a 3 l\u00ednies d&#8217;ESO i una de Batxillerat amb un total de 420 alumnes.<\/p>\n<p><a href=\"http:\/\/agora.xtec.cat\/ins-lamitjana\/wp-content\/uploads\/usu108\/2014\/09\/INS1_131.gif\"><img loading=\"lazy\" decoding=\"async\" class=\"alignnone size-full wp-image-232\" src=\"http:\/\/agora.xtec.cat\/ins-lamitjana\/wp-content\/uploads\/usu108\/2014\/09\/INS1_131.gif\" alt=\"INS1_13\" width=\"200\" height=\"150\" \/><\/a><a href=\"http:\/\/agora.xtec.cat\/ins-lamitjana\/wp-content\/uploads\/usu108\/2014\/09\/INS2_13.gif\"><img loading=\"lazy\" decoding=\"async\" class=\"alignnone size-full wp-image-230\" src=\"http:\/\/agora.xtec.cat\/ins-lamitjana\/wp-content\/uploads\/usu108\/2014\/09\/INS2_13.gif\" alt=\"INS2_13\" width=\"200\" height=\"150\" \/><\/a> <a href=\"http:\/\/agora.xtec.cat\/ins-lamitjana\/wp-content\/uploads\/usu108\/2014\/09\/INS3_13.gif\"><img loading=\"lazy\" decoding=\"async\" class=\"alignnone size-full wp-image-234\" src=\"http:\/\/agora.xtec.cat\/ins-lamitjana\/wp-content\/uploads\/usu108\/2014\/09\/INS3_13.gif\" alt=\"INS3_13\" width=\"200\" height=\"150\" \/><\/a> <a href=\"http:\/\/agora.xtec.cat\/ins-lamitjana\/wp-content\/uploads\/usu108\/2014\/09\/INS2_131.gif\"><img loading=\"lazy\" decoding=\"async\" class=\"alignnone size-full wp-image-233\" src=\"http:\/\/agora.xtec.cat\/ins-lamitjana\/wp-content\/uploads\/usu108\/2014\/09\/INS2_131.gif\" alt=\"INS2_13\" width=\"200\" height=\"150\" \/><\/a><\/p>\n","protected":false},"excerpt":{"rendered":"<p>L&#8217;institut la mitjana comen\u00e7a el seu funcionament en el curs 2010-2011 amb dues l\u00ednies d&#8217;ESO sota la direcci\u00f3 de Carles Vara Grasa. Actualment el centre dona serveis a 3 l\u00ednies d&#8217;ESO i una de Batxillerat amb un total de 420 alumnes.<br \/>\n<a href=\"http:\/\/agora.xtec.cat\/ins-lamitjana\/wp-content\/uploads\/usu108\/2014\/09\/INS1_131.gif\"><\/a><a href=\"http:\/\/agora.xtec.cat\/ins-lamitjana\/wp-content\/uploads\/usu108\/2014\/09\/INS2_13.gif\"><\/a> <a href=\"http:\/\/agora.xtec.cat\/ins-lamitjana\/wp-content\/uploads\/usu108\/2014\/09\/INS3_13.gif\"><\/a>&hellip;  <a href=\"https:\/\/agora.xtec.cat\/ins-lamitjana\/linstitut\/\" title=\"Read L&#8217;INSTITUT\">Llegeix m\u00e9s\u00bb<\/a><\/p>\n","protected":false},"author":1,"featured_media":0,"parent":0,"menu_order":0,"comment_status":"closed","ping_status":"closed","template":"page-templates\/side-menu.php","meta":{"_bbp_topic_count":0,"_bbp_reply_count":0,"_bbp_total_topic_count":0,"_bbp_total_reply_count":0,"_bbp_voice_count":0,"_bbp_anonymous_reply_count":0,"_bbp_topic_count_hidden":0,"_bbp_reply_count_hidden":0,"_bbp_forum_subforum_count":0,"footnotes":""},"class_list":["post-19","page","type-page","status-publish","hentry"],"post_mailing_queue_ids":[],"_links":{"self":[{"href":"https:\/\/agora.xtec.cat\/ins-lamitjana\/wp-json\/wp\/v2\/pages\/19","targetHints":{"allow":["GET"]}}],"collection":[{"href":"https:\/\/agora.xtec.cat\/ins-lamitjana\/wp-json\/wp\/v2\/pages"}],"about":[{"href":"https:\/\/agora.xtec.cat\/ins-lamitjana\/wp-json\/wp\/v2\/types\/page"}],"author":[{"embeddable":true,"href":"https:\/\/agora.xtec.cat\/ins-lamitjana\/wp-json\/wp\/v2\/users\/1"}],"replies":[{"embeddable":true,"href":"https:\/\/agora.xtec.cat\/ins-lamitjana\/wp-json\/wp\/v2\/comments?post=19"}],"version-history":[{"count":3,"href":"https:\/\/agora.xtec.cat\/ins-lamitjana\/wp-json\/wp\/v2\/pages\/19\/revisions"}],"predecessor-version":[{"id":406,"href":"https:\/\/agora.xtec.cat\/ins-lamitjana\/wp-json\/wp\/v2\/pages\/19\/revisions\/406"}],"wp:attachment":[{"href":"https:\/\/agora.xtec.cat\/ins-lamitjana\/wp-json\/wp\/v2\/media?parent=19"}],"curies":[{"name":"wp","href":"https:\/\/api.w.org\/{rel}","templated":true}]}}