{"id":12244,"date":"2023-02-28T14:40:44","date_gmt":"2023-02-28T13:40:44","guid":{"rendered":"https:\/\/agora.xtec.cat\/ins-lamitjana\/?page_id=12244"},"modified":"2023-02-28T14:40:44","modified_gmt":"2023-02-28T13:40:44","slug":"ulae","status":"publish","type":"page","link":"https:\/\/agora.xtec.cat\/ins-lamitjana\/ulae\/","title":{"rendered":"ULAE"},"content":{"rendered":"<h4 style=\"text-align: center;\"><strong>ULAE INSTITUT LA MITJANA<\/strong><\/h4>\n<h6 style=\"text-align: center;\"><strong>Usos Ling\u00fc\u00edstics en l&#8217;\u00c0mbit Educatiu<\/strong><\/h6>\n<h6><strong>PROJECTE:<\/strong><\/h6>\n<ul>\n<li style=\"list-style-type: none;\">\n<ul>\n<li style=\"list-style-type: none;\">\n<ul>\n<li><a href=\"https:\/\/drive.google.com\/file\/d\/1Bng6UzhvPT7d-t8QtLTC_eDjjNryacfR\/view?usp=share_link\"> Document pdf<\/a><\/li>\n<\/ul>\n<\/li>\n<\/ul>\n<\/li>\n<\/ul>\n<h6>P\u00d3STERS:<\/h6>\n<ul>\n<li style=\"list-style-type: none;\">\n<ul>\n<li style=\"list-style-type: none;\">\n<ul>\n<li><a href=\"https:\/\/drive.google.com\/file\/d\/1d8Q-Z5Cdt5VQ0btWK8Ej03UJHNAoTRC8\/view?usp=sharing\">P\u00f3ster 1<\/a><\/li>\n<li><a href=\"https:\/\/drive.google.com\/file\/d\/1ZgH8I-uzQs3-kL_NKH7KwydYY54GalKl\/view?usp=share_link\">P\u00f3ster 2<\/a><\/li>\n<li><a href=\"https:\/\/drive.google.com\/file\/d\/1ePFwH_926pXO79i4AswdS5cjb9Lb5fCf\/view?usp=share_link\">P\u00f3ster 3<\/a><\/li>\n<li><a href=\"https:\/\/drive.google.com\/file\/d\/1Lxw2hRMWGIpYqvOWeoRB0ctZKHN1b3_Q\/view?usp=share_link\">P\u00f3ster 4<\/a><\/li>\n<li><a href=\"https:\/\/drive.google.com\/file\/d\/1sdfC48w6XIDmxEk9-0b1Xz62PM7iHSyC\/view?usp=share_link\">P\u00f3ster 5<\/a><\/li>\n<\/ul>\n<\/li>\n<\/ul>\n<\/li>\n<\/ul>\n<h6>V\u00cdDEOS:<\/h6>\n<ul>\n<li style=\"list-style-type: none;\">\n<ul>\n<li style=\"list-style-type: none;\">\n<ul>\n<li><a href=\"https:\/\/drive.google.com\/file\/d\/1vDoARUlOP2Z2a4IDyXeB7YGpfuavVGCQ\/view?usp=share_link\">Sketch 1<\/a><\/li>\n<li><a href=\"https:\/\/drive.google.com\/file\/d\/1xAfKIfXCxJctTxj-R7KKpQ-KT_o77KA2\/view?usp=share_link\">Sketch 2<\/a><\/li>\n<li><a href=\"https:\/\/drive.google.com\/file\/d\/1KkpaDJ43dI_MfzCo_c9i3JxUurjHU0MC\/view?usp=share_link\">Sketch 3<\/a><\/li>\n<li><a href=\"https:\/\/drive.google.com\/file\/d\/1syzrO4h_hVqOKfyZTXoS-8wPNVhDocXh\/view?usp=share_link\">Sketch 4<\/a><\/li>\n<li><a href=\"https:\/\/drive.google.com\/file\/d\/1DJaf-PlC6uQSH0WPqNgbgHSvyvvjWlIo\/view?usp=share_link\">Sketch 5<\/a><\/li>\n<\/ul>\n<\/li>\n<\/ul>\n<\/li>\n<\/ul>\n","protected":false},"excerpt":{"rendered":"<p>ULAE INSTITUT LA MITJANA<br \/>\nUsos Ling\u00fc\u00edstics en l&#8217;\u00c0mbit Educatiu<br \/>\nPROJECTE:<\/p>\n<ul>\n<li style=\"list-style-type: none;\">\n<ul>\n<li style=\"list-style-type: none;\">\n<ul>\n<li><a href=\"https:\/\/drive.google.com\/file\/d\/1Bng6UzhvPT7d-t8QtLTC_eDjjNryacfR\/view?usp=share_link\"> Document pdf<\/a><\/li>\n<\/ul>\n<\/li>\n<\/ul>\n<\/li>\n<\/ul>\n<p>P\u00d3STERS:<\/p>\n<ul>\n<li style=\"list-style-type: none;\">\n<ul>\n<li style=\"list-style-type: none;\">\n<ul>\n<li><a href=\"https:\/\/drive.google.com\/file\/d\/1d8Q-Z5Cdt5VQ0btWK8Ej03UJHNAoTRC8\/view?usp=sharing\">P\u00f3ster 1<\/a><\/li>\n<li><a href=\"https:\/\/drive.google.com\/file\/d\/1ZgH8I-uzQs3-kL_NKH7KwydYY54GalKl\/view?usp=share_link\">P\u00f3ster 2<\/a><\/li>\n<li><a href=\"https:\/\/drive.google.com\/file\/d\/1ePFwH_926pXO79i4AswdS5cjb9Lb5fCf\/view?usp=share_link\">P\u00f3ster 3<\/a><\/li>\n<li><a href=\"https:\/\/drive.google.com\/file\/d\/1Lxw2hRMWGIpYqvOWeoRB0ctZKHN1b3_Q\/view?usp=share_link\">P\u00f3ster 4<\/a><\/li>\n<li><a href=\"https:\/\/drive.google.com\/file\/d\/1sdfC48w6XIDmxEk9-0b1Xz62PM7iHSyC\/view?usp=share_link\">P\u00f3ster 5<\/a><\/li>\n<\/ul>\n<\/li>\n<\/ul>\n<\/li>\n<\/ul>\n<p>V\u00cdDEOS:<\/p>\n<ul>\n<li style=\"list-style-type: none;\">\n<ul>\n<li style=\"list-style-type: none;\">\n<ul>\n<li><a href=\"https:\/\/drive.google.com\/file\/d\/1vDoARUlOP2Z2a4IDyXeB7YGpfuavVGCQ\/view?usp=share_link\">Sketch 1<\/a><\/li>\n<li><a href=\"https:\/\/drive.google.com\/file\/d\/1xAfKIfXCxJctTxj-R7KKpQ-KT_o77KA2\/view?usp=share_link\">Sketch 2<\/a><\/li>\n<li><a href=\"https:\/\/drive.google.com\/file\/d\/1KkpaDJ43dI_MfzCo_c9i3JxUurjHU0MC\/view?usp=share_link\">Sketch 3<\/a><\/li>\n<li><a href=\"https:\/\/drive.google.com\/file\/d\/1syzrO4h_hVqOKfyZTXoS-8wPNVhDocXh\/view?usp=share_link\">Sketch 4<\/a><\/li>\n<li><a href=\"https:\/\/drive.google.com\/file\/d\/1DJaf-PlC6uQSH0WPqNgbgHSvyvvjWlIo\/view?usp=share_link\">Sketch 5<\/a><\/li>\n<\/ul>\n<\/li>\n<\/ul>\n<\/li>\n<\/ul>\n","protected":false},"author":1,"featured_media":0,"parent":0,"menu_order":0,"comment_status":"closed","ping_status":"closed","template":"","meta":{"_bbp_topic_count":0,"_bbp_reply_count":0,"_bbp_total_topic_count":0,"_bbp_total_reply_count":0,"_bbp_voice_count":0,"_bbp_anonymous_reply_count":0,"_bbp_topic_count_hidden":0,"_bbp_reply_count_hidden":0,"_bbp_forum_subforum_count":0,"footnotes":""},"class_list":["post-12244","page","type-page","status-publish","hentry"],"post_mailing_queue_ids":[],"_links":{"self":[{"href":"https:\/\/agora.xtec.cat\/ins-lamitjana\/wp-json\/wp\/v2\/pages\/12244","targetHints":{"allow":["GET"]}}],"collection":[{"href":"https:\/\/agora.xtec.cat\/ins-lamitjana\/wp-json\/wp\/v2\/pages"}],"about":[{"href":"https:\/\/agora.xtec.cat\/ins-lamitjana\/wp-json\/wp\/v2\/types\/page"}],"author":[{"embeddable":true,"href":"https:\/\/agora.xtec.cat\/ins-lamitjana\/wp-json\/wp\/v2\/users\/1"}],"replies":[{"embeddable":true,"href":"https:\/\/agora.xtec.cat\/ins-lamitjana\/wp-json\/wp\/v2\/comments?post=12244"}],"version-history":[{"count":1,"href":"https:\/\/agora.xtec.cat\/ins-lamitjana\/wp-json\/wp\/v2\/pages\/12244\/revisions"}],"predecessor-version":[{"id":12245,"href":"https:\/\/agora.xtec.cat\/ins-lamitjana\/wp-json\/wp\/v2\/pages\/12244\/revisions\/12245"}],"wp:attachment":[{"href":"https:\/\/agora.xtec.cat\/ins-lamitjana\/wp-json\/wp\/v2\/media?parent=12244"}],"curies":[{"name":"wp","href":"https:\/\/api.w.org\/{rel}","templated":true}]}}