{"id":11700,"date":"2020-10-15T19:59:40","date_gmt":"2020-10-15T17:59:40","guid":{"rendered":"https:\/\/agora.xtec.cat\/ins-lamitjana\/?page_id=11700"},"modified":"2021-02-26T20:31:13","modified_gmt":"2021-02-26T19:31:13","slug":"sites-departaments","status":"publish","type":"page","link":"https:\/\/agora.xtec.cat\/ins-lamitjana\/sites-departaments\/","title":{"rendered":"SITES DEPARTAMENTS"},"content":{"rendered":"<h2 style=\"text-align: center;\"><span style=\"color: #000080;\">\u00a0GOOGLE SITES DEPARTAMENTS<\/span><\/h2>\n<p>Aqu\u00ed podreu veure tota la informaci\u00f3, sobre les diferents mat\u00e8ries, dels diferents departaments did\u00e0ctics de l&#8217;institut.<\/p>\n<ul class=\"sub-menu menu-odd menu-depth-1\">\n<li><a href=\"https:\/\/sites.google.com\/institutlamitjana.com\/auladacollida\/inici\">Aula d&#8217;Acollida<\/a><\/li>\n<li id=\"nav-menu-item-11660\" class=\"sub-menu-item menu-item-odd menu-item-depth-1 menu-item menu-item-type-custom menu-item-object-custom\"><a class=\"menu-link sub-menu-link\" href=\"https:\/\/sites.google.com\/institutlamitjana.com\/departcienciesexperimental\/inici\">Ci\u00e8ncies Naturals<\/a><\/li>\n<li id=\"nav-menu-item-522\" class=\"sub-menu-item menu-item-odd menu-item-depth-1 menu-item menu-item-type-post_type menu-item-object-page\"><a class=\"menu-link sub-menu-link\" href=\"https:\/\/agora.xtec.cat\/ins-lamitjana\/departaments\/educacio-fisica\/\">Educaci\u00f3 F\u00edsica<\/a><\/li>\n<li id=\"nav-menu-item-11503\" class=\"sub-menu-item menu-item-odd menu-item-depth-1 menu-item menu-item-type-custom menu-item-object-custom\"><a class=\"menu-link sub-menu-link\" href=\"https:\/\/sites.google.com\/institutlamitjana.com\/departament-humanitats\/p%C3%A0gina-principal\">Humanitats<\/a><\/li>\n<li id=\"nav-menu-item-11560\" class=\"sub-menu-item menu-item-odd menu-item-depth-1 menu-item menu-item-type-custom menu-item-object-custom\"><a class=\"menu-link sub-menu-link\" href=\"https:\/\/sites.google.com\/institutlamitjana.com\/lenguacastellanayliteratura\/inici\">Lengua Castellana y Literatura<\/a><\/li>\n<li id=\"nav-menu-item-11586\" class=\"sub-menu-item menu-item-odd menu-item-depth-1 menu-item menu-item-type-custom menu-item-object-custom\"><a class=\"menu-link sub-menu-link\" href=\"https:\/\/sites.google.com\/institutlamitjana.com\/llenguacatalanailiteratura\/inici\">Llengua Catalana<\/a><\/li>\n<li id=\"nav-menu-item-11562\" class=\"sub-menu-item menu-item-odd menu-item-depth-1 menu-item menu-item-type-custom menu-item-object-custom\"><a class=\"menu-link sub-menu-link\" href=\"https:\/\/sites.google.com\/institutlamitjana.com\/classiques\/inici\">Lleng\u00fces Cl\u00e0ssiques<\/a><\/li>\n<li id=\"nav-menu-item-11646\" class=\"sub-menu-item menu-item-odd menu-item-depth-1 menu-item menu-item-type-custom menu-item-object-custom\"><a class=\"menu-link sub-menu-link\" href=\"https:\/\/sites.google.com\/institutlamitjana.com\/llenguesestrangeres\/inici\">Lleng\u00fces estrangeres<\/a><\/li>\n<li id=\"nav-menu-item-496\" class=\"sub-menu-item menu-item-odd menu-item-depth-1 menu-item menu-item-type-post_type menu-item-object-page\"><a class=\"menu-link sub-menu-link\" href=\"https:\/\/agora.xtec.cat\/ins-lamitjana\/departaments\/matematiques\/\">Matem\u00e0tiques<\/a><\/li>\n<li id=\"nav-menu-item-11075\" class=\"sub-menu-item menu-item-odd menu-item-depth-1 menu-item menu-item-type-custom menu-item-object-custom\"><a class=\"menu-link sub-menu-link\" href=\"https:\/\/sites.google.com\/institutlamitjana.com\/musica\">M\u00fasica<\/a><\/li>\n<li id=\"nav-menu-item-9891\" class=\"sub-menu-item menu-item-odd menu-item-depth-1 menu-item menu-item-type-post_type menu-item-object-page\"><a class=\"menu-link sub-menu-link\" href=\"https:\/\/agora.xtec.cat\/ins-lamitjana\/departaments\/departament-de-psicopedagogia\/\">SIEI<\/a><\/li>\n<li id=\"nav-menu-item-11414\" class=\"sub-menu-item menu-item-odd menu-item-depth-1 menu-item menu-item-type-custom menu-item-object-custom\"><a class=\"menu-link sub-menu-link\" href=\"https:\/\/sites.google.com\/institutlamitjana.com\/tecnologia\/inici\">Tecnologia<\/a><\/li>\n<li id=\"nav-menu-item-11477\" class=\"sub-menu-item menu-item-odd menu-item-depth-1 menu-item menu-item-type-custom menu-item-object-custom\"><a class=\"menu-link sub-menu-link\" href=\"https:\/\/sites.google.com\/institutlamitjana.com\/visual-i-plastica\">Visual i Pl\u00e0stica<\/a><\/li>\n<\/ul>\n","protected":false},"excerpt":{"rendered":"<p>\u00a0GOOGLE SITES DEPARTAMENTS<br \/>\nAqu\u00ed podreu veure tota la informaci\u00f3, sobre les diferents mat\u00e8ries, dels diferents departaments did\u00e0ctics de l&#8217;institut.<\/p>\n<ul class=\"sub-menu menu-odd menu-depth-1\">\n<li><a href=\"https:\/\/sites.google.com\/institutlamitjana.com\/auladacollida\/inici\">Aula d&#8217;Acollida<\/a><\/li>\n<li id=\"nav-menu-item-11660\" class=\"sub-menu-item menu-item-odd menu-item-depth-1 menu-item menu-item-type-custom menu-item-object-custom\"><a class=\"menu-link sub-menu-link\" href=\"https:\/\/sites.google.com\/institutlamitjana.com\/departcienciesexperimental\/inici\">Ci\u00e8ncies Naturals<\/a><\/li>\n<li id=\"nav-menu-item-522\" class=\"sub-menu-item menu-item-odd menu-item-depth-1 menu-item menu-item-type-post_type menu-item-object-page\"><a class=\"menu-link sub-menu-link\" href=\"https:\/\/agora.xtec.cat\/ins-lamitjana\/departaments\/educacio-fisica\/\">Educaci\u00f3 F\u00edsica<\/a><\/li>\n<li&hellip;  <a href=\"https:\/\/agora.xtec.cat\/ins-lamitjana\/sites-departaments\/\" title=\"Read SITES DEPARTAMENTS\">Llegeix m\u00e9s\u00bb<\/a><br \/>\n","protected":false},"author":1,"featured_media":0,"parent":0,"menu_order":0,"comment_status":"closed","ping_status":"closed","template":"","meta":{"_bbp_topic_count":0,"_bbp_reply_count":0,"_bbp_total_topic_count":0,"_bbp_total_reply_count":0,"_bbp_voice_count":0,"_bbp_anonymous_reply_count":0,"_bbp_topic_count_hidden":0,"_bbp_reply_count_hidden":0,"_bbp_forum_subforum_count":0,"footnotes":""},"class_list":["post-11700","page","type-page","status-publish","hentry"],"post_mailing_queue_ids":[],"_links":{"self":[{"href":"https:\/\/agora.xtec.cat\/ins-lamitjana\/wp-json\/wp\/v2\/pages\/11700","targetHints":{"allow":["GET"]}}],"collection":[{"href":"https:\/\/agora.xtec.cat\/ins-lamitjana\/wp-json\/wp\/v2\/pages"}],"about":[{"href":"https:\/\/agora.xtec.cat\/ins-lamitjana\/wp-json\/wp\/v2\/types\/page"}],"author":[{"embeddable":true,"href":"https:\/\/agora.xtec.cat\/ins-lamitjana\/wp-json\/wp\/v2\/users\/1"}],"replies":[{"embeddable":true,"href":"https:\/\/agora.xtec.cat\/ins-lamitjana\/wp-json\/wp\/v2\/comments?post=11700"}],"version-history":[{"count":2,"href":"https:\/\/agora.xtec.cat\/ins-lamitjana\/wp-json\/wp\/v2\/pages\/11700\/revisions"}],"predecessor-version":[{"id":11816,"href":"https:\/\/agora.xtec.cat\/ins-lamitjana\/wp-json\/wp\/v2\/pages\/11700\/revisions\/11816"}],"wp:attachment":[{"href":"https:\/\/agora.xtec.cat\/ins-lamitjana\/wp-json\/wp\/v2\/media?parent=11700"}],"curies":[{"name":"wp","href":"https:\/\/api.w.org\/{rel}","templated":true}]}}