{"id":10938,"date":"2019-12-17T17:01:01","date_gmt":"2019-12-17T16:01:01","guid":{"rendered":"https:\/\/agora.xtec.cat\/ins-lamitjana\/?page_id=10938"},"modified":"2022-10-18T10:28:42","modified_gmt":"2022-10-18T08:28:42","slug":"qui-som","status":"publish","type":"page","link":"https:\/\/agora.xtec.cat\/ins-lamitjana\/linstitut\/qui-som\/","title":{"rendered":"QU\u00cd SOM?"},"content":{"rendered":"<h3>Equip directiu i c\u00e0rrecs:<strong style=\"font-size: medium; font-family: inherit; line-height: 1.6;\"><br \/>\n<\/strong><\/h3>\n<ul>\n<li><span style=\"font-size: medium;\"><strong>Directora:<\/strong> Montse Lab\u00e8rnia Descarrega<\/span><\/li>\n<li><strong>Cap d&#8217;Estudis:<\/strong>\u00a0Manel Plana Cugota<\/li>\n<li><strong>Coordinadora Pedag\u00f2gica:<\/strong> Maria Jos\u00e9 Fantova<\/li>\n<li><strong>Secret\u00e0ria: <\/strong>Anna Bernat Mir\u00f3n<\/li>\n<\/ul>\n<h5><span style=\"font-size: medium; color: #ffffff;\">TUTORS\/ES ESO:<\/span><\/h5>\n<ul>\n<li><span style=\"font-size: medium; color: #ffffff;\">1r ESO A: Carmen Borrell<\/span><\/li>\n<li><span style=\"font-size: medium; color: #ffffff;\">1r ESO B: Hugo Alarc\u00f3n<\/span><\/li>\n<li><span style=\"font-size: medium; color: #ffffff;\">1r ESO C: Gl\u00f2ria Cerc\u00f3s<\/span><\/li>\n<li><span style=\"font-size: medium; color: #ffffff;\">1r ESO D: Laia Noguera<\/span><\/li>\n<\/ul>\n<ul>\n<li><span style=\"font-size: medium; color: #ffffff;\">2n ESO A: Joana de la Serna<\/span><\/li>\n<li><span style=\"font-size: medium; color: #ffffff;\">2n ESO B: Llum Torruella<br \/>\n<\/span><\/li>\n<li><span style=\"font-size: medium; color: #ffffff;\">2n ESO C: Ester Peris\u00e9<\/span><\/li>\n<li><span style=\"font-size: medium; color: #ffffff;\">2n ESO D: Estefania Anastasi<\/span><\/li>\n<\/ul>\n<ul>\n<li><span style=\"font-size: medium; color: #ffffff;\">3r ESO A: Anna Ballarin \/Marisa Carrillo<\/span><\/li>\n<li><span style=\"font-size: medium; color: #ffffff;\">3r ESO B1: Marta Sampietro<br \/>\n<\/span><\/li>\n<li><span style=\"color: #ffffff;\"><span style=\"font-size: medium;\">3r ESO B2: <\/span>N\u00faria Tous<\/span><\/li>\n<li><span style=\"font-size: medium; color: #ffffff;\">3r ESO C: Carme Prunera<\/span><\/li>\n<\/ul>\n<ul>\n<li><span style=\"font-size: medium; color: #ffffff;\">4t ESO A: Dolors Valls\/ M\u00f2nica Cardona<\/span><\/li>\n<li><span style=\"font-size: medium; color: #ffffff;\">4t ESO B: Mercedes de la Cuesta<\/span><\/li>\n<li><span style=\"color: #ffffff;\">4t ESO C: Anna Alsina<\/span><\/li>\n<\/ul>\n<h5><span style=\"font-size: medium; color: #ffffff;\">TUTORS\/ES BATXILLERAT:<\/span><\/h5>\n<ul>\n<li><span style=\"font-size: medium; color: #ffffff;\">1r Batxillerat A: Rosa Gatius<\/span><\/li>\n<li><span style=\"font-size: medium; color: #ffffff;\">1r Batxillerat B: Jordi Fern\u00e0ndez<\/span><\/li>\n<li><span style=\"font-size: medium; color: #ffffff;\">2n Batxillerat A: Eduard Batlle<br \/>\n<\/span><\/li>\n<\/ul>\n<h5><span style=\"font-size: medium; color: #ffffff;\"><strong>CAPS DE DEPARTAMENT:<\/strong><\/span><\/h5>\n<ul>\n<li><span style=\"font-size: medium; color: #ffffff;\">IDIOMES: Ana Ballar\u00edn<\/span><\/li>\n<li><span style=\"font-size: medium; color: #ffffff;\">CI\u00c8NCIES: Ester Vinyes<\/span><\/li>\n<li><span style=\"font-size: medium; color: #ffffff;\">HUMAN\u00cdSTIC: Eduard Batlle\u00a0<\/span><\/li>\n<li><span style=\"font-size: medium; color: #ffffff;\">LLENG\u00dcES: Rosa Gatius<\/span><\/li>\n<li><span style=\"font-size: medium; color: #ffffff;\">MATEM\u00c0TIQUES: Dolors Valls<\/span><\/li>\n<li><span style=\"font-size: medium; color: #ffffff;\">TECNOLOGIA: Llum Torruella<\/span><\/li>\n<li><span style=\"font-size: medium; color: #ffffff;\">EXPRESSIU: Hugo Alarc\u00f3n<\/span><\/li>\n<\/ul>\n<p><span style=\"font-size: medium; color: #ffffff;\"><strong>Altres c\u00e0rrecs de coordinaci\u00f3:<\/strong><\/span><\/p>\n<ul>\n<li><span style=\"color: #ffffff;\">Coordinaci\u00f3 LIC: Carme Prunera<\/span><\/li>\n<li><span style=\"font-size: medium; color: #ffffff;\">Coordinaci\u00f3 d&#8217;Activitats i Sortides: Llum Torruella<\/span><\/li>\n<li><span style=\"color: #ffffff;\">Coordinaci\u00f3 d&#8217;Inform\u00e0tica i TAC: N\u00faria Puigdevall<\/span><\/li>\n<li><span style=\"font-size: medium; color: #ffffff;\">Coordinaci\u00f3 de Riscos Laborals: Xavier Herbera<\/span><\/li>\n<li><span style=\"color: #ffffff;\">Coordinaci\u00f3 de Pla Impuls de la Lectura: Susanna Montero<\/span><\/li>\n<li><span style=\"font-size: medium; color: #ffffff;\">Coordinaci\u00f3 de Mediaci\u00f3: Alba Carrasco<\/span><\/li>\n<li><span style=\"color: #ffffff;\">Coordinaci\u00f3 Servei Comunitari: Anna Bernat\/Raquel Codina<\/span><\/li>\n<li><span style=\"color: #ffffff;\">Coordinaci\u00f3 d&#8217;Atenci\u00f3 a la Diversitat (Orientaci\u00f3 Educativa): Cristina Justo<\/span><\/li>\n<li><span style=\"color: #ffffff;\">Coordinaci\u00f3 d&#8217;Activitats Llengua Francesa: Maite Alarc\u00f3n \/ Noem\u00ed Sancho<\/span><\/li>\n<li><span style=\"color: #ffffff;\">Coordinaci\u00f3 d&#8217;Activitats Llengua Anglesa: Pilar Pall\u00e0s \/ Pilar Elez<\/span><\/li>\n<li><span style=\"color: #ffffff;\">Coordinaci\u00f3 Agenda 21: Joana de la Serna<\/span><\/li>\n<li><span style=\"color: #ffffff;\">Coordinaci\u00f3 d&#8217;Activitats Matem\u00e0tiques: M\u00f2nica Cardona \/ Alba Carrasco<\/span><\/li>\n<li><span style=\"color: #ffffff;\">Coordinaci\u00f3 Projectes: Rosa Gatius<\/span><\/li>\n<li><span style=\"color: #ffffff;\">Coordinaci\u00f3 Ling\u00fc\u00edstica: Rosa Gatius<\/span><\/li>\n<li><span style=\"color: #ffffff;\">Coordinaci\u00f3 Batxillerat: Eduard Batlle<\/span><\/li>\n<\/ul>\n","protected":false},"excerpt":{"rendered":"<p>Equip directiu i c\u00e0rrecs:<\/p>\n<ul>\n<li>Directora: Montse Lab\u00e8rnia Descarrega<\/li>\n<li>Cap d&#8217;Estudis:\u00a0Manel Plana Cugota<\/li>\n<li>Coordinadora Pedag\u00f2gica: Maria Jos\u00e9 Fantova<\/li>\n<li>Secret\u00e0ria: Anna Bernat Mir\u00f3n<\/li>\n<\/ul>\n<p>TUTORS\/ES ESO:<\/p>\n<ul>\n<li>1r ESO A: Carmen Borrell<\/li>\n<li>1r ESO B: Hugo Alarc\u00f3n<\/li>\n<li>1r ESO C: Gl\u00f2ria Cerc\u00f3s<\/li>\n<li>1r ESO D: Laia Noguera<\/li>\n<\/ul>\n<ul>\n<li>2n ESO A: Joana de la Serna<\/li>\n<li>2n ESO B: Llum Torruella\n<\/li>\n<li>2n ESO&hellip;  <a href=\"https:\/\/agora.xtec.cat\/ins-lamitjana\/linstitut\/qui-som\/\" title=\"Read QU\u00cd SOM?\">Llegeix m\u00e9s\u00bb<\/a><br \/>\n","protected":false},"author":1,"featured_media":0,"parent":19,"menu_order":0,"comment_status":"closed","ping_status":"closed","template":"","meta":{"_bbp_topic_count":0,"_bbp_reply_count":0,"_bbp_total_topic_count":0,"_bbp_total_reply_count":0,"_bbp_voice_count":0,"_bbp_anonymous_reply_count":0,"_bbp_topic_count_hidden":0,"_bbp_reply_count_hidden":0,"_bbp_forum_subforum_count":0,"footnotes":""},"class_list":["post-10938","page","type-page","status-publish","hentry"],"post_mailing_queue_ids":[],"_links":{"self":[{"href":"https:\/\/agora.xtec.cat\/ins-lamitjana\/wp-json\/wp\/v2\/pages\/10938","targetHints":{"allow":["GET"]}}],"collection":[{"href":"https:\/\/agora.xtec.cat\/ins-lamitjana\/wp-json\/wp\/v2\/pages"}],"about":[{"href":"https:\/\/agora.xtec.cat\/ins-lamitjana\/wp-json\/wp\/v2\/types\/page"}],"author":[{"embeddable":true,"href":"https:\/\/agora.xtec.cat\/ins-lamitjana\/wp-json\/wp\/v2\/users\/1"}],"replies":[{"embeddable":true,"href":"https:\/\/agora.xtec.cat\/ins-lamitjana\/wp-json\/wp\/v2\/comments?post=10938"}],"version-history":[{"count":2,"href":"https:\/\/agora.xtec.cat\/ins-lamitjana\/wp-json\/wp\/v2\/pages\/10938\/revisions"}],"predecessor-version":[{"id":12207,"href":"https:\/\/agora.xtec.cat\/ins-lamitjana\/wp-json\/wp\/v2\/pages\/10938\/revisions\/12207"}],"up":[{"embeddable":true,"href":"https:\/\/agora.xtec.cat\/ins-lamitjana\/wp-json\/wp\/v2\/pages\/19"}],"wp:attachment":[{"href":"https:\/\/agora.xtec.cat\/ins-lamitjana\/wp-json\/wp\/v2\/media?parent=10938"}],"curies":[{"name":"wp","href":"https:\/\/api.w.org\/{rel}","templated":true}]}}