{"id":1056,"date":"2017-06-18T19:25:20","date_gmt":"2017-06-18T17:25:20","guid":{"rendered":"http:\/\/agora.xtec.cat\/ins-lamitjana\/?page_id=1056"},"modified":"2017-06-18T19:25:20","modified_gmt":"2017-06-18T17:25:20","slug":"projecte-intercanvi-quebec","status":"publish","type":"page","link":"https:\/\/agora.xtec.cat\/ins-lamitjana\/projecte-intercanvi-quebec\/","title":{"rendered":"Projecte Intercanvi Qu\u00e9bec"},"content":{"rendered":"<p>&#8220;Une exp\u00e9rience inoubliable&#8221;, voil\u00e0 la phrase la plus r\u00e9p\u00e9t\u00e9e par Ivan Sancho, candidat au programme Catalunya-Qu\u00e9bec 2016\/17. Et il a voulu partager cette exp\u00e9rience \u00a0avec le reste du lyc\u00e9e, en nous pr\u00e9sentant le Qu\u00e9bec et tout ce qu&#8217;il y a v\u00e9cu pendant ces trois mois avec son corres, sa famille et la robotique!<\/p>\n<p>Un grand merci, Ivan, de ta collaboration!<\/p>\n<p><img loading=\"lazy\" decoding=\"async\" class=\"alignright size-full wp-image-1061\" src=\"http:\/\/agora.xtec.cat\/ins-lamitjana\/wp-content\/uploads\/usu108\/2017\/06\/P_20170607_141428.jpg\" alt=\"P_20170607_141428\" width=\"4096\" height=\"2304\" srcset=\"https:\/\/agora.xtec.cat\/ins-lamitjana\/wp-content\/uploads\/usu108\/2017\/06\/P_20170607_141428.jpg 4096w, https:\/\/agora.xtec.cat\/ins-lamitjana\/wp-content\/uploads\/usu108\/2017\/06\/P_20170607_141428-300x169.jpg 300w, https:\/\/agora.xtec.cat\/ins-lamitjana\/wp-content\/uploads\/usu108\/2017\/06\/P_20170607_141428-768x432.jpg 768w, https:\/\/agora.xtec.cat\/ins-lamitjana\/wp-content\/uploads\/usu108\/2017\/06\/P_20170607_141428-1024x576.jpg 1024w\" sizes=\"auto, (max-width: 4096px) 100vw, 4096px\" \/> <img loading=\"lazy\" decoding=\"async\" class=\"alignright size-full wp-image-1060\" src=\"http:\/\/agora.xtec.cat\/ins-lamitjana\/wp-content\/uploads\/usu108\/2017\/06\/P_20170606_111429.jpg\" alt=\"P_20170606_111429\" width=\"4096\" height=\"2304\" srcset=\"https:\/\/agora.xtec.cat\/ins-lamitjana\/wp-content\/uploads\/usu108\/2017\/06\/P_20170606_111429.jpg 4096w, https:\/\/agora.xtec.cat\/ins-lamitjana\/wp-content\/uploads\/usu108\/2017\/06\/P_20170606_111429-300x169.jpg 300w, https:\/\/agora.xtec.cat\/ins-lamitjana\/wp-content\/uploads\/usu108\/2017\/06\/P_20170606_111429-768x432.jpg 768w, https:\/\/agora.xtec.cat\/ins-lamitjana\/wp-content\/uploads\/usu108\/2017\/06\/P_20170606_111429-1024x576.jpg 1024w\" sizes=\"auto, (max-width: 4096px) 100vw, 4096px\" \/> <img loading=\"lazy\" decoding=\"async\" class=\"alignright size-full wp-image-1059\" src=\"http:\/\/agora.xtec.cat\/ins-lamitjana\/wp-content\/uploads\/usu108\/2017\/06\/P_20170606_111411.jpg\" alt=\"P_20170606_111411\" width=\"4096\" height=\"2304\" srcset=\"https:\/\/agora.xtec.cat\/ins-lamitjana\/wp-content\/uploads\/usu108\/2017\/06\/P_20170606_111411.jpg 4096w, https:\/\/agora.xtec.cat\/ins-lamitjana\/wp-content\/uploads\/usu108\/2017\/06\/P_20170606_111411-300x169.jpg 300w, https:\/\/agora.xtec.cat\/ins-lamitjana\/wp-content\/uploads\/usu108\/2017\/06\/P_20170606_111411-768x432.jpg 768w, https:\/\/agora.xtec.cat\/ins-lamitjana\/wp-content\/uploads\/usu108\/2017\/06\/P_20170606_111411-1024x576.jpg 1024w\" sizes=\"auto, (max-width: 4096px) 100vw, 4096px\" \/> <img loading=\"lazy\" decoding=\"async\" class=\"alignright size-full wp-image-1058\" src=\"http:\/\/agora.xtec.cat\/ins-lamitjana\/wp-content\/uploads\/usu108\/2017\/06\/P_20170606_105858.jpg\" alt=\"P_20170606_105858\" width=\"4096\" height=\"2304\" srcset=\"https:\/\/agora.xtec.cat\/ins-lamitjana\/wp-content\/uploads\/usu108\/2017\/06\/P_20170606_105858.jpg 4096w, https:\/\/agora.xtec.cat\/ins-lamitjana\/wp-content\/uploads\/usu108\/2017\/06\/P_20170606_105858-300x169.jpg 300w, https:\/\/agora.xtec.cat\/ins-lamitjana\/wp-content\/uploads\/usu108\/2017\/06\/P_20170606_105858-768x432.jpg 768w, https:\/\/agora.xtec.cat\/ins-lamitjana\/wp-content\/uploads\/usu108\/2017\/06\/P_20170606_105858-1024x576.jpg 1024w\" sizes=\"auto, (max-width: 4096px) 100vw, 4096px\" \/> <img loading=\"lazy\" decoding=\"async\" class=\"alignright size-full wp-image-1057\" src=\"http:\/\/agora.xtec.cat\/ins-lamitjana\/wp-content\/uploads\/usu108\/2017\/06\/P_20170529_105601.jpg\" alt=\"P_20170529_105601\" width=\"4096\" height=\"2304\" srcset=\"https:\/\/agora.xtec.cat\/ins-lamitjana\/wp-content\/uploads\/usu108\/2017\/06\/P_20170529_105601.jpg 4096w, https:\/\/agora.xtec.cat\/ins-lamitjana\/wp-content\/uploads\/usu108\/2017\/06\/P_20170529_105601-300x169.jpg 300w, https:\/\/agora.xtec.cat\/ins-lamitjana\/wp-content\/uploads\/usu108\/2017\/06\/P_20170529_105601-768x432.jpg 768w, https:\/\/agora.xtec.cat\/ins-lamitjana\/wp-content\/uploads\/usu108\/2017\/06\/P_20170529_105601-1024x576.jpg 1024w\" sizes=\"auto, (max-width: 4096px) 100vw, 4096px\" \/><\/p>\n","protected":false},"excerpt":{"rendered":"<p>&#8220;Une exp\u00e9rience inoubliable&#8221;, voil\u00e0 la phrase la plus r\u00e9p\u00e9t\u00e9e par Ivan Sancho, candidat au programme Catalunya-Qu\u00e9bec 2016\/17. Et il a voulu partager cette exp\u00e9rience \u00a0avec le reste du lyc\u00e9e, en nous pr\u00e9sentant le Qu\u00e9bec et tout ce qu&#8217;il y a v\u00e9cu pendant ces trois mois&hellip;  <a href=\"https:\/\/agora.xtec.cat\/ins-lamitjana\/projecte-intercanvi-quebec\/\" title=\"Read Projecte Intercanvi Qu\u00e9bec\">Llegeix m\u00e9s\u00bb<\/a><\/p>\n","protected":false},"author":1,"featured_media":0,"parent":0,"menu_order":0,"comment_status":"closed","ping_status":"closed","template":"","meta":{"_bbp_topic_count":0,"_bbp_reply_count":0,"_bbp_total_topic_count":0,"_bbp_total_reply_count":0,"_bbp_voice_count":0,"_bbp_anonymous_reply_count":0,"_bbp_topic_count_hidden":0,"_bbp_reply_count_hidden":0,"_bbp_forum_subforum_count":0,"footnotes":""},"class_list":["post-1056","page","type-page","status-publish","hentry"],"post_mailing_queue_ids":[],"_links":{"self":[{"href":"https:\/\/agora.xtec.cat\/ins-lamitjana\/wp-json\/wp\/v2\/pages\/1056","targetHints":{"allow":["GET"]}}],"collection":[{"href":"https:\/\/agora.xtec.cat\/ins-lamitjana\/wp-json\/wp\/v2\/pages"}],"about":[{"href":"https:\/\/agora.xtec.cat\/ins-lamitjana\/wp-json\/wp\/v2\/types\/page"}],"author":[{"embeddable":true,"href":"https:\/\/agora.xtec.cat\/ins-lamitjana\/wp-json\/wp\/v2\/users\/1"}],"replies":[{"embeddable":true,"href":"https:\/\/agora.xtec.cat\/ins-lamitjana\/wp-json\/wp\/v2\/comments?post=1056"}],"version-history":[{"count":1,"href":"https:\/\/agora.xtec.cat\/ins-lamitjana\/wp-json\/wp\/v2\/pages\/1056\/revisions"}],"predecessor-version":[{"id":1062,"href":"https:\/\/agora.xtec.cat\/ins-lamitjana\/wp-json\/wp\/v2\/pages\/1056\/revisions\/1062"}],"wp:attachment":[{"href":"https:\/\/agora.xtec.cat\/ins-lamitjana\/wp-json\/wp\/v2\/media?parent=1056"}],"curies":[{"name":"wp","href":"https:\/\/api.w.org\/{rel}","templated":true}]}}