{"id":6151,"date":"2023-10-20T13:11:54","date_gmt":"2023-10-20T11:11:54","guid":{"rendered":"https:\/\/agora.xtec.cat\/ins-la-miquela\/?page_id=6151"},"modified":"2023-10-23T12:22:15","modified_gmt":"2023-10-23T10:22:15","slug":"salutiescola","status":"publish","type":"page","link":"https:\/\/agora.xtec.cat\/ins-la-miquela\/salutiescola\/","title":{"rendered":"salutiescola"},"content":{"rendered":"<p style=\"font-weight: 400;\">Un any m\u00e9s l\u2019INS La Miquela forma part del\u00a0<strong>PROGRAMA SALUT I ESCOLA<\/strong>.<\/p>\n<p style=\"font-weight: 400;\">El programa estar\u00e0 actiu des de l\u2019octubre de 2023 al junys de 2024.<\/p>\n<p style=\"font-weight: 400;\">Les intervencions en els centres educatius dins del marc del programa s\u00f3n:<\/p>\n<ol>\n<li style=\"font-weight: 400;\">La <strong>Consulta Oberta<\/strong>: adre\u00e7ada als alumnes de manera individual.\u00a0 Entenem que tots els alumnes de l\u2019INS La Miquela tenen acc\u00e9s a aquest servei.<\/li>\n<li style=\"font-weight: 400;\">Les <strong>Activitats d\u2019educaci\u00f3 i promoci\u00f3 de la salut i prevenci\u00f3 de la malaltia<\/strong>: adre\u00e7ada tamb\u00e9 als alumnes per\u00f2 de manera grupal (grup classe).<\/li>\n<li style=\"font-weight: 400;\"><strong>L\u2019assessorament en temes de salut que pugui necessitar el centre educatiu<\/strong>: la infermera del PSiE \u00e9s la referent de salut per al centre educatiu.<\/li>\n<\/ol>\n<p style=\"font-weight: 400;\">La professional de refer\u00e8ncia \u00e9s la S\u00edlvia Cair\u00f3, Infermera de Pediatria del Consultori \u00a0Local de Bescan\u00f3.\u00a0(Pla\u00e7a Joan Maragall, n\u00famero 3\u00a0|\u00a017162 Bescan\u00f3\u00a0|\u00a0Tel. 972442570\u00a0)\u00a0i el correu de contacte \u00e9s\u00a0<a href=\"mailto:salutiescola@lamiquela.cat\">salutiescola@lamiquela.cat<\/a><\/p>\n<p style=\"font-weight: 400;\">A continuaci\u00f3 us adjuntem documentaci\u00f3 amb m\u00e9s informaci\u00f3.<\/p>\n<p><a href=\"https:\/\/agora.xtec.cat\/ins-la-miquela\/wp-content\/uploads\/usu1773\/2023\/10\/El-PROGRAMA-SALUT-I-ESCOLA-DE-CATALUNYA.pdf\">El PROGRAMA SALUT I ESCOLA DE CATALUNYA<\/a><\/p>\n<p><a href=\"https:\/\/agora.xtec.cat\/ins-la-miquela\/wp-content\/uploads\/usu1773\/2023\/10\/CONSULTA-OBERTA-DE-SALUT-ALS-CENTRES-EDUCATIUS.pdf\">CONSULTA OBERTA DE SALUT ALS CENTRES EDUCATIUS\u00f3<\/a><\/p>\n","protected":false},"excerpt":{"rendered":"<p>Un any m\u00e9s l\u2019INS La Miquela forma part del\u00a0PROGRAMA SALUT I ESCOLA. El programa estar\u00e0 actiu des de l\u2019octubre de 2023 al junys de 2024. Les intervencions en els centres educatius dins del marc del programa s\u00f3n: La Consulta Oberta: adre\u00e7ada als alumnes de manera individual.\u00a0 Entenem que tots els alumnes de l\u2019INS La Miquela [&hellip;]<\/p>\n","protected":false},"author":6,"featured_media":0,"parent":0,"menu_order":0,"comment_status":"closed","ping_status":"closed","template":"","meta":{"_bbp_topic_count":0,"_bbp_reply_count":0,"_bbp_total_topic_count":0,"_bbp_total_reply_count":0,"_bbp_voice_count":0,"_bbp_anonymous_reply_count":0,"_bbp_topic_count_hidden":0,"_bbp_reply_count_hidden":0,"_bbp_forum_subforum_count":0,"site-sidebar-layout":"default","site-content-layout":"","ast-site-content-layout":"","site-content-style":"default","site-sidebar-style":"default","ast-global-header-display":"","ast-banner-title-visibility":"","ast-main-header-display":"","ast-hfb-above-header-display":"","ast-hfb-below-header-display":"","ast-hfb-mobile-header-display":"","site-post-title":"","ast-breadcrumbs-content":"","ast-featured-img":"","footer-sml-layout":"","theme-transparent-header-meta":"","adv-header-id-meta":"","stick-header-meta":"","header-above-stick-meta":"","header-main-stick-meta":"","header-below-stick-meta":"","astra-migrate-meta-layouts":"default","ast-page-background-enabled":"default","ast-page-background-meta":{"desktop":{"background-color":"var(--ast-global-color-4)","background-image":"","background-repeat":"repeat","background-position":"center center","background-size":"auto","background-attachment":"scroll","background-type":"","background-media":"","overlay-type":"","overlay-color":"","overlay-opacity":"","overlay-gradient":""},"tablet":{"background-color":"","background-image":"","background-repeat":"repeat","background-position":"center center","background-size":"auto","background-attachment":"scroll","background-type":"","background-media":"","overlay-type":"","overlay-color":"","overlay-opacity":"","overlay-gradient":""},"mobile":{"background-color":"","background-image":"","background-repeat":"repeat","background-position":"center center","background-size":"auto","background-attachment":"scroll","background-type":"","background-media":"","overlay-type":"","overlay-color":"","overlay-opacity":"","overlay-gradient":""}},"ast-content-background-meta":{"desktop":{"background-color":"var(--ast-global-color-5)","background-image":"","background-repeat":"repeat","background-position":"center center","background-size":"auto","background-attachment":"scroll","background-type":"","background-media":"","overlay-type":"","overlay-color":"","overlay-opacity":"","overlay-gradient":""},"tablet":{"background-color":"var(--ast-global-color-5)","background-image":"","background-repeat":"repeat","background-position":"center center","background-size":"auto","background-attachment":"scroll","background-type":"","background-media":"","overlay-type":"","overlay-color":"","overlay-opacity":"","overlay-gradient":""},"mobile":{"background-color":"var(--ast-global-color-5)","background-image":"","background-repeat":"repeat","background-position":"center center","background-size":"auto","background-attachment":"scroll","background-type":"","background-media":"","overlay-type":"","overlay-color":"","overlay-opacity":"","overlay-gradient":""}},"footnotes":""},"class_list":["post-6151","page","type-page","status-publish","hentry"],"post_mailing_queue_ids":[],"_links":{"self":[{"href":"https:\/\/agora.xtec.cat\/ins-la-miquela\/wp-json\/wp\/v2\/pages\/6151","targetHints":{"allow":["GET"]}}],"collection":[{"href":"https:\/\/agora.xtec.cat\/ins-la-miquela\/wp-json\/wp\/v2\/pages"}],"about":[{"href":"https:\/\/agora.xtec.cat\/ins-la-miquela\/wp-json\/wp\/v2\/types\/page"}],"author":[{"embeddable":true,"href":"https:\/\/agora.xtec.cat\/ins-la-miquela\/wp-json\/wp\/v2\/users\/6"}],"replies":[{"embeddable":true,"href":"https:\/\/agora.xtec.cat\/ins-la-miquela\/wp-json\/wp\/v2\/comments?post=6151"}],"version-history":[{"count":5,"href":"https:\/\/agora.xtec.cat\/ins-la-miquela\/wp-json\/wp\/v2\/pages\/6151\/revisions"}],"predecessor-version":[{"id":6162,"href":"https:\/\/agora.xtec.cat\/ins-la-miquela\/wp-json\/wp\/v2\/pages\/6151\/revisions\/6162"}],"wp:attachment":[{"href":"https:\/\/agora.xtec.cat\/ins-la-miquela\/wp-json\/wp\/v2\/media?parent=6151"}],"curies":[{"name":"wp","href":"https:\/\/api.w.org\/{rel}","templated":true}]}}