{"id":49,"date":"2014-09-17T16:55:55","date_gmt":"2014-09-17T16:55:55","guid":{"rendered":"http:\/\/agora.xtec.cat\/ins-la-miquela\/?page_id=49"},"modified":"2026-04-08T12:03:31","modified_gmt":"2026-04-08T10:03:31","slug":"normes-dorganitzacio-i-funcionament","status":"publish","type":"page","link":"https:\/\/agora.xtec.cat\/ins-la-miquela\/linstitut\/normes-dorganitzacio-i-funcionament\/","title":{"rendered":"\u00das de l&#8217;ipad"},"content":{"rendered":"<p>En el projecte educatiu del nostre centre l\u2019iPad \u00e9s considerat un dels recursos dels quals alumnat i professorat poden disposar a l\u2019hora de dur a terme el proc\u00e9s d\u2019aprenentatge.<\/p>\n<p>Tal com ha estat aprovat pel Consell Escolar la gesti\u00f3 de les aplicacions necess\u00e0ries per la seva correcta utilitzaci\u00f3 est\u00e0 gestionada des del centre per a l&#8217;alumnat d&#8217;ESO..<\/p>\n<p>Com tot el material necessari per al bon desenvolupament de les classes, cal complir unes normes d\u2019\u00fas:<\/p>\n<ul>\n<li>Totes les tauletes han d&#8217;estar identificades amb el nom del\/de la alumne\/a a qui pertany.<\/li>\n<li>S&#8217;han de portar amb la bateria carregada de casa.<\/li>\n<li>Han d&#8217;estar sempre guardades dins la funda i a l&#8217;armari, i nom\u00e9s s&#8217;utilitzaran quan ho digui el professorat.<\/li>\n<li>El dispositiu de so estar\u00e0 inhabilitat durant l&#8217;horari lectiu a excepci\u00f3 que el professorat doni perm\u00eds per habilitar-lo. Cal que l&#8217;alumne\/la alumna dugui uns auriculars petits per a aquelles activitats que requereixin l&#8217;\u00fas del so.<\/li>\n<li>Sempre que el dispositiu surti de l&#8217;aula haur\u00e0 d&#8217;estar desat en una funda i a la motxilla de l&#8217;alumne. No es podr\u00e0 utilitzar a les hores de pati.<\/li>\n<li>S\u00f3n eines de treball, serveixen per fer activitats, buscar informaci\u00f3, fer treballs i estudiar. En cap cas s&#8217;utilitzar\u00e0 per a qualsevol altra cosa que no estigui relacionada amb l&#8217;estudi.<\/li>\n<li>El professorat pot revisar el contingut i\/o requisar la tauleta quan consideri que l\u2019alumne\/la alumna en fa un mal \u00fas. Si es detecten aplicacions no educatives, el professorat es reserva el dret de fer-les desinstal\u00b7lar.<\/li>\n<\/ul>\n","protected":false},"excerpt":{"rendered":"<p>En el projecte educatiu del nostre centre l\u2019iPad \u00e9s considerat un dels recursos dels quals alumnat i professorat poden disposar a l\u2019hora de dur a terme el proc\u00e9s d\u2019aprenentatge. Tal com ha estat aprovat pel Consell Escolar la gesti\u00f3 de les aplicacions necess\u00e0ries per la seva correcta utilitzaci\u00f3 est\u00e0 gestionada des del centre per a [&hellip;]<\/p>\n","protected":false},"author":1,"featured_media":0,"parent":19,"menu_order":60,"comment_status":"closed","ping_status":"closed","template":"","meta":{"_bbp_topic_count":0,"_bbp_reply_count":0,"_bbp_total_topic_count":0,"_bbp_total_reply_count":0,"_bbp_voice_count":0,"_bbp_anonymous_reply_count":0,"_bbp_topic_count_hidden":0,"_bbp_reply_count_hidden":0,"_bbp_forum_subforum_count":0,"site-sidebar-layout":"default","site-content-layout":"","ast-site-content-layout":"default","site-content-style":"default","site-sidebar-style":"default","ast-global-header-display":"","ast-banner-title-visibility":"","ast-main-header-display":"","ast-hfb-above-header-display":"","ast-hfb-below-header-display":"","ast-hfb-mobile-header-display":"","site-post-title":"","ast-breadcrumbs-content":"","ast-featured-img":"","footer-sml-layout":"","theme-transparent-header-meta":"","adv-header-id-meta":"","stick-header-meta":"","header-above-stick-meta":"","header-main-stick-meta":"","header-below-stick-meta":"","astra-migrate-meta-layouts":"set","ast-page-background-enabled":"default","ast-page-background-meta":{"desktop":{"background-color":"var(--ast-global-color-4)","background-image":"","background-repeat":"repeat","background-position":"center center","background-size":"auto","background-attachment":"scroll","background-type":"","background-media":"","overlay-type":"","overlay-color":"","overlay-opacity":"","overlay-gradient":""},"tablet":{"background-color":"","background-image":"","background-repeat":"repeat","background-position":"center center","background-size":"auto","background-attachment":"scroll","background-type":"","background-media":"","overlay-type":"","overlay-color":"","overlay-opacity":"","overlay-gradient":""},"mobile":{"background-color":"","background-image":"","background-repeat":"repeat","background-position":"center center","background-size":"auto","background-attachment":"scroll","background-type":"","background-media":"","overlay-type":"","overlay-color":"","overlay-opacity":"","overlay-gradient":""}},"ast-content-background-meta":{"desktop":{"background-color":"var(--ast-global-color-5)","background-image":"","background-repeat":"repeat","background-position":"center center","background-size":"auto","background-attachment":"scroll","background-type":"","background-media":"","overlay-type":"","overlay-color":"","overlay-opacity":"","overlay-gradient":""},"tablet":{"background-color":"var(--ast-global-color-5)","background-image":"","background-repeat":"repeat","background-position":"center center","background-size":"auto","background-attachment":"scroll","background-type":"","background-media":"","overlay-type":"","overlay-color":"","overlay-opacity":"","overlay-gradient":""},"mobile":{"background-color":"var(--ast-global-color-5)","background-image":"","background-repeat":"repeat","background-position":"center center","background-size":"auto","background-attachment":"scroll","background-type":"","background-media":"","overlay-type":"","overlay-color":"","overlay-opacity":"","overlay-gradient":""}},"footnotes":""},"class_list":["post-49","page","type-page","status-publish","hentry"],"post_mailing_queue_ids":[],"_links":{"self":[{"href":"https:\/\/agora.xtec.cat\/ins-la-miquela\/wp-json\/wp\/v2\/pages\/49","targetHints":{"allow":["GET"]}}],"collection":[{"href":"https:\/\/agora.xtec.cat\/ins-la-miquela\/wp-json\/wp\/v2\/pages"}],"about":[{"href":"https:\/\/agora.xtec.cat\/ins-la-miquela\/wp-json\/wp\/v2\/types\/page"}],"author":[{"embeddable":true,"href":"https:\/\/agora.xtec.cat\/ins-la-miquela\/wp-json\/wp\/v2\/users\/1"}],"replies":[{"embeddable":true,"href":"https:\/\/agora.xtec.cat\/ins-la-miquela\/wp-json\/wp\/v2\/comments?post=49"}],"version-history":[{"count":6,"href":"https:\/\/agora.xtec.cat\/ins-la-miquela\/wp-json\/wp\/v2\/pages\/49\/revisions"}],"predecessor-version":[{"id":7500,"href":"https:\/\/agora.xtec.cat\/ins-la-miquela\/wp-json\/wp\/v2\/pages\/49\/revisions\/7500"}],"up":[{"embeddable":true,"href":"https:\/\/agora.xtec.cat\/ins-la-miquela\/wp-json\/wp\/v2\/pages\/19"}],"wp:attachment":[{"href":"https:\/\/agora.xtec.cat\/ins-la-miquela\/wp-json\/wp\/v2\/media?parent=49"}],"curies":[{"name":"wp","href":"https:\/\/api.w.org\/{rel}","templated":true}]}}