{"id":46,"date":"2014-09-17T16:53:45","date_gmt":"2014-09-17T16:53:45","guid":{"rendered":"http:\/\/agora.xtec.cat\/ins-la-miquela\/?page_id=46"},"modified":"2026-04-08T12:00:23","modified_gmt":"2026-04-08T10:00:23","slug":"organigrama","status":"publish","type":"page","link":"https:\/\/agora.xtec.cat\/ins-la-miquela\/linstitut\/organigrama\/","title":{"rendered":"Organigrama"},"content":{"rendered":"\n<p><strong>EQUIP DIRECTIU<\/strong><\/p>\n\n\n\n<figure class=\"wp-block-table\"><table class=\"has-fixed-layout\"><tbody><tr><td><strong>C\u00c0RREC<\/strong><\/td><td><strong>PROFESSOR<\/strong>AT<\/td><\/tr><tr><td>Director<\/td><td>Joaquim Cullell<\/td><\/tr><tr><td>Cap d&#8217;estudis<\/td><td>Pilar Xifra<\/td><\/tr><tr><td>Coordinadora pedag\u00f2gica<\/td><td>Gemma Portella<\/td><\/tr><tr><td>Secretari<\/td><td>Francesc Sim\u00f3n<\/td><\/tr><\/tbody><\/table><\/figure>\n\n\n\n<p><strong>COORDINACIONS<\/strong><\/p>\n\n\n\n<figure class=\"wp-block-table\"><table class=\"has-fixed-layout\"><tbody><tr><td><strong>COORDINACI\u00d3<\/strong><\/td><td><strong>PROFESSOR<\/strong>AT<\/td><\/tr><tr><td>Projectes europeus<\/td><td>S\u00edlvia Cortijo &#8211; Imma Masdevall<\/td><\/tr><tr><td>Riscos laborals<\/td><td>Anna Mas\u00f3<\/td><\/tr><tr><td>Inform\u00e0tica<\/td><td>Josep Sanahuja<\/td><\/tr><tr><td>Compet\u00e8ncies b\u00e0siques<\/td><td>Carme Font<\/td><\/tr><tr><td>Projecte singular<\/td><td>Gemma Portillo<\/td><\/tr><\/tbody><\/table><\/figure>\n\n\n\n<p><strong>TUTORIES<\/strong><\/p>\n\n\n\n<figure class=\"wp-block-table\"><table class=\"has-fixed-layout\"><tbody><tr><td><strong>1r ESO A<\/strong><\/td><td>S\u00edlvia Cortijo<\/td><\/tr><tr><td><strong>1r ESO B<\/strong><\/td><td>Aina Barahona<\/td><\/tr><tr><td><strong>1r ESO C<\/strong><\/td><td>Pau Burbail<\/td><\/tr><tr><td><strong>2n ESO A<\/strong><\/td><td>Anna Gasc\u00f3n<\/td><\/tr><tr><td><strong>2n ESO B<\/strong><\/td><td>Raquel Carb\u00f3<\/td><\/tr><tr><td><strong>2n ESO C<\/strong><\/td><td>Carolina Dudai<\/td><\/tr><tr><td><strong>3r ESO A<\/strong><\/td><td>Alma Pe\u00f1arubia<\/td><\/tr><tr><td><strong>3r ESO B<\/strong><\/td><td>Neus Fern\u00e1ndez<\/td><\/tr><tr><td><strong>4t ESO A<\/strong><\/td><td>Xavier Oliveras<\/td><\/tr><tr><td><strong>4t ESO B<\/strong><\/td><td>Jordi Feliu<\/td><\/tr><tr><td><strong>4t ESO C<\/strong><\/td><td>Maria Reyner<\/td><\/tr><tr><td><strong>1r BAT A<\/strong><\/td><td>Helena Ribas<\/td><\/tr><tr><td><strong>2n BAT A<\/strong><\/td><td>Imma Masdevall<\/td><\/tr><tr><td><strong>2n BAT B<\/strong><\/td><td>L\u00eddia Alech<\/td><\/tr><\/tbody><\/table><\/figure>\n\n\n\n<p><\/p>\n","protected":false},"excerpt":{"rendered":"<p>EQUIP DIRECTIU C\u00c0RREC PROFESSORAT Director Joaquim Cullell Cap d&#8217;estudis Pilar Xifra Coordinadora pedag\u00f2gica Gemma Portella Secretari Francesc Sim\u00f3n COORDINACIONS COORDINACI\u00d3 PROFESSORAT Projectes europeus S\u00edlvia Cortijo &#8211; Imma Masdevall Riscos laborals Anna Mas\u00f3 Inform\u00e0tica Josep Sanahuja Compet\u00e8ncies b\u00e0siques Carme Font Projecte singular Gemma Portillo TUTORIES 1r ESO A S\u00edlvia Cortijo 1r ESO B Aina Barahona 1r [&hellip;]<\/p>\n","protected":false},"author":1,"featured_media":0,"parent":19,"menu_order":50,"comment_status":"closed","ping_status":"closed","template":"","meta":{"_bbp_topic_count":0,"_bbp_reply_count":0,"_bbp_total_topic_count":0,"_bbp_total_reply_count":0,"_bbp_voice_count":0,"_bbp_anonymous_reply_count":0,"_bbp_topic_count_hidden":0,"_bbp_reply_count_hidden":0,"_bbp_forum_subforum_count":0,"site-sidebar-layout":"default","site-content-layout":"","ast-site-content-layout":"default","site-content-style":"default","site-sidebar-style":"default","ast-global-header-display":"","ast-banner-title-visibility":"","ast-main-header-display":"","ast-hfb-above-header-display":"","ast-hfb-below-header-display":"","ast-hfb-mobile-header-display":"","site-post-title":"","ast-breadcrumbs-content":"","ast-featured-img":"","footer-sml-layout":"","theme-transparent-header-meta":"","adv-header-id-meta":"","stick-header-meta":"","header-above-stick-meta":"","header-main-stick-meta":"","header-below-stick-meta":"","astra-migrate-meta-layouts":"set","ast-page-background-enabled":"default","ast-page-background-meta":{"desktop":{"background-color":"var(--ast-global-color-4)","background-image":"","background-repeat":"repeat","background-position":"center center","background-size":"auto","background-attachment":"scroll","background-type":"","background-media":"","overlay-type":"","overlay-color":"","overlay-opacity":"","overlay-gradient":""},"tablet":{"background-color":"","background-image":"","background-repeat":"repeat","background-position":"center center","background-size":"auto","background-attachment":"scroll","background-type":"","background-media":"","overlay-type":"","overlay-color":"","overlay-opacity":"","overlay-gradient":""},"mobile":{"background-color":"","background-image":"","background-repeat":"repeat","background-position":"center center","background-size":"auto","background-attachment":"scroll","background-type":"","background-media":"","overlay-type":"","overlay-color":"","overlay-opacity":"","overlay-gradient":""}},"ast-content-background-meta":{"desktop":{"background-color":"var(--ast-global-color-5)","background-image":"","background-repeat":"repeat","background-position":"center center","background-size":"auto","background-attachment":"scroll","background-type":"","background-media":"","overlay-type":"","overlay-color":"","overlay-opacity":"","overlay-gradient":""},"tablet":{"background-color":"var(--ast-global-color-5)","background-image":"","background-repeat":"repeat","background-position":"center center","background-size":"auto","background-attachment":"scroll","background-type":"","background-media":"","overlay-type":"","overlay-color":"","overlay-opacity":"","overlay-gradient":""},"mobile":{"background-color":"var(--ast-global-color-5)","background-image":"","background-repeat":"repeat","background-position":"center center","background-size":"auto","background-attachment":"scroll","background-type":"","background-media":"","overlay-type":"","overlay-color":"","overlay-opacity":"","overlay-gradient":""}},"footnotes":""},"class_list":["post-46","page","type-page","status-publish","hentry"],"post_mailing_queue_ids":[],"_links":{"self":[{"href":"https:\/\/agora.xtec.cat\/ins-la-miquela\/wp-json\/wp\/v2\/pages\/46","targetHints":{"allow":["GET"]}}],"collection":[{"href":"https:\/\/agora.xtec.cat\/ins-la-miquela\/wp-json\/wp\/v2\/pages"}],"about":[{"href":"https:\/\/agora.xtec.cat\/ins-la-miquela\/wp-json\/wp\/v2\/types\/page"}],"author":[{"embeddable":true,"href":"https:\/\/agora.xtec.cat\/ins-la-miquela\/wp-json\/wp\/v2\/users\/1"}],"replies":[{"embeddable":true,"href":"https:\/\/agora.xtec.cat\/ins-la-miquela\/wp-json\/wp\/v2\/comments?post=46"}],"version-history":[{"count":6,"href":"https:\/\/agora.xtec.cat\/ins-la-miquela\/wp-json\/wp\/v2\/pages\/46\/revisions"}],"predecessor-version":[{"id":7499,"href":"https:\/\/agora.xtec.cat\/ins-la-miquela\/wp-json\/wp\/v2\/pages\/46\/revisions\/7499"}],"up":[{"embeddable":true,"href":"https:\/\/agora.xtec.cat\/ins-la-miquela\/wp-json\/wp\/v2\/pages\/19"}],"wp:attachment":[{"href":"https:\/\/agora.xtec.cat\/ins-la-miquela\/wp-json\/wp\/v2\/media?parent=46"}],"curies":[{"name":"wp","href":"https:\/\/api.w.org\/{rel}","templated":true}]}}