{"id":21,"date":"2014-09-17T16:14:14","date_gmt":"2014-09-17T16:14:14","guid":{"rendered":"http:\/\/agora.xtec.cat\/ins-la-miquela\/?page_id=21"},"modified":"2025-07-14T11:51:57","modified_gmt":"2025-07-14T09:51:57","slug":"on-som","status":"publish","type":"page","link":"https:\/\/agora.xtec.cat\/ins-la-miquela\/linstitut\/on-som\/","title":{"rendered":"On som"},"content":{"rendered":"\n<p><strong>INS La Miquela<\/strong><br>Carrer Salvador Dal\u00ed, 1<br>17162 Bescan\u00f3<\/p>\n\n\n\n<p>Tel\u00e8fon: 972442413<\/p>\n\n\n\n<p>Correu electr\u00f2nic: b7009783<span class=\"atwho-query\">@xtec.cat<\/span><\/p>\n\n\n\n<p><iframe loading=\"lazy\" src=\"https:\/\/www.google.com\/maps\/embed?pb=!1m18!1m12!1m3!1d2966.718779781644!2d2.733507115443798!3d41.963375079215474!2m3!1f0!2f0!3f0!3m2!1i1024!2i768!4f13.1!3m3!1m2!1s0x12bade810d6af4b1%3A0x6361c412ea6eab5f!2sCarrer+Salvador+Dal%C3%AD%2C+17162%2C+Girona!5e0!3m2!1sca!2ses!4v1541774932056\" width=\"600\" height=\"450\" frameborder=\"0\"><\/iframe><\/p>\n\n\n\n<p><strong>Escoles adscrites a l&#8217;institut:<br><\/strong><\/p>\n\n\n\n<p>Escola P\u00fablica Doctor Sobrequ\u00e9s<\/p>\n\n\n\n<p>&nbsp;<\/p>\n","protected":false},"excerpt":{"rendered":"<p>INS La MiquelaCarrer Salvador Dal\u00ed, 117162 Bescan\u00f3 Tel\u00e8fon: 972442413 Correu electr\u00f2nic: b7009783@xtec.cat Escoles adscrites a l&#8217;institut: Escola P\u00fablica Doctor Sobrequ\u00e9s &nbsp;<\/p>\n","protected":false},"author":1,"featured_media":0,"parent":19,"menu_order":10,"comment_status":"closed","ping_status":"closed","template":"","meta":{"_bbp_topic_count":0,"_bbp_reply_count":0,"_bbp_total_topic_count":0,"_bbp_total_reply_count":0,"_bbp_voice_count":0,"_bbp_anonymous_reply_count":0,"_bbp_topic_count_hidden":0,"_bbp_reply_count_hidden":0,"_bbp_forum_subforum_count":0,"site-sidebar-layout":"default","site-content-layout":"","ast-site-content-layout":"default","site-content-style":"default","site-sidebar-style":"default","ast-global-header-display":"","ast-banner-title-visibility":"","ast-main-header-display":"","ast-hfb-above-header-display":"","ast-hfb-below-header-display":"","ast-hfb-mobile-header-display":"","site-post-title":"","ast-breadcrumbs-content":"","ast-featured-img":"","footer-sml-layout":"","theme-transparent-header-meta":"","adv-header-id-meta":"","stick-header-meta":"","header-above-stick-meta":"","header-main-stick-meta":"","header-below-stick-meta":"","astra-migrate-meta-layouts":"set","ast-page-background-enabled":"default","ast-page-background-meta":{"desktop":{"background-color":"var(--ast-global-color-4)","background-image":"","background-repeat":"repeat","background-position":"center center","background-size":"auto","background-attachment":"scroll","background-type":"","background-media":"","overlay-type":"","overlay-color":"","overlay-opacity":"","overlay-gradient":""},"tablet":{"background-color":"","background-image":"","background-repeat":"repeat","background-position":"center center","background-size":"auto","background-attachment":"scroll","background-type":"","background-media":"","overlay-type":"","overlay-color":"","overlay-opacity":"","overlay-gradient":""},"mobile":{"background-color":"","background-image":"","background-repeat":"repeat","background-position":"center center","background-size":"auto","background-attachment":"scroll","background-type":"","background-media":"","overlay-type":"","overlay-color":"","overlay-opacity":"","overlay-gradient":""}},"ast-content-background-meta":{"desktop":{"background-color":"var(--ast-global-color-5)","background-image":"","background-repeat":"repeat","background-position":"center center","background-size":"auto","background-attachment":"scroll","background-type":"","background-media":"","overlay-type":"","overlay-color":"","overlay-opacity":"","overlay-gradient":""},"tablet":{"background-color":"var(--ast-global-color-5)","background-image":"","background-repeat":"repeat","background-position":"center center","background-size":"auto","background-attachment":"scroll","background-type":"","background-media":"","overlay-type":"","overlay-color":"","overlay-opacity":"","overlay-gradient":""},"mobile":{"background-color":"var(--ast-global-color-5)","background-image":"","background-repeat":"repeat","background-position":"center center","background-size":"auto","background-attachment":"scroll","background-type":"","background-media":"","overlay-type":"","overlay-color":"","overlay-opacity":"","overlay-gradient":""}},"footnotes":""},"class_list":["post-21","page","type-page","status-publish","hentry"],"post_mailing_queue_ids":[],"_links":{"self":[{"href":"https:\/\/agora.xtec.cat\/ins-la-miquela\/wp-json\/wp\/v2\/pages\/21","targetHints":{"allow":["GET"]}}],"collection":[{"href":"https:\/\/agora.xtec.cat\/ins-la-miquela\/wp-json\/wp\/v2\/pages"}],"about":[{"href":"https:\/\/agora.xtec.cat\/ins-la-miquela\/wp-json\/wp\/v2\/types\/page"}],"author":[{"embeddable":true,"href":"https:\/\/agora.xtec.cat\/ins-la-miquela\/wp-json\/wp\/v2\/users\/1"}],"replies":[{"embeddable":true,"href":"https:\/\/agora.xtec.cat\/ins-la-miquela\/wp-json\/wp\/v2\/comments?post=21"}],"version-history":[{"count":3,"href":"https:\/\/agora.xtec.cat\/ins-la-miquela\/wp-json\/wp\/v2\/pages\/21\/revisions"}],"predecessor-version":[{"id":7081,"href":"https:\/\/agora.xtec.cat\/ins-la-miquela\/wp-json\/wp\/v2\/pages\/21\/revisions\/7081"}],"up":[{"embeddable":true,"href":"https:\/\/agora.xtec.cat\/ins-la-miquela\/wp-json\/wp\/v2\/pages\/19"}],"wp:attachment":[{"href":"https:\/\/agora.xtec.cat\/ins-la-miquela\/wp-json\/wp\/v2\/media?parent=21"}],"curies":[{"name":"wp","href":"https:\/\/api.w.org\/{rel}","templated":true}]}}